{"id":8086,"date":"2024-04-01T17:39:11","date_gmt":"2024-04-01T20:39:11","guid":{"rendered":"https:\/\/acervosvirtuais.ufpel.edu.br\/tccscinema\/?page_id=8086"},"modified":"2026-03-11T14:36:28","modified_gmt":"2026-03-11T17:36:28","slug":"enviar-tcc","status":"publish","type":"page","link":"https:\/\/acervosvirtuais.ufpel.edu.br\/tccscinema\/tccs-cinema\/enviar-tcc\/","title":{"rendered":"Envio de TCC"},"content":{"rendered":"\n<p><\/p>\n\n\n\n<p><\/p>\n\n\n\n<p class=\"texto-grande has-regular-font-size\">\u26a0\ufe0f <strong>Aten\u00e7\u00e3o:<\/strong> os arquivos devem estar em <strong>PDF<\/strong> e ter no m\u00e1ximo <strong>2 MB<\/strong>. Arquivos maiores ser\u00e3o rejeitados automaticamente pelo sistema.<\/p>\n\n\n\n<p class=\"texto-grande has-regular-font-size\">Caso seu arquivo seja maior, voc\u00ea pode reduzi-lo gratuitamente utilizando um compressor de PDF online, como o site <a href=\"https:\/\/www.ilovepdf.com\/pt\/comprimir_pdf\">Comprimir arquivo PDF<\/a>.<br>Na maioria dos casos, a op\u00e7\u00e3o de <strong>baixa compress\u00e3o<\/strong> j\u00e1 \u00e9 suficiente para diminuir o tamanho do arquivo sem comprometer a qualidade das imagens.<\/p>\n\n\n\n<p><\/p>\n\n\n\n<div style=\"font-size:16px;--tainacan-base-font-size:16px;--tainacan-background-color:rgba(255,255,255,0);--tainacan-input-color:#1d1d1d;--tainacan-input-background-color:#ffffff;--tainacan-input-border-color:#dbdbdb;--tainacan-label-color:#454647;--tainacan-info-color:#555758;--tainacan-primary:#d9eced;--tainacan-secondary:#298596\" class=\"wp-block-tainacan-item-submission-form\"><div id=\"tainacan-item-submission-form\" data-module=\"item-submission-form\" data-collection-id=\"16\" data-hide-file-modal-button=\"true\" data-hide-text-modal-button=\"true\" data-hide-link-modal-button=\"true\" data-hide-thumbnail-section=\"true\" data-hide-attachments-section=\"false\" data-show-allow-comments-section=\"false\" data-hide-help-buttons=\"false\" data-hide-metadata-types=\"false\" data-hide-collapses=\"true\" data-enabled-metadata=\"{&quot;6&quot;:true,&quot;19&quot;:true,&quot;21&quot;:true,&quot;103&quot;:true,&quot;185&quot;:true,&quot;244&quot;:true}\" data-sent-form-heading=\"Form submitted!\" data-sent-form-message=\"Thank you. Your item was submitted to the collection.\" data-document-section-label=\"Document\" data-thumbnail-section-label=\"Thumbnail\" data-attachments-section-label=\"Attachments\" data-metadata-section-label=\"Metadata\" data-show-item-link-button=\"false\" data-show-terms-agreement-checkbox=\"false\" data-terms-agreement-message=\"I agree to submit this item information.\" data-item-link-button-label=\"Go to the item page\" data-help-info-bellow-label=\"false\" data-is-layout-steps=\"false\"><\/div><\/div>\n","protected":false},"excerpt":{"rendered":"<p>\u26a0\ufe0f Aten\u00e7\u00e3o: os arquivos devem estar em PDF e ter no m\u00e1ximo 2 MB. Arquivos maiores ser\u00e3o rejeitados automaticamente pelo sistema. Caso seu arquivo seja maior, voc\u00ea pode reduzi-lo gratuitamente utilizando um compressor de PDF online, como o site Comprimir&#8230; <a class=\"more-link\" href=\"https:\/\/acervosvirtuais.ufpel.edu.br\/tccscinema\/tccs-cinema\/enviar-tcc\/\">Continue lendo &rarr;<\/a><\/p>\n","protected":false},"author":36,"featured_media":0,"parent":8053,"menu_order":0,"comment_status":"closed","ping_status":"closed","template":"","meta":{"footnotes":""},"class_list":["post-8086","page","type-page","status-publish","hentry"],"_links":{"self":[{"href":"https:\/\/acervosvirtuais.ufpel.edu.br\/tccscinema\/wp-json\/wp\/v2\/pages\/8086","targetHints":{"allow":["GET"]}}],"collection":[{"href":"https:\/\/acervosvirtuais.ufpel.edu.br\/tccscinema\/wp-json\/wp\/v2\/pages"}],"about":[{"href":"https:\/\/acervosvirtuais.ufpel.edu.br\/tccscinema\/wp-json\/wp\/v2\/types\/page"}],"author":[{"embeddable":true,"href":"https:\/\/acervosvirtuais.ufpel.edu.br\/tccscinema\/wp-json\/wp\/v2\/users\/36"}],"replies":[{"embeddable":true,"href":"https:\/\/acervosvirtuais.ufpel.edu.br\/tccscinema\/wp-json\/wp\/v2\/comments?post=8086"}],"version-history":[{"count":16,"href":"https:\/\/acervosvirtuais.ufpel.edu.br\/tccscinema\/wp-json\/wp\/v2\/pages\/8086\/revisions"}],"predecessor-version":[{"id":13160,"href":"https:\/\/acervosvirtuais.ufpel.edu.br\/tccscinema\/wp-json\/wp\/v2\/pages\/8086\/revisions\/13160"}],"up":[{"embeddable":true,"href":"https:\/\/acervosvirtuais.ufpel.edu.br\/tccscinema\/wp-json\/wp\/v2\/pages\/8053"}],"wp:attachment":[{"href":"https:\/\/acervosvirtuais.ufpel.edu.br\/tccscinema\/wp-json\/wp\/v2\/media?parent=8086"}],"curies":[{"name":"wp","href":"https:\/\/api.w.org\/{rel}","templated":true}]}}