{"id":10650,"date":"2024-04-09T13:09:28","date_gmt":"2024-04-09T16:09:28","guid":{"rendered":"https:\/\/acervosvirtuais.ufpel.edu.br\/tccscinema\/?page_id=10650"},"modified":"2024-04-09T15:01:40","modified_gmt":"2024-04-09T18:01:40","slug":"sobre-o-nos","status":"publish","type":"page","link":"https:\/\/acervosvirtuais.ufpel.edu.br\/tccscinema\/sobre-o-nos\/","title":{"rendered":"Sobre"},"content":{"rendered":"\n<h4 class=\"wp-block-heading sobre_title\">Sobre<\/h4>\n\n\n\n<p class=\"sobre_p\">O Grupo de Pesquisa em Anima\u00e7\u00e3o 3D S3D tem o prazer de anunciar um site dedicado \u00e0 divulga\u00e7\u00e3o dos Trabalhos de Conclus\u00e3o de Curso (TCCs) dos cursos de Cinema da Universidade Federal de Pelotas (UFPel). Essa plataforma foi criada com o intuito de tornar mais acess\u00edveis os trabalhos desenvolvidos pelos estudantes ao longo dos anos.<\/p>\n\n\n\n<p class=\"sobre_p\">Esta iniciativa visa estabelecer um reposit\u00f3rio digital abrangente, proporcionando acesso p\u00fablico aos TCCs produzidos pelos alunos dos cursos de Cinema da UFPel. Atrav\u00e9s deste portal, estudantes, pesquisadores, profissionais e entusiastas do cinema ter\u00e3o a oportunidade de explorar uma ampla variedade de projetos, abrangendo temas diversos e refletindo a diversidade de interesses e perspectivas dos alunos.<\/p>\n\n\n\n<p class=\"sobre_p\">Os recursos de pesquisa integrados permitem aos usu\u00e1rios realizar buscas precisas e personalizadas, baseadas em uma variedade de crit\u00e9rios, como autor, t\u00edtulo, per\u00edodo e palavras-chave. Al\u00e9m disso, \u00e9 poss\u00edvel combinar esses par\u00e2metros para refinar ainda mais seus resultados.<\/p>\n\n\n\n<p class=\"sobre_p\">Para d\u00favidas, sugest\u00f5es ou reclama\u00e7\u00f5es, estamos \u00e0 disposi\u00e7\u00e3o para ajudar e receber o feedback dos nossos usu\u00e1rios. Voc\u00ea pode entrar em contato conosco utilizando o formul\u00e1rio de contato dispon\u00edvel em nosso site. Basta acessar <a href=\"https:\/\/acervosvirtuais.ufpel.edu.br\/tccscinema\/contato\/\">contato<\/a> e preencher as informa\u00e7\u00f5es necess\u00e1rias. Faremos o poss\u00edvel para responder o mais r\u00e1pido poss\u00edvel e resolver qualquer quest\u00e3o que voc\u00ea possa ter. Agradecemos o seu interesse e estamos aqui para ajudar!<\/p>\n\n\n\n<h5 class=\"wp-block-heading sobre_p\">Equipe de Realiza\u00e7\u00e3o<\/h5>\n\n\n\n<p class=\"sobre_p\">Prof. Gissele Azevedo Cardozo<\/p>\n\n\n\n<p class=\"sobre_p_final\">Discentes:<br>Bruno Ramos Martins<br>Maria Luiza Ferreira dos Santos<br>Raphael Fuchs Silveira<\/p>\n\n\n\n<p><\/p>\n","protected":false},"excerpt":{"rendered":"<p>Sobre O Grupo de Pesquisa em Anima\u00e7\u00e3o 3D S3D tem o prazer de anunciar um site dedicado \u00e0 divulga\u00e7\u00e3o dos Trabalhos de Conclus\u00e3o de Curso (TCCs) dos cursos de Cinema da Universidade Federal de Pelotas (UFPel). Essa plataforma foi criada&#8230; <a class=\"more-link\" href=\"https:\/\/acervosvirtuais.ufpel.edu.br\/tccscinema\/sobre-o-nos\/\">Continue lendo &rarr;<\/a><\/p>\n","protected":false},"author":36,"featured_media":0,"parent":0,"menu_order":0,"comment_status":"closed","ping_status":"closed","template":"","meta":{"footnotes":""},"class_list":["post-10650","page","type-page","status-publish","hentry"],"_links":{"self":[{"href":"https:\/\/acervosvirtuais.ufpel.edu.br\/tccscinema\/wp-json\/wp\/v2\/pages\/10650","targetHints":{"allow":["GET"]}}],"collection":[{"href":"https:\/\/acervosvirtuais.ufpel.edu.br\/tccscinema\/wp-json\/wp\/v2\/pages"}],"about":[{"href":"https:\/\/acervosvirtuais.ufpel.edu.br\/tccscinema\/wp-json\/wp\/v2\/types\/page"}],"author":[{"embeddable":true,"href":"https:\/\/acervosvirtuais.ufpel.edu.br\/tccscinema\/wp-json\/wp\/v2\/users\/36"}],"replies":[{"embeddable":true,"href":"https:\/\/acervosvirtuais.ufpel.edu.br\/tccscinema\/wp-json\/wp\/v2\/comments?post=10650"}],"version-history":[{"count":18,"href":"https:\/\/acervosvirtuais.ufpel.edu.br\/tccscinema\/wp-json\/wp\/v2\/pages\/10650\/revisions"}],"predecessor-version":[{"id":10699,"href":"https:\/\/acervosvirtuais.ufpel.edu.br\/tccscinema\/wp-json\/wp\/v2\/pages\/10650\/revisions\/10699"}],"wp:attachment":[{"href":"https:\/\/acervosvirtuais.ufpel.edu.br\/tccscinema\/wp-json\/wp\/v2\/media?parent=10650"}],"curies":[{"name":"wp","href":"https:\/\/api.w.org\/{rel}","templated":true}]}}