{"id":1579,"date":"2023-03-04T16:03:15","date_gmt":"2023-03-04T19:03:15","guid":{"rendered":"https:\/\/acervosvirtuais.ufpel.edu.br\/octaviodutra\/?page_id=1579"},"modified":"2023-03-04T16:03:15","modified_gmt":"2023-03-04T19:03:15","slug":"quem-somos","status":"publish","type":"page","link":"https:\/\/acervosvirtuais.ufpel.edu.br\/octaviodutra\/quem-somos\/","title":{"rendered":"Quem Somos?"},"content":{"rendered":"\n<p><strong>\u00a0Equipe de Pesquisa LABET \/ UFPEL<\/strong>\u00a0<a href=\"http:\/\/dgp.cnpq.br\/dgp\/espelhogrupo\/6825090347717566\">link para o cadastro do Grupo de Pesquisa no CNPQ<\/a><br><br><strong>Coordena\u00e7\u00e3o:<\/strong>\u00a0<em>Rafael Velloso e <\/em>M\u00e1rcio de Souza<br><br><strong>Digitaliza\u00e7\u00e3o e restauro dos documentos:<\/strong><\/p>\n\n\n\n<p><em>Ot\u00e1vio Boszczovski e Silvana Bojanovski Laborat\u00f3rio de Conserva\u00e7\u00e3o e Restaura\u00e7\u00e3o de Pap\u00e9is da UFPEL<\/em><\/p>\n\n\n\n<p><strong>Organiza\u00e7\u00e3o do Cat\u00e1logo e das Cole\u00e7\u00f5es<\/strong><\/p>\n\n\n\n<p>Rafael Velloso, Gustavo Mustaf\u00e9 e Guilherme Vieira<\/p>\n","protected":false},"excerpt":{"rendered":"<p>\u00a0Equipe de Pesquisa LABET \/ UFPEL\u00a0link para o cadastro do Grupo de Pesquisa no CNPQ Coordena\u00e7\u00e3o:\u00a0Rafael Velloso e M\u00e1rcio de Souza Digitaliza\u00e7\u00e3o e restauro dos documentos: Ot\u00e1vio Boszczovski e Silvana Bojanovski Laborat\u00f3rio de Conserva\u00e7\u00e3o e Restaura\u00e7\u00e3o de Pap\u00e9is da UFPEL Organiza\u00e7\u00e3o do Cat\u00e1logo e das Cole\u00e7\u00f5es Rafael Velloso, Gustavo Mustaf\u00e9 e Guilherme Vieira<\/p>\n","protected":false},"author":29,"featured_media":0,"parent":0,"menu_order":0,"comment_status":"closed","ping_status":"closed","template":"","meta":{"footnotes":""},"class_list":["post-1579","page","type-page","status-publish","hentry"],"_links":{"self":[{"href":"https:\/\/acervosvirtuais.ufpel.edu.br\/octaviodutra\/wp-json\/wp\/v2\/pages\/1579","targetHints":{"allow":["GET"]}}],"collection":[{"href":"https:\/\/acervosvirtuais.ufpel.edu.br\/octaviodutra\/wp-json\/wp\/v2\/pages"}],"about":[{"href":"https:\/\/acervosvirtuais.ufpel.edu.br\/octaviodutra\/wp-json\/wp\/v2\/types\/page"}],"author":[{"embeddable":true,"href":"https:\/\/acervosvirtuais.ufpel.edu.br\/octaviodutra\/wp-json\/wp\/v2\/users\/29"}],"replies":[{"embeddable":true,"href":"https:\/\/acervosvirtuais.ufpel.edu.br\/octaviodutra\/wp-json\/wp\/v2\/comments?post=1579"}],"version-history":[{"count":1,"href":"https:\/\/acervosvirtuais.ufpel.edu.br\/octaviodutra\/wp-json\/wp\/v2\/pages\/1579\/revisions"}],"predecessor-version":[{"id":1581,"href":"https:\/\/acervosvirtuais.ufpel.edu.br\/octaviodutra\/wp-json\/wp\/v2\/pages\/1579\/revisions\/1581"}],"wp:attachment":[{"href":"https:\/\/acervosvirtuais.ufpel.edu.br\/octaviodutra\/wp-json\/wp\/v2\/media?parent=1579"}],"curies":[{"name":"wp","href":"https:\/\/api.w.org\/{rel}","templated":true}]}}