{"id":49,"date":"2021-10-01T19:29:07","date_gmt":"2021-10-01T22:29:07","guid":{"rendered":"https:\/\/acervosvirtuais.ufpel.edu.br\/museuvirtualdojudo\/?page_id=49"},"modified":"2021-12-02T17:39:07","modified_gmt":"2021-12-02T20:39:07","slug":"judo-pelotense","status":"publish","type":"page","link":"https:\/\/acervosvirtuais.ufpel.edu.br\/museuvirtualdojudo\/judo-pelotense\/","title":{"rendered":"Jud\u00f4 Pelotense"},"content":{"rendered":"\n<p class=\"has-drop-cap\" style=\"font-size:24px\">A hist\u00f3ria do jud\u00f4 Pelotense tem in\u00edcio em 1959 quando o Prof. Paulo Alberto Lemos Brod come\u00e7ou a ministrar aulas no Instituto Agron\u00f4mico do Sul, onde atualmente funciona a Embrapa no munic\u00edpio de Cap\u00e3o do Le\u00e3o, zona rural, que na \u00e9poca fazia parte do munic\u00edpio de Pelotas. <\/p>\n\n\n\n<div class=\"wp-block-image\"><figure class=\"aligncenter size-large is-resized\"><a href=\"https:\/\/acervosvirtuais.ufpel.edu.br\/museuvirtualdojudo\/2021\/12\/641\/\"><img loading=\"lazy\" decoding=\"async\" src=\"https:\/\/acervosvirtuais.ufpel.edu.br\/museuvirtualdojudo\/wp-content\/uploads\/sites\/12\/2021\/12\/Paulo-Brod-1970-....-743x1022.jpg\" alt=\"\" class=\"wp-image-570\" width=\"323\" height=\"444\" \/><\/a><figcaption>Sensei Paulo Alberto Lemos Brod, 1970.<\/figcaption><\/figure><\/div>\n\n\n\n<p style=\"font-size:24px\">Tendo como aluno seu primeiro aluno, seu irm\u00e3o Celso Lemos Brod que posteriormente deu segmento ao trabalho. Em 1964, atrav\u00e9s do Clube Juvenil de Esportes que l\u00e1 funcionava, fundou seu primeiro doj\u00f4 e come\u00e7ou a ministrar aulas para funcion\u00e1rios e familiares do Instituto Agron\u00f4mico do Sul. <\/p>\n\n\n\n<p style=\"font-size:24px\">Nesta primeira fase n\u00e3o contava com uma boa estrutura, tendo o mesmo confeccionado os pr\u00f3prios tatames para a pr\u00e1tica. Em 1965, fundou o Jud\u00f4 Clube do Gin\u00e1sio H\u00e9rcules, que mais tarde passou a se chamar Academia Paulo Brod, com localiza\u00e7\u00e3o mais central e de f\u00e1cil acesso na cidade.<\/p>\n\n\n\n<div class=\"wp-block-image\"><figure class=\"aligncenter size-large is-resized\"><a href=\"https:\/\/acervosvirtuais.ufpel.edu.br\/museuvirtualdojudo\/wp-content\/uploads\/sites\/12\/2021\/12\/Foro-escola-1965-scaled.jpeg\"><img loading=\"lazy\" decoding=\"async\" src=\"https:\/\/acervosvirtuais.ufpel.edu.br\/museuvirtualdojudo\/wp-content\/uploads\/sites\/12\/2021\/12\/Foro-escola-1965-1024x622.jpeg\" alt=\"\" class=\"wp-image-574\" width=\"624\" height=\"379\" srcset=\"https:\/\/acervosvirtuais.ufpel.edu.br\/museuvirtualdojudo\/wp-content\/uploads\/sites\/12\/2021\/12\/Foro-escola-1965-1024x622.jpeg 1024w, https:\/\/acervosvirtuais.ufpel.edu.br\/museuvirtualdojudo\/wp-content\/uploads\/sites\/12\/2021\/12\/Foro-escola-1965-300x182.jpeg 300w, https:\/\/acervosvirtuais.ufpel.edu.br\/museuvirtualdojudo\/wp-content\/uploads\/sites\/12\/2021\/12\/Foro-escola-1965-768x466.jpeg 768w, https:\/\/acervosvirtuais.ufpel.edu.br\/museuvirtualdojudo\/wp-content\/uploads\/sites\/12\/2021\/12\/Foro-escola-1965-1536x933.jpeg 1536w, https:\/\/acervosvirtuais.ufpel.edu.br\/museuvirtualdojudo\/wp-content\/uploads\/sites\/12\/2021\/12\/Foro-escola-1965-2048x1243.jpeg 2048w, https:\/\/acervosvirtuais.ufpel.edu.br\/museuvirtualdojudo\/wp-content\/uploads\/sites\/12\/2021\/12\/Foro-escola-1965-205x124.jpeg 205w, https:\/\/acervosvirtuais.ufpel.edu.br\/museuvirtualdojudo\/wp-content\/uploads\/sites\/12\/2021\/12\/Foro-escola-1965-1200x729.jpeg 1200w, https:\/\/acervosvirtuais.ufpel.edu.br\/museuvirtualdojudo\/wp-content\/uploads\/sites\/12\/2021\/12\/Foro-escola-1965-1980x1202.jpeg 1980w\" sizes=\"auto, (max-width: 624px) 100vw, 624px\" \/><\/a><figcaption>Turma de jud\u00f4 na sala cedida no Hospital de Cl\u00ednicas de Pelotas, antes de abertura do doj\u00f4. <\/figcaption><\/figure><\/div>\n\n\n\n<p style=\"font-size:24px\">O Professor Paulo Brod atuou na escola da rede p\u00fablica estadual como professor de educa\u00e7\u00e3o f\u00edsica e implementou uma f\u00f3rmula que permitiu que centenas de alunos das escolas pudessem praticar o jud\u00f4 em sua academia, popularizando a modalidade de jud\u00f4 na cidade, com apoio da dire\u00e7\u00e3o da Escola Estadual Nossa Senhora de Lourdes. \u201cQuem treinar jud\u00f4 na academia est\u00e1 dispensado das aulas de educa\u00e7\u00e3o f\u00edsica na escola\u201d foi o norte que criou oportunidades do desenvolvimento do jud\u00f4 na regi\u00e3o. <\/p>\n\n\n\n<div class=\"wp-block-image\"><figure class=\"aligncenter size-large is-resized\"><a href=\"https:\/\/acervosvirtuais.ufpel.edu.br\/museuvirtualdojudo\/wp-content\/uploads\/sites\/12\/2021\/12\/1-turma-judo-N-S-Lourdes-1966-1-1.jpeg\"><img loading=\"lazy\" decoding=\"async\" src=\"https:\/\/acervosvirtuais.ufpel.edu.br\/museuvirtualdojudo\/wp-content\/uploads\/sites\/12\/2021\/12\/1-turma-judo-N-S-Lourdes-1966-1-1-1024x732.jpeg\" alt=\"\" class=\"wp-image-591\" width=\"632\" height=\"452\" srcset=\"https:\/\/acervosvirtuais.ufpel.edu.br\/museuvirtualdojudo\/wp-content\/uploads\/sites\/12\/2021\/12\/1-turma-judo-N-S-Lourdes-1966-1-1-1024x732.jpeg 1024w, https:\/\/acervosvirtuais.ufpel.edu.br\/museuvirtualdojudo\/wp-content\/uploads\/sites\/12\/2021\/12\/1-turma-judo-N-S-Lourdes-1966-1-1-300x214.jpeg 300w, https:\/\/acervosvirtuais.ufpel.edu.br\/museuvirtualdojudo\/wp-content\/uploads\/sites\/12\/2021\/12\/1-turma-judo-N-S-Lourdes-1966-1-1-768x549.jpeg 768w, https:\/\/acervosvirtuais.ufpel.edu.br\/museuvirtualdojudo\/wp-content\/uploads\/sites\/12\/2021\/12\/1-turma-judo-N-S-Lourdes-1966-1-1-1536x1098.jpeg 1536w, https:\/\/acervosvirtuais.ufpel.edu.br\/museuvirtualdojudo\/wp-content\/uploads\/sites\/12\/2021\/12\/1-turma-judo-N-S-Lourdes-1966-1-1-205x146.jpeg 205w, https:\/\/acervosvirtuais.ufpel.edu.br\/museuvirtualdojudo\/wp-content\/uploads\/sites\/12\/2021\/12\/1-turma-judo-N-S-Lourdes-1966-1-1-1200x857.jpeg 1200w, https:\/\/acervosvirtuais.ufpel.edu.br\/museuvirtualdojudo\/wp-content\/uploads\/sites\/12\/2021\/12\/1-turma-judo-N-S-Lourdes-1966-1-1.jpeg 1832w\" sizes=\"auto, (max-width: 632px) 100vw, 632px\" \/><\/a><figcaption> Primeira turma de alunos da Escola Nossa Senhora de Lourdes, 1967. <\/figcaption><\/figure><\/div>\n\n\n\n<p style=\"font-size:24px\">Foram tamb\u00e9m criadas turmas femininas na Escola Nossa Senhora de Lourdes em 1968, com participa\u00e7\u00e3o de Celso lemos Brod, faixa verde na \u00e9poca.<\/p>\n\n\n\n<div class=\"wp-block-image\"><figure class=\"aligncenter size-large is-resized\"><a href=\"https:\/\/acervosvirtuais.ufpel.edu.br\/museuvirtualdojudo\/wp-content\/uploads\/sites\/12\/2021\/12\/Primeira-turma-judo-feminino-1968-professor-Celso-faixa-verde.jpeg\"><img loading=\"lazy\" decoding=\"async\" src=\"https:\/\/acervosvirtuais.ufpel.edu.br\/museuvirtualdojudo\/wp-content\/uploads\/sites\/12\/2021\/12\/Primeira-turma-judo-feminino-1968-professor-Celso-faixa-verde-1024x747.jpeg\" alt=\"\" class=\"wp-image-588\" width=\"647\" height=\"471\" srcset=\"https:\/\/acervosvirtuais.ufpel.edu.br\/museuvirtualdojudo\/wp-content\/uploads\/sites\/12\/2021\/12\/Primeira-turma-judo-feminino-1968-professor-Celso-faixa-verde-1024x747.jpeg 1024w, https:\/\/acervosvirtuais.ufpel.edu.br\/museuvirtualdojudo\/wp-content\/uploads\/sites\/12\/2021\/12\/Primeira-turma-judo-feminino-1968-professor-Celso-faixa-verde-300x219.jpeg 300w, https:\/\/acervosvirtuais.ufpel.edu.br\/museuvirtualdojudo\/wp-content\/uploads\/sites\/12\/2021\/12\/Primeira-turma-judo-feminino-1968-professor-Celso-faixa-verde-768x560.jpeg 768w, https:\/\/acervosvirtuais.ufpel.edu.br\/museuvirtualdojudo\/wp-content\/uploads\/sites\/12\/2021\/12\/Primeira-turma-judo-feminino-1968-professor-Celso-faixa-verde-1536x1120.jpeg 1536w, https:\/\/acervosvirtuais.ufpel.edu.br\/museuvirtualdojudo\/wp-content\/uploads\/sites\/12\/2021\/12\/Primeira-turma-judo-feminino-1968-professor-Celso-faixa-verde-205x150.jpeg 205w, https:\/\/acervosvirtuais.ufpel.edu.br\/museuvirtualdojudo\/wp-content\/uploads\/sites\/12\/2021\/12\/Primeira-turma-judo-feminino-1968-professor-Celso-faixa-verde-1200x875.jpeg 1200w, https:\/\/acervosvirtuais.ufpel.edu.br\/museuvirtualdojudo\/wp-content\/uploads\/sites\/12\/2021\/12\/Primeira-turma-judo-feminino-1968-professor-Celso-faixa-verde.jpeg 1815w\" sizes=\"auto, (max-width: 647px) 100vw, 647px\" \/><\/a><figcaption>Turma de jud\u00f4 feminino, 1968. Professor Paulo e Brod e Celso Brod.<\/figcaption><\/figure><\/div>\n\n\n\n<p style=\"font-size:24px\">O primeiro faixa preta oriundo dos alunos que iniciaram no Instituto Agron\u00f4mico foi Luiz Amaral em 1968, que atuou como monitor e s\u00f3cio na cria\u00e7\u00e3o do doj\u00f4 em Pelotas.<\/p>\n\n\n\n<div class=\"wp-block-image\"><figure class=\"aligncenter size-large is-resized\"><a href=\"https:\/\/acervosvirtuais.ufpel.edu.br\/museuvirtualdojudo\/wp-content\/uploads\/sites\/12\/2021\/12\/Paulo-Brod-e-Luiz-Amaral-primeiros-faixas-pretas-1968.jpeg\"><img loading=\"lazy\" decoding=\"async\" src=\"https:\/\/acervosvirtuais.ufpel.edu.br\/museuvirtualdojudo\/wp-content\/uploads\/sites\/12\/2021\/12\/Paulo-Brod-e-Luiz-Amaral-primeiros-faixas-pretas-1968-779x1022.jpeg\" alt=\"\" class=\"wp-image-595\" width=\"485\" height=\"635\" srcset=\"https:\/\/acervosvirtuais.ufpel.edu.br\/museuvirtualdojudo\/wp-content\/uploads\/sites\/12\/2021\/12\/Paulo-Brod-e-Luiz-Amaral-primeiros-faixas-pretas-1968-779x1022.jpeg 779w, https:\/\/acervosvirtuais.ufpel.edu.br\/museuvirtualdojudo\/wp-content\/uploads\/sites\/12\/2021\/12\/Paulo-Brod-e-Luiz-Amaral-primeiros-faixas-pretas-1968-223x292.jpeg 223w, https:\/\/acervosvirtuais.ufpel.edu.br\/museuvirtualdojudo\/wp-content\/uploads\/sites\/12\/2021\/12\/Paulo-Brod-e-Luiz-Amaral-primeiros-faixas-pretas-1968-205x269.jpeg 205w, https:\/\/acervosvirtuais.ufpel.edu.br\/museuvirtualdojudo\/wp-content\/uploads\/sites\/12\/2021\/12\/Paulo-Brod-e-Luiz-Amaral-primeiros-faixas-pretas-1968.jpeg 1428w\" sizes=\"auto, (max-width: 485px) 100vw, 485px\" \/><\/a><figcaption>Paulo Brod e Luiz Amaral, 1968.<\/figcaption><\/figure><\/div>\n\n\n\n<p style=\"font-size:24px\">Seu carisma e lideran\u00e7a criaram um ambiente prop\u00edcio para o desenvolvimento de talentos esportivos como Elbio Guimar\u00e3es, &nbsp;Marco Ant\u00f4nio Brizolara de Freitas, &nbsp;Adilson Furtado, Wanderlei Dull, Osmarino Vasconcelos&nbsp; Arnoni, Claudinei Soares Ferreira (Nei), Ad\u00e3o Barbosa do Santos (Dico).<\/p>\n\n\n\n<p style=\"font-size:24px\">Os resultados em competi\u00e7\u00f5es constru\u00edram o que hoje podemos chamar da \u201cD\u00e9cada de ouro do jud\u00f4 Pelotense\u201d, onde a equipe de Pelotas foi por 10 anos consecutivos campe\u00e3 dos Jogos Intermunicipais do Rio Grande do Sul \u2013 JIRGS, entre 1971 e 1980.<\/p>\n\n\n\n<div class=\"wp-block-image\"><figure class=\"aligncenter size-large is-resized\"><a href=\"https:\/\/acervosvirtuais.ufpel.edu.br\/museuvirtualdojudo\/wp-content\/uploads\/sites\/12\/2021\/12\/Deca-campeao-1980-JIRGS-1.jpg\"><img loading=\"lazy\" decoding=\"async\" src=\"https:\/\/acervosvirtuais.ufpel.edu.br\/museuvirtualdojudo\/wp-content\/uploads\/sites\/12\/2021\/12\/Deca-campeao-1980-JIRGS-1-1024x700.jpg\" alt=\"\" class=\"wp-image-600\" width=\"584\" height=\"398\" srcset=\"https:\/\/acervosvirtuais.ufpel.edu.br\/museuvirtualdojudo\/wp-content\/uploads\/sites\/12\/2021\/12\/Deca-campeao-1980-JIRGS-1-1024x700.jpg 1024w, https:\/\/acervosvirtuais.ufpel.edu.br\/museuvirtualdojudo\/wp-content\/uploads\/sites\/12\/2021\/12\/Deca-campeao-1980-JIRGS-1-300x205.jpg 300w, https:\/\/acervosvirtuais.ufpel.edu.br\/museuvirtualdojudo\/wp-content\/uploads\/sites\/12\/2021\/12\/Deca-campeao-1980-JIRGS-1-768x525.jpg 768w, https:\/\/acervosvirtuais.ufpel.edu.br\/museuvirtualdojudo\/wp-content\/uploads\/sites\/12\/2021\/12\/Deca-campeao-1980-JIRGS-1-205x140.jpg 205w, https:\/\/acervosvirtuais.ufpel.edu.br\/museuvirtualdojudo\/wp-content\/uploads\/sites\/12\/2021\/12\/Deca-campeao-1980-JIRGS-1-1200x820.jpg 1200w, https:\/\/acervosvirtuais.ufpel.edu.br\/museuvirtualdojudo\/wp-content\/uploads\/sites\/12\/2021\/12\/Deca-campeao-1980-JIRGS-1.jpg 1489w\" sizes=\"auto, (max-width: 584px) 100vw, 584px\" \/><\/a><figcaption>Equipe Deca Campe\u00e3 JIRGS, 1980. <\/figcaption><\/figure><\/div>\n\n\n\n<p style=\"font-size:24px\">A morte precoce do professor Paulo Brod aos 33 anos, em 1971, encerrou o ciclo inicial da implanta\u00e7\u00e3o e consolida\u00e7\u00e3o da modalidade na regi\u00e3o. &nbsp;<\/p>\n\n\n\n<div class=\"wp-block-image\"><figure class=\"aligncenter size-large is-resized\"><a href=\"https:\/\/acervosvirtuais.ufpel.edu.br\/museuvirtualdojudo\/wp-content\/uploads\/sites\/12\/2021\/12\/Falecimento-Paulo-1971.jpg\"><img loading=\"lazy\" decoding=\"async\" src=\"https:\/\/acervosvirtuais.ufpel.edu.br\/museuvirtualdojudo\/wp-content\/uploads\/sites\/12\/2021\/12\/Falecimento-Paulo-1971-1024x868.jpg\" alt=\"\" class=\"wp-image-603\" width=\"541\" height=\"459\" srcset=\"https:\/\/acervosvirtuais.ufpel.edu.br\/museuvirtualdojudo\/wp-content\/uploads\/sites\/12\/2021\/12\/Falecimento-Paulo-1971-1024x868.jpg 1024w, https:\/\/acervosvirtuais.ufpel.edu.br\/museuvirtualdojudo\/wp-content\/uploads\/sites\/12\/2021\/12\/Falecimento-Paulo-1971-300x254.jpg 300w, https:\/\/acervosvirtuais.ufpel.edu.br\/museuvirtualdojudo\/wp-content\/uploads\/sites\/12\/2021\/12\/Falecimento-Paulo-1971-768x651.jpg 768w, https:\/\/acervosvirtuais.ufpel.edu.br\/museuvirtualdojudo\/wp-content\/uploads\/sites\/12\/2021\/12\/Falecimento-Paulo-1971-1536x1301.jpg 1536w, https:\/\/acervosvirtuais.ufpel.edu.br\/museuvirtualdojudo\/wp-content\/uploads\/sites\/12\/2021\/12\/Falecimento-Paulo-1971-2048x1735.jpg 2048w, https:\/\/acervosvirtuais.ufpel.edu.br\/museuvirtualdojudo\/wp-content\/uploads\/sites\/12\/2021\/12\/Falecimento-Paulo-1971-205x174.jpg 205w, https:\/\/acervosvirtuais.ufpel.edu.br\/museuvirtualdojudo\/wp-content\/uploads\/sites\/12\/2021\/12\/Falecimento-Paulo-1971-1200x1017.jpg 1200w, https:\/\/acervosvirtuais.ufpel.edu.br\/museuvirtualdojudo\/wp-content\/uploads\/sites\/12\/2021\/12\/Falecimento-Paulo-1971-1980x1678.jpg 1980w\" sizes=\"auto, (max-width: 541px) 100vw, 541px\" \/><\/a><figcaption>Not\u00edcia do falecimento do prof. Paulo Brod, jornal local 1971.<\/figcaption><\/figure><\/div>\n\n\n\n<p style=\"font-size:24px\">A partir de ent\u00e3o, seu irm\u00e3o Celso Lemos Brod assumiu o comando da Academia. Celso, dez anos mais mo\u00e7o, foi aluno de Paulo desde crian\u00e7a e continuou o trabalho na academia. Al\u00e9m de dar sequ\u00eancia aos treinos da equipe dos alunos mais graduados, formados pelo irm\u00e3o, iniciou e formou a segunda gera\u00e7\u00e3o de atletas competidores de sucesso como Jos\u00e9 Fernando Pereira Maduel, Airton Carre Chagas, Luis C\u00e9sar Acosta Vieira (C\u00e9sar), Marco Antonio Viegas Campelo, Rog\u00e9rio Bilhalva e Marcelo Goni Braga, que chegou como faixa verde oriundo de Santana do Livramento .<\/p>\n\n\n\n<div class=\"wp-block-image\"><figure class=\"aligncenter size-large is-resized\"><a href=\"https:\/\/acervosvirtuais.ufpel.edu.br\/museuvirtualdojudo\/wp-content\/uploads\/sites\/12\/2021\/12\/trEINO-inOKUMA-ceLSO-2.jpeg\"><img loading=\"lazy\" decoding=\"async\" src=\"https:\/\/acervosvirtuais.ufpel.edu.br\/museuvirtualdojudo\/wp-content\/uploads\/sites\/12\/2021\/12\/trEINO-inOKUMA-ceLSO-2-722x1022.jpeg\" alt=\"\" class=\"wp-image-607\" width=\"510\" height=\"721\" srcset=\"https:\/\/acervosvirtuais.ufpel.edu.br\/museuvirtualdojudo\/wp-content\/uploads\/sites\/12\/2021\/12\/trEINO-inOKUMA-ceLSO-2-722x1022.jpeg 722w, https:\/\/acervosvirtuais.ufpel.edu.br\/museuvirtualdojudo\/wp-content\/uploads\/sites\/12\/2021\/12\/trEINO-inOKUMA-ceLSO-2-206x292.jpeg 206w, https:\/\/acervosvirtuais.ufpel.edu.br\/museuvirtualdojudo\/wp-content\/uploads\/sites\/12\/2021\/12\/trEINO-inOKUMA-ceLSO-2-768x1087.jpeg 768w, https:\/\/acervosvirtuais.ufpel.edu.br\/museuvirtualdojudo\/wp-content\/uploads\/sites\/12\/2021\/12\/trEINO-inOKUMA-ceLSO-2-205x290.jpeg 205w, https:\/\/acervosvirtuais.ufpel.edu.br\/museuvirtualdojudo\/wp-content\/uploads\/sites\/12\/2021\/12\/trEINO-inOKUMA-ceLSO-2.jpeg 1034w\" sizes=\"auto, (max-width: 510px) 100vw, 510px\" \/><\/a><figcaption>Celso Brod em evento organizado sob chancela da Confedera\u00e7\u00e3o brasileira de Jud\u00f4, 1985.<\/figcaption><\/figure><\/div>\n\n\n\n<div class=\"wp-block-buttons alignfull is-content-justification-center is-layout-flex wp-block-buttons-is-layout-flex\">\n<div class=\"wp-block-button is-style-outline is-style-outline--1\"><a class=\"wp-block-button__link\" href=\"https:\/\/acervosvirtuais.ufpel.edu.br\/museuvirtualdojudo\/colecao-judo-pelotense\/\">Cole\u00e7\u00e3o de fotos do jud\u00f4 pelotense <\/a><\/div>\n<\/div>\n\n\n\n<p><\/p>\n","protected":false},"excerpt":{"rendered":"<p>A hist\u00f3ria do jud\u00f4 Pelotense tem in\u00edcio em 1959 quando o Prof. Paulo Alberto Lemos Brod come\u00e7ou a ministrar aulas no Instituto Agron\u00f4mico do Sul, onde atualmente funciona a Embrapa no munic\u00edpio de Cap\u00e3o do Le\u00e3o, zona rural, que na \u00e9poca fazia parte do munic\u00edpio de Pelotas. Tendo como aluno seu primeiro aluno, seu irm\u00e3o [&hellip;]<\/p>\n","protected":false},"author":18,"featured_media":0,"parent":0,"menu_order":0,"comment_status":"closed","ping_status":"closed","template":"","meta":{"footnotes":""},"class_list":["post-49","page","type-page","status-publish","hentry"],"_links":{"self":[{"href":"https:\/\/acervosvirtuais.ufpel.edu.br\/museuvirtualdojudo\/wp-json\/wp\/v2\/pages\/49","targetHints":{"allow":["GET"]}}],"collection":[{"href":"https:\/\/acervosvirtuais.ufpel.edu.br\/museuvirtualdojudo\/wp-json\/wp\/v2\/pages"}],"about":[{"href":"https:\/\/acervosvirtuais.ufpel.edu.br\/museuvirtualdojudo\/wp-json\/wp\/v2\/types\/page"}],"author":[{"embeddable":true,"href":"https:\/\/acervosvirtuais.ufpel.edu.br\/museuvirtualdojudo\/wp-json\/wp\/v2\/users\/18"}],"replies":[{"embeddable":true,"href":"https:\/\/acervosvirtuais.ufpel.edu.br\/museuvirtualdojudo\/wp-json\/wp\/v2\/comments?post=49"}],"version-history":[{"count":8,"href":"https:\/\/acervosvirtuais.ufpel.edu.br\/museuvirtualdojudo\/wp-json\/wp\/v2\/pages\/49\/revisions"}],"predecessor-version":[{"id":690,"href":"https:\/\/acervosvirtuais.ufpel.edu.br\/museuvirtualdojudo\/wp-json\/wp\/v2\/pages\/49\/revisions\/690"}],"wp:attachment":[{"href":"https:\/\/acervosvirtuais.ufpel.edu.br\/museuvirtualdojudo\/wp-json\/wp\/v2\/media?parent=49"}],"curies":[{"name":"wp","href":"https:\/\/api.w.org\/{rel}","templated":true}]}}