{"id":276,"date":"2021-04-22T13:49:05","date_gmt":"2021-04-22T16:49:05","guid":{"rendered":"https:\/\/acervosvirtuais.ufpel.edu.br\/museudastelecomunicacoes\/?page_id=276"},"modified":"2021-05-18T09:35:50","modified_gmt":"2021-05-18T12:35:50","slug":"equipe","status":"publish","type":"page","link":"https:\/\/acervosvirtuais.ufpel.edu.br\/museudastelecomunicacoes\/equipe\/","title":{"rendered":"Equipe"},"content":{"rendered":"\n<pre class=\"wp-block-preformatted\"><strong>PROFESSORA DR.\u00aa ANNELISE COSTA MONTONE<\/strong>  - Coordenadora do projeto.\n<strong>PROFESSORA DR.\u00aa<\/strong> <strong>NORIS MARA PACHECO MARTINS LEAL<\/strong> - Coordenadora Adjunta do projeto.\n<strong>CARINA FARIAS FERREIRA<\/strong> - Graduanda em Conserva\u00e7\u00e3o e Restaura\u00e7\u00e3o de Bens Culturais M\u00f3veis; Mestre em Arquitetura e Urbanismo e Engenheira Civil.\n<strong>CLARISSA MARTINS NEUTZLING<\/strong> - Graduanda em Conserva\u00e7\u00e3o e Restaura\u00e7\u00e3o de Bens Culturais M\u00f3veis; Arquiteta e Urbanista.\n<strong>ANA CAROLINA FERNANDES DA SILVA<\/strong> - Graduanda em Conserva\u00e7\u00e3o e Restaura\u00e7\u00e3o de Bens Culturais M\u00f3veis.\n<strong>KERLLEN PERES CAVALHEIRO<\/strong> - Graduanda em Conserva\u00e7\u00e3o e Restaura\u00e7\u00e3o de Bens Culturais M\u00f3veis.\n\n<\/pre>\n","protected":false},"excerpt":{"rendered":"<p>PROFESSORA DR.\u00aa ANNELISE COSTA MONTONE &#8211; Coordenadora do projeto. PROFESSORA DR.\u00aa NORIS MARA PACHECO MARTINS LEAL &#8211; Coordenadora Adjunta do projeto. CARINA FARIAS FERREIRA &#8211; Graduanda em Conserva\u00e7\u00e3o e Restaura\u00e7\u00e3o de Bens Culturais M\u00f3veis; Mestre em Arquitetura e Urbanismo e Engenheira Civil. CLARISSA MARTINS NEUTZLING &#8211; Graduanda em Conserva\u00e7\u00e3o e Restaura\u00e7\u00e3o de Bens Culturais M\u00f3veis; [&hellip;]<\/p>\n","protected":false},"author":13,"featured_media":0,"parent":0,"menu_order":0,"comment_status":"closed","ping_status":"closed","template":"","meta":{"footnotes":""},"class_list":["post-276","page","type-page","status-publish","hentry"],"_links":{"self":[{"href":"https:\/\/acervosvirtuais.ufpel.edu.br\/museudastelecomunicacoes\/wp-json\/wp\/v2\/pages\/276","targetHints":{"allow":["GET"]}}],"collection":[{"href":"https:\/\/acervosvirtuais.ufpel.edu.br\/museudastelecomunicacoes\/wp-json\/wp\/v2\/pages"}],"about":[{"href":"https:\/\/acervosvirtuais.ufpel.edu.br\/museudastelecomunicacoes\/wp-json\/wp\/v2\/types\/page"}],"author":[{"embeddable":true,"href":"https:\/\/acervosvirtuais.ufpel.edu.br\/museudastelecomunicacoes\/wp-json\/wp\/v2\/users\/13"}],"replies":[{"embeddable":true,"href":"https:\/\/acervosvirtuais.ufpel.edu.br\/museudastelecomunicacoes\/wp-json\/wp\/v2\/comments?post=276"}],"version-history":[{"count":5,"href":"https:\/\/acervosvirtuais.ufpel.edu.br\/museudastelecomunicacoes\/wp-json\/wp\/v2\/pages\/276\/revisions"}],"predecessor-version":[{"id":385,"href":"https:\/\/acervosvirtuais.ufpel.edu.br\/museudastelecomunicacoes\/wp-json\/wp\/v2\/pages\/276\/revisions\/385"}],"wp:attachment":[{"href":"https:\/\/acervosvirtuais.ufpel.edu.br\/museudastelecomunicacoes\/wp-json\/wp\/v2\/media?parent=276"}],"curies":[{"name":"wp","href":"https:\/\/api.w.org\/{rel}","templated":true}]}}