{"id":272,"date":"2021-04-22T13:41:29","date_gmt":"2021-04-22T16:41:29","guid":{"rendered":"https:\/\/acervosvirtuais.ufpel.edu.br\/museudastelecomunicacoes\/?page_id=272"},"modified":"2021-05-18T09:30:02","modified_gmt":"2021-05-18T12:30:02","slug":"historia-da-ctmr","status":"publish","type":"page","link":"https:\/\/acervosvirtuais.ufpel.edu.br\/museudastelecomunicacoes\/historia-da-ctmr\/","title":{"rendered":"Hist\u00f3ria da CTMR"},"content":{"rendered":"\n<p>Pelotas teve seu apogeu econ\u00f4mico demarcado pelas atividades de produ\u00e7\u00e3o e exporta\u00e7\u00e3o do charque, e como consequ\u00eancia, entre o final do s\u00e9culo 19 e in\u00edcio do 20, passou por um grande processo de moderniza\u00e7\u00e3o urbana, fortemente inspirado nos pa\u00edses europeus. Com o desenvolvimento industrial vinculado ao setor pastoril e charqueador, a cidade posicionava-se no centro econ\u00f4mico polarizador da zona da campanha, no sul do Rio Grande do Sul.<\/p>\n\n\n\n<p>Neste contexto de expans\u00e3o urbana e com o avan\u00e7o da moderniza\u00e7\u00e3o e tecnologia, em 1919, foi implantada a <em>Companhia Telephonica Melhoramento e Resistencia<\/em> (CTMR), tendo os principais setores da economia pelotense (comercial, banc\u00e1rio e industrial), papel fundamental nesse processo. O investimento em linhas telef\u00f4nicas visava o fortalecimento do com\u00e9rcio e a integra\u00e7\u00e3o das ind\u00fastrias no mercado regional e nacional.<\/p>\n\n\n\n<p>A cria\u00e7\u00e3o da CTMR teve como objetivo resistir \u00e0s press\u00f5es do capital estrangeiro, e melhorar, concomitantemente, os servi\u00e7os, em virtude da crescente necessidade de rapidez nas comunica\u00e7\u00f5es regionais e nacionais, para o andamento e efetiva\u00e7\u00e3o dos in\u00fameros neg\u00f3cios que movimentavam a economia da cidade. Nos seus primeiros anos de funcionamento, a empresa era assessorada por companhias estrangeiras que forneciam o suporte e aparelhamento necess\u00e1rio, buscando implantar centrais e expandir a rede telef\u00f4nica em um projeto que inclu\u00eda n\u00e3o s\u00f3 Pelotas, mas tamb\u00e9m as cidades vizinhas.<\/p>\n\n\n\n<p>Em 1999, ap\u00f3s oitenta anos de funcionamento, a CTMR foi adquirida pela Telecon Italia e pelo Banco Opportunity (mais adiante, o grupo que comprou a CTMR passou a chamar-se Brasil Telecom e, posteriormente, Oi).<\/p>\n\n\n\n<p><\/p>\n\n\n\n<p><\/p>\n\n\n\n<p class=\"has-small-font-size\">Refer\u00eancias<\/p>\n\n\n\n<p class=\"has-small-font-size\">FERREIRA, Maria Let\u00edcia M.; LOPES, Andr\u00e9 Lu\u00eds Borges. Hist\u00f3ria, mem\u00f3ria e tecnologia: Museu de Telecomunica\u00e7\u00f5es de Pelotas. <strong>Cadernos do LEPAARQ<\/strong>. Vol. I, n. 2, 2004, p. 27-40. Dispon\u00edvel em https:\/\/periodicos.ufpel.edu.br\/ojs2\/index.php\/lepaarq\/article\/view\/811\/818. Acesso em: 07 abr. 2021.<\/p>\n\n\n\n<p class=\"has-small-font-size\">LOPES, Andr\u00e9 Lu\u00eds Borges.<strong>A moderniza\u00e7\u00e3o do espa\u00e7o urbano em Pelotas e a Companhia Telef\u00f4nica Melhoramento e Resist\u00eancia (1947-1957)<\/strong>. 2007.130f. Disserta\u00e7\u00e3o (Mestrado) &#8211; Programa de P\u00f3s Gradua\u00e7\u00e3o em Hist\u00f3ria das Sociedades Ib\u00e9ricas e Americanas da Pontif\u00edcia Universidade Cat\u00f3lica do Rio Grande do Sul, Porto Alegre, 2007.<\/p>\n\n\n\n<p class=\"has-small-font-size\">SANTOS, C. A. A. <strong>Ecletismo na fronteira meridional do Brasil: 1870-1931<\/strong>. Tese (Doutorado em Arquitetura e Urbanismo) Faculdade de Arquitetura e Urbanismo da Universidade Federal da Bahia. 2007.<\/p>\n\n\n\n<p class=\"has-small-font-size\">UEDA, Vanda. <strong>Inova\u00e7\u00e3o tecnol\u00f3gica e espa\u00e7o urbano: A implanta\u00e7\u00e3o da CTMR em Pelotas\/ RS.<\/strong> 1998.162p. Disserta\u00e7\u00e3o (Mestrado em Geografia) &#8211; Centro de Filosofia e Ci\u00eancias Humanas, Universidade Federal de Santa Catarina, Florian\u00f3polis,1998.<\/p>\n","protected":false},"excerpt":{"rendered":"<p>Pelotas teve seu apogeu econ\u00f4mico demarcado pelas atividades de produ\u00e7\u00e3o e exporta\u00e7\u00e3o do charque, e como consequ\u00eancia, entre o final do s\u00e9culo 19 e in\u00edcio do 20, passou por um grande processo de moderniza\u00e7\u00e3o urbana, fortemente inspirado nos pa\u00edses europeus. Com o desenvolvimento industrial vinculado ao setor pastoril e charqueador, a cidade posicionava-se no centro [&hellip;]<\/p>\n","protected":false},"author":13,"featured_media":0,"parent":0,"menu_order":0,"comment_status":"closed","ping_status":"closed","template":"","meta":{"footnotes":""},"class_list":["post-272","page","type-page","status-publish","hentry"],"_links":{"self":[{"href":"https:\/\/acervosvirtuais.ufpel.edu.br\/museudastelecomunicacoes\/wp-json\/wp\/v2\/pages\/272","targetHints":{"allow":["GET"]}}],"collection":[{"href":"https:\/\/acervosvirtuais.ufpel.edu.br\/museudastelecomunicacoes\/wp-json\/wp\/v2\/pages"}],"about":[{"href":"https:\/\/acervosvirtuais.ufpel.edu.br\/museudastelecomunicacoes\/wp-json\/wp\/v2\/types\/page"}],"author":[{"embeddable":true,"href":"https:\/\/acervosvirtuais.ufpel.edu.br\/museudastelecomunicacoes\/wp-json\/wp\/v2\/users\/13"}],"replies":[{"embeddable":true,"href":"https:\/\/acervosvirtuais.ufpel.edu.br\/museudastelecomunicacoes\/wp-json\/wp\/v2\/comments?post=272"}],"version-history":[{"count":9,"href":"https:\/\/acervosvirtuais.ufpel.edu.br\/museudastelecomunicacoes\/wp-json\/wp\/v2\/pages\/272\/revisions"}],"predecessor-version":[{"id":380,"href":"https:\/\/acervosvirtuais.ufpel.edu.br\/museudastelecomunicacoes\/wp-json\/wp\/v2\/pages\/272\/revisions\/380"}],"wp:attachment":[{"href":"https:\/\/acervosvirtuais.ufpel.edu.br\/museudastelecomunicacoes\/wp-json\/wp\/v2\/media?parent=272"}],"curies":[{"name":"wp","href":"https:\/\/api.w.org\/{rel}","templated":true}]}}