{"id":25429,"date":"2022-07-02T10:04:23","date_gmt":"2022-07-02T13:04:23","guid":{"rendered":"https:\/\/acervosvirtuais.ufpel.edu.br\/museuafrobrasilsul\/?page_id=25429"},"modified":"2022-10-06T22:52:13","modified_gmt":"2022-10-07T01:52:13","slug":"educacao","status":"publish","type":"page","link":"https:\/\/acervosvirtuais.ufpel.edu.br\/museuafrobrasilsul\/arte-e-expressoes-culturais\/educacao\/","title":{"rendered":"Educa\u00e7\u00e3o"},"content":{"rendered":"\n<div class=\"wp-block-columns are-vertically-aligned-top is-layout-flex wp-container-core-columns-is-layout-28f84493 wp-block-columns-is-layout-flex\">\n<div class=\"wp-block-column is-vertically-aligned-top is-layout-flow wp-block-column-is-layout-flow\" style=\"flex-basis:3333px\">\n<figure class=\"wp-block-embed is-type-video is-provider-youtube wp-block-embed-youtube wp-embed-aspect-16-9 wp-has-aspect-ratio\"><div class=\"wp-block-embed__wrapper\">\n<iframe loading=\"lazy\" title=\"A Turma do Tamborito - Conta\u00e7\u00e3o de Hist\u00f3rias com Kako Xavier\" width=\"1400\" height=\"788\" src=\"https:\/\/www.youtube.com\/embed\/gnxC-GpTjas?feature=oembed\" frameborder=\"0\" allow=\"accelerometer; autoplay; clipboard-write; encrypted-media; gyroscope; picture-in-picture\" allowfullscreen><\/iframe>\n<\/div><figcaption><strong>A Turma do Tamborito &#8211; Conta\u00e7\u00e3o de Hist\u00f3rias com Kako Xavier<br><mark style=\"background-color:rgba(0, 0, 0, 0);color:#555555\" class=\"has-inline-color\">2022<\/mark><\/strong> <em>(Fonte: <a href=\"https:\/\/www.youtube.com\/channel\/UC_3nsZ8_PL_y_WbmJU4_t4A\" target=\"_blank\" rel=\"noreferrer noopener\"><\/a><a href=\"https:\/\/www.youtube.com\/c\/KakoXaviereaTamborada\">Kako Xavier<\/a>)<\/em><\/figcaption><\/figure>\n<\/div>\n\n\n\n<div class=\"wp-block-column is-layout-flow wp-block-column-is-layout-flow\" style=\"flex-basis:3320px\">\n<figure class=\"wp-block-embed is-type-video is-provider-youtube wp-block-embed-youtube wp-embed-aspect-4-3 wp-has-aspect-ratio\"><div class=\"wp-block-embed__wrapper\">\n<iframe loading=\"lazy\" title=\"Nota 10 I | Ep. 01: \u00c1frica no curr\u00edculo escolar\" width=\"1333\" height=\"1000\" src=\"https:\/\/www.youtube.com\/embed\/A_nxP0bY6Wc?feature=oembed\" frameborder=\"0\" allow=\"accelerometer; autoplay; clipboard-write; encrypted-media; gyroscope; picture-in-picture\" allowfullscreen><\/iframe>\n<\/div><figcaption><strong>Nota 10 I | Ep. 01: \u00c1frica no curr\u00edculo escolar<\/strong><br><strong><mark style=\"background-color:rgba(0, 0, 0, 0);color:#555555\" class=\"has-inline-color\">2015<\/mark> <\/strong><em>(Fonte: <a href=\"https:\/\/www.youtube.com\/c\/CanalfuturaOrgBr\" data-type=\"URL\" data-id=\"https:\/\/www.youtube.com\/c\/CanalfuturaOrgBr\">Canal Futura<\/a>)<\/em><\/figcaption><\/figure>\n<\/div>\n\n\n\n<div class=\"wp-block-column is-layout-flow wp-block-column-is-layout-flow\" style=\"flex-basis:3333px\">\n<figure class=\"wp-block-embed is-type-video is-provider-youtube wp-block-embed-youtube wp-embed-aspect-16-9 wp-has-aspect-ratio\"><div class=\"wp-block-embed__wrapper\">\n<iframe loading=\"lazy\" title=\"O RACISMO \u00e9 PERIGOSO na EDUCA\u00c7\u00c3O das CRIAN\u00c7AS - Canal Preto\" width=\"1400\" height=\"788\" src=\"https:\/\/www.youtube.com\/embed\/KZGNu4NcWLs?feature=oembed\" frameborder=\"0\" allow=\"accelerometer; autoplay; clipboard-write; encrypted-media; gyroscope; picture-in-picture\" allowfullscreen><\/iframe>\n<\/div><figcaption><strong>O RACISMO \u00e9 PERIGOSO na EDUCA\u00c7\u00c3O das CRIAN\u00c7AS<\/strong><br><strong><mark style=\"background-color:rgba(0, 0, 0, 0);color:#555555\" class=\"has-inline-color\">20<\/mark>19 <\/strong><em>(Fonte: <a href=\"https:\/\/www.youtube.com\/c\/CanalPreto\" data-type=\"URL\" data-id=\"https:\/\/www.youtube.com\/c\/CanalPreto\">Canal Preto<\/a>)<\/em><\/figcaption><\/figure>\n<\/div>\n<\/div>\n\n\n\n<p><\/p>\n\n\n\n<div class=\"wp-block-columns is-layout-flex wp-container-core-columns-is-layout-28f84493 wp-block-columns-is-layout-flex\">\n<div class=\"wp-block-column is-layout-flow wp-block-column-is-layout-flow\" style=\"flex-basis:3333px\">\n<figure class=\"wp-block-embed is-type-video is-provider-youtube wp-block-embed-youtube wp-embed-aspect-4-3 wp-has-aspect-ratio\"><div class=\"wp-block-embed__wrapper\">\n<iframe loading=\"lazy\" title=\"Africanidades brasileiras e educacao\" width=\"1333\" height=\"1000\" src=\"https:\/\/www.youtube.com\/embed\/w8rG8jFza0E?feature=oembed\" frameborder=\"0\" allow=\"accelerometer; autoplay; clipboard-write; encrypted-media; gyroscope; picture-in-picture\" allowfullscreen><\/iframe>\n<\/div><figcaption><strong>Africanidades brasileiras e educa\u00e7\u00e3o<\/strong><br><mark style=\"background-color:rgba(0, 0, 0, 0);color:#555555\" class=\"has-inline-color\"><strong>2016<\/strong><\/mark><strong> <\/strong><em>(Fonte:<a href=\"https:\/\/www.youtube.com\/channel\/UChgX9m1qOJd-SxSKoaNFJYA\" data-type=\"URL\" data-id=\"https:\/\/www.youtube.com\/channel\/UChgX9m1qOJd-SxSKoaNFJYA\"> Dominio Publico<\/a>)<\/em><\/figcaption><\/figure>\n<\/div>\n\n\n\n<div class=\"wp-block-column is-layout-flow wp-block-column-is-layout-flow\" style=\"flex-basis:3333px\">\n<figure class=\"wp-block-embed is-type-video is-provider-youtube wp-block-embed-youtube wp-embed-aspect-16-9 wp-has-aspect-ratio\"><div class=\"wp-block-embed__wrapper\">\n<iframe loading=\"lazy\" title=\"Cultura Material e Imaterial - Brasil Escola\" width=\"1400\" height=\"788\" src=\"https:\/\/www.youtube.com\/embed\/VenVTXlGR94?feature=oembed\" frameborder=\"0\" allow=\"accelerometer; autoplay; clipboard-write; encrypted-media; gyroscope; picture-in-picture\" allowfullscreen><\/iframe>\n<\/div><figcaption><strong>Cultura Material e Imaterial <\/strong><br><strong><mark style=\"background-color:rgba(0, 0, 0, 0);color:#555555\" class=\"has-inline-color\">2020<\/mark><\/strong> <em>(Fonte: <a href=\"https:\/\/www.youtube.com\/c\/BrasilEscola\" data-type=\"URL\" data-id=\"https:\/\/www.youtube.com\/c\/BrasilEscola\">Brasil Escola<\/a>)<\/em><\/figcaption><\/figure>\n<\/div>\n\n\n\n<div class=\"wp-block-column is-layout-flow wp-block-column-is-layout-flow\" style=\"flex-basis:3333px\"><\/div>\n<\/div>\n","protected":false},"excerpt":{"rendered":"","protected":false},"author":6,"featured_media":0,"parent":15127,"menu_order":-1,"comment_status":"closed","ping_status":"closed","template":"","meta":{"footnotes":""},"class_list":["post-25429","page","type-page","status-publish","hentry"],"jetpack_sharing_enabled":true,"_links":{"self":[{"href":"https:\/\/acervosvirtuais.ufpel.edu.br\/museuafrobrasilsul\/wp-json\/wp\/v2\/pages\/25429","targetHints":{"allow":["GET"]}}],"collection":[{"href":"https:\/\/acervosvirtuais.ufpel.edu.br\/museuafrobrasilsul\/wp-json\/wp\/v2\/pages"}],"about":[{"href":"https:\/\/acervosvirtuais.ufpel.edu.br\/museuafrobrasilsul\/wp-json\/wp\/v2\/types\/page"}],"author":[{"embeddable":true,"href":"https:\/\/acervosvirtuais.ufpel.edu.br\/museuafrobrasilsul\/wp-json\/wp\/v2\/users\/6"}],"replies":[{"embeddable":true,"href":"https:\/\/acervosvirtuais.ufpel.edu.br\/museuafrobrasilsul\/wp-json\/wp\/v2\/comments?post=25429"}],"version-history":[{"count":5,"href":"https:\/\/acervosvirtuais.ufpel.edu.br\/museuafrobrasilsul\/wp-json\/wp\/v2\/pages\/25429\/revisions"}],"predecessor-version":[{"id":39627,"href":"https:\/\/acervosvirtuais.ufpel.edu.br\/museuafrobrasilsul\/wp-json\/wp\/v2\/pages\/25429\/revisions\/39627"}],"up":[{"embeddable":true,"href":"https:\/\/acervosvirtuais.ufpel.edu.br\/museuafrobrasilsul\/wp-json\/wp\/v2\/pages\/15127"}],"wp:attachment":[{"href":"https:\/\/acervosvirtuais.ufpel.edu.br\/museuafrobrasilsul\/wp-json\/wp\/v2\/media?parent=25429"}],"curies":[{"name":"wp","href":"https:\/\/api.w.org\/{rel}","templated":true}]}}