{"id":25406,"date":"2022-06-06T15:42:03","date_gmt":"2022-06-06T18:42:03","guid":{"rendered":"https:\/\/acervosvirtuais.ufpel.edu.br\/museuafrobrasilsul\/?page_id=25406"},"modified":"2022-11-30T10:59:36","modified_gmt":"2022-11-30T13:59:36","slug":"personalidades-negras-2","status":"publish","type":"page","link":"https:\/\/acervosvirtuais.ufpel.edu.br\/museuafrobrasilsul\/personalidades-negras-2\/","title":{"rendered":"Personalidades Negras"},"content":{"rendered":"\n<div class=\"wp-block-columns is-layout-flex wp-container-core-columns-is-layout-28f84493 wp-block-columns-is-layout-flex\">\n<div class=\"wp-block-column is-layout-flow wp-block-column-is-layout-flow\">\n<figure class=\"wp-block-embed is-type-video is-provider-youtube wp-block-embed-youtube wp-embed-aspect-16-9 wp-has-aspect-ratio\"><div class=\"wp-block-embed__wrapper\">\n<iframe loading=\"lazy\" title=\"Na\u00e7\u00e3o | TVE \u2013 Massacre de Porongos -  07\/10\/2015\" width=\"1400\" height=\"788\" src=\"https:\/\/www.youtube.com\/embed\/-EaXk-5lCpE?feature=oembed\" frameborder=\"0\" allow=\"accelerometer; autoplay; clipboard-write; encrypted-media; gyroscope; picture-in-picture\" allowfullscreen><\/iframe>\n<\/div><figcaption class=\"wp-element-caption\"><strong>Na\u00e7\u00e3o | TVE \u2013 Massacre de Porongos <\/strong><br><br><strong><strong><mark style=\"background-color:rgba(0, 0, 0, 0);color:#555555\" class=\"has-inline-color\">2015<\/mark><\/strong><\/strong> (Fonte: <a href=\"https:\/\/www.youtube.com\/user\/tvepublicars\"><em>TVE-RS<\/em><\/a>)<\/figcaption><\/figure>\n<\/div>\n\n\n\n<div class=\"wp-block-column is-layout-flow wp-block-column-is-layout-flow\">\n<figure class=\"wp-block-embed is-type-video is-provider-youtube wp-block-embed-youtube wp-embed-aspect-16-9 wp-has-aspect-ratio\"><div class=\"wp-block-embed__wrapper\">\n<iframe loading=\"lazy\" title=\"Viv\u00eancias da Negra Contempor\u00e2nea do Rio Grande do Sul \u2013 Sirley Amaro.\" width=\"1400\" height=\"788\" src=\"https:\/\/www.youtube.com\/embed\/sEjv7BvTCR0?feature=oembed\" frameborder=\"0\" allow=\"accelerometer; autoplay; clipboard-write; encrypted-media; gyroscope; picture-in-picture\" allowfullscreen><\/iframe>\n<\/div><figcaption class=\"wp-element-caption\"><strong>Viv\u00eancias da Negra Contempor\u00e2nea do Rio Grande do Sul \u2013 Sirley Amaro<\/strong><br><br><strong><strong><mark style=\"background-color:rgba(0, 0, 0, 0);color:#555555\" class=\"has-inline-color\">2020<\/mark><\/strong><\/strong> (<em>Fonte: <a href=\"https:\/\/www.youtube.com\/user\/ongmovimentacao\">Ong movimenta\u00e7\u00e3o<\/a><\/em>)<\/figcaption><\/figure>\n<\/div>\n\n\n\n<div class=\"wp-block-column is-layout-flow wp-block-column-is-layout-flow\">\n<figure class=\"wp-block-embed is-type-video is-provider-youtube wp-block-embed-youtube wp-embed-aspect-16-9 wp-has-aspect-ratio\"><div class=\"wp-block-embed__wrapper\">\n<iframe loading=\"lazy\" title=\"Modulo 1 \u2013 Vida\" width=\"1400\" height=\"788\" src=\"https:\/\/www.youtube.com\/embed\/Ph5saQqgPPg?feature=oembed\" frameborder=\"0\" allow=\"accelerometer; autoplay; clipboard-write; encrypted-media; gyroscope; picture-in-picture\" allowfullscreen><\/iframe>\n<\/div><figcaption class=\"wp-element-caption\"><strong>Curso Oliveira Silveira: o poeta da consci\u00eancia negra brasileira &#8211; Modulo 1 \u2013 Vida<\/strong><br><br><strong><strong><mark style=\"background-color:rgba(0, 0, 0, 0);color:#555555\" class=\"has-inline-color\">2019<\/mark><\/strong><\/strong> (<em>Fonte: <a href=\"https:\/\/www.youtube.com\/c\/L%C3%BAminaUFRGS\">L\u00famina UFRGS<\/a><\/em>)<\/figcaption><\/figure>\n<\/div>\n<\/div>\n\n\n\n<div class=\"wp-block-columns is-layout-flex wp-container-core-columns-is-layout-28f84493 wp-block-columns-is-layout-flex\">\n<div class=\"wp-block-column is-layout-flow wp-block-column-is-layout-flow\">\n<figure class=\"wp-block-embed is-type-video is-provider-youtube wp-block-embed-youtube wp-embed-aspect-16-9 wp-has-aspect-ratio\"><div class=\"wp-block-embed__wrapper\">\n<iframe loading=\"lazy\" title=\"Como promover a igualdade racial dentro das empresas | Lisiane Lemos | TEDxFloripa\" width=\"1400\" height=\"788\" src=\"https:\/\/www.youtube.com\/embed\/0l9GrUqRAqA?feature=oembed\" frameborder=\"0\" allow=\"accelerometer; autoplay; clipboard-write; encrypted-media; gyroscope; picture-in-picture\" allowfullscreen><\/iframe>\n<\/div><figcaption class=\"wp-element-caption\"><strong>Como promover a igualdade racial dentro das empresas | Lisiane Lemos | TEDxFloripa<\/strong><br><br><strong><strong><mark style=\"background-color:rgba(0, 0, 0, 0);color:#555555\" class=\"has-inline-color\">2017<\/mark><\/strong><\/strong> <em>(Fonte: <a href=\"https:\/\/www.youtube.com\/user\/TEDxTalks\" data-type=\"URL\" data-id=\"https:\/\/www.youtube.com\/user\/TEDxTalks\">TEDx Talks<\/a>)<\/em><\/figcaption><\/figure>\n<\/div>\n\n\n\n<div class=\"wp-block-column is-layout-flow wp-block-column-is-layout-flow\">\n<figure class=\"wp-block-embed is-type-video is-provider-youtube wp-block-embed-youtube wp-embed-aspect-4-3 wp-has-aspect-ratio\"><div class=\"wp-block-embed__wrapper\">\n<iframe loading=\"lazy\" title=\"Jo\u00e3o C\u00e2ndido Felisberto, Almirante Negro (1880 - 1969) - Her\u00f3is de Todo Mundo\" width=\"1333\" height=\"1000\" src=\"https:\/\/www.youtube.com\/embed\/8-htMxSBQrI?feature=oembed\" frameborder=\"0\" allow=\"accelerometer; autoplay; clipboard-write; encrypted-media; gyroscope; picture-in-picture\" allowfullscreen><\/iframe>\n<\/div><figcaption class=\"wp-element-caption\"><strong>Jo\u00e3o C\u00e2ndido Felisberto, Almirante Negro (1880 &#8211; 1969) &#8211; Her\u00f3is de Todo Mundo<\/strong><br><br><strong><strong><mark style=\"background-color:rgba(0, 0, 0, 0);color:#555555\" class=\"has-inline-color\">2012<\/mark><\/strong><\/strong><em> (Fonte: <a href=\"https:\/\/www.youtube.com\/c\/videoaula\" data-type=\"URL\" data-id=\"https:\/\/www.youtube.com\/c\/videoaula\">VIDEOTECA<\/a>)<\/em><\/figcaption><\/figure>\n<\/div>\n\n\n\n<div class=\"wp-block-column is-layout-flow wp-block-column-is-layout-flow\">\n<figure class=\"wp-block-embed is-type-video is-provider-youtube wp-block-embed-youtube wp-embed-aspect-16-9 wp-has-aspect-ratio\"><div class=\"wp-block-embed__wrapper\">\n<iframe loading=\"lazy\" title=\"Acompanhe um pouco da minha hist\u00f3ria\" width=\"1400\" height=\"788\" src=\"https:\/\/www.youtube.com\/embed\/YR1XgNXgVNw?feature=oembed\" frameborder=\"0\" allow=\"accelerometer; autoplay; clipboard-write; encrypted-media; gyroscope; picture-in-picture\" allowfullscreen><\/iframe>\n<\/div><figcaption class=\"wp-element-caption\"><strong>Acompanhe um pouco da minha hist\u00f3ria<\/strong><\/figcaption><\/figure>\n\n\n\n<p><strong><strong><mark style=\"background-color:rgba(0, 0, 0, 0);color:#555555\" class=\"has-inline-color\">2021<\/mark><\/strong><\/strong> <em>(Fonte:<a href=\"https:\/\/www.youtube.com\/@BabuBarber\"> Babu Barber<\/a>)<\/em><\/p>\n<\/div>\n<\/div>\n","protected":false},"excerpt":{"rendered":"<p>2021 (Fonte: Babu Barber)<\/p>\n","protected":false},"author":6,"featured_media":0,"parent":0,"menu_order":0,"comment_status":"closed","ping_status":"closed","template":"","meta":{"footnotes":""},"class_list":["post-25406","page","type-page","status-publish","hentry"],"jetpack_sharing_enabled":true,"_links":{"self":[{"href":"https:\/\/acervosvirtuais.ufpel.edu.br\/museuafrobrasilsul\/wp-json\/wp\/v2\/pages\/25406","targetHints":{"allow":["GET"]}}],"collection":[{"href":"https:\/\/acervosvirtuais.ufpel.edu.br\/museuafrobrasilsul\/wp-json\/wp\/v2\/pages"}],"about":[{"href":"https:\/\/acervosvirtuais.ufpel.edu.br\/museuafrobrasilsul\/wp-json\/wp\/v2\/types\/page"}],"author":[{"embeddable":true,"href":"https:\/\/acervosvirtuais.ufpel.edu.br\/museuafrobrasilsul\/wp-json\/wp\/v2\/users\/6"}],"replies":[{"embeddable":true,"href":"https:\/\/acervosvirtuais.ufpel.edu.br\/museuafrobrasilsul\/wp-json\/wp\/v2\/comments?post=25406"}],"version-history":[{"count":8,"href":"https:\/\/acervosvirtuais.ufpel.edu.br\/museuafrobrasilsul\/wp-json\/wp\/v2\/pages\/25406\/revisions"}],"predecessor-version":[{"id":42754,"href":"https:\/\/acervosvirtuais.ufpel.edu.br\/museuafrobrasilsul\/wp-json\/wp\/v2\/pages\/25406\/revisions\/42754"}],"wp:attachment":[{"href":"https:\/\/acervosvirtuais.ufpel.edu.br\/museuafrobrasilsul\/wp-json\/wp\/v2\/media?parent=25406"}],"curies":[{"name":"wp","href":"https:\/\/api.w.org\/{rel}","templated":true}]}}