{"id":22105,"date":"2022-04-05T21:42:40","date_gmt":"2022-04-06T00:42:40","guid":{"rendered":"https:\/\/acervosvirtuais.ufpel.edu.br\/museuafrobrasilsul\/?page_id=22105"},"modified":"2025-11-04T09:07:38","modified_gmt":"2025-11-04T12:07:38","slug":"colecao-arte","status":"publish","type":"page","link":"https:\/\/acervosvirtuais.ufpel.edu.br\/museuafrobrasilsul\/colecao-arte\/","title":{"rendered":"Arte"},"content":{"rendered":"\n<div class=\"wp-block-columns is-layout-flex wp-container-core-columns-is-layout-28f84493 wp-block-columns-is-layout-flex\">\n<div class=\"wp-block-column is-vertically-aligned-top is-layout-flow wp-block-column-is-layout-flow\" style=\"flex-basis:30%\">\n<figure class=\"wp-block-embed is-type-video is-provider-youtube wp-block-embed-youtube wp-embed-aspect-16-9 wp-has-aspect-ratio\"><div class=\"wp-block-embed__wrapper\">\n<iframe loading=\"lazy\" title=\"19\u00aa SNM | VAGNOTRETA, O SWING NEGRO DO SUL #11 MABSUL PODCAST (C\/ V\u00cdDEO)\" width=\"1400\" height=\"788\" src=\"https:\/\/www.youtube.com\/embed\/JTHimsEKyNY?start=23&#038;feature=oembed\" frameborder=\"0\" allow=\"accelerometer; autoplay; clipboard-write; encrypted-media; gyroscope; picture-in-picture; web-share\" referrerpolicy=\"strict-origin-when-cross-origin\" allowfullscreen><\/iframe>\n<\/div><figcaption class=\"wp-element-caption\"><strong>19\u00aa SNM | VAGNOTRETA, O SWING NEGRO DO SUL #11 MABSUL PODCAST (C\/ V\u00cdDEO)<\/strong><br><strong><mark style=\"color:#555555\" class=\"has-inline-color\">2021<\/mark><\/strong><\/figcaption><\/figure>\n<\/div>\n\n\n\n<div class=\"wp-block-column is-vertically-aligned-top is-layout-flow wp-block-column-is-layout-flow\" style=\"flex-basis:28.57%\">\n<figure class=\"wp-block-embed is-type-video is-provider-youtube wp-block-embed-youtube wp-embed-aspect-16-9 wp-has-aspect-ratio\"><div class=\"wp-block-embed__wrapper\">\n<iframe loading=\"lazy\" title=\"Jornalista Carlos Machado - &quot;Minha biografia de vencedor&quot; - Proj. Aula Aberta\" width=\"1400\" height=\"788\" src=\"https:\/\/www.youtube.com\/embed\/t7OlbJgXYaI?start=41&#038;feature=oembed\" frameborder=\"0\" allow=\"accelerometer; autoplay; clipboard-write; encrypted-media; gyroscope; picture-in-picture; web-share\" referrerpolicy=\"strict-origin-when-cross-origin\" allowfullscreen><\/iframe>\n<\/div><\/figure>\n\n\n\n<p><strong>Jornalista Carlos Machado &#8211; &#8220;Minha biografia de vencedor&#8221; &#8211; Proj. Aula Aberta<\/strong><br><strong><mark style=\"color:#555555\" class=\"has-inline-color\">2021<\/mark><\/strong><\/p>\n<\/div>\n\n\n\n<div class=\"wp-block-column is-vertically-aligned-top is-layout-flow wp-block-column-is-layout-flow\" style=\"flex-basis:30%\">\n<figure class=\"wp-block-embed is-type-video is-provider-youtube wp-block-embed-youtube wp-embed-aspect-16-9 wp-has-aspect-ratio\"><div class=\"wp-block-embed__wrapper\">\n<iframe loading=\"lazy\" title=\"19\u00aa SNM | ZUDIZILLA, O C\u00c9U \u00c9 O LIMITE | #08 MABSUL PODCAST (C\/ V\u00cdDEO)\" width=\"1400\" height=\"788\" src=\"https:\/\/www.youtube.com\/embed\/q3SssXVssPc?start=178&#038;feature=oembed\" frameborder=\"0\" allow=\"accelerometer; autoplay; clipboard-write; encrypted-media; gyroscope; picture-in-picture; web-share\" referrerpolicy=\"strict-origin-when-cross-origin\" allowfullscreen><\/iframe>\n<\/div><figcaption class=\"wp-element-caption\"><strong>19\u00aa SNM | ZUDIZILLA, O C\u00c9U \u00c9 O LIMITE | #08 MABSUL PODCAST (C\/ V\u00cdDEO)<\/strong><br><strong><mark style=\"color:#555555\" class=\"has-inline-color\">2021<\/mark><\/strong><\/figcaption><\/figure>\n<\/div>\n<\/div>\n\n\n\n<div class=\"wp-block-columns is-layout-flex wp-container-core-columns-is-layout-28f84493 wp-block-columns-is-layout-flex\">\n<div class=\"wp-block-column is-layout-flow wp-block-column-is-layout-flow\" style=\"flex-basis:33.34%\">\n<figure class=\"wp-block-embed is-type-video is-provider-youtube wp-block-embed-youtube wp-embed-aspect-16-9 wp-has-aspect-ratio\"><div class=\"wp-block-embed__wrapper\">\n<iframe loading=\"lazy\" title=\"Joana Flores - Muse\u00f3loga e Preta: um desafio da escrita acad\u00eamica na contemporaneidade\" width=\"1400\" height=\"788\" src=\"https:\/\/www.youtube.com\/embed\/PjBrlam6MIw?feature=oembed\" frameborder=\"0\" allow=\"accelerometer; autoplay; clipboard-write; encrypted-media; gyroscope; picture-in-picture; web-share\" referrerpolicy=\"strict-origin-when-cross-origin\" allowfullscreen><\/iframe>\n<\/div><figcaption class=\"wp-element-caption\"><strong>Joana Flores &#8211; Muse\u00f3loga e Preta: um desafio da escrita acad\u00eamica na contemporaneidade<\/strong><br><strong><mark style=\"background-color:rgba(0, 0, 0, 0);color:#555555\" class=\"has-inline-color\">2021<\/mark><\/strong><\/figcaption><\/figure>\n<\/div>\n\n\n\n<div class=\"wp-block-column is-layout-flow wp-block-column-is-layout-flow\" style=\"flex-basis:33.34%\">\n<figure class=\"wp-block-embed is-type-video is-provider-youtube wp-block-embed-youtube wp-embed-aspect-16-9 wp-has-aspect-ratio\"><div class=\"wp-block-embed__wrapper\">\n<iframe loading=\"lazy\" title=\"MAGLIANI\" width=\"1400\" height=\"788\" src=\"https:\/\/www.youtube.com\/embed\/tYmd97BQn_c?feature=oembed\" frameborder=\"0\" allow=\"accelerometer; autoplay; clipboard-write; encrypted-media; gyroscope; picture-in-picture; web-share\" referrerpolicy=\"strict-origin-when-cross-origin\" allowfullscreen><\/iframe>\n<\/div><figcaption class=\"wp-element-caption\"><strong>MAGLIANI<\/strong><br><strong><mark style=\"background-color:rgba(0, 0, 0, 0);color:#555555\" class=\"has-inline-color\">2022<\/mark><\/strong> <em>(Fonte: <a href=\"https:\/\/www.youtube.com\/channel\/UCx1TlUamEDhS9QUyVRDW9wA\">Funda\u00e7\u00e3o Iber\u00ea<\/a>)<\/em><\/figcaption><\/figure>\n<\/div>\n\n\n\n<div class=\"wp-block-column is-layout-flow wp-block-column-is-layout-flow\" style=\"flex-basis:33.33%\">\n<figure class=\"wp-block-embed is-type-video is-provider-youtube wp-block-embed-youtube wp-embed-aspect-16-9 wp-has-aspect-ratio\"><div class=\"wp-block-embed__wrapper\">\n<iframe loading=\"lazy\" title=\"Dj Vagner Borges - Do Afrosul ao  Hip-Hop Pelotense - Proj Aulas Abertas\" width=\"1400\" height=\"788\" src=\"https:\/\/www.youtube.com\/embed\/TAfPTZPrB5k?feature=oembed\" frameborder=\"0\" allow=\"accelerometer; autoplay; clipboard-write; encrypted-media; gyroscope; picture-in-picture; web-share\" referrerpolicy=\"strict-origin-when-cross-origin\" allowfullscreen><\/iframe>\n<\/div><figcaption class=\"wp-element-caption\"><strong>Dj Vagner Borges &#8211; Do Afrosul ao Hip-Hop Pelotense &#8211; Proj Aulas Abertas<\/strong><br><strong><mark style=\"background-color:rgba(0, 0, 0, 0);color:#555555\" class=\"has-inline-color\">2021<\/mark><\/strong><\/figcaption><\/figure>\n<\/div>\n<\/div>\n\n\n\n<div class=\"wp-block-columns is-layout-flex wp-container-core-columns-is-layout-28f84493 wp-block-columns-is-layout-flex\">\n<div class=\"wp-block-column is-layout-flow wp-block-column-is-layout-flow\">\n<figure class=\"wp-block-embed is-type-video is-provider-youtube wp-block-embed-youtube wp-embed-aspect-16-9 wp-has-aspect-ratio\"><div class=\"wp-block-embed__wrapper\">\n<iframe loading=\"lazy\" title=\"Document\u00e1rio Ismael Ivo\" width=\"1400\" height=\"788\" src=\"https:\/\/www.youtube.com\/embed\/nWI-Te1M-Og?feature=oembed\" frameborder=\"0\" allow=\"accelerometer; autoplay; clipboard-write; encrypted-media; gyroscope; picture-in-picture; web-share\" referrerpolicy=\"strict-origin-when-cross-origin\" allowfullscreen><\/iframe>\n<\/div><figcaption class=\"wp-element-caption\"><strong>Document\u00e1rio Ismael Ivo<\/strong><br><strong><strong><mark style=\"background-color:rgba(0, 0, 0, 0);color:#555555\" class=\"has-inline-color\">2021<\/mark><\/strong> <\/strong>(Fonte: <a href=\"https:\/\/www.youtube.com\/c\/TVCultura\" data-type=\"URL\" data-id=\"https:\/\/www.youtube.com\/c\/TVCultura\">TV Cultura<\/a>)<\/figcaption><\/figure>\n\n\n\n<figure class=\"wp-block-embed is-type-video is-provider-youtube wp-block-embed-youtube wp-embed-aspect-4-3 wp-has-aspect-ratio\"><div class=\"wp-block-embed__wrapper\">\n<iframe loading=\"lazy\" title=\"Mo\u00e7ambique guarda a Coroa! Coroa\u00e7\u00e3o de Reis Congo.\" width=\"1333\" height=\"1000\" src=\"https:\/\/www.youtube.com\/embed\/4j1OjdrHoiE?feature=oembed\" frameborder=\"0\" allow=\"accelerometer; autoplay; clipboard-write; encrypted-media; gyroscope; picture-in-picture; web-share\" referrerpolicy=\"strict-origin-when-cross-origin\" allowfullscreen><\/iframe>\n<\/div><figcaption class=\"wp-element-caption\">Mo\u00e7ambique guarda a Coroa! Coroa\u00e7\u00e3o de Reis Congo. (<em>Fonte: <\/em><a href=\"https:\/\/www.youtube.com\/@cedipp\">CEDIPP &#8211; DIVERSITAS-NUJUR DIVERSO-FFLCH-ECA &#8211; USP<\/a>)<\/figcaption><\/figure>\n\n\n\n<figure class=\"wp-block-embed is-type-video is-provider-youtube wp-block-embed-youtube wp-embed-aspect-16-9 wp-has-aspect-ratio\"><div class=\"wp-block-embed__wrapper\">\n<iframe loading=\"lazy\" title=\"Laddy Dee - Nossa Trajet\u00f3ria (Feat. Ju D-mix , Dix) CLIPE  OFICIAL\" width=\"1400\" height=\"788\" src=\"https:\/\/www.youtube.com\/embed\/mwIp_9k9ErE?feature=oembed\" frameborder=\"0\" allow=\"accelerometer; autoplay; clipboard-write; encrypted-media; gyroscope; picture-in-picture; web-share\" referrerpolicy=\"strict-origin-when-cross-origin\" allowfullscreen><\/iframe>\n<\/div><figcaption class=\"wp-element-caption\">Laddy Dee &#8211; Nossa Trajet\u00f3ria (Feat. Ju D-mix , Dix) CLIPE OFICIAL(<em>Fonte: <a rel=\"noreferrer noopener\" href=\"https:\/\/www.youtube.com\/@laddydee7901\" data-type=\"URL\" data-id=\"https:\/\/www.youtube.com\/@laddydee7901\" target=\"_blank\">Laddy Dee<\/a><\/em>)<\/figcaption><\/figure>\n<\/div>\n\n\n\n<div class=\"wp-block-column is-layout-flow wp-block-column-is-layout-flow\">\n<figure class=\"wp-block-embed is-type-video is-provider-youtube wp-block-embed-youtube wp-embed-aspect-16-9 wp-has-aspect-ratio\"><div class=\"wp-block-embed__wrapper\">\n<iframe loading=\"lazy\" title=\"Bumba Meu Boi - Patrim\u00f4nio da Humanidade\" width=\"1400\" height=\"788\" src=\"https:\/\/www.youtube.com\/embed\/t05af5iQDsA?feature=oembed\" frameborder=\"0\" allow=\"accelerometer; autoplay; clipboard-write; encrypted-media; gyroscope; picture-in-picture; web-share\" referrerpolicy=\"strict-origin-when-cross-origin\" allowfullscreen><\/iframe>\n<\/div><figcaption class=\"wp-element-caption\"><strong>Bumba Meu Boi &#8211; Patrim\u00f4nio da Humanidade<\/strong><br><strong><mark style=\"background-color:rgba(0, 0, 0, 0);color:#555555\" class=\"has-inline-color\">2019<\/mark><\/strong><em> (Fonte: <a href=\"https:\/\/www.youtube.com\/user\/satirovalentine\" data-type=\"URL\" data-id=\"https:\/\/www.youtube.com\/user\/satirovalentine\">Bruno Saphira<\/a>)<\/em><\/figcaption><\/figure>\n\n\n\n<figure class=\"wp-block-embed is-type-video is-provider-youtube wp-block-embed-youtube wp-embed-aspect-16-9 wp-has-aspect-ratio\"><div class=\"wp-block-embed__wrapper\">\n<iframe loading=\"lazy\" title=\"A lenda do Saci-Perer\u00ea \u2013 A origem desse mito brasileiro!\" width=\"1400\" height=\"788\" src=\"https:\/\/www.youtube.com\/embed\/RnU6iDJis_4?feature=oembed\" frameborder=\"0\" allow=\"accelerometer; autoplay; clipboard-write; encrypted-media; gyroscope; picture-in-picture; web-share\" referrerpolicy=\"strict-origin-when-cross-origin\" allowfullscreen><\/iframe>\n<\/div><figcaption class=\"wp-element-caption\">A lenda do Saci-Perer\u00ea \u2013 A origem desse mito brasileiro!<em> (Fonte: <a href=\"https:\/\/www.youtube.com\/user\/satirovalentine\" data-type=\"URL\" data-id=\"https:\/\/www.youtube.com\/user\/satirovalentine\">Hist\u00f3ria Geral<\/a>)<\/em><\/figcaption><\/figure>\n<\/div>\n\n\n\n<div class=\"wp-block-column is-layout-flow wp-block-column-is-layout-flow\">\n<figure class=\"wp-block-embed is-type-video is-provider-youtube wp-block-embed-youtube wp-embed-aspect-16-9 wp-has-aspect-ratio\"><div class=\"wp-block-embed__wrapper\">\n<iframe loading=\"lazy\" title=\"Turbante viscose nessa amarra\u00e7\u00e3o\" width=\"563\" height=\"1000\" src=\"https:\/\/www.youtube.com\/embed\/wyDqouwYm3o?feature=oembed\" frameborder=\"0\" allow=\"accelerometer; autoplay; clipboard-write; encrypted-media; gyroscope; picture-in-picture; web-share\" referrerpolicy=\"strict-origin-when-cross-origin\" allowfullscreen><\/iframe>\n<\/div><figcaption class=\"wp-element-caption\"><strong>Turbante viscose nessa amarra\u00e7\u00e3o<\/strong> <br><strong><mark style=\"background-color:rgba(0, 0, 0, 0);color:#555555\" class=\"has-inline-color\">2022<\/mark><\/strong> (<em>Fonte: <strong><a href=\"https:\/\/www.facebook.com\/afroperfecta\/?__tn__=-UC\" data-type=\"URL\" data-id=\"https:\/\/www.facebook.com\/afroperfecta\/?__tn__=-UC\">Mundo Afro Perfecta<\/a><\/strong><\/em>)<\/figcaption><\/figure>\n\n\n\n<figure class=\"wp-block-embed is-type-video is-provider-youtube wp-block-embed-youtube wp-embed-aspect-16-9 wp-has-aspect-ratio\"><div class=\"wp-block-embed__wrapper\">\n<iframe loading=\"lazy\" title=\"Abertura de Reinado da Guarda de Mo\u00e7ambique da Nova Gameleira em Belo Horizonte - MG 24 abril 2011\" width=\"1400\" height=\"788\" src=\"https:\/\/www.youtube.com\/embed\/_DQTHSjrCc4?feature=oembed\" frameborder=\"0\" allow=\"accelerometer; autoplay; clipboard-write; encrypted-media; gyroscope; picture-in-picture; web-share\" referrerpolicy=\"strict-origin-when-cross-origin\" allowfullscreen><\/iframe>\n<\/div><figcaption class=\"wp-element-caption\">Abertura de Reinado da Guarda de Mo\u00e7ambique da Nova Gameleira em Belo Horizonte &#8211; MG 24 abril 2011<em> (Fonte: <\/em><a href=\"https:\/\/www.youtube.com\/@selomundomelhor\" data-type=\"URL\" data-id=\"https:\/\/www.youtube.com\/user\/satirovalentine\">Selo Mundo Melhor<\/a><em>)<\/em><\/figcaption><\/figure>\n<\/div>\n<\/div>\n\n\n\n<p><\/p>\n","protected":false},"excerpt":{"rendered":"<p>Jornalista Carlos Machado &#8211; &#8220;Minha biografia de vencedor&#8221; &#8211; Proj. Aula Aberta2021<\/p>\n","protected":false},"author":6,"featured_media":0,"parent":0,"menu_order":0,"comment_status":"closed","ping_status":"closed","template":"","meta":{"footnotes":""},"class_list":["post-22105","page","type-page","status-publish","hentry"],"jetpack_sharing_enabled":true,"_links":{"self":[{"href":"https:\/\/acervosvirtuais.ufpel.edu.br\/museuafrobrasilsul\/wp-json\/wp\/v2\/pages\/22105","targetHints":{"allow":["GET"]}}],"collection":[{"href":"https:\/\/acervosvirtuais.ufpel.edu.br\/museuafrobrasilsul\/wp-json\/wp\/v2\/pages"}],"about":[{"href":"https:\/\/acervosvirtuais.ufpel.edu.br\/museuafrobrasilsul\/wp-json\/wp\/v2\/types\/page"}],"author":[{"embeddable":true,"href":"https:\/\/acervosvirtuais.ufpel.edu.br\/museuafrobrasilsul\/wp-json\/wp\/v2\/users\/6"}],"replies":[{"embeddable":true,"href":"https:\/\/acervosvirtuais.ufpel.edu.br\/museuafrobrasilsul\/wp-json\/wp\/v2\/comments?post=22105"}],"version-history":[{"count":18,"href":"https:\/\/acervosvirtuais.ufpel.edu.br\/museuafrobrasilsul\/wp-json\/wp\/v2\/pages\/22105\/revisions"}],"predecessor-version":[{"id":66128,"href":"https:\/\/acervosvirtuais.ufpel.edu.br\/museuafrobrasilsul\/wp-json\/wp\/v2\/pages\/22105\/revisions\/66128"}],"wp:attachment":[{"href":"https:\/\/acervosvirtuais.ufpel.edu.br\/museuafrobrasilsul\/wp-json\/wp\/v2\/media?parent=22105"}],"curies":[{"name":"wp","href":"https:\/\/api.w.org\/{rel}","templated":true}]}}