{"id":15158,"date":"2021-10-11T18:51:01","date_gmt":"2021-10-11T21:51:01","guid":{"rendered":"https:\/\/acervosvirtuais.ufpel.edu.br\/museuafrobrasilsul\/?page_id=15158"},"modified":"2022-10-06T16:23:22","modified_gmt":"2022-10-06T19:23:22","slug":"quilombos","status":"publish","type":"page","link":"https:\/\/acervosvirtuais.ufpel.edu.br\/museuafrobrasilsul\/quilombos\/","title":{"rendered":"Quilombos"},"content":{"rendered":"\n<div class=\"wp-block-media-text is-stacked-on-mobile is-vertically-aligned-top is-image-fill\" style=\"grid-template-columns:20% auto\"><figure class=\"wp-block-media-text__media\" style=\"background-image:url(https:\/\/acervosvirtuais.ufpel.edu.br\/museuafrobrasilsul\/wp-content\/uploads\/sites\/4\/2021\/10\/Quilombo-2-1024x1024.png);background-position:50% 50%\"><img loading=\"lazy\" decoding=\"async\" width=\"1024\" height=\"1024\" src=\"https:\/\/acervosvirtuais.ufpel.edu.br\/museuafrobrasilsul\/wp-content\/uploads\/sites\/4\/2021\/10\/Quilombo-2-1024x1024.png\" alt=\"\" class=\"wp-image-15110 size-full\" srcset=\"https:\/\/acervosvirtuais.ufpel.edu.br\/museuafrobrasilsul\/wp-content\/uploads\/sites\/4\/2021\/10\/Quilombo-2-1024x1024.png 1024w, https:\/\/acervosvirtuais.ufpel.edu.br\/museuafrobrasilsul\/wp-content\/uploads\/sites\/4\/2021\/10\/Quilombo-2-300x300.png 300w, https:\/\/acervosvirtuais.ufpel.edu.br\/museuafrobrasilsul\/wp-content\/uploads\/sites\/4\/2021\/10\/Quilombo-2-150x150.png 150w, https:\/\/acervosvirtuais.ufpel.edu.br\/museuafrobrasilsul\/wp-content\/uploads\/sites\/4\/2021\/10\/Quilombo-2-768x768.png 768w, https:\/\/acervosvirtuais.ufpel.edu.br\/museuafrobrasilsul\/wp-content\/uploads\/sites\/4\/2021\/10\/Quilombo-2-1536x1536.png 1536w, https:\/\/acervosvirtuais.ufpel.edu.br\/museuafrobrasilsul\/wp-content\/uploads\/sites\/4\/2021\/10\/Quilombo-2-2048x2048.png 2048w, https:\/\/acervosvirtuais.ufpel.edu.br\/museuafrobrasilsul\/wp-content\/uploads\/sites\/4\/2021\/10\/Quilombo-2-40x40.png 40w, https:\/\/acervosvirtuais.ufpel.edu.br\/museuafrobrasilsul\/wp-content\/uploads\/sites\/4\/2021\/10\/Quilombo-2-275x275.png 275w, https:\/\/acervosvirtuais.ufpel.edu.br\/museuafrobrasilsul\/wp-content\/uploads\/sites\/4\/2021\/10\/Quilombo-2-205x205.png 205w, https:\/\/acervosvirtuais.ufpel.edu.br\/museuafrobrasilsul\/wp-content\/uploads\/sites\/4\/2021\/10\/Quilombo-2-125x125.png 125w\" sizes=\"auto, (max-width: 1024px) 100vw, 1024px\" \/><\/figure><div class=\"wp-block-media-text__content\">\n<div class=\"wp-block-columns is-layout-flex wp-container-core-columns-is-layout-28f84493 wp-block-columns-is-layout-flex\">\n<div class=\"wp-block-column is-layout-flow wp-block-column-is-layout-flow\" style=\"flex-basis:100%\">\n<p>As comunidades Quilombolas configuraram como sociedades alternativas ao colonialismo, na busca e manuten\u00e7\u00e3o dos valores ancestrais africanos atrav\u00e9s das lutas e da resist\u00eancia, buscando justi\u00e7a por meio de sua for\u00e7a e energia vital amparada na ancestralidade e desenvolvendo sua cultura a partir do resgate das mem\u00f3rias revividas na voz dos seus Gri\u00f4s, os guardi\u00f5es da sabedoria.<br>A valoriza\u00e7\u00e3o da mem\u00f3ria oral, o resgate das hist\u00f3rias, a lembran\u00e7a dos costumes e dos marcos hist\u00f3ricos dentro dos territ\u00f3rios de comunidades Quilombolas, resgatam o negro escravizado de sua condi\u00e7\u00e3o de desumano para ser o sujeito aglutinador, onde a intera\u00e7\u00e3o das for\u00e7as reorganiza identidades e promovem recursos de luta na busca de um modelo de democracia plurirracial que o Brasil ainda n\u00e3o conhece.<br>Local isolado, formado por escravos negros fugidos. Esta talvez seja a primeira ideia que vem \u00e0 mente quando se pensa em quilombo. Essa no\u00e7\u00e3o remete-nos a um passado remoto de nossa hist\u00f3ria, ligado exclusivamente ao per\u00edodo no qual houve escravid\u00e3o no Pa\u00eds. Por\u00e9m, os quilombos n\u00e3o pertencem somente a nosso passado escravista. Tampouco se configuram como comunidades isoladas, no tempo e no espa\u00e7o, sem qualquer participa\u00e7\u00e3o em nossa estrutura social. Ao contr\u00e1rio, s\u00e3o quase 4 mil comunidades quilombolas espalhadas pelo territ\u00f3rio brasileiro mant\u00eam-se vivas e atuantes, lutando pelo direito de propriedade de suas terras consagrado pela Constitui\u00e7\u00e3o Federal desde 1988.<br>As comunidades remanescentes de quilombo ou os quilombos contempor\u00e2neos s\u00e3o grupos sociais cuja identidade \u00e9tnica at\u00e9 hoje os distingue do restante da sociedade. A identidade \u00e9tnica de um grupo \u00e9 a base para sua forma de organiza\u00e7\u00e3o, de sua rela\u00e7\u00e3o com os demais grupos e de sua a\u00e7\u00e3o pol\u00edtica. A maneira pela qual os grupos sociais definem a pr\u00f3pria identidade \u00e9 resultado de uma conflu\u00eancia de fatores, escolhidos por eles mesmos: de uma ancestralidade comum, formas de organiza\u00e7\u00e3o pol\u00edtica e social a elementos lingu\u00edsticos e religiosos.<br>O foco do MABSul para este colecionamento est\u00e1 em recolher narrativas orais, v\u00eddeos e produ\u00e7\u00f5es audiovisuais sobre os territ\u00f3rios quilombolas, de forma a revelar uma nova hist\u00f3ria, incluindo o povo negro como um agente ativo na constru\u00e7\u00e3o e hist\u00f3ria oficial deste pa\u00eds.<br>Entre em contato conosco atrav\u00e9s de nossas redes e teremos imenso prazer e orgulho de divulgar sua hist\u00f3ria nas p\u00e1ginas do MABSUL.<\/p>\n\n\n\n<p>Fonte: <a href=\"https:\/\/cpisp.org.br\/direitosquilombolas\/observatorio-terras-quilombolas\/quilombolas-brasil\/\">https:\/\/cpisp.org.br\/direitosquilombolas\/observatorio-terras-quilombolas\/quilombolas-brasil\/<\/a><\/p>\n<\/div>\n<\/div>\n\n\n\n<p><\/p>\n<\/div><\/div>\n","protected":false},"excerpt":{"rendered":"","protected":false},"author":6,"featured_media":0,"parent":0,"menu_order":0,"comment_status":"closed","ping_status":"closed","template":"","meta":{"footnotes":""},"class_list":["post-15158","page","type-page","status-publish","hentry"],"jetpack_sharing_enabled":true,"_links":{"self":[{"href":"https:\/\/acervosvirtuais.ufpel.edu.br\/museuafrobrasilsul\/wp-json\/wp\/v2\/pages\/15158","targetHints":{"allow":["GET"]}}],"collection":[{"href":"https:\/\/acervosvirtuais.ufpel.edu.br\/museuafrobrasilsul\/wp-json\/wp\/v2\/pages"}],"about":[{"href":"https:\/\/acervosvirtuais.ufpel.edu.br\/museuafrobrasilsul\/wp-json\/wp\/v2\/types\/page"}],"author":[{"embeddable":true,"href":"https:\/\/acervosvirtuais.ufpel.edu.br\/museuafrobrasilsul\/wp-json\/wp\/v2\/users\/6"}],"replies":[{"embeddable":true,"href":"https:\/\/acervosvirtuais.ufpel.edu.br\/museuafrobrasilsul\/wp-json\/wp\/v2\/comments?post=15158"}],"version-history":[{"count":6,"href":"https:\/\/acervosvirtuais.ufpel.edu.br\/museuafrobrasilsul\/wp-json\/wp\/v2\/pages\/15158\/revisions"}],"predecessor-version":[{"id":39601,"href":"https:\/\/acervosvirtuais.ufpel.edu.br\/museuafrobrasilsul\/wp-json\/wp\/v2\/pages\/15158\/revisions\/39601"}],"wp:attachment":[{"href":"https:\/\/acervosvirtuais.ufpel.edu.br\/museuafrobrasilsul\/wp-json\/wp\/v2\/media?parent=15158"}],"curies":[{"name":"wp","href":"https:\/\/api.w.org\/{rel}","templated":true}]}}