{"id":15147,"date":"2021-10-11T18:44:59","date_gmt":"2021-10-11T21:44:59","guid":{"rendered":"https:\/\/acervosvirtuais.ufpel.edu.br\/museuafrobrasilsul\/?page_id=15147"},"modified":"2022-10-06T16:35:15","modified_gmt":"2022-10-06T19:35:15","slug":"espiritualidade-e-religiosidade","status":"publish","type":"page","link":"https:\/\/acervosvirtuais.ufpel.edu.br\/museuafrobrasilsul\/espiritualidade-e-religiosidade\/","title":{"rendered":"Espiritualidade e Religiosidade"},"content":{"rendered":"\n<div class=\"wp-block-media-text is-stacked-on-mobile is-vertically-aligned-top is-image-fill\" style=\"grid-template-columns:20% auto\"><figure class=\"wp-block-media-text__media\" style=\"background-image:url(https:\/\/acervosvirtuais.ufpel.edu.br\/museuafrobrasilsul\/wp-content\/uploads\/sites\/4\/2021\/10\/Religiao-2-1024x1024.png);background-position:50% 50%\"><img loading=\"lazy\" decoding=\"async\" width=\"1024\" height=\"1024\" src=\"https:\/\/acervosvirtuais.ufpel.edu.br\/museuafrobrasilsul\/wp-content\/uploads\/sites\/4\/2021\/10\/Religiao-2-1024x1024.png\" alt=\"\" class=\"wp-image-15111 size-full\" srcset=\"https:\/\/acervosvirtuais.ufpel.edu.br\/museuafrobrasilsul\/wp-content\/uploads\/sites\/4\/2021\/10\/Religiao-2-1024x1024.png 1024w, https:\/\/acervosvirtuais.ufpel.edu.br\/museuafrobrasilsul\/wp-content\/uploads\/sites\/4\/2021\/10\/Religiao-2-300x300.png 300w, https:\/\/acervosvirtuais.ufpel.edu.br\/museuafrobrasilsul\/wp-content\/uploads\/sites\/4\/2021\/10\/Religiao-2-150x150.png 150w, https:\/\/acervosvirtuais.ufpel.edu.br\/museuafrobrasilsul\/wp-content\/uploads\/sites\/4\/2021\/10\/Religiao-2-768x768.png 768w, https:\/\/acervosvirtuais.ufpel.edu.br\/museuafrobrasilsul\/wp-content\/uploads\/sites\/4\/2021\/10\/Religiao-2-1536x1536.png 1536w, https:\/\/acervosvirtuais.ufpel.edu.br\/museuafrobrasilsul\/wp-content\/uploads\/sites\/4\/2021\/10\/Religiao-2-2048x2048.png 2048w, https:\/\/acervosvirtuais.ufpel.edu.br\/museuafrobrasilsul\/wp-content\/uploads\/sites\/4\/2021\/10\/Religiao-2-40x40.png 40w, https:\/\/acervosvirtuais.ufpel.edu.br\/museuafrobrasilsul\/wp-content\/uploads\/sites\/4\/2021\/10\/Religiao-2-275x275.png 275w, https:\/\/acervosvirtuais.ufpel.edu.br\/museuafrobrasilsul\/wp-content\/uploads\/sites\/4\/2021\/10\/Religiao-2-205x205.png 205w, https:\/\/acervosvirtuais.ufpel.edu.br\/museuafrobrasilsul\/wp-content\/uploads\/sites\/4\/2021\/10\/Religiao-2-125x125.png 125w\" sizes=\"auto, (max-width: 1024px) 100vw, 1024px\" \/><\/figure><div class=\"wp-block-media-text__content\">\n<div class=\"wp-block-columns is-layout-flex wp-container-core-columns-is-layout-28f84493 wp-block-columns-is-layout-flex\">\n<div class=\"wp-block-column is-layout-flow wp-block-column-is-layout-flow\" style=\"flex-basis:100%\">\n<p>Por seu aspecto agregador, a religi\u00e3o denota um lugar privilegiado para significar e conduzir as mais diversas pr\u00e1ticas coletivas. Constitui-se em grupos, definindo valores simb\u00f3licos, ritos, normas, cerim\u00f4nias, permeia o mundo moderno, confronta a racionalidade com a f\u00e9, usa o encantamento do passado na reconstru\u00e7\u00e3o da f\u00e9 atual.<br>A necessidade cotidiana do sagrado na vida da maioria das pessoas, vai al\u00e9m da cultura de representa\u00e7\u00e3o cat\u00f3lica do pa\u00eds, pois a conceitua\u00e7\u00e3o s\u00f3cio hist\u00f3rica nos leva a um sincretismo afro brasileiro, onde as religi\u00f5es se mesclam e est\u00e3o presentes nos mais diversos recantos do pa\u00eds.<br>Se voc\u00ea consegue se conectar com o divino que existe dentro de voc\u00ea quando frequenta uma religi\u00e3o, voc\u00ea pode se identificar com os dois termos. J\u00e1 se voc\u00ea n\u00e3o tem essa conex\u00e3o e frequenta uma religi\u00e3o mais por quest\u00f5es sociais ou pol\u00edticas, talvez voc\u00ea possa se considerar religioso. E, se voc\u00ea se conecta com o divino sem estar ligado a nenhuma religi\u00e3o, voc\u00ea pode se considerar uma pessoa espiritualizada.<br>Os fen\u00f4menos da espiritualidade e da religiosidade carregam em si uma complexidade somente explicada por cada adepto que encontrou seu caminho ou sua busca interior dentro das express\u00f5es religiosas de sincretismo afro brasileiro ou nas religi\u00f5es cat\u00f3lica e deriva\u00e7\u00e3o da igreja protestante.<br>Dentro deste contexto o Mabsul, busca resgatar e valorizar as festividades, que se mesclam em datas e imagens e ressaltam as cren\u00e7as e a f\u00e9, restabelecendo o di\u00e1logo inter-religioso, respeitando a diversidade e os s\u00edmbolos que inspiram e ensinam a todos que buscam sua ess\u00eancia como ser humano.<span style=\"font-size: revert; font-family: -apple-system, BlinkMacSystemFont, &quot;Segoe UI&quot;, Roboto, Oxygen-Sans, Ubuntu, Cantarell, &quot;Helvetica Neue&quot;, sans-serif;\">   <\/span><\/p>\n\n\n\n<p class=\"has-text-align-left\">Fonte: <a rel=\"noreferrer noopener\" href=\"http:\/\/www.eusemfronteiras\/.com.br\/entenda-a-diferenca-entre-religiosidade-e-espiritualidade\" target=\"_blank\">http:\/\/www.eusemfronteiras\/.com.br\/entenda-a-diferenca-entre-religiosidade-e-espiritualidade<\/a><span style=\"font-size: revert; font-family: -apple-system, BlinkMacSystemFont, &quot;Segoe UI&quot;, Roboto, Oxygen-Sans, Ubuntu, Cantarell, &quot;Helvetica Neue&quot;, sans-serif;\">                                   <\/span><\/p>\n<\/div>\n<\/div>\n\n\n\n<p><\/p>\n<\/div><\/div>\n","protected":false},"excerpt":{"rendered":"","protected":false},"author":6,"featured_media":0,"parent":0,"menu_order":0,"comment_status":"closed","ping_status":"closed","template":"","meta":{"footnotes":""},"class_list":["post-15147","page","type-page","status-publish","hentry"],"jetpack_sharing_enabled":true,"_links":{"self":[{"href":"https:\/\/acervosvirtuais.ufpel.edu.br\/museuafrobrasilsul\/wp-json\/wp\/v2\/pages\/15147","targetHints":{"allow":["GET"]}}],"collection":[{"href":"https:\/\/acervosvirtuais.ufpel.edu.br\/museuafrobrasilsul\/wp-json\/wp\/v2\/pages"}],"about":[{"href":"https:\/\/acervosvirtuais.ufpel.edu.br\/museuafrobrasilsul\/wp-json\/wp\/v2\/types\/page"}],"author":[{"embeddable":true,"href":"https:\/\/acervosvirtuais.ufpel.edu.br\/museuafrobrasilsul\/wp-json\/wp\/v2\/users\/6"}],"replies":[{"embeddable":true,"href":"https:\/\/acervosvirtuais.ufpel.edu.br\/museuafrobrasilsul\/wp-json\/wp\/v2\/comments?post=15147"}],"version-history":[{"count":6,"href":"https:\/\/acervosvirtuais.ufpel.edu.br\/museuafrobrasilsul\/wp-json\/wp\/v2\/pages\/15147\/revisions"}],"predecessor-version":[{"id":39609,"href":"https:\/\/acervosvirtuais.ufpel.edu.br\/museuafrobrasilsul\/wp-json\/wp\/v2\/pages\/15147\/revisions\/39609"}],"wp:attachment":[{"href":"https:\/\/acervosvirtuais.ufpel.edu.br\/museuafrobrasilsul\/wp-json\/wp\/v2\/media?parent=15147"}],"curies":[{"name":"wp","href":"https:\/\/api.w.org\/{rel}","templated":true}]}}