{"id":15143,"date":"2021-10-11T18:22:18","date_gmt":"2021-10-11T21:22:18","guid":{"rendered":"https:\/\/acervosvirtuais.ufpel.edu.br\/museuafrobrasilsul\/?page_id=15143"},"modified":"2022-10-06T16:17:57","modified_gmt":"2022-10-06T19:17:57","slug":"personalidades-negras","status":"publish","type":"page","link":"https:\/\/acervosvirtuais.ufpel.edu.br\/museuafrobrasilsul\/personalidades-negras\/","title":{"rendered":"Personalidades Negras"},"content":{"rendered":"\n<div class=\"wp-block-media-text is-stacked-on-mobile is-vertically-aligned-top is-image-fill\" style=\"grid-template-columns:20% auto\"><figure class=\"wp-block-media-text__media\" style=\"background-image:url(https:\/\/acervosvirtuais.ufpel.edu.br\/museuafrobrasilsul\/wp-content\/uploads\/sites\/4\/2021\/10\/F.-Notaveis-2-1024x1024.png);background-position:50% 50%\"><img loading=\"lazy\" decoding=\"async\" width=\"1024\" height=\"1024\" src=\"https:\/\/acervosvirtuais.ufpel.edu.br\/museuafrobrasilsul\/wp-content\/uploads\/sites\/4\/2021\/10\/F.-Notaveis-2-1024x1024.png\" alt=\"\" class=\"wp-image-15109 size-full\" srcset=\"https:\/\/acervosvirtuais.ufpel.edu.br\/museuafrobrasilsul\/wp-content\/uploads\/sites\/4\/2021\/10\/F.-Notaveis-2-1024x1024.png 1024w, https:\/\/acervosvirtuais.ufpel.edu.br\/museuafrobrasilsul\/wp-content\/uploads\/sites\/4\/2021\/10\/F.-Notaveis-2-300x300.png 300w, https:\/\/acervosvirtuais.ufpel.edu.br\/museuafrobrasilsul\/wp-content\/uploads\/sites\/4\/2021\/10\/F.-Notaveis-2-150x150.png 150w, https:\/\/acervosvirtuais.ufpel.edu.br\/museuafrobrasilsul\/wp-content\/uploads\/sites\/4\/2021\/10\/F.-Notaveis-2-768x768.png 768w, https:\/\/acervosvirtuais.ufpel.edu.br\/museuafrobrasilsul\/wp-content\/uploads\/sites\/4\/2021\/10\/F.-Notaveis-2-1536x1536.png 1536w, https:\/\/acervosvirtuais.ufpel.edu.br\/museuafrobrasilsul\/wp-content\/uploads\/sites\/4\/2021\/10\/F.-Notaveis-2-2048x2048.png 2048w, https:\/\/acervosvirtuais.ufpel.edu.br\/museuafrobrasilsul\/wp-content\/uploads\/sites\/4\/2021\/10\/F.-Notaveis-2-40x40.png 40w, https:\/\/acervosvirtuais.ufpel.edu.br\/museuafrobrasilsul\/wp-content\/uploads\/sites\/4\/2021\/10\/F.-Notaveis-2-275x275.png 275w, https:\/\/acervosvirtuais.ufpel.edu.br\/museuafrobrasilsul\/wp-content\/uploads\/sites\/4\/2021\/10\/F.-Notaveis-2-205x205.png 205w, https:\/\/acervosvirtuais.ufpel.edu.br\/museuafrobrasilsul\/wp-content\/uploads\/sites\/4\/2021\/10\/F.-Notaveis-2-125x125.png 125w\" sizes=\"auto, (max-width: 1024px) 100vw, 1024px\" \/><\/figure><div class=\"wp-block-media-text__content\">\n<div class=\"wp-block-columns is-layout-flex wp-container-core-columns-is-layout-28f84493 wp-block-columns-is-layout-flex\">\n<div class=\"wp-block-column is-layout-flow wp-block-column-is-layout-flow\" style=\"flex-basis:100%\">\n<p>O Brasil \u00e9 um pa\u00eds onde os her\u00f3is ou a representa\u00e7\u00e3o negra parece ser inexistente, mas na verdade \u00e9 silenciada por uma camada social que pretende manter esta popula\u00e7\u00e3o como subalterna e n\u00e3o como seres capazes de cria\u00e7\u00e3o intelectual e art\u00edstica.<br>As imagens tomadas no sentido figurado guardam sua significa\u00e7\u00e3o pr\u00f3pria e exata, essa \u00e9 a pretens\u00e3o do MABSUL que visa conferir identidade e visibilidade \u00e0 cultura afro-brasileira na tentativa de significar e ressignificar mem\u00f3rias atrav\u00e9s de imagens onde o negro se reconhece como protagonista dos processos hist\u00f3ricos da sociedade brasileira.<br>O talento, a intelectualidade, a intelig\u00eancia, o poder de cria\u00e7\u00e3o do negro est\u00e3o no seio de nossas fam\u00edlias, nos nossos antepassados, que tiveram v\u00e1rios of\u00edcios que beneficiaram e encantaram todas sociedades, como a escultora Judith Bacchi, o professor, poeta e intelectual Oliveira Silveira, professoras como Maria Helena Vargas, In\u00e1 Soares, e Eva Eliana Medeiros Gomes, cantores como Lupic\u00ednio Rodrigues, a jornalista, professora e pol\u00edtica brasileira, a catarinense, Antonieta de Barros, que muito enriquecem a cultura do sul do pa\u00eds e deixaram descendentes que continuam a glorificar o negro sul brasileiro.<br>Entendendo ser a mem\u00f3ria coletiva um suporte de novas possibilidades no resgate de uma hist\u00f3ria que valoriza a resist\u00eancia, a alegria, a beleza, a compet\u00eancia e a legitimidade do povo negro nos Estados do Sul do Brasil, convidamos negros e negras a contribu\u00edrem com suas lembran\u00e7as registradas em fotos na constitui\u00e7\u00e3o do espa\u00e7o do MABSUL, que foi idealizado e pensado nas mudan\u00e7as sociais efetuadas de fato pela e para a comunidade negra.<br>O sucesso desta empreitada perpassa por todos que se entendem como protagonistas negros de uma hist\u00f3ria em pleno movimento. Suas fotos junto a um pequeno texto com a identifica\u00e7\u00e3o de pessoas e local onde foram registradas, podem ser remetidas aos endere\u00e7os do MABSUL e t\u00e3o logo sejam catalogadas estar\u00e3o expostas na galeria dos acervos do museu.<br>Tenha seus antepassados destacados na galeria de arte virtual do MABSUL \u2013 Valorize-os!!<\/p>\n<\/div>\n<\/div>\n\n\n\n<p><\/p>\n<\/div><\/div>\n","protected":false},"excerpt":{"rendered":"","protected":false},"author":6,"featured_media":0,"parent":0,"menu_order":0,"comment_status":"closed","ping_status":"closed","template":"","meta":{"footnotes":""},"class_list":["post-15143","page","type-page","status-publish","hentry"],"jetpack_sharing_enabled":true,"_links":{"self":[{"href":"https:\/\/acervosvirtuais.ufpel.edu.br\/museuafrobrasilsul\/wp-json\/wp\/v2\/pages\/15143","targetHints":{"allow":["GET"]}}],"collection":[{"href":"https:\/\/acervosvirtuais.ufpel.edu.br\/museuafrobrasilsul\/wp-json\/wp\/v2\/pages"}],"about":[{"href":"https:\/\/acervosvirtuais.ufpel.edu.br\/museuafrobrasilsul\/wp-json\/wp\/v2\/types\/page"}],"author":[{"embeddable":true,"href":"https:\/\/acervosvirtuais.ufpel.edu.br\/museuafrobrasilsul\/wp-json\/wp\/v2\/users\/6"}],"replies":[{"embeddable":true,"href":"https:\/\/acervosvirtuais.ufpel.edu.br\/museuafrobrasilsul\/wp-json\/wp\/v2\/comments?post=15143"}],"version-history":[{"count":5,"href":"https:\/\/acervosvirtuais.ufpel.edu.br\/museuafrobrasilsul\/wp-json\/wp\/v2\/pages\/15143\/revisions"}],"predecessor-version":[{"id":39598,"href":"https:\/\/acervosvirtuais.ufpel.edu.br\/museuafrobrasilsul\/wp-json\/wp\/v2\/pages\/15143\/revisions\/39598"}],"wp:attachment":[{"href":"https:\/\/acervosvirtuais.ufpel.edu.br\/museuafrobrasilsul\/wp-json\/wp\/v2\/media?parent=15143"}],"curies":[{"name":"wp","href":"https:\/\/api.w.org\/{rel}","templated":true}]}}