{"id":15138,"date":"2021-10-11T18:15:43","date_gmt":"2021-10-11T21:15:43","guid":{"rendered":"https:\/\/acervosvirtuais.ufpel.edu.br\/museuafrobrasilsul\/?page_id=15138"},"modified":"2022-10-06T16:15:33","modified_gmt":"2022-10-06T19:15:33","slug":"organizacoes-associativas","status":"publish","type":"page","link":"https:\/\/acervosvirtuais.ufpel.edu.br\/museuafrobrasilsul\/organizacoes-associativas\/","title":{"rendered":"Organiza\u00e7\u00f5es Associativas"},"content":{"rendered":"\n<div class=\"wp-block-media-text is-stacked-on-mobile is-vertically-aligned-top is-image-fill\" style=\"grid-template-columns:20% auto\"><figure class=\"wp-block-media-text__media\" style=\"background-image:url(https:\/\/acervosvirtuais.ufpel.edu.br\/museuafrobrasilsul\/wp-content\/uploads\/sites\/4\/2021\/10\/C.Sociais-Negros-2-1024x1024.png);background-position:50% 50%\"><img loading=\"lazy\" decoding=\"async\" width=\"1024\" height=\"1024\" src=\"https:\/\/acervosvirtuais.ufpel.edu.br\/museuafrobrasilsul\/wp-content\/uploads\/sites\/4\/2021\/10\/C.Sociais-Negros-2-1024x1024.png\" alt=\"\" class=\"wp-image-15114 size-full\" srcset=\"https:\/\/acervosvirtuais.ufpel.edu.br\/museuafrobrasilsul\/wp-content\/uploads\/sites\/4\/2021\/10\/C.Sociais-Negros-2-1024x1024.png 1024w, https:\/\/acervosvirtuais.ufpel.edu.br\/museuafrobrasilsul\/wp-content\/uploads\/sites\/4\/2021\/10\/C.Sociais-Negros-2-300x300.png 300w, https:\/\/acervosvirtuais.ufpel.edu.br\/museuafrobrasilsul\/wp-content\/uploads\/sites\/4\/2021\/10\/C.Sociais-Negros-2-150x150.png 150w, https:\/\/acervosvirtuais.ufpel.edu.br\/museuafrobrasilsul\/wp-content\/uploads\/sites\/4\/2021\/10\/C.Sociais-Negros-2-768x768.png 768w, https:\/\/acervosvirtuais.ufpel.edu.br\/museuafrobrasilsul\/wp-content\/uploads\/sites\/4\/2021\/10\/C.Sociais-Negros-2-1536x1536.png 1536w, https:\/\/acervosvirtuais.ufpel.edu.br\/museuafrobrasilsul\/wp-content\/uploads\/sites\/4\/2021\/10\/C.Sociais-Negros-2-2048x2048.png 2048w, https:\/\/acervosvirtuais.ufpel.edu.br\/museuafrobrasilsul\/wp-content\/uploads\/sites\/4\/2021\/10\/C.Sociais-Negros-2-40x40.png 40w, https:\/\/acervosvirtuais.ufpel.edu.br\/museuafrobrasilsul\/wp-content\/uploads\/sites\/4\/2021\/10\/C.Sociais-Negros-2-275x275.png 275w, https:\/\/acervosvirtuais.ufpel.edu.br\/museuafrobrasilsul\/wp-content\/uploads\/sites\/4\/2021\/10\/C.Sociais-Negros-2-205x205.png 205w, https:\/\/acervosvirtuais.ufpel.edu.br\/museuafrobrasilsul\/wp-content\/uploads\/sites\/4\/2021\/10\/C.Sociais-Negros-2-125x125.png 125w\" sizes=\"auto, (max-width: 1024px) 100vw, 1024px\" \/><\/figure><div class=\"wp-block-media-text__content\">\n<p>As organiza\u00e7\u00f5es associativas negras, sejam especificamente de recrea\u00e7\u00e3o ou de luta, como o Movimento Negro Unificado (MNU), ONGs, Irmandades Religiosas, Feminismo Negro, For\u00e7a Sindical, Jornal impresso como o Alvorada, Clubes Sociais, sempre foram considerados ambientes catalisadores de experi\u00eancias, na constru\u00e7\u00e3o de um conhecimento na busca da apropria\u00e7\u00e3o cultural africana, em diferentes escalas e espa\u00e7os sociais, primando pela educa\u00e7\u00e3o do povo negro e melhor inser\u00e7\u00e3o no mercado de trabalho.<br>Estes locais sempre foram ambientes de combate ao racismo e a integra\u00e7\u00e3o do negro a sociedade de classes, mas infelizmente a maioria dos espa\u00e7os negros f\u00edsicos, foram engolidos pela preconceituosa explos\u00e3o demogr\u00e1fica branca, servindo assim ao poder institucional onde estas rela\u00e7\u00f5es de poder definem a territorialidade, a acessibilidade e as dimens\u00f5es da ascens\u00e3o negra na sociedade brasileira.<br>Diante da explos\u00e3o tecnol\u00f3gica mundial, a professora Dra. Rosemar Gomes Lemos percebeu a necessidade de um local da divulga\u00e7\u00e3o e valora\u00e7\u00e3o da cultura negra al\u00e9m do espa\u00e7o f\u00edsico, assim nasce o MABSul \u2013 MUSEU AFRO-BRASIL-SUL, mais uma organiza\u00e7\u00e3o associativa, que pertence a rede de museus da UFPel e que a partir da oficializa\u00e7\u00e3o do projeto do museu s\u00e3o criadas as Redes Sociais do MABSul, Instagram, Facebook, Twitter, Spotify, Youtube e Deezer que atuam como importante interface para capta\u00e7\u00e3o de acervos e novos pesquisadores, expandindo esta rede por toda a regi\u00e3o sul e divulgando o projeto em todo o territ\u00f3rio nacional.<br>O MABSul funciona como um museu virtual cuja miss\u00e3o \u00e9 identificar, preservar, divulgar amplamente e tornar acess\u00edvel em meio digital o patrim\u00f4nio cultural material e imaterial pertencentes a regi\u00e3o sul do Brasil, presentes nas express\u00f5es e manifesta\u00e7\u00f5es culturais afro-brasileiras. Temos como vis\u00e3o ser uma institui\u00e7\u00e3o de representa\u00e7\u00e3o, de refer\u00eancia e pesquisa no fortalecimento e valoriza\u00e7\u00e3o das identidades negras afro sul brasileiras.<br>Diante da explos\u00e3o tecnol\u00f3gica mundial, o Mabsul, um museu virtual, \u00e9 mais uma organiza\u00e7\u00e3o associativa, que possibilita a inclus\u00e3o de novos parceiros de qualquer lugar geogr\u00e1fico que este se encontre, fortalecendo a luta de todas as associa\u00e7\u00f5es, agremia\u00e7\u00f5es e clubes, contra o racismo que ainda assola nosso pa\u00eds.<br><\/p>\n\n\n\n<p>Visite nossas redes sociais.<br>Vem conosco!!<\/p>\n\n\n\n<p><br><br><br><br><\/p>\n\n\n\n<p><\/p>\n<\/div><\/div>\n\n\n\n<p><\/p>\n","protected":false},"excerpt":{"rendered":"<p>As organiza\u00e7\u00f5es associativas negras, sejam especificamente de recrea\u00e7\u00e3o ou de luta, como o Movimento Negro Unificado (MNU), ONGs, Irmandades Religiosas, Feminismo Negro, For\u00e7a Sindical, Jornal impresso como o Alvorada, Clubes Sociais, sempre foram considerados ambientes catalisadores de experi\u00eancias, na constru\u00e7\u00e3o de um conhecimento na busca da apropria\u00e7\u00e3o cultural africana, em diferentes escalas e espa\u00e7os sociais, [&hellip;]<\/p>\n","protected":false},"author":6,"featured_media":0,"parent":0,"menu_order":0,"comment_status":"closed","ping_status":"closed","template":"","meta":{"footnotes":""},"class_list":["post-15138","page","type-page","status-publish","hentry"],"jetpack_sharing_enabled":true,"_links":{"self":[{"href":"https:\/\/acervosvirtuais.ufpel.edu.br\/museuafrobrasilsul\/wp-json\/wp\/v2\/pages\/15138","targetHints":{"allow":["GET"]}}],"collection":[{"href":"https:\/\/acervosvirtuais.ufpel.edu.br\/museuafrobrasilsul\/wp-json\/wp\/v2\/pages"}],"about":[{"href":"https:\/\/acervosvirtuais.ufpel.edu.br\/museuafrobrasilsul\/wp-json\/wp\/v2\/types\/page"}],"author":[{"embeddable":true,"href":"https:\/\/acervosvirtuais.ufpel.edu.br\/museuafrobrasilsul\/wp-json\/wp\/v2\/users\/6"}],"replies":[{"embeddable":true,"href":"https:\/\/acervosvirtuais.ufpel.edu.br\/museuafrobrasilsul\/wp-json\/wp\/v2\/comments?post=15138"}],"version-history":[{"count":9,"href":"https:\/\/acervosvirtuais.ufpel.edu.br\/museuafrobrasilsul\/wp-json\/wp\/v2\/pages\/15138\/revisions"}],"predecessor-version":[{"id":39596,"href":"https:\/\/acervosvirtuais.ufpel.edu.br\/museuafrobrasilsul\/wp-json\/wp\/v2\/pages\/15138\/revisions\/39596"}],"wp:attachment":[{"href":"https:\/\/acervosvirtuais.ufpel.edu.br\/museuafrobrasilsul\/wp-json\/wp\/v2\/media?parent=15138"}],"curies":[{"name":"wp","href":"https:\/\/api.w.org\/{rel}","templated":true}]}}