{"id":15127,"date":"2021-10-11T18:01:57","date_gmt":"2021-10-11T21:01:57","guid":{"rendered":"https:\/\/acervosvirtuais.ufpel.edu.br\/museuafrobrasilsul\/?page_id=15127"},"modified":"2022-10-06T16:29:43","modified_gmt":"2022-10-06T19:29:43","slug":"arte-e-expressoes-culturais","status":"publish","type":"page","link":"https:\/\/acervosvirtuais.ufpel.edu.br\/museuafrobrasilsul\/arte-e-expressoes-culturais\/","title":{"rendered":"Arte e Express\u00f5es Culturais"},"content":{"rendered":"\n<div class=\"wp-block-group is-layout-flow wp-block-group-is-layout-flow\">\n<div class=\"wp-block-media-text is-stacked-on-mobile is-vertically-aligned-top is-image-fill\" style=\"grid-template-columns:20% auto\"><figure class=\"wp-block-media-text__media\" style=\"background-image:url(https:\/\/acervosvirtuais.ufpel.edu.br\/museuafrobrasilsul\/wp-content\/uploads\/sites\/4\/2021\/10\/Arte-2-1024x1024.png);background-position:50% 50%\"><img loading=\"lazy\" decoding=\"async\" width=\"1024\" height=\"1024\" src=\"https:\/\/acervosvirtuais.ufpel.edu.br\/museuafrobrasilsul\/wp-content\/uploads\/sites\/4\/2021\/10\/Arte-2-1024x1024.png\" alt=\"\" class=\"wp-image-15113 size-full\" srcset=\"https:\/\/acervosvirtuais.ufpel.edu.br\/museuafrobrasilsul\/wp-content\/uploads\/sites\/4\/2021\/10\/Arte-2-1024x1024.png 1024w, https:\/\/acervosvirtuais.ufpel.edu.br\/museuafrobrasilsul\/wp-content\/uploads\/sites\/4\/2021\/10\/Arte-2-300x300.png 300w, https:\/\/acervosvirtuais.ufpel.edu.br\/museuafrobrasilsul\/wp-content\/uploads\/sites\/4\/2021\/10\/Arte-2-150x150.png 150w, https:\/\/acervosvirtuais.ufpel.edu.br\/museuafrobrasilsul\/wp-content\/uploads\/sites\/4\/2021\/10\/Arte-2-768x768.png 768w, https:\/\/acervosvirtuais.ufpel.edu.br\/museuafrobrasilsul\/wp-content\/uploads\/sites\/4\/2021\/10\/Arte-2-1536x1536.png 1536w, https:\/\/acervosvirtuais.ufpel.edu.br\/museuafrobrasilsul\/wp-content\/uploads\/sites\/4\/2021\/10\/Arte-2-2048x2048.png 2048w, https:\/\/acervosvirtuais.ufpel.edu.br\/museuafrobrasilsul\/wp-content\/uploads\/sites\/4\/2021\/10\/Arte-2-40x40.png 40w, https:\/\/acervosvirtuais.ufpel.edu.br\/museuafrobrasilsul\/wp-content\/uploads\/sites\/4\/2021\/10\/Arte-2-275x275.png 275w, https:\/\/acervosvirtuais.ufpel.edu.br\/museuafrobrasilsul\/wp-content\/uploads\/sites\/4\/2021\/10\/Arte-2-205x205.png 205w, https:\/\/acervosvirtuais.ufpel.edu.br\/museuafrobrasilsul\/wp-content\/uploads\/sites\/4\/2021\/10\/Arte-2-125x125.png 125w\" sizes=\"auto, (max-width: 1024px) 100vw, 1024px\" \/><\/figure><div class=\"wp-block-media-text__content\">\n<div class=\"wp-block-columns is-layout-flex wp-container-core-columns-is-layout-28f84493 wp-block-columns-is-layout-flex\">\n<div class=\"wp-block-column is-layout-flow wp-block-column-is-layout-flow\" style=\"flex-basis:100%\">\n<blockquote class=\"wp-block-quote is-layout-flow wp-block-quote-is-layout-flow\"><p><span style=\"font-size: revert; font-family: -apple-system, BlinkMacSystemFont, &quot;Segoe UI&quot;, Roboto, Oxygen-Sans, Ubuntu, Cantarell, &quot;Helvetica Neue&quot;, sans-serif;\"> <\/span>Arte \u00e9 a manifesta\u00e7\u00e3o do estado de alma de quem a construiu e a oferece ao seu observador. Atrav\u00e9s da Arte o ser humano expressa emo\u00e7\u00f5es, sua hist\u00f3ria, sua cultura oferecendo beleza, harmonia, equil\u00edbrio e muita ousadia, pois nem sempre as express\u00f5es art\u00edsticas s\u00e3o compreendidas em sua plenitude, encanta a muitos, desencanta a outros tantos, mas ainda assim, s\u00e3o expressividades de seu autor.<br>Mas o que \u00e9 Arte? N\u00f3s do MABSul \u2013 MUSEU AFRO-BRASIL-SUL, entendemos ser manifesta\u00e7\u00e3o de Arte e Express\u00f5es Culturais Negra, <strong>o Carnaval<\/strong> com toda alegria, beleza e cria\u00e7\u00e3o que apresenta frente a jurados e ao p\u00fablico que se encanta com o que ouve e v\u00ea nas passarelas do samba pelo pa\u00eds. E a <strong>Gastronomia<\/strong>? Tem que ter muito talento, ser um verdadeiro artista, para preparar pratos que primeiro maravilham os olhos e deliciam os mais diversos e exigentes paladares atrav\u00e9s dos sabores trazidos na mem\u00f3ria de nossos ancestrais e que s\u00e3o aperfei\u00e7oados pelos descendentes que sabem respeitar os ensinamentos dos seus mais velhos. A maior das Artes e Express\u00f5es Culturais, \u00e9 <strong>a<\/strong> <strong>Educa\u00e7\u00e3o<\/strong> formal, pois atrav\u00e9s do talento de profissionais que se dedicam a ensinar, surgem os mais diversos artistas em todas as \u00e1reas culturais, que pesquisam e buscam qualificar-se para honrar sua Ancestralidade.<br>Nesta Cole\u00e7\u00e3o buscamos destacar toda a diversidade artista e cultural que comp\u00f5e a popula\u00e7\u00e3o negra do pa\u00eds, que \u00e9 rica de uma hist\u00f3ria, de uma mem\u00f3ria negra negada, pois Arte tamb\u00e9m \u00e9 um c\u00f3digo e tem papel cultural nas estrat\u00e9gias para manuten\u00e7\u00e3o do poder branco na sociedade brasileira.<br>Embora negada e renegada, a Arte negra, jamais poder\u00e1 ser apagada, pois Arte tamb\u00e9m \u00e9 inclus\u00e3o, pois \u00e9 poss\u00edvel ressignificar e ampliar vozes que foram silenciadas por muito tempo, quando observamos um quadro, ou saboreamos um belo prato de ra\u00edzes africanas, ou desfilamos ao som de uma melodia e ritmo herdado e est\u00e1 sob a tutela de quem sabe reger uma orquestra ou uma bateria de escola de samba, na beleza da bailarina da avenida ou do teatro, enfim, entendemos ser Arte a beleza de ser Negro em uma sociedade racista.<br>Ao dar visibilidade ao talento negro, o Mabsul busca colaborar com a desconstru\u00e7\u00e3o de estere\u00f3tipos e discursos racistas, e ressaltar a representatividade que liberta.<br><\/p><p>Junte-se a n\u00f3s nesta luta.<\/p><\/blockquote>\n<\/div>\n<\/div>\n<\/div><\/div>\n<\/div>\n\n\n\n<p><\/p>\n","protected":false},"excerpt":{"rendered":"<p>Arte \u00e9 a manifesta\u00e7\u00e3o do estado de alma de quem a construiu e a oferece ao seu observador. Atrav\u00e9s da Arte o ser humano expressa emo\u00e7\u00f5es, sua hist\u00f3ria, sua cultura oferecendo beleza, harmonia, equil\u00edbrio e muita ousadia, pois nem sempre as express\u00f5es art\u00edsticas s\u00e3o compreendidas em sua plenitude, encanta a muitos, desencanta a outros tantos, [&hellip;]<\/p>\n","protected":false},"author":6,"featured_media":0,"parent":0,"menu_order":0,"comment_status":"closed","ping_status":"closed","template":"","meta":{"footnotes":""},"class_list":["post-15127","page","type-page","status-publish","hentry"],"jetpack_sharing_enabled":true,"_links":{"self":[{"href":"https:\/\/acervosvirtuais.ufpel.edu.br\/museuafrobrasilsul\/wp-json\/wp\/v2\/pages\/15127","targetHints":{"allow":["GET"]}}],"collection":[{"href":"https:\/\/acervosvirtuais.ufpel.edu.br\/museuafrobrasilsul\/wp-json\/wp\/v2\/pages"}],"about":[{"href":"https:\/\/acervosvirtuais.ufpel.edu.br\/museuafrobrasilsul\/wp-json\/wp\/v2\/types\/page"}],"author":[{"embeddable":true,"href":"https:\/\/acervosvirtuais.ufpel.edu.br\/museuafrobrasilsul\/wp-json\/wp\/v2\/users\/6"}],"replies":[{"embeddable":true,"href":"https:\/\/acervosvirtuais.ufpel.edu.br\/museuafrobrasilsul\/wp-json\/wp\/v2\/comments?post=15127"}],"version-history":[{"count":14,"href":"https:\/\/acervosvirtuais.ufpel.edu.br\/museuafrobrasilsul\/wp-json\/wp\/v2\/pages\/15127\/revisions"}],"predecessor-version":[{"id":39605,"href":"https:\/\/acervosvirtuais.ufpel.edu.br\/museuafrobrasilsul\/wp-json\/wp\/v2\/pages\/15127\/revisions\/39605"}],"wp:attachment":[{"href":"https:\/\/acervosvirtuais.ufpel.edu.br\/museuafrobrasilsul\/wp-json\/wp\/v2\/media?parent=15127"}],"curies":[{"name":"wp","href":"https:\/\/api.w.org\/{rel}","templated":true}]}}