{"id":15099,"date":"2021-10-11T00:28:48","date_gmt":"2021-10-11T03:28:48","guid":{"rendered":"https:\/\/acervosvirtuais.ufpel.edu.br\/museuafrobrasilsul\/?page_id=15099"},"modified":"2022-12-20T12:03:19","modified_gmt":"2022-12-20T15:03:19","slug":"definicao-das-colecoes","status":"publish","type":"page","link":"https:\/\/acervosvirtuais.ufpel.edu.br\/museuafrobrasilsul\/definicao-das-colecoes\/","title":{"rendered":"Defini\u00e7\u00e3o das Cole\u00e7\u00f5es"},"content":{"rendered":"\n<figure class=\"wp-block-gallery aligncenter has-nested-images columns-default is-cropped wp-block-gallery-1 is-layout-flex wp-block-gallery-is-layout-flex\">\n<figure class=\"wp-block-image size-large\"><img loading=\"lazy\" decoding=\"async\" width=\"1024\" height=\"1024\" data-id=\"15114\" src=\"https:\/\/acervosvirtuais.ufpel.edu.br\/museuafrobrasilsul\/wp-content\/uploads\/sites\/4\/2021\/10\/C.Sociais-Negros-2-1024x1024.png\" alt=\"\" class=\"wp-image-15114\" srcset=\"https:\/\/acervosvirtuais.ufpel.edu.br\/museuafrobrasilsul\/wp-content\/uploads\/sites\/4\/2021\/10\/C.Sociais-Negros-2-1024x1024.png 1024w, https:\/\/acervosvirtuais.ufpel.edu.br\/museuafrobrasilsul\/wp-content\/uploads\/sites\/4\/2021\/10\/C.Sociais-Negros-2-300x300.png 300w, https:\/\/acervosvirtuais.ufpel.edu.br\/museuafrobrasilsul\/wp-content\/uploads\/sites\/4\/2021\/10\/C.Sociais-Negros-2-150x150.png 150w, https:\/\/acervosvirtuais.ufpel.edu.br\/museuafrobrasilsul\/wp-content\/uploads\/sites\/4\/2021\/10\/C.Sociais-Negros-2-768x768.png 768w, https:\/\/acervosvirtuais.ufpel.edu.br\/museuafrobrasilsul\/wp-content\/uploads\/sites\/4\/2021\/10\/C.Sociais-Negros-2-1536x1536.png 1536w, https:\/\/acervosvirtuais.ufpel.edu.br\/museuafrobrasilsul\/wp-content\/uploads\/sites\/4\/2021\/10\/C.Sociais-Negros-2-2048x2048.png 2048w, https:\/\/acervosvirtuais.ufpel.edu.br\/museuafrobrasilsul\/wp-content\/uploads\/sites\/4\/2021\/10\/C.Sociais-Negros-2-40x40.png 40w, https:\/\/acervosvirtuais.ufpel.edu.br\/museuafrobrasilsul\/wp-content\/uploads\/sites\/4\/2021\/10\/C.Sociais-Negros-2-275x275.png 275w, https:\/\/acervosvirtuais.ufpel.edu.br\/museuafrobrasilsul\/wp-content\/uploads\/sites\/4\/2021\/10\/C.Sociais-Negros-2-205x205.png 205w, https:\/\/acervosvirtuais.ufpel.edu.br\/museuafrobrasilsul\/wp-content\/uploads\/sites\/4\/2021\/10\/C.Sociais-Negros-2-125x125.png 125w\" sizes=\"auto, (max-width: 1024px) 100vw, 1024px\" \/><figcaption class=\"wp-element-caption\"><font size=\"5\"><strong><a href=\"https:\/\/acervosvirtuais.ufpel.edu.br\/museuafrobrasilsul\/organizacoes-associativas\/\">Organiza\u00e7\u00f5es Associativas<\/a><\/strong><\/font><\/figcaption><\/figure>\n\n\n\n<figure class=\"wp-block-image size-large\"><img loading=\"lazy\" decoding=\"async\" width=\"1024\" height=\"1024\" data-id=\"15109\" src=\"https:\/\/acervosvirtuais.ufpel.edu.br\/museuafrobrasilsul\/wp-content\/uploads\/sites\/4\/2021\/10\/F.-Notaveis-2-1024x1024.png\" alt=\"\" class=\"wp-image-15109\" srcset=\"https:\/\/acervosvirtuais.ufpel.edu.br\/museuafrobrasilsul\/wp-content\/uploads\/sites\/4\/2021\/10\/F.-Notaveis-2-1024x1024.png 1024w, https:\/\/acervosvirtuais.ufpel.edu.br\/museuafrobrasilsul\/wp-content\/uploads\/sites\/4\/2021\/10\/F.-Notaveis-2-300x300.png 300w, https:\/\/acervosvirtuais.ufpel.edu.br\/museuafrobrasilsul\/wp-content\/uploads\/sites\/4\/2021\/10\/F.-Notaveis-2-150x150.png 150w, https:\/\/acervosvirtuais.ufpel.edu.br\/museuafrobrasilsul\/wp-content\/uploads\/sites\/4\/2021\/10\/F.-Notaveis-2-768x768.png 768w, https:\/\/acervosvirtuais.ufpel.edu.br\/museuafrobrasilsul\/wp-content\/uploads\/sites\/4\/2021\/10\/F.-Notaveis-2-1536x1536.png 1536w, https:\/\/acervosvirtuais.ufpel.edu.br\/museuafrobrasilsul\/wp-content\/uploads\/sites\/4\/2021\/10\/F.-Notaveis-2-2048x2048.png 2048w, https:\/\/acervosvirtuais.ufpel.edu.br\/museuafrobrasilsul\/wp-content\/uploads\/sites\/4\/2021\/10\/F.-Notaveis-2-40x40.png 40w, https:\/\/acervosvirtuais.ufpel.edu.br\/museuafrobrasilsul\/wp-content\/uploads\/sites\/4\/2021\/10\/F.-Notaveis-2-275x275.png 275w, https:\/\/acervosvirtuais.ufpel.edu.br\/museuafrobrasilsul\/wp-content\/uploads\/sites\/4\/2021\/10\/F.-Notaveis-2-205x205.png 205w, https:\/\/acervosvirtuais.ufpel.edu.br\/museuafrobrasilsul\/wp-content\/uploads\/sites\/4\/2021\/10\/F.-Notaveis-2-125x125.png 125w\" sizes=\"auto, (max-width: 1024px) 100vw, 1024px\" \/><figcaption class=\"wp-element-caption\"><font size=\"5\"><strong><a href=\"https:\/\/acervosvirtuais.ufpel.edu.br\/museuafrobrasilsul\/personalidades-negras\/\">Personalidades Negras<\/a><\/strong><\/font><\/figcaption><\/figure>\n\n\n\n<figure class=\"wp-block-image size-large\"><img loading=\"lazy\" decoding=\"async\" width=\"1024\" height=\"1024\" data-id=\"15110\" src=\"https:\/\/acervosvirtuais.ufpel.edu.br\/museuafrobrasilsul\/wp-content\/uploads\/sites\/4\/2021\/10\/Quilombo-2-1024x1024.png\" alt=\"\" class=\"wp-image-15110\" srcset=\"https:\/\/acervosvirtuais.ufpel.edu.br\/museuafrobrasilsul\/wp-content\/uploads\/sites\/4\/2021\/10\/Quilombo-2-1024x1024.png 1024w, https:\/\/acervosvirtuais.ufpel.edu.br\/museuafrobrasilsul\/wp-content\/uploads\/sites\/4\/2021\/10\/Quilombo-2-300x300.png 300w, https:\/\/acervosvirtuais.ufpel.edu.br\/museuafrobrasilsul\/wp-content\/uploads\/sites\/4\/2021\/10\/Quilombo-2-150x150.png 150w, https:\/\/acervosvirtuais.ufpel.edu.br\/museuafrobrasilsul\/wp-content\/uploads\/sites\/4\/2021\/10\/Quilombo-2-768x768.png 768w, https:\/\/acervosvirtuais.ufpel.edu.br\/museuafrobrasilsul\/wp-content\/uploads\/sites\/4\/2021\/10\/Quilombo-2-1536x1536.png 1536w, https:\/\/acervosvirtuais.ufpel.edu.br\/museuafrobrasilsul\/wp-content\/uploads\/sites\/4\/2021\/10\/Quilombo-2-2048x2048.png 2048w, https:\/\/acervosvirtuais.ufpel.edu.br\/museuafrobrasilsul\/wp-content\/uploads\/sites\/4\/2021\/10\/Quilombo-2-40x40.png 40w, https:\/\/acervosvirtuais.ufpel.edu.br\/museuafrobrasilsul\/wp-content\/uploads\/sites\/4\/2021\/10\/Quilombo-2-275x275.png 275w, https:\/\/acervosvirtuais.ufpel.edu.br\/museuafrobrasilsul\/wp-content\/uploads\/sites\/4\/2021\/10\/Quilombo-2-205x205.png 205w, https:\/\/acervosvirtuais.ufpel.edu.br\/museuafrobrasilsul\/wp-content\/uploads\/sites\/4\/2021\/10\/Quilombo-2-125x125.png 125w\" sizes=\"auto, (max-width: 1024px) 100vw, 1024px\" \/><figcaption class=\"wp-element-caption\"><font size=\"5\"><strong><a href=\"https:\/\/acervosvirtuais.ufpel.edu.br\/museuafrobrasilsul\/quilombos\/\">Quilombos<\/a><\/strong><\/font><\/figcaption><\/figure>\n\n\n\n<figure class=\"wp-block-image size-large\"><img loading=\"lazy\" decoding=\"async\" width=\"1024\" height=\"1024\" data-id=\"15113\" src=\"https:\/\/acervosvirtuais.ufpel.edu.br\/museuafrobrasilsul\/wp-content\/uploads\/sites\/4\/2021\/10\/Arte-2-1024x1024.png\" alt=\"\" class=\"wp-image-15113\" srcset=\"https:\/\/acervosvirtuais.ufpel.edu.br\/museuafrobrasilsul\/wp-content\/uploads\/sites\/4\/2021\/10\/Arte-2-1024x1024.png 1024w, https:\/\/acervosvirtuais.ufpel.edu.br\/museuafrobrasilsul\/wp-content\/uploads\/sites\/4\/2021\/10\/Arte-2-300x300.png 300w, https:\/\/acervosvirtuais.ufpel.edu.br\/museuafrobrasilsul\/wp-content\/uploads\/sites\/4\/2021\/10\/Arte-2-150x150.png 150w, https:\/\/acervosvirtuais.ufpel.edu.br\/museuafrobrasilsul\/wp-content\/uploads\/sites\/4\/2021\/10\/Arte-2-768x768.png 768w, https:\/\/acervosvirtuais.ufpel.edu.br\/museuafrobrasilsul\/wp-content\/uploads\/sites\/4\/2021\/10\/Arte-2-1536x1536.png 1536w, https:\/\/acervosvirtuais.ufpel.edu.br\/museuafrobrasilsul\/wp-content\/uploads\/sites\/4\/2021\/10\/Arte-2-2048x2048.png 2048w, https:\/\/acervosvirtuais.ufpel.edu.br\/museuafrobrasilsul\/wp-content\/uploads\/sites\/4\/2021\/10\/Arte-2-40x40.png 40w, https:\/\/acervosvirtuais.ufpel.edu.br\/museuafrobrasilsul\/wp-content\/uploads\/sites\/4\/2021\/10\/Arte-2-275x275.png 275w, https:\/\/acervosvirtuais.ufpel.edu.br\/museuafrobrasilsul\/wp-content\/uploads\/sites\/4\/2021\/10\/Arte-2-205x205.png 205w, https:\/\/acervosvirtuais.ufpel.edu.br\/museuafrobrasilsul\/wp-content\/uploads\/sites\/4\/2021\/10\/Arte-2-125x125.png 125w\" sizes=\"auto, (max-width: 1024px) 100vw, 1024px\" \/><figcaption class=\"wp-element-caption\"><font size=\"5\"><strong><a href=\"https:\/\/acervosvirtuais.ufpel.edu.br\/museuafrobrasilsul\/arte-e-expressoes-culturais\/\" data-type=\"URL\">Arte e Express\u00f5es Culturais<\/a><\/strong><\/font><\/figcaption><\/figure>\n\n\n\n<figure class=\"wp-block-image size-large\"><img loading=\"lazy\" decoding=\"async\" width=\"1024\" height=\"1024\" data-id=\"15111\" src=\"https:\/\/acervosvirtuais.ufpel.edu.br\/museuafrobrasilsul\/wp-content\/uploads\/sites\/4\/2021\/10\/Religiao-2-1024x1024.png\" alt=\"\" class=\"wp-image-15111\" srcset=\"https:\/\/acervosvirtuais.ufpel.edu.br\/museuafrobrasilsul\/wp-content\/uploads\/sites\/4\/2021\/10\/Religiao-2-1024x1024.png 1024w, https:\/\/acervosvirtuais.ufpel.edu.br\/museuafrobrasilsul\/wp-content\/uploads\/sites\/4\/2021\/10\/Religiao-2-300x300.png 300w, https:\/\/acervosvirtuais.ufpel.edu.br\/museuafrobrasilsul\/wp-content\/uploads\/sites\/4\/2021\/10\/Religiao-2-150x150.png 150w, https:\/\/acervosvirtuais.ufpel.edu.br\/museuafrobrasilsul\/wp-content\/uploads\/sites\/4\/2021\/10\/Religiao-2-768x768.png 768w, https:\/\/acervosvirtuais.ufpel.edu.br\/museuafrobrasilsul\/wp-content\/uploads\/sites\/4\/2021\/10\/Religiao-2-1536x1536.png 1536w, https:\/\/acervosvirtuais.ufpel.edu.br\/museuafrobrasilsul\/wp-content\/uploads\/sites\/4\/2021\/10\/Religiao-2-2048x2048.png 2048w, https:\/\/acervosvirtuais.ufpel.edu.br\/museuafrobrasilsul\/wp-content\/uploads\/sites\/4\/2021\/10\/Religiao-2-40x40.png 40w, https:\/\/acervosvirtuais.ufpel.edu.br\/museuafrobrasilsul\/wp-content\/uploads\/sites\/4\/2021\/10\/Religiao-2-275x275.png 275w, https:\/\/acervosvirtuais.ufpel.edu.br\/museuafrobrasilsul\/wp-content\/uploads\/sites\/4\/2021\/10\/Religiao-2-205x205.png 205w, https:\/\/acervosvirtuais.ufpel.edu.br\/museuafrobrasilsul\/wp-content\/uploads\/sites\/4\/2021\/10\/Religiao-2-125x125.png 125w\" sizes=\"auto, (max-width: 1024px) 100vw, 1024px\" \/><figcaption class=\"wp-element-caption\"><font size=\"5\"><strong><a href=\"https:\/\/acervosvirtuais.ufpel.edu.br\/museuafrobrasilsul\/espiritualidade-e-religiosidade\/\">Espiritualidade e Religiosidade<\/a><\/strong><\/font><\/figcaption><\/figure>\n<\/figure>\n\n\n\n<p><\/p>\n","protected":false},"excerpt":{"rendered":"","protected":false},"author":6,"featured_media":0,"parent":0,"menu_order":0,"comment_status":"closed","ping_status":"closed","template":"","meta":{"footnotes":""},"class_list":["post-15099","page","type-page","status-publish","hentry"],"jetpack_sharing_enabled":true,"_links":{"self":[{"href":"https:\/\/acervosvirtuais.ufpel.edu.br\/museuafrobrasilsul\/wp-json\/wp\/v2\/pages\/15099","targetHints":{"allow":["GET"]}}],"collection":[{"href":"https:\/\/acervosvirtuais.ufpel.edu.br\/museuafrobrasilsul\/wp-json\/wp\/v2\/pages"}],"about":[{"href":"https:\/\/acervosvirtuais.ufpel.edu.br\/museuafrobrasilsul\/wp-json\/wp\/v2\/types\/page"}],"author":[{"embeddable":true,"href":"https:\/\/acervosvirtuais.ufpel.edu.br\/museuafrobrasilsul\/wp-json\/wp\/v2\/users\/6"}],"replies":[{"embeddable":true,"href":"https:\/\/acervosvirtuais.ufpel.edu.br\/museuafrobrasilsul\/wp-json\/wp\/v2\/comments?post=15099"}],"version-history":[{"count":34,"href":"https:\/\/acervosvirtuais.ufpel.edu.br\/museuafrobrasilsul\/wp-json\/wp\/v2\/pages\/15099\/revisions"}],"predecessor-version":[{"id":55270,"href":"https:\/\/acervosvirtuais.ufpel.edu.br\/museuafrobrasilsul\/wp-json\/wp\/v2\/pages\/15099\/revisions\/55270"}],"wp:attachment":[{"href":"https:\/\/acervosvirtuais.ufpel.edu.br\/museuafrobrasilsul\/wp-json\/wp\/v2\/media?parent=15099"}],"curies":[{"name":"wp","href":"https:\/\/api.w.org\/{rel}","templated":true}]}}