{"id":10628,"date":"2020-10-08T19:01:15","date_gmt":"2020-10-08T22:01:15","guid":{"rendered":"https:\/\/acervosvirtuais.ufpel.edu.br\/museuafrobrasilsul\/?page_id=10628"},"modified":"2025-08-01T19:06:45","modified_gmt":"2025-08-01T22:06:45","slug":"equipe-tecnica","status":"publish","type":"page","link":"https:\/\/acervosvirtuais.ufpel.edu.br\/museuafrobrasilsul\/equipe-tecnica\/","title":{"rendered":"Equipe T\u00e9cnica"},"content":{"rendered":"<p style=\"text-align: justify;\">A equipe \u00e9 liderada pelo Doutor e Mestre em Educa\u00e7\u00e3o pelo Programa de P\u00f3s-Gradua\u00e7\u00e3o em Educa\u00e7\u00e3o, da Universidade Federal de Pelotas (PPGE\/UFPel) e Licenciado em M\u00fasica (CA\/UFPel), <a href=\"https:\/\/buscatextual.cnpq.br\/buscatextual\/visualizacv.do\"><strong>Professor Felipe da Silva Martins<\/strong><\/a>.<\/p>\n<p style=\"text-align: justify;\">Destaca-se a diversidade em termos de forma\u00e7\u00e3o profissional\u00a0 do grupo como contribui\u00e7\u00e3o para o enriquecimento desse espa\u00e7o de resgate da cultura negra sul brasileira.<\/p>\n<p style=\"text-align: justify;\">Tem na sua composi\u00e7\u00e3o: professores de diversas \u00e1reas, muse\u00f3logos, historiadores, fot\u00f3grafos, designer digital, artista pl\u00e1stico,\u00a0 bacharel em cinema e audiovisual, bacharel em design de moda, turism\u00f3loga, psic\u00f3loga, bacharel em ci\u00eancias cont\u00e1beis,\u00a0 licenciandos, e professores da rede p\u00fablica de ensino. Fazem parte da equipe:<\/p>\n<p><strong>Prof. <a href=\"http:\/\/lattes.cnpq.br\/5077953275897462\" target=\"_blank\" rel=\"noopener noreferrer\">Ana Paula Batista Ara\u00fajo<\/a> &#8211; SEDUC-RS<\/strong> | Lic. Em Artes &#8211; Hab. Em Desenho e Computa\u00e7\u00e3o Gr\u00e1fica, Espec. Em Linguagens Verbais, Visuais e suas Tecnologias, M. Sc em Mem\u00f3ria Social e Patrim\u00f4nio Cultural<\/p>\n<p><strong>Prof.<a href=\"http:\/\/buscatextual.cnpq.br\/buscatextual\/visualizacv.do?id=K4730443Y6\" target=\"_blank\" rel=\"noopener noreferrer\"> \u00c1urea da Paz Pinheiro<\/a> &#8211; UFPI<\/strong> | Bach. em Hist\u00f3ria e Direito, Espec. em Hist\u00f3ria Antiga e Medieval, M. Sc.\u00a0 e Dra. \u00a0em Hist\u00f3ria, PhD. em Ci\u00eancias da Arte e do Patrim\u00f4nio<\/p>\n<p><span style=\"font-weight: 400;\"><strong>Prof.\u00a0<\/strong><\/span><strong><a href=\"http:\/\/lattes.cnpq.br\/0152184653973316\">Bruna Arruda de Oliveira <\/a><\/strong><span style=\"font-size: inherit;\"><strong>&#8211; <b>INSPER<\/b><\/strong> |\u00a0<span data-sheets-value=\"{&quot;1&quot;:2,&quot;2&quot;:&quot;Engenharia qu\u00edmica (UFSC), especializa\u00e7\u00e3o em gest\u00e3o ambiental (UEM), mestrado em engenharia mec\u00e2nica (UEM), doutoranda em engenharia qu\u00edmica (UNICAMP)&quot;}\" data-sheets-userformat=\"{&quot;2&quot;:769,&quot;3&quot;:{&quot;1&quot;:0},&quot;11&quot;:4,&quot;12&quot;:0}\">Engenharia qu\u00edmica UFSC, especializa\u00e7\u00e3o em gest\u00e3o ambiental UEM, mestrado em engenharia mec\u00e2nica UEM, doutoranda em engenharia qu\u00edmica UNICAMP<\/span><\/span><\/p>\n<p><strong><a href=\"http:\/\/lattes.cnpq.br\/0670453042148019\" target=\"_blank\" rel=\"noopener noreferrer\">Camila Caetano Ferreira<\/a><\/strong> | Bacharel em Direito &#8211; UCPel<\/p>\n<p><strong><span data-sheets-value=\"{&quot;1&quot;:2,&quot;2&quot;:&quot;Carine Jaques da Rosa &quot;}\" data-sheets-userformat=\"{&quot;2&quot;:513,&quot;3&quot;:{&quot;1&quot;:0},&quot;12&quot;:0}\">Carine Jaques da Rosa &#8211; UNESC <\/span><\/strong>| Graduanda em<span data-sheets-value=\"{&quot;1&quot;:2,&quot;2&quot;:&quot; Estudante de Odontologia &quot;}\" data-sheets-userformat=\"{&quot;2&quot;:513,&quot;3&quot;:{&quot;1&quot;:0},&quot;12&quot;:0}\"> Odontologia &#8211; UNESC <\/span><\/p>\n<p><strong>Prof.\u00a0 <a href=\"http:\/\/lattes.cnpq.br\/4546285275153612\" target=\"_blank\" rel=\"noopener noreferrer\">Cristiane Medeiros Gomes<\/a><\/strong> &#8211; Prefeitura Municipal de Rio Grande-RS e Coral da UFPel | Lic. em Pedagogia, Esp.\u00a0 em Neuropsicopedagogia Institucional.<\/p>\n<p><strong>Prof. <a href=\"http:\/\/lattes.cnpq.br\/5863268103741589\" target=\"_blank\" rel=\"noopener noreferrer\">Daisiane Santos Robaina<\/a> &#8211; IFSul Pelotas-RS<\/strong> | Lic. em Artes Visuais e Tecnologia em Design de Moda, \u00a0MBA em Gest\u00e3o Estrat\u00e9gica de Neg\u00f3cios<\/p>\n<p><strong>Prof. <a href=\"http:\/\/lattes.cnpq.br\/3774617443225038\" target=\"_blank\" rel=\"noopener noreferrer\">Dalton Lopes Martins<\/a> &#8211; UnB<\/strong> | Bach. em Engenharia El\u00e9trica, M. Sc. em Engenharia da Computa\u00e7\u00e3o, Dr. \u00a0em Ci\u00eancia da Informa\u00e7\u00e3o<\/p>\n<p><strong><a href=\"http:\/\/lattes.cnpq.br\/2530623295876640\"><b>Denis Vieira Moraes<\/b><\/a> | <\/strong>Graduado em Pedagogia<\/p>\n<p><a href=\"http:\/\/lattes.cnpq.br\/5685967001697311\"><strong><b>Douglas Vaz Franco Santana &#8211; <\/b><\/strong><\/a><strong><b>UNESC <\/b><\/strong>| Lic. <span data-sheets-value=\"{&quot;1&quot;:2,&quot;2&quot;:&quot;Geografia Licenciatura, mestrado em educa\u00e7\u00e3o em andamento &quot;}\" data-sheets-userformat=\"{&quot;2&quot;:513,&quot;3&quot;:{&quot;1&quot;:0},&quot;12&quot;:0}\" data-sheets-note=\"O respondente atualizou este valor.\">Geografia, mestrando em Educa\u00e7\u00e3o<\/span><\/p>\n<p><a href=\"http:\/\/lattes.cnpq.br\/7158977540022814\"><b>Eliza Camargo<\/b><\/a> | <span data-sheets-value=\"{&quot;1&quot;:2,&quot;2&quot;:&quot;Graduada em engenharia qu\u00edmica, especialista em administra\u00e7\u00e3o e mestre em administra\u00e7\u00e3o p\u00fablica  &quot;}\" data-sheets-userformat=\"{&quot;2&quot;:513,&quot;3&quot;:{&quot;1&quot;:0},&quot;12&quot;:0}\">Graduada em Engenharia qu\u00edmica, especialista em Administra\u00e7\u00e3o e mestre em Administra\u00e7\u00e3o p\u00fablica <\/span><\/p>\n<p><strong>Prof. Erica Delfina Gomes Da Silva &#8211; SEDUC- RS<\/strong> | Lic.\u00a0 e Esp. em Hist\u00f3ria<\/p>\n<p><strong>Prof. <\/strong><a href=\"https:\/\/buscatextual.cnpq.br\/buscatextual\/visualizacv.do\"><strong>Felipe da Silva Martins <\/strong><\/a><strong>&#8211; UFPEL | <\/strong>Doutor em Educa\u00e7\u00e3o e Mestre em Educa\u00e7\u00e3o pelo Programa de P\u00f3s-Gradua\u00e7\u00e3o em Educa\u00e7\u00e3o, da Universidade Federal de Pelotas (PPGE\/UFPel). Licenciado em M\u00fasica (CA\/UFPel).<\/p>\n<p><strong>Prof. <a href=\"http:\/\/lattes.cnpq.br\/4200183261393947\" target=\"_blank\" rel=\"noopener\">Felipe Merker Castellani<\/a>\u00a0 &#8211; UFPel | <\/strong>Doutorado em M\u00fasica. Universidade Estadual de Campinas, UNICAMP, Brasil. com per\u00edodo sandu\u00edche em Universit\u00e9 Paris 8 &#8211; Vincennes-Saint-Denis |Professor adjunto do Centro de Artes da Universidade Federal de Pelotas (UFPel), onde atua nos cursos de bacharelado em M\u00fasica, no Programa de P\u00f3s-Gradua\u00e7\u00e3o em Artes Visuais.<\/p>\n<p><strong>Prof. <a href=\"http:\/\/lattes.cnpq.br\/7769469811615233\"><b>Fernanda Lucas Santiago<\/b><\/a> &#8211; <b>UDESC<\/b><\/strong>\u00a0| <span data-sheets-value=\"{&quot;1&quot;:2,&quot;2&quot;:&quot;Gradua\u00e7\u00e3o em Hist\u00f3ria na UFPR 2015, Mestrado em Hist\u00f3ria na UDESC 2019.&quot;}\" data-sheets-userformat=\"{&quot;2&quot;:513,&quot;3&quot;:{&quot;1&quot;:0},&quot;12&quot;:0}\">Gradua\u00e7\u00e3o em Hist\u00f3ria, Mestrado em Hist\u00f3ria<\/span><\/p>\n<p><strong>Jo\u00e3o Victor Cruz Ferreira &#8211; UFPel<\/strong> | Bacharelando em Design<\/p>\n<p><a href=\"http:\/\/lattes.cnpq.br\/4889802606685608\" target=\"_blank\" rel=\"noopener noreferrer\"><strong>Jocelem Mariza Soares Fernandes<\/strong><\/a> | Gradua\u00e7\u00e3o em Ci\u00eancias Socias, Licenciatura Plena em Sociologia, Especializa\u00e7\u00e3o em Sociologia e Pol\u00edtica, Mestrado em Ci\u00eancias Sociais.<\/p>\n<p><strong>Joice de Freitas Medeiros &#8211; UFPel<\/strong> | Licencianda em Artes Visuais Licenciatura<\/p>\n<p><strong>Prof. <a href=\"http:\/\/lattes.cnpq.br\/5639712285450838\" target=\"_blank\" rel=\"noopener noreferrer\">Jos\u00e9 Luiz de Pellegrin<\/a> &#8211; UFPel<\/strong> | Lic. Plena &#8211; Habilita\u00e7\u00e3o em Artes Pl\u00e1sticas, Grad. em Pintura, Espec. em Desenho Art\u00edstico, M. SC.\u00a0 e Dr. em Artes,<\/p>\n<p><b>Prof. <a href=\"http:\/\/lattes.cnpq.br\/7265091945630944\">Lilian Soares da Silva<\/a><\/b> | <span data-sheets-value=\"{&quot;1&quot;:2,&quot;2&quot;:&quot;Doutoranda em Educa\u00e7\u00e3o, Arte e Hist\u00f3ria da Cultura pela Universidade Presbiteriana Mackenzie - UPM (2020).\\n\\nMestre em Hist\u00f3ria da \u00c1frica, da Di\u00e1spora e dos Povos Ind\u00edgenas pela Universidade Federal do Rec\u00f4ncavo da Bahia \u2013 UFRB (2019).\\n\\nP\u00f3s Graduanda em Especializa\u00e7\u00e3o de Educa\u00e7\u00e3o em Direitos Humanos pela Universidade Federal do ABC - UFABC (2020).\\n\\nP\u00f3s Graduanda em Especializa\u00e7\u00e3o de Educa\u00e7\u00e3o em Direitos Humanos pela Universidade Federal de S\u00e3o Paulo - UNIFESP (2020).\\n\\nP\u00f3s Graduanda em Forma\u00e7\u00e3o Pedag\u00f3gica de Docentes para a Educa\u00e7\u00e3o Profissional de N\u00edvel M\u00e9dio  pelo Instituto Federal de Educa\u00e7\u00e3o, Ci\u00eancia e Tecnologia de S\u00e3o Paulo \u2013 IFSP (2019).\\n\\nP\u00f3s-Graduanda em Educa\u00e7\u00e3o Profissional Integrada \u00e0 Educa\u00e7\u00e3o B\u00e1sica na Modalidade de Educa\u00e7\u00e3o de Jovens e Adultos  pelo Instituto Federal de\\nEduca\u00e7\u00e3o, Ci\u00eancia e Tecnologia de S\u00e3o Paulo \u2013 IFSP (2016).\\n\\nGraduada em Gest\u00e3o de Turismo pelo Instituto Federal de Educa\u00e7\u00e3o, Ci\u00eancia e Tecnologia de S\u00e3o Paulo \u2013 IFSP (2014).\\n\\nEspecializa\u00e7\u00e3o T\u00e9cnica de Guia em Turismo (2015) pela Universidade Anhanguera de S\u00e3o Paulo - UNIAN\/SP - (2015).\\n\\nGraduada em Pedagogia pela Universidade do Grande ABC - UNIABC - (2008).\\n&quot;}\" data-sheets-userformat=\"{&quot;2&quot;:769,&quot;3&quot;:{&quot;1&quot;:0},&quot;11&quot;:4,&quot;12&quot;:0}\">Doutoranda em Educa\u00e7\u00e3o, Arte e Hist\u00f3ria da Cultura. Mestre em Hist\u00f3ria da \u00c1frica, da Di\u00e1spora e dos Povos Ind\u00edgenas. P\u00f3s Graduanda em Especializa\u00e7\u00e3o de Educa\u00e7\u00e3o em Direitos Humanos. P\u00f3s Graduanda em Forma\u00e7\u00e3o Pedag\u00f3gica de Docentes para a Educa\u00e7\u00e3o Profissional de N\u00edvel M\u00e9dio. P\u00f3s-Graduanda em Educa\u00e7\u00e3o Profissional Integrada \u00e0 Educa\u00e7\u00e3o B\u00e1sica na Modalidade de Educa\u00e7\u00e3o de Jovens e Adultos. Graduada em Gest\u00e3o de Turismo. Especializa\u00e7\u00e3o T\u00e9cnica de Guia em Turismo. Graduada em Pedagogia.<br \/><\/span><\/p>\n<p><strong>Prof. <a href=\"http:\/\/lattes.cnpq.br\/2963479281903760\" target=\"_blank\" rel=\"noopener\"><span data-sheets-value=\"{&quot;1&quot;:2,&quot;2&quot;:&quot;Lucio Menezes Ferreira&quot;}\" data-sheets-userformat=\"{&quot;2&quot;:769,&quot;3&quot;:{&quot;1&quot;:0},&quot;11&quot;:4,&quot;12&quot;:0}\">Lucio Menezes Ferreira<\/span><\/a><\/strong> | <span data-sheets-value=\"{&quot;1&quot;:2,&quot;2&quot;:&quot;Dr em Hist\u00f3ria Cultural (Unicamp)&quot;}\" data-sheets-userformat=\"{&quot;2&quot;:513,&quot;3&quot;:{&quot;1&quot;:0},&quot;12&quot;:0}\">Doutorado em Hist\u00f3ria Cultural &#8211; Unicamp<\/span><\/p>\n<p><strong>Prof. <span data-sheets-value=\"{&quot;1&quot;:2,&quot;2&quot;:&quot;Lizandro Ara\u00fajo de Carvalho &quot;}\" data-sheets-userformat=\"{&quot;2&quot;:769,&quot;3&quot;:{&quot;1&quot;:0},&quot;11&quot;:4,&quot;12&quot;:0}\">Lizandro Ara\u00fajo de Carvalho<\/span><\/strong> | <span data-sheets-value=\"{&quot;1&quot;:2,&quot;2&quot;:&quot;Professor, Pesquisador, Radialista&quot;}\" data-sheets-userformat=\"{&quot;2&quot;:513,&quot;3&quot;:{&quot;1&quot;:0},&quot;12&quot;:0}\">Professor, Pesquisador, Radialista<\/span><\/p>\n<p><a href=\"http:\/\/lattes.cnpq.br\/8134670049562610\"><b>Maria Alice Machado Rodrigues<\/b><\/a>\u00a0 &#8211; <strong>NEABI IFRS <\/strong>| Estudante<\/p>\n<p><strong>Prof. <b>\u00a0Maria de F\u00e1tima Ramalho Xavier<\/b><\/strong> | <span data-sheets-value=\"{&quot;1&quot;:2,&quot;2&quot;:&quot;Licenciatura e Bacharel em Hist\u00f3ria \\nP\u00f3s Rio Grande do Sul: sociedade, mem\u00f3ria e cultura\\nP\u00f3s Supervis\u00e3o Educacional\\nP\u00f3s Ensino Religioso&quot;}\" data-sheets-userformat=\"{&quot;2&quot;:769,&quot;3&quot;:{&quot;1&quot;:0},&quot;11&quot;:4,&quot;12&quot;:0}\" data-sheets-note=\"O respondente atualizou este valor.\">Licenciatura e Bacharel em Hist\u00f3ria, P\u00f3s Rio Grande do Sul: sociedade, mem\u00f3ria e cultura, P\u00f3s Supervis\u00e3o Educacional, P\u00f3s Ensino Religioso<\/span><\/p>\n<p><strong>Prof. Maristela Machado Corr\u00eaa &#8211; SEDUC &#8211; RS<\/strong> | Lic. em Letras, L\u00edngua Portuguesa e Esp. em Alfabetiza\u00e7\u00e3o e Letramento<\/p>\n<p><a href=\"http:\/\/lattes.cnpq.br\/6168438470606203\" target=\"_blank\" rel=\"noopener noreferrer\"><strong>Matheus Cruz<\/strong><\/a>\u00a0 &#8211; <strong>UFPel<\/strong> | Bach em Museologia pela UFPel (2010) e mestrado em Mem\u00f3ria Social e Patrim\u00f4nio Cultural pela UFPel (2014).\u00a0 Atualmente \u00e9 doutorando no Programa de P\u00f3s-gradua\u00e7\u00e3o em Sociologia da UFRGS<\/p>\n<p><strong><a href=\"https:\/\/www.linkedin.com\/in\/nat%C3%A1lia-cerqueira-nornberg-41532821a\/\" target=\"_blank\" rel=\"noopener\">Nat\u00e1lia Cerqueira Nornberg<\/a><\/strong> <strong>&#8211; UFPel<\/strong> | Licencianda em Artes Visuais Licenciatura<\/p>\n<p><strong><a href=\"http:\/\/lattes.cnpq.br\/6107627910305960\" target=\"_blank\" rel=\"noopener noreferrer\">Nathielle Francos da Silva<\/a><\/strong> | M. Sc em Educa\u00e7\u00e3o,\u00a0 Espec. em Educa\u00e7\u00e3o de Surdos, Grad. em Pedagogia &#8211; UFPel; Acad. do Curso de Letras &#8211; UNIASSELVI;<br \/>Acad. do Curso de Pedagogia Bil\u00edngue (pedagogia para surdo) &#8211; INES p\u00f3lo UFRGS<\/p>\n<p><strong><a href=\"https:\/\/www.linkedin.com\/in\/n%C3%A1thaly-borges-46a19420a\/\" target=\"_blank\" rel=\"noopener noreferrer\"><span data-sheets-value=\"{&quot;1&quot;:2,&quot;2&quot;:&quot;N\u00e1thaly de Barros Borges&quot;}\" data-sheets-userformat=\"{&quot;2&quot;:513,&quot;3&quot;:{&quot;1&quot;:0},&quot;12&quot;:0}\">N\u00e1thaly de Barros Borges<\/span><\/a><\/strong> | Graduanda em Design Gr\u00e1fico &#8211; UFPel<\/p>\n<p><strong>Prof. <a href=\"http:\/\/lattes.cnpq.br\/4604694393826071\" target=\"_blank\" rel=\"noopener noreferrer\">Nadiele Ferreira Pires<\/a><\/strong> | Grad. em\u00a0 Artes Visuais Lic. e Bach., Esp. em Artes<\/p>\n<p><a href=\"http:\/\/lattes.cnpq.br\/9436406300061484\"><b>Nikole Mackedanz de Campos<\/b><\/a> | Graduanda em Arquitetura e Urbanismo &#8211; UFPel<\/p>\n<p><strong>Prof. <b>Norm\u00e9lia Ondina Lalau de Farias<\/b> &#8211; UNESC <\/strong>| <span data-sheets-value=\"{&quot;1&quot;:2,&quot;2&quot;:&quot;Qu\u00edmica Industrial pela Unisul (Universidade do Sul Catarinense). Especializa\u00e7\u00e3o em Qu\u00edmica pela Universidade Federal de Santa Catarina ( UFSC). Especializa\u00e7\u00e3o em Did\u00e1tica e Metodologia do Ensino Superior UNESC ( Universidade do Extremo Sul Catarinense) Mestra em Educa\u00e7\u00e3o pela UNESC.&quot;}\" data-sheets-userformat=\"{&quot;2&quot;:513,&quot;3&quot;:{&quot;1&quot;:0},&quot;12&quot;:0}\">Qu\u00edmica Industrial pela Unisul. Especializa\u00e7\u00e3o em Qu\u00edmica pela Universidade Federal de Santa Catarina. Especializa\u00e7\u00e3o em Did\u00e1tica e Metodologia do Ensino Superior UNESC. Mestra em Educa\u00e7\u00e3o pela UNESC.<\/span><\/p>\n<p><strong><a href=\"https:\/\/www.linkedin.com\/in\/renaodigital\/\" target=\"_blank\" rel=\"noopener\">Renan Gomes Lemos<\/a> &#8211; UFPel | <\/strong>Licenciando em Letras Portugu\u00eas\/Espanhol | Fotografia, Filmmaking, Cria\u00e7\u00e3o de Conte\u00fado, Design, Publicidade, Cinema, Cinematografia, Dire\u00e7\u00e3o de Fotografia, Dire\u00e7\u00e3o Geral, Roteiro, Material gr\u00e1fico, Social Media,<\/p>\n<p><strong>Prof.\u00a0 <a href=\"http:\/\/lattes.cnpq.br\/6305102076032900\" target=\"_blank\" rel=\"noopener noreferrer\">Renata Cardozo Padilha<\/a> &#8211; UFSC<\/strong> | Bach. em Museologia, M.Sc. e Dra. em Ci\u00eancia da Informa\u00e7\u00e3o<\/p>\n<p><strong>Prof. <span data-sheets-value=\"{&quot;1&quot;:2,&quot;2&quot;:&quot;Ricardo Henrique Ayres Alves&quot;}\" data-sheets-userformat=\"{&quot;2&quot;:513,&quot;3&quot;:{&quot;1&quot;:0},&quot;12&quot;:0}\"><a href=\"http:\/\/lattes.cnpq.br\/7515345224876748\" target=\"_blank\" rel=\"noopener\">Ricardo Henrique Ayres Alves<\/a> &#8211; UFPel<\/span><\/strong>| <span data-sheets-value=\"{&quot;1&quot;:2,&quot;2&quot;:&quot;Bacharel em Artes Visuais (FURG), mestre e doutor em Artes Visuais (UFRGS)&quot;}\" data-sheets-userformat=\"{&quot;2&quot;:513,&quot;3&quot;:{&quot;1&quot;:0},&quot;12&quot;:0}\">Bacharel em Artes Visuais (FURG), mestre e doutor em Artes Visuais (UFRGS)<\/span><\/p>\n<p><strong><a href=\"http:\/\/lattes.cnpq.br\/6342443797800623\" target=\"_blank\" rel=\"noopener noreferrer\">Rita De C\u00e1ssia Dos Reis Viebrantz<\/a> <\/strong>| Bach. em Psicologia, Bach. em Turismo, Graduanda em Antropologia<\/p>\n<p><strong>Prof. <a href=\"http:\/\/lattes.cnpq.br\/9608828531602468\" target=\"_blank\" rel=\"noopener noreferrer\">Rita De C\u00e1ssia Moura Carvalho<\/a> &#8211; UFPI<\/strong> | Bach. em Administra\u00e7\u00e3o em Marketing, Dra em\u00a0 Ci\u00eancias da Arte e do Patrim\u00f4nio<\/p>\n<p><strong>Prof. <a href=\"http:\/\/lattes.cnpq.br\/2533906161145789\" target=\"_blank\" rel=\"noopener noreferrer\">Rosemar Gomes Lemos<\/a> &#8211; UFPel<\/strong> | Bach. em Arquitetura e Urbanista, Lic. em Esquema 1,\u00a0 Esp. e M.Sc. em Qu\u00edmica, Dra. em Engenharia, PhD.\u00a0 em Ci\u00eancias da Arte e do Patrim\u00f4nio<\/p>\n<p><strong>Prof. <a href=\"http:\/\/lattes.cnpq.br\/1064245627443495\" target=\"_blank\" rel=\"noopener noreferrer\">Sabrina Hax Duro Rosa<\/a> &#8211; IFRS &#8211; Rio Grande<\/strong> | Lic. em Letras &#8211; habilita\u00e7\u00e3o Portugu\u00eas e Ingl\u00eas, M. Sc. e Dra. em Letras \u00e1rea de concentra\u00e7\u00e3o Lingu\u00edstica Aplicada<\/p>\n<p><strong>Prof. Santa Geroni Barros &#8211; Prefeitura Municipal de Arroio Grande<\/strong> | Lic. em Letras e Esp. em Educa\u00e7\u00e3o Infantil<\/p>\n<p><a href=\"http:\/\/lattes.cnpq.br\/3214393888516193\" target=\"_blank\" rel=\"noopener noreferrer\"><strong>Tassiele Viebrantz Cassuriaga<\/strong><\/a> | Bach. em Cinema e Audiovisual<\/p>\n<p><strong>Prof. <a href=\"http:\/\/lattes.cnpq.br\/6871425876635514\">Vanessa Martins da Costa<\/a><\/strong>\u00a0| <span data-sheets-value=\"{&quot;1&quot;:2,&quot;2&quot;:&quot;Gest\u00e3o em orienta\u00e7\u00e3o e supervis\u00e3o escolar&quot;}\" data-sheets-userformat=\"{&quot;2&quot;:513,&quot;3&quot;:{&quot;1&quot;:0},&quot;12&quot;:0}\">Gest\u00e3o em orienta\u00e7\u00e3o e supervis\u00e3o escolar<\/span><\/p>\n<p><strong><a href=\"http:\/\/lattes.cnpq.br\/6180208872645757\" target=\"_blank\" rel=\"noopener\">Viviane da Silva Lemos<\/a><\/strong>\u00a0 <strong>&#8211; Prefeitura Municipal de Pelotas<\/strong>| Contadora | Doutoranda em Educa\u00e7\u00e3o pela UFPEL, Mestre em Contabilidade pela Universidade Federal do Rio Grande (FURG), Especialista em Controladoria e Finan\u00e7as pela Universidade Cat\u00f3lica de Pelotas (UCPEL) e Graduada em Ci\u00eancias Cont\u00e1beis pela Universidade Federal do Rio Grande (FURG)<\/p>\n<p><strong>Yasmini Barros Botelho &#8211; IFSul &#8211; Pelotas<\/strong> | Graduanda em Design<\/p>\n<p>&nbsp;<\/p>\n<p>&nbsp;<\/p>\n\n\n<p><\/p>\n","protected":false},"excerpt":{"rendered":"<p>A equipe \u00e9 liderada pelo Doutor e Mestre em Educa\u00e7\u00e3o pelo Programa de P\u00f3s-Gradua\u00e7\u00e3o em Educa\u00e7\u00e3o, da Universidade Federal de Pelotas (PPGE\/UFPel) e Licenciado em M\u00fasica (CA\/UFPel), Professor Felipe da Silva Martins. Destaca-se a diversidade em termos de forma\u00e7\u00e3o profissional\u00a0 do grupo como contribui\u00e7\u00e3o para o enriquecimento desse espa\u00e7o de resgate da cultura negra sul [&hellip;]<\/p>\n","protected":false},"author":6,"featured_media":0,"parent":0,"menu_order":0,"comment_status":"closed","ping_status":"closed","template":"","meta":{"footnotes":""},"class_list":["post-10628","page","type-page","status-publish","hentry"],"jetpack_sharing_enabled":true,"_links":{"self":[{"href":"https:\/\/acervosvirtuais.ufpel.edu.br\/museuafrobrasilsul\/wp-json\/wp\/v2\/pages\/10628","targetHints":{"allow":["GET"]}}],"collection":[{"href":"https:\/\/acervosvirtuais.ufpel.edu.br\/museuafrobrasilsul\/wp-json\/wp\/v2\/pages"}],"about":[{"href":"https:\/\/acervosvirtuais.ufpel.edu.br\/museuafrobrasilsul\/wp-json\/wp\/v2\/types\/page"}],"author":[{"embeddable":true,"href":"https:\/\/acervosvirtuais.ufpel.edu.br\/museuafrobrasilsul\/wp-json\/wp\/v2\/users\/6"}],"replies":[{"embeddable":true,"href":"https:\/\/acervosvirtuais.ufpel.edu.br\/museuafrobrasilsul\/wp-json\/wp\/v2\/comments?post=10628"}],"version-history":[{"count":20,"href":"https:\/\/acervosvirtuais.ufpel.edu.br\/museuafrobrasilsul\/wp-json\/wp\/v2\/pages\/10628\/revisions"}],"predecessor-version":[{"id":65693,"href":"https:\/\/acervosvirtuais.ufpel.edu.br\/museuafrobrasilsul\/wp-json\/wp\/v2\/pages\/10628\/revisions\/65693"}],"wp:attachment":[{"href":"https:\/\/acervosvirtuais.ufpel.edu.br\/museuafrobrasilsul\/wp-json\/wp\/v2\/media?parent=10628"}],"curies":[{"name":"wp","href":"https:\/\/api.w.org\/{rel}","templated":true}]}}