{"id":10625,"date":"2020-10-08T19:00:24","date_gmt":"2020-10-08T22:00:24","guid":{"rendered":"https:\/\/acervosvirtuais.ufpel.edu.br\/museuafrobrasilsul\/?page_id=10625"},"modified":"2022-07-01T10:37:15","modified_gmt":"2022-07-01T13:37:15","slug":"sobre","status":"publish","type":"page","link":"https:\/\/acervosvirtuais.ufpel.edu.br\/museuafrobrasilsul\/sobre\/","title":{"rendered":"Sobre"},"content":{"rendered":"<p style=\"text-align: right;\"><em><span style=\"font-weight: 400;\">Pela Prof. Maristela Machado Corr\u00eaa<\/span><\/em><\/p>\n<p style=\"text-align: justify;\"><span style=\"font-weight: 400;\">\u00a0\u00a0\u00a0\u00a0\u00a0\u00a0 O\u00a0 <a href=\"https:\/\/acervosvirtuais.ufpel.edu.br\/museuafrobrasilsul\/\" target=\"_blank\" rel=\"noopener noreferrer\">Museu\u00a0 Afro-Brasil-Sul<\/a> (MABSul), vinculado ao <a href=\"http:\/\/ca.ufpel.edu.br\/\" target=\"_blank\" rel=\"noopener noreferrer\">Centro de Artes<\/a>, \u00e9 uma A\u00e7\u00e3o Afirmativa que pertence \u00e0 Divis\u00e3o de Pesquisa e Extens\u00e3o da Universidade Federal de Pelotas &#8211; UFPel, coordenado pela Prof. Dra. <a href=\"http:\/\/lattes.cnpq.br\/2533906161145789\" target=\"_blank\" rel=\"noopener noreferrer\">Rosemar Lemos<\/a> e sediado no site dessa Universidade.<\/span><\/p>\n<p style=\"text-align: justify;\"><span style=\"font-weight: 400;\">\u00a0 \u00a0 \u00a0Do ponto de vista hist\u00f3rico, o Projeto MABSul\u00a0 consolida um processo dial\u00f3gico embasado na Hist\u00f3ria e no Patrim\u00f4nio Cultural afro-brasileiro e\u00a0 permeia a luta antirracista e a efetiva\u00e7\u00e3o da <a href=\"http:\/\/www.planalto.gov.br\/ccivil_03\/_Ato2007-2010\/2008\/Lei\/L11645.htm\" target=\"_blank\" rel=\"noopener noreferrer\">Lei.11645\/08<\/a> no reconhecimento da hist\u00f3ria e da contribui\u00e7\u00e3o da popula\u00e7\u00e3o negra \u00e0 sociedade brasileira.<\/span><\/p>\n<p style=\"text-align: justify;\"><span style=\"font-weight: 400;\">\u00a0 \u00a0\u00a0 O MABSul\u00a0 promove a pesquisa e a constru\u00e7\u00e3o do conhecimento acerca das peculiaridades regionais, simbologias e singularidades da cultura negra. Focado no resgate identit\u00e1rio e na mem\u00f3ria hist\u00f3rica, o MABSul\u00a0 formaliza a manuten\u00e7\u00e3o e a preserva\u00e7\u00e3o do Patrim\u00f4nio hist\u00f3rico material e imaterial do povo negro sul-brasileiro, difundindo e disseminando os Saberes e Fazeres art\u00edsticos (modos de ver, sentir, fazer e interagir) que comp\u00f5em o rico acervo \u00e9tnico afro de cada comunidade da regi\u00e3o sul, criados ou recriados p\u00f3s-di\u00e1spora (clubes sociais, carnaval, ritos \/religi\u00e3o de matriz africana, benzeduras).<\/span><\/p>\n<p style=\"text-align: justify;\"><span style=\"font-weight: 400;\">\u00a0 \u00a0 \u00a0 O MABSul recupera as mem\u00f3rias vivas e a ancestralidade, legitimando e dando visibilidade \u00e0s representatividades, \u00e0s viv\u00eancia e narrativas de indiv\u00edduos e grupos envolvidos em diferentes manifesta\u00e7\u00f5es da cultura afro-brasileira.<\/span><\/p>\n\n\n<div class=\"wp-block-jetpack-slideshow aligncenter\" data-effect=\"slide\"><div class=\"wp-block-jetpack-slideshow_container swiper-container\"><ul class=\"wp-block-jetpack-slideshow_swiper-wrapper swiper-wrapper\"><li class=\"wp-block-jetpack-slideshow_slide swiper-slide\"><figure><img loading=\"lazy\" decoding=\"async\" width=\"1024\" height=\"576\" alt=\"\" class=\"wp-block-jetpack-slideshow_image wp-image-25426\" data-id=\"25426\" src=\"https:\/\/acervosvirtuais.ufpel.edu.br\/museuafrobrasilsul\/wp-content\/uploads\/sites\/4\/2022\/07\/f76303bb-29f9-4a39-8ffb-0591695695c8-1024x576.jpg\" srcset=\"https:\/\/acervosvirtuais.ufpel.edu.br\/museuafrobrasilsul\/wp-content\/uploads\/sites\/4\/2022\/07\/f76303bb-29f9-4a39-8ffb-0591695695c8-1024x576.jpg 1024w, https:\/\/acervosvirtuais.ufpel.edu.br\/museuafrobrasilsul\/wp-content\/uploads\/sites\/4\/2022\/07\/f76303bb-29f9-4a39-8ffb-0591695695c8-300x169.jpg 300w, https:\/\/acervosvirtuais.ufpel.edu.br\/museuafrobrasilsul\/wp-content\/uploads\/sites\/4\/2022\/07\/f76303bb-29f9-4a39-8ffb-0591695695c8-768x432.jpg 768w, https:\/\/acervosvirtuais.ufpel.edu.br\/museuafrobrasilsul\/wp-content\/uploads\/sites\/4\/2022\/07\/f76303bb-29f9-4a39-8ffb-0591695695c8-205x115.jpg 205w, https:\/\/acervosvirtuais.ufpel.edu.br\/museuafrobrasilsul\/wp-content\/uploads\/sites\/4\/2022\/07\/f76303bb-29f9-4a39-8ffb-0591695695c8.jpg 1280w\" sizes=\"(max-width: 1024px) 100vw, 1024px\" \/><figcaption class=\"wp-block-jetpack-slideshow_caption gallery-caption\">Museu Afro-Brasil-Sul 2022<\/figcaption><\/figure><\/li><li class=\"wp-block-jetpack-slideshow_slide swiper-slide\"><figure><img loading=\"lazy\" decoding=\"async\" width=\"1024\" height=\"576\" alt=\"\" class=\"wp-block-jetpack-slideshow_image wp-image-25424\" data-id=\"25424\" src=\"https:\/\/acervosvirtuais.ufpel.edu.br\/museuafrobrasilsul\/wp-content\/uploads\/sites\/4\/2022\/07\/82eb6850-7bb9-437a-a632-01730655f9a3-1024x576.jpg\" srcset=\"https:\/\/acervosvirtuais.ufpel.edu.br\/museuafrobrasilsul\/wp-content\/uploads\/sites\/4\/2022\/07\/82eb6850-7bb9-437a-a632-01730655f9a3-1024x576.jpg 1024w, https:\/\/acervosvirtuais.ufpel.edu.br\/museuafrobrasilsul\/wp-content\/uploads\/sites\/4\/2022\/07\/82eb6850-7bb9-437a-a632-01730655f9a3-300x169.jpg 300w, https:\/\/acervosvirtuais.ufpel.edu.br\/museuafrobrasilsul\/wp-content\/uploads\/sites\/4\/2022\/07\/82eb6850-7bb9-437a-a632-01730655f9a3-768x432.jpg 768w, https:\/\/acervosvirtuais.ufpel.edu.br\/museuafrobrasilsul\/wp-content\/uploads\/sites\/4\/2022\/07\/82eb6850-7bb9-437a-a632-01730655f9a3-1536x864.jpg 1536w, https:\/\/acervosvirtuais.ufpel.edu.br\/museuafrobrasilsul\/wp-content\/uploads\/sites\/4\/2022\/07\/82eb6850-7bb9-437a-a632-01730655f9a3-205x115.jpg 205w, https:\/\/acervosvirtuais.ufpel.edu.br\/museuafrobrasilsul\/wp-content\/uploads\/sites\/4\/2022\/07\/82eb6850-7bb9-437a-a632-01730655f9a3.jpg 1599w\" sizes=\"(max-width: 1024px) 100vw, 1024px\" \/><figcaption class=\"wp-block-jetpack-slideshow_caption gallery-caption\">Museu Afro-Brasil-Sul 2022<\/figcaption><\/figure><\/li><li class=\"wp-block-jetpack-slideshow_slide swiper-slide\"><figure><img loading=\"lazy\" decoding=\"async\" width=\"1024\" height=\"576\" alt=\"\" class=\"wp-block-jetpack-slideshow_image wp-image-25423\" data-id=\"25423\" src=\"https:\/\/acervosvirtuais.ufpel.edu.br\/museuafrobrasilsul\/wp-content\/uploads\/sites\/4\/2022\/07\/8ecd039c-4aaf-40da-9271-7928e8a15206-1024x576.jpg\" srcset=\"https:\/\/acervosvirtuais.ufpel.edu.br\/museuafrobrasilsul\/wp-content\/uploads\/sites\/4\/2022\/07\/8ecd039c-4aaf-40da-9271-7928e8a15206-1024x576.jpg 1024w, https:\/\/acervosvirtuais.ufpel.edu.br\/museuafrobrasilsul\/wp-content\/uploads\/sites\/4\/2022\/07\/8ecd039c-4aaf-40da-9271-7928e8a15206-300x169.jpg 300w, https:\/\/acervosvirtuais.ufpel.edu.br\/museuafrobrasilsul\/wp-content\/uploads\/sites\/4\/2022\/07\/8ecd039c-4aaf-40da-9271-7928e8a15206-768x432.jpg 768w, https:\/\/acervosvirtuais.ufpel.edu.br\/museuafrobrasilsul\/wp-content\/uploads\/sites\/4\/2022\/07\/8ecd039c-4aaf-40da-9271-7928e8a15206-1536x864.jpg 1536w, https:\/\/acervosvirtuais.ufpel.edu.br\/museuafrobrasilsul\/wp-content\/uploads\/sites\/4\/2022\/07\/8ecd039c-4aaf-40da-9271-7928e8a15206-205x115.jpg 205w, https:\/\/acervosvirtuais.ufpel.edu.br\/museuafrobrasilsul\/wp-content\/uploads\/sites\/4\/2022\/07\/8ecd039c-4aaf-40da-9271-7928e8a15206.jpg 1599w\" sizes=\"(max-width: 1024px) 100vw, 1024px\" \/><figcaption class=\"wp-block-jetpack-slideshow_caption gallery-caption\">Museu Afro-Brasil-Sul 2022<\/figcaption><\/figure><\/li><li class=\"wp-block-jetpack-slideshow_slide swiper-slide\"><figure><img loading=\"lazy\" decoding=\"async\" width=\"576\" height=\"1024\" alt=\"\" class=\"wp-block-jetpack-slideshow_image wp-image-25425\" data-id=\"25425\" src=\"https:\/\/acervosvirtuais.ufpel.edu.br\/museuafrobrasilsul\/wp-content\/uploads\/sites\/4\/2022\/07\/6401daec-6cf0-454f-aead-a2a548920ff1-576x1024.jpg\" srcset=\"https:\/\/acervosvirtuais.ufpel.edu.br\/museuafrobrasilsul\/wp-content\/uploads\/sites\/4\/2022\/07\/6401daec-6cf0-454f-aead-a2a548920ff1-576x1024.jpg 576w, https:\/\/acervosvirtuais.ufpel.edu.br\/museuafrobrasilsul\/wp-content\/uploads\/sites\/4\/2022\/07\/6401daec-6cf0-454f-aead-a2a548920ff1-169x300.jpg 169w, https:\/\/acervosvirtuais.ufpel.edu.br\/museuafrobrasilsul\/wp-content\/uploads\/sites\/4\/2022\/07\/6401daec-6cf0-454f-aead-a2a548920ff1-768x1365.jpg 768w, https:\/\/acervosvirtuais.ufpel.edu.br\/museuafrobrasilsul\/wp-content\/uploads\/sites\/4\/2022\/07\/6401daec-6cf0-454f-aead-a2a548920ff1-864x1536.jpg 864w, https:\/\/acervosvirtuais.ufpel.edu.br\/museuafrobrasilsul\/wp-content\/uploads\/sites\/4\/2022\/07\/6401daec-6cf0-454f-aead-a2a548920ff1-205x364.jpg 205w, https:\/\/acervosvirtuais.ufpel.edu.br\/museuafrobrasilsul\/wp-content\/uploads\/sites\/4\/2022\/07\/6401daec-6cf0-454f-aead-a2a548920ff1.jpg 900w\" sizes=\"(max-width: 576px) 100vw, 576px\" \/><figcaption class=\"wp-block-jetpack-slideshow_caption gallery-caption\">Museu Afro-Brasil-Sul 2022<\/figcaption><\/figure><\/li><\/ul><a class=\"wp-block-jetpack-slideshow_button-prev swiper-button-prev swiper-button-white\" role=\"button\"><\/a><a class=\"wp-block-jetpack-slideshow_button-next swiper-button-next swiper-button-white\" role=\"button\"><\/a><a aria-label=\"Pause Slideshow\" class=\"wp-block-jetpack-slideshow_button-pause\" role=\"button\"><\/a><div class=\"wp-block-jetpack-slideshow_pagination swiper-pagination swiper-pagination-white\"><\/div><\/div><\/div>\n\n\n\n<div style=\"height:30px\" aria-hidden=\"true\" class=\"wp-block-spacer\"><\/div>\n\n\n\n<p>Para saber mais detalhes do planejamento e funcionamento do MABSul, acesse:<\/p>\n\n\n\n<div class=\"wp-block-file\"><a id=\"wp-block-file--media-5c731c0e-94ed-4b44-8a23-7f762e648f71\" href=\"https:\/\/acervosvirtuais.ufpel.edu.br\/museuafrobrasilsul\/wp-content\/uploads\/sites\/4\/2022\/04\/POLITICA-DE-ACERVOS-MABSUL-2022.pdf\" target=\"_blank\" rel=\"noreferrer noopener\">Pol\u00edtica do MABSul<\/a><\/div>\n\n\n\n<div class=\"wp-block-file\"><a id=\"wp-block-file--media-8f8f38bd-0020-4d69-af48-530fe2a8f681\" href=\"https:\/\/acervosvirtuais.ufpel.edu.br\/museuafrobrasilsul\/wp-content\/uploads\/sites\/4\/2022\/04\/SEI_UFPel-1150142-Portaria-de-Criacao-do-Museu.pdf\" target=\"_blank\" rel=\"noreferrer noopener\">Portaria de Cria\u00e7\u00e3o do MABSul<\/a><\/div>\n\n\n\n<div class=\"wp-block-file\"><a id=\"wp-block-file--media-c901e82c-5ccf-4301-b7d2-edd457cc1fda\" href=\"https:\/\/acervosvirtuais.ufpel.edu.br\/museuafrobrasilsul\/wp-content\/uploads\/sites\/4\/2022\/04\/SEI_UFPel-1333295-Resolucao-Regimento-do-Museu.pdf\" target=\"_blank\" rel=\"noreferrer noopener\">Resolu\u00e7\u00e3o Regimento do MABSul &#8211; CONSUN<\/a><\/div>\n\n\n\n<div class=\"wp-block-file\"><a id=\"wp-block-file--media-c901e82c-5ccf-4301-b7d2-edd457cc1fda\" href=\"https:\/\/acervosvirtuais.ufpel.edu.br\/museuafrobrasilsul\/wp-content\/uploads\/sites\/4\/2022\/07\/Regimento-Interno-Laboratorio-de-Producao-e-Edicao-de-Midia-do-MABSul.pdf\" target=\"_blank\" rel=\"noreferrer noopener\">Regimento Interno &#8211; Laborat\u00f3rio de Produ\u00e7\u00e3o e Edi\u00e7\u00e3o de M\u00eddia do MABSul<\/a><\/div>\n","protected":false},"excerpt":{"rendered":"<p>Pela Prof. Maristela Machado Corr\u00eaa \u00a0\u00a0\u00a0\u00a0\u00a0\u00a0 O\u00a0 Museu\u00a0 Afro-Brasil-Sul (MABSul), vinculado ao Centro de Artes, \u00e9 uma A\u00e7\u00e3o Afirmativa que pertence \u00e0 Divis\u00e3o de Pesquisa e Extens\u00e3o da Universidade Federal de Pelotas &#8211; UFPel, coordenado pela Prof. Dra. Rosemar Lemos e sediado no site dessa Universidade. \u00a0 \u00a0 \u00a0Do ponto de vista hist\u00f3rico, o Projeto [&hellip;]<\/p>\n","protected":false},"author":6,"featured_media":0,"parent":0,"menu_order":0,"comment_status":"closed","ping_status":"closed","template":"","meta":{"footnotes":""},"class_list":["post-10625","page","type-page","status-publish","hentry"],"jetpack_sharing_enabled":true,"_links":{"self":[{"href":"https:\/\/acervosvirtuais.ufpel.edu.br\/museuafrobrasilsul\/wp-json\/wp\/v2\/pages\/10625","targetHints":{"allow":["GET"]}}],"collection":[{"href":"https:\/\/acervosvirtuais.ufpel.edu.br\/museuafrobrasilsul\/wp-json\/wp\/v2\/pages"}],"about":[{"href":"https:\/\/acervosvirtuais.ufpel.edu.br\/museuafrobrasilsul\/wp-json\/wp\/v2\/types\/page"}],"author":[{"embeddable":true,"href":"https:\/\/acervosvirtuais.ufpel.edu.br\/museuafrobrasilsul\/wp-json\/wp\/v2\/users\/6"}],"replies":[{"embeddable":true,"href":"https:\/\/acervosvirtuais.ufpel.edu.br\/museuafrobrasilsul\/wp-json\/wp\/v2\/comments?post=10625"}],"version-history":[{"count":10,"href":"https:\/\/acervosvirtuais.ufpel.edu.br\/museuafrobrasilsul\/wp-json\/wp\/v2\/pages\/10625\/revisions"}],"predecessor-version":[{"id":25428,"href":"https:\/\/acervosvirtuais.ufpel.edu.br\/museuafrobrasilsul\/wp-json\/wp\/v2\/pages\/10625\/revisions\/25428"}],"wp:attachment":[{"href":"https:\/\/acervosvirtuais.ufpel.edu.br\/museuafrobrasilsul\/wp-json\/wp\/v2\/media?parent=10625"}],"curies":[{"name":"wp","href":"https:\/\/api.w.org\/{rel}","templated":true}]}}