{"id":5438,"date":"2022-10-08T16:15:17","date_gmt":"2022-10-08T19:15:17","guid":{"rendered":"https:\/\/acervosvirtuais.ufpel.edu.br\/mudi\/?page_id=5438"},"modified":"2022-10-08T18:05:04","modified_gmt":"2022-10-08T21:05:04","slug":"sobre","status":"publish","type":"page","link":"https:\/\/acervosvirtuais.ufpel.edu.br\/mudi\/sobre\/","title":{"rendered":"Sobre"},"content":{"rendered":"\n<figure class=\"wp-block-image aligncenter size-medium\"><img loading=\"lazy\" decoding=\"async\" width=\"400\" height=\"400\" src=\"https:\/\/acervosvirtuais.ufpel.edu.br\/mudi\/wp-content\/uploads\/sites\/13\/2022\/10\/logo-400x400.jpeg\" alt=\"\" class=\"wp-image-5448\" srcset=\"https:\/\/acervosvirtuais.ufpel.edu.br\/mudi\/wp-content\/uploads\/sites\/13\/2022\/10\/logo-400x400.jpeg 400w, https:\/\/acervosvirtuais.ufpel.edu.br\/mudi\/wp-content\/uploads\/sites\/13\/2022\/10\/logo-1024x1024.jpeg 1024w, https:\/\/acervosvirtuais.ufpel.edu.br\/mudi\/wp-content\/uploads\/sites\/13\/2022\/10\/logo-200x200.jpeg 200w, https:\/\/acervosvirtuais.ufpel.edu.br\/mudi\/wp-content\/uploads\/sites\/13\/2022\/10\/logo-768x768.jpeg 768w, https:\/\/acervosvirtuais.ufpel.edu.br\/mudi\/wp-content\/uploads\/sites\/13\/2022\/10\/logo-40x40.jpeg 40w, https:\/\/acervosvirtuais.ufpel.edu.br\/mudi\/wp-content\/uploads\/sites\/13\/2022\/10\/logo-275x275.jpeg 275w, https:\/\/acervosvirtuais.ufpel.edu.br\/mudi\/wp-content\/uploads\/sites\/13\/2022\/10\/logo-205x205.jpeg 205w, https:\/\/acervosvirtuais.ufpel.edu.br\/mudi\/wp-content\/uploads\/sites\/13\/2022\/10\/logo-480x480.jpeg 480w, https:\/\/acervosvirtuais.ufpel.edu.br\/mudi\/wp-content\/uploads\/sites\/13\/2022\/10\/logo.jpeg 1080w\" sizes=\"auto, (max-width: 400px) 100vw, 400px\" \/><\/figure>\n\n\n\n<p class=\"has-text-align-justify\" style=\"font-size:22px\">Sendo o di\u00e1logo uma das ferramentas balizadoras das a\u00e7\u00f5es infocomunicacionais do MuDI, pois comunica\u00e7\u00e3o n\u00e3o \u00e9 a simples transposi\u00e7\u00e3o do saber mas sim uma troca horizontalizada e rec\u00edproca, que possibilita o direito efetivo de se pronunciar ao mundo, o <strong>Meu Lugar no MuDI<\/strong> toma para si como eixo central de suas a\u00e7\u00f5es o di\u00e1logo como um pilar da constru\u00e7\u00e3o democr\u00e1tica de uma consci\u00eancia cr\u00edtica acerca dos cen\u00e1rios da pandemia.<\/p>\n\n\n\n<div style=\"height:50px\" aria-hidden=\"true\" class=\"wp-block-spacer\"><\/div>\n\n\n\n<h2 class=\"has-text-align-center wp-block-heading\">Ou\u00e7a agora:<\/h2>\n\n\n\n<ul class=\"wp-block-social-links has-huge-icon-size is-style-logos-only is-horizontal is-content-justification-center is-layout-flex wp-container-core-social-links-is-layout-ecd33c62 wp-block-social-links-is-layout-flex\"><li class=\"wp-social-link wp-social-link-youtube  wp-block-social-link\"><a rel=\"noopener nofollow\" target=\"_blank\" href=\"https:\/\/www.youtube.com\/playlist?list=PLr58PKjWZEIEtrrj7pea1DnSDRy4AdAOY\" class=\"wp-block-social-link-anchor\"><svg width=\"24\" height=\"24\" viewBox=\"0 0 24 24\" version=\"1.1\" xmlns=\"http:\/\/www.w3.org\/2000\/svg\" aria-hidden=\"true\" focusable=\"false\"><path d=\"M21.8,8.001c0,0-0.195-1.378-0.795-1.985c-0.76-0.797-1.613-0.801-2.004-0.847c-2.799-0.202-6.997-0.202-6.997-0.202 h-0.009c0,0-4.198,0-6.997,0.202C4.608,5.216,3.756,5.22,2.995,6.016C2.395,6.623,2.2,8.001,2.2,8.001S2,9.62,2,11.238v1.517 c0,1.618,0.2,3.237,0.2,3.237s0.195,1.378,0.795,1.985c0.761,0.797,1.76,0.771,2.205,0.855c1.6,0.153,6.8,0.201,6.8,0.201 s4.203-0.006,7.001-0.209c0.391-0.047,1.243-0.051,2.004-0.847c0.6-0.607,0.795-1.985,0.795-1.985s0.2-1.618,0.2-3.237v-1.517 C22,9.62,21.8,8.001,21.8,8.001z M9.935,14.594l-0.001-5.62l5.404,2.82L9.935,14.594z\"><\/path><\/svg><span class=\"wp-block-social-link-label screen-reader-text\">YouTube<\/span><\/a><\/li>\n\n<li class=\"wp-social-link wp-social-link-spotify  wp-block-social-link\"><a rel=\"noopener nofollow\" target=\"_blank\" href=\"https:\/\/open.spotify.com\/show\/2Q3VwlwobbUPVFumkRr617\" class=\"wp-block-social-link-anchor\"><svg width=\"24\" height=\"24\" viewBox=\"0 0 24 24\" version=\"1.1\" xmlns=\"http:\/\/www.w3.org\/2000\/svg\" aria-hidden=\"true\" focusable=\"false\"><path d=\"M12,2C6.477,2,2,6.477,2,12c0,5.523,4.477,10,10,10c5.523,0,10-4.477,10-10C22,6.477,17.523,2,12,2 M16.586,16.424 c-0.18,0.295-0.563,0.387-0.857,0.207c-2.348-1.435-5.304-1.76-8.785-0.964c-0.335,0.077-0.67-0.133-0.746-0.469 c-0.077-0.335,0.132-0.67,0.469-0.746c3.809-0.871,7.077-0.496,9.713,1.115C16.673,15.746,16.766,16.13,16.586,16.424 M17.81,13.7 c-0.226,0.367-0.706,0.482-1.072,0.257c-2.687-1.652-6.785-2.131-9.965-1.166C6.36,12.917,5.925,12.684,5.8,12.273 C5.675,11.86,5.908,11.425,6.32,11.3c3.632-1.102,8.147-0.568,11.234,1.328C17.92,12.854,18.035,13.335,17.81,13.7 M17.915,10.865 c-3.223-1.914-8.54-2.09-11.618-1.156C5.804,9.859,5.281,9.58,5.131,9.086C4.982,8.591,5.26,8.069,5.755,7.919 c3.532-1.072,9.404-0.865,13.115,1.338c0.445,0.264,0.59,0.838,0.327,1.282C18.933,10.983,18.359,11.129,17.915,10.865\"><\/path><\/svg><span class=\"wp-block-social-link-label screen-reader-text\">Spotify<\/span><\/a><\/li><\/ul>\n\n\n\n<div style=\"height:50px\" aria-hidden=\"true\" class=\"wp-block-spacer\"><\/div>\n","protected":false},"excerpt":{"rendered":"<p>Sendo o di\u00e1logo uma das ferramentas balizadoras das a\u00e7\u00f5es infocomunicacionais do MuDI, pois comunica\u00e7\u00e3o n\u00e3o \u00e9 a simples transposi\u00e7\u00e3o do saber mas sim uma troca horizontalizada e rec\u00edproca, que possibilita o direito efetivo de se pronunciar ao mundo, o Meu Lugar no MuDI toma para si como eixo central de suas a\u00e7\u00f5es o di\u00e1logo como [&hellip;]<\/p>\n","protected":false},"author":20,"featured_media":0,"parent":0,"menu_order":0,"comment_status":"closed","ping_status":"closed","template":"","meta":{"footnotes":""},"class_list":["post-5438","page","type-page","status-publish","hentry"],"jetpack_sharing_enabled":true,"_links":{"self":[{"href":"https:\/\/acervosvirtuais.ufpel.edu.br\/mudi\/wp-json\/wp\/v2\/pages\/5438","targetHints":{"allow":["GET"]}}],"collection":[{"href":"https:\/\/acervosvirtuais.ufpel.edu.br\/mudi\/wp-json\/wp\/v2\/pages"}],"about":[{"href":"https:\/\/acervosvirtuais.ufpel.edu.br\/mudi\/wp-json\/wp\/v2\/types\/page"}],"author":[{"embeddable":true,"href":"https:\/\/acervosvirtuais.ufpel.edu.br\/mudi\/wp-json\/wp\/v2\/users\/20"}],"replies":[{"embeddable":true,"href":"https:\/\/acervosvirtuais.ufpel.edu.br\/mudi\/wp-json\/wp\/v2\/comments?post=5438"}],"version-history":[{"count":4,"href":"https:\/\/acervosvirtuais.ufpel.edu.br\/mudi\/wp-json\/wp\/v2\/pages\/5438\/revisions"}],"predecessor-version":[{"id":5466,"href":"https:\/\/acervosvirtuais.ufpel.edu.br\/mudi\/wp-json\/wp\/v2\/pages\/5438\/revisions\/5466"}],"wp:attachment":[{"href":"https:\/\/acervosvirtuais.ufpel.edu.br\/mudi\/wp-json\/wp\/v2\/media?parent=5438"}],"curies":[{"name":"wp","href":"https:\/\/api.w.org\/{rel}","templated":true}]}}