{"id":8780,"date":"2025-02-15T13:22:38","date_gmt":"2025-02-15T16:22:38","guid":{"rendered":"https:\/\/acervosvirtuais.ufpel.edu.br\/mestragriosirleyamaro\/?page_id=8780"},"modified":"2025-02-15T13:35:55","modified_gmt":"2025-02-15T16:35:55","slug":"vivencia-grio-exposicao-objetos-tempo-2016","status":"publish","type":"page","link":"https:\/\/acervosvirtuais.ufpel.edu.br\/mestragriosirleyamaro\/acoes-grio\/vivencia-grio-exposicao-objetos-tempo-2016\/","title":{"rendered":"Viv\u00eancia Gri\u00f4: Exposi\u00e7\u00e3o Objetos-Tempo 2016"},"content":{"rendered":"\n<p><\/p>\n\n\n\n<p><\/p>\n\n\n\n<div class=\"wp-block-tainacan-carousel-items-list\" data-module=\"carousel-items-list\" data-search-url=\"\" data-selected-items=\"[]\" data-arrows-position=\"around\" data-load-strategy=\"selection\" data-collection-id=\"6563\" data-auto-play=\"false\" data-auto-play-speed=\"3\" data-loop-slides=\"false\" data-hide-title=\"true\" data-large-arrows=\"false\" data-arrows-style=\"type-1\" data-image-size=\"tainacan-medium\" data-show-collection-header=\"false\" data-show-collection-label=\"false\" data-collection-background-color=\"#373839\" data-collection-text-color=\"#ffffff\" data-max-items-number=\"12\" data-max-items-per-screen=\"7\" data-space-between-items=\"32\" data-space-around-carousel=\"50\" data-tainacan-api-root=\"https:\/\/acervosvirtuais.ufpel.edu.br\/mestragriosirleyamaro\/wp-json\/tainacan\/v2\" data-variable-items-width=\"false\" id=\"wp-block-tainacan-carousel-items-list_4d9a2f5c-0e9d-47ba-aecf-dbb88d9d65c1\"><div><\/div><\/div>\n\n\n\n<div class=\"wp-block-query alignwide is-layout-flow wp-block-query-is-layout-flow\">\n<p><\/p>\n\n\n\n<p><\/p>\n\n\n\n<div class=\"wp-block-tainacan-dynamic-items-list\" data-module=\"dynamic-items-list\" data-search-url=\"https:\/\/acervosvirtuais.ufpel.edu.br\/mestragriosirleyamaro\/wp-admin\/?itemsSearchSelectionMode=true&amp;page=tainacan_admin#\/collections\/6563\/items\/?status=publish&amp;admin_view_mode=table&amp;perpage=96&amp;paged=1&amp;order=ASC&amp;orderby=date&amp;fetch_only=thumbnail&amp;fetch_only_meta=6571\" data-selected-items=\"[]\" data-collection-id=\"6563\" data-show-image=\"true\" data-show-name=\"true\" data-show-search-bar=\"false\" data-show-collection-header=\"false\" data-show-collection-label=\"false\" data-image-size=\"tainacan-medium\" data-layout=\"grid\" data-load-strategy=\"search\" data-mosaic-height=\"280\" data-mosaic-density=\"5\" data-mosaic-grid-rows=\"3\" data-mosaic-grid-columns=\"3\" data-mosaic-item-focal-point-x=\"0.5\" data-mosaic-item-focal-point-y=\"0.5\" data-max-columns-count=\"4\" data-collection-background-color=\"#373839\" data-collection-text-color=\"#ffffff\" data-grid-margin=\"0\" data-max-items-number=\"12\" data-order=\"ASC\" data-order-by=\"date\" data-order-by-meta-key=\"\" data-tainacan-view-mode=\"masonry\" data-tainacan-api-root=\"https:\/\/acervosvirtuais.ufpel.edu.br\/mestragriosirleyamaro\/wp-json\/tainacan\/v2\" id=\"wp-block-tainacan-dynamic-items-list_1c4b105d-5342-45c4-8079-0ddc8b8c7c5b\"><div><\/div><\/div>\n<\/div>\n","protected":false},"excerpt":{"rendered":"","protected":false},"author":32,"featured_media":0,"parent":629,"menu_order":1,"comment_status":"closed","ping_status":"closed","template":"","meta":{"footnotes":""},"class_list":["post-8780","page","type-page","status-publish","hentry"],"_links":{"self":[{"href":"https:\/\/acervosvirtuais.ufpel.edu.br\/mestragriosirleyamaro\/wp-json\/wp\/v2\/pages\/8780","targetHints":{"allow":["GET"]}}],"collection":[{"href":"https:\/\/acervosvirtuais.ufpel.edu.br\/mestragriosirleyamaro\/wp-json\/wp\/v2\/pages"}],"about":[{"href":"https:\/\/acervosvirtuais.ufpel.edu.br\/mestragriosirleyamaro\/wp-json\/wp\/v2\/types\/page"}],"author":[{"embeddable":true,"href":"https:\/\/acervosvirtuais.ufpel.edu.br\/mestragriosirleyamaro\/wp-json\/wp\/v2\/users\/32"}],"replies":[{"embeddable":true,"href":"https:\/\/acervosvirtuais.ufpel.edu.br\/mestragriosirleyamaro\/wp-json\/wp\/v2\/comments?post=8780"}],"version-history":[{"count":8,"href":"https:\/\/acervosvirtuais.ufpel.edu.br\/mestragriosirleyamaro\/wp-json\/wp\/v2\/pages\/8780\/revisions"}],"predecessor-version":[{"id":8790,"href":"https:\/\/acervosvirtuais.ufpel.edu.br\/mestragriosirleyamaro\/wp-json\/wp\/v2\/pages\/8780\/revisions\/8790"}],"up":[{"embeddable":true,"href":"https:\/\/acervosvirtuais.ufpel.edu.br\/mestragriosirleyamaro\/wp-json\/wp\/v2\/pages\/629"}],"wp:attachment":[{"href":"https:\/\/acervosvirtuais.ufpel.edu.br\/mestragriosirleyamaro\/wp-json\/wp\/v2\/media?parent=8780"}],"curies":[{"name":"wp","href":"https:\/\/api.w.org\/{rel}","templated":true}]}}