{"id":8771,"date":"2025-02-15T13:05:59","date_gmt":"2025-02-15T16:05:59","guid":{"rendered":"https:\/\/acervosvirtuais.ufpel.edu.br\/mestragriosirleyamaro\/?page_id=8771"},"modified":"2025-02-15T13:06:20","modified_gmt":"2025-02-15T16:06:20","slug":"a-paixao-de-contar-as-saias-da-mestra-grio-sirley-amaro-tem-ciencia-preta-aqui-2023","status":"publish","type":"page","link":"https:\/\/acervosvirtuais.ufpel.edu.br\/mestragriosirleyamaro\/mostras\/a-paixao-de-contar-as-saias-da-mestra-grio-sirley-amaro-tem-ciencia-preta-aqui-2023\/","title":{"rendered":"A paix\u00e3o de contar: As saias da Mestra Gri\u00f4 Sirley Amaro &#8211; Tem ci\u00eancia Preta Aqui &#8211; 2023"},"content":{"rendered":"\n<p><\/p>\n\n\n\n<blockquote class=\"wp-block-quote is-layout-flow wp-block-quote-is-layout-flow\">\n<p>Data: 07\/12\/2023 at\u00e9 15\/12\/2023<\/p>\n\n\n\n<p>Local: Espa\u00e7o expositivo do CEHUS- UFPel;<\/p>\n\n\n\n<p>Respons\u00e1veis pela a\u00e7\u00e3o: Grupo de Pesquisa: Orin \u00c8k\u00f3: Musicalidades, Mem\u00f3rias e Cultura e PET Fronteiras: Saberes e pr\u00e1ticas populares.<\/p>\n<\/blockquote>\n\n\n\n<p><\/p>\n","protected":false},"excerpt":{"rendered":"<p>Data: 07\/12\/2023 at\u00e9 15\/12\/2023 Local: Espa\u00e7o expositivo do CEHUS- UFPel; Respons\u00e1veis pela a\u00e7\u00e3o: Grupo de Pesquisa: Orin \u00c8k\u00f3: Musicalidades, Mem\u00f3rias e Cultura e PET Fronteiras: Saberes e pr\u00e1ticas populares.<\/p>\n","protected":false},"author":32,"featured_media":0,"parent":563,"menu_order":3,"comment_status":"closed","ping_status":"closed","template":"","meta":{"footnotes":""},"class_list":["post-8771","page","type-page","status-publish","hentry"],"_links":{"self":[{"href":"https:\/\/acervosvirtuais.ufpel.edu.br\/mestragriosirleyamaro\/wp-json\/wp\/v2\/pages\/8771","targetHints":{"allow":["GET"]}}],"collection":[{"href":"https:\/\/acervosvirtuais.ufpel.edu.br\/mestragriosirleyamaro\/wp-json\/wp\/v2\/pages"}],"about":[{"href":"https:\/\/acervosvirtuais.ufpel.edu.br\/mestragriosirleyamaro\/wp-json\/wp\/v2\/types\/page"}],"author":[{"embeddable":true,"href":"https:\/\/acervosvirtuais.ufpel.edu.br\/mestragriosirleyamaro\/wp-json\/wp\/v2\/users\/32"}],"replies":[{"embeddable":true,"href":"https:\/\/acervosvirtuais.ufpel.edu.br\/mestragriosirleyamaro\/wp-json\/wp\/v2\/comments?post=8771"}],"version-history":[{"count":1,"href":"https:\/\/acervosvirtuais.ufpel.edu.br\/mestragriosirleyamaro\/wp-json\/wp\/v2\/pages\/8771\/revisions"}],"predecessor-version":[{"id":8773,"href":"https:\/\/acervosvirtuais.ufpel.edu.br\/mestragriosirleyamaro\/wp-json\/wp\/v2\/pages\/8771\/revisions\/8773"}],"up":[{"embeddable":true,"href":"https:\/\/acervosvirtuais.ufpel.edu.br\/mestragriosirleyamaro\/wp-json\/wp\/v2\/pages\/563"}],"wp:attachment":[{"href":"https:\/\/acervosvirtuais.ufpel.edu.br\/mestragriosirleyamaro\/wp-json\/wp\/v2\/media?parent=8771"}],"curies":[{"name":"wp","href":"https:\/\/api.w.org\/{rel}","templated":true}]}}