{"id":546,"date":"2024-09-06T15:22:27","date_gmt":"2024-09-06T18:22:27","guid":{"rendered":"https:\/\/acervosvirtuais.ufpel.edu.br\/mestragriosirleyamaro\/?page_id=546"},"modified":"2025-02-15T12:15:15","modified_gmt":"2025-02-15T15:15:15","slug":"cogumelinho","status":"publish","type":"page","link":"https:\/\/acervosvirtuais.ufpel.edu.br\/mestragriosirleyamaro\/cogumelinho\/","title":{"rendered":"Pesquisas"},"content":{"rendered":"\n<blockquote class=\"wp-block-quote is-layout-flow wp-block-quote-is-layout-flow\">\n<p>produ\u00e7\u00f5es acad\u00eamicas sobre as viv\u00eancias da Mestra<\/p>\n<\/blockquote>\n\n\n\n<div class=\"wp-block-media-text is-stacked-on-mobile\"><figure class=\"wp-block-media-text__media\"><img loading=\"lazy\" decoding=\"async\" width=\"1024\" height=\"683\" src=\"https:\/\/acervosvirtuais.ufpel.edu.br\/mestragriosirleyamaro\/wp-content\/uploads\/sites\/21\/tainacan-items\/109\/459\/30698605360_c04e09f56f_b.jpg\" alt=\"\" class=\"wp-image-460 size-full\" srcset=\"https:\/\/acervosvirtuais.ufpel.edu.br\/mestragriosirleyamaro\/wp-content\/uploads\/sites\/21\/tainacan-items\/109\/459\/30698605360_c04e09f56f_b.jpg 1024w, https:\/\/acervosvirtuais.ufpel.edu.br\/mestragriosirleyamaro\/wp-content\/uploads\/sites\/21\/tainacan-items\/109\/459\/30698605360_c04e09f56f_b-400x267.jpg 400w, https:\/\/acervosvirtuais.ufpel.edu.br\/mestragriosirleyamaro\/wp-content\/uploads\/sites\/21\/tainacan-items\/109\/459\/30698605360_c04e09f56f_b-768x512.jpg 768w, https:\/\/acervosvirtuais.ufpel.edu.br\/mestragriosirleyamaro\/wp-content\/uploads\/sites\/21\/tainacan-items\/109\/459\/30698605360_c04e09f56f_b-205x137.jpg 205w, https:\/\/acervosvirtuais.ufpel.edu.br\/mestragriosirleyamaro\/wp-content\/uploads\/sites\/21\/tainacan-items\/109\/459\/30698605360_c04e09f56f_b-480x320.jpg 480w\" sizes=\"auto, (max-width: 1024px) 100vw, 1024px\" \/><\/figure><div class=\"wp-block-media-text__content\">\n<p>A pedagogia do fuxico: saberes e viv\u00eancias de um Gri\u00f4 Aprendiz ao ritmo de Sirley Amaro. <\/p>\n\n\n\n<p>Autor: Dr. Felipe Martins<\/p>\n\n\n\n<p><a href=\"https:\/\/guaiaca.ufpel.edu.br\/handle\/prefix\/9501\" data-type=\"link\" data-id=\"https:\/\/guaiaca.ufpel.edu.br\/handle\/prefix\/9501\">https:\/\/guaiaca.ufpel.edu.br\/handle\/prefix\/9501<\/a><\/p>\n<\/div><\/div>\n\n\n\n<div class=\"wp-block-media-text is-stacked-on-mobile\"><figure class=\"wp-block-media-text__media\"><img loading=\"lazy\" decoding=\"async\" width=\"1024\" height=\"768\" src=\"https:\/\/acervosvirtuais.ufpel.edu.br\/mestragriosirleyamaro\/wp-content\/uploads\/sites\/21\/2024\/09\/SAM_0392-1024x768.jpg\" alt=\"\" class=\"wp-image-556 size-full\" srcset=\"https:\/\/acervosvirtuais.ufpel.edu.br\/mestragriosirleyamaro\/wp-content\/uploads\/sites\/21\/2024\/09\/SAM_0392-1024x768.jpg 1024w, https:\/\/acervosvirtuais.ufpel.edu.br\/mestragriosirleyamaro\/wp-content\/uploads\/sites\/21\/2024\/09\/SAM_0392-400x300.jpg 400w, https:\/\/acervosvirtuais.ufpel.edu.br\/mestragriosirleyamaro\/wp-content\/uploads\/sites\/21\/2024\/09\/SAM_0392-768x576.jpg 768w, https:\/\/acervosvirtuais.ufpel.edu.br\/mestragriosirleyamaro\/wp-content\/uploads\/sites\/21\/2024\/09\/SAM_0392-1536x1152.jpg 1536w, https:\/\/acervosvirtuais.ufpel.edu.br\/mestragriosirleyamaro\/wp-content\/uploads\/sites\/21\/2024\/09\/SAM_0392-2048x1536.jpg 2048w, https:\/\/acervosvirtuais.ufpel.edu.br\/mestragriosirleyamaro\/wp-content\/uploads\/sites\/21\/2024\/09\/SAM_0392-205x154.jpg 205w, https:\/\/acervosvirtuais.ufpel.edu.br\/mestragriosirleyamaro\/wp-content\/uploads\/sites\/21\/2024\/09\/SAM_0392-480x360.jpg 480w\" sizes=\"auto, (max-width: 1024px) 100vw, 1024px\" \/><\/figure><div class=\"wp-block-media-text__content\">\n<p>\u00c9 pela arte toda, pela hist\u00f3ria de vida: as representa\u00e7\u00f5es da m\u00fasica nas Viv\u00eancias Gri\u00f4, da Mestra Sirley Amaro.<\/p>\n\n\n\n<p>Autor: Dr. Felipe Martins<\/p>\n\n\n<a class=\"wp-block-read-more\" href=\"https:\/\/acervosvirtuais.ufpel.edu.br\/mestragriosirleyamaro\/cogumelinho\/\" target=\"_self\">https:\/\/guaiaca.ufpel.edu.br\/handle\/prefix\/4388<span class=\"screen-reader-text\">: Pesquisas<\/span><\/a><\/div><\/div>\n\n\n\n<p><\/p>\n","protected":false},"excerpt":{"rendered":"<p>produ\u00e7\u00f5es acad\u00eamicas sobre as viv\u00eancias da Mestra A pedagogia do fuxico: saberes e viv\u00eancias de um Gri\u00f4 Aprendiz ao ritmo de Sirley Amaro. Autor: Dr. Felipe Martins https:\/\/guaiaca.ufpel.edu.br\/handle\/prefix\/9501<\/p>\n","protected":false},"author":32,"featured_media":0,"parent":0,"menu_order":6,"comment_status":"closed","ping_status":"closed","template":"","meta":{"footnotes":""},"class_list":["post-546","page","type-page","status-publish","hentry"],"_links":{"self":[{"href":"https:\/\/acervosvirtuais.ufpel.edu.br\/mestragriosirleyamaro\/wp-json\/wp\/v2\/pages\/546","targetHints":{"allow":["GET"]}}],"collection":[{"href":"https:\/\/acervosvirtuais.ufpel.edu.br\/mestragriosirleyamaro\/wp-json\/wp\/v2\/pages"}],"about":[{"href":"https:\/\/acervosvirtuais.ufpel.edu.br\/mestragriosirleyamaro\/wp-json\/wp\/v2\/types\/page"}],"author":[{"embeddable":true,"href":"https:\/\/acervosvirtuais.ufpel.edu.br\/mestragriosirleyamaro\/wp-json\/wp\/v2\/users\/32"}],"replies":[{"embeddable":true,"href":"https:\/\/acervosvirtuais.ufpel.edu.br\/mestragriosirleyamaro\/wp-json\/wp\/v2\/comments?post=546"}],"version-history":[{"count":7,"href":"https:\/\/acervosvirtuais.ufpel.edu.br\/mestragriosirleyamaro\/wp-json\/wp\/v2\/pages\/546\/revisions"}],"predecessor-version":[{"id":8808,"href":"https:\/\/acervosvirtuais.ufpel.edu.br\/mestragriosirleyamaro\/wp-json\/wp\/v2\/pages\/546\/revisions\/8808"}],"wp:attachment":[{"href":"https:\/\/acervosvirtuais.ufpel.edu.br\/mestragriosirleyamaro\/wp-json\/wp\/v2\/media?parent=546"}],"curies":[{"name":"wp","href":"https:\/\/api.w.org\/{rel}","templated":true}]}}