{"id":2,"date":"2023-10-26T09:19:50","date_gmt":"2023-10-26T12:19:50","guid":{"rendered":"https:\/\/acervosvirtuais.ufpel.edu.br\/mestragriosirleyamaro\/?page_id=2"},"modified":"2025-02-15T12:49:03","modified_gmt":"2025-02-15T15:49:03","slug":"pagina-exemplo","status":"publish","type":"page","link":"https:\/\/acervosvirtuais.ufpel.edu.br\/mestragriosirleyamaro\/","title":{"rendered":"Ben\u00e7\u00e3o"},"content":{"rendered":"\n<p><\/p>\n\n\n\n<p class=\"has-text-align-center\">Pedimos \u00e0 ben\u00e7\u00e3o aos mais velhos&#8230; \u00e0 ben\u00e7\u00e3o aos pais&#8230; \u00e0 ben\u00e7\u00e3o aos av\u00f3s&#8230; \u00e0 ben\u00e7\u00e3o aos bisav\u00f3s&#8230; \u00e0 ben\u00e7\u00e3o aos tatarav\u00f3s&#8230; \u00e0 ben\u00e7\u00e3o de todos aqueles abrem os caminhos de l\u00e1 e de c\u00e1 para que nossa jornada siga! <\/p>\n\n\n\n<p class=\"has-text-align-center\">O Memorial Mestra Gri\u00f4 Sirley Amaro \u00e9 um espa\u00e7o virtual de divulga\u00e7\u00e3o, pesquisa e acervo  de todo legado desta mulher \u00edmpar que levou e continua levando a cultura da cidade de Pelotas pelo mundo todo!<\/p>\n\n\n\n<p><\/p>\n\n\n<div class=\"wp-block-image\">\n<figure class=\"aligncenter size-large\"><img loading=\"lazy\" decoding=\"async\" width=\"1024\" height=\"683\" src=\"https:\/\/acervosvirtuais.ufpel.edu.br\/mestragriosirleyamaro\/wp-content\/uploads\/sites\/21\/2024\/09\/IMG_5851-1024x683.jpg\" alt=\"\" class=\"wp-image-577\" srcset=\"https:\/\/acervosvirtuais.ufpel.edu.br\/mestragriosirleyamaro\/wp-content\/uploads\/sites\/21\/2024\/09\/IMG_5851-1024x683.jpg 1024w, https:\/\/acervosvirtuais.ufpel.edu.br\/mestragriosirleyamaro\/wp-content\/uploads\/sites\/21\/2024\/09\/IMG_5851-400x267.jpg 400w, https:\/\/acervosvirtuais.ufpel.edu.br\/mestragriosirleyamaro\/wp-content\/uploads\/sites\/21\/2024\/09\/IMG_5851-768x512.jpg 768w, https:\/\/acervosvirtuais.ufpel.edu.br\/mestragriosirleyamaro\/wp-content\/uploads\/sites\/21\/2024\/09\/IMG_5851-1536x1024.jpg 1536w, https:\/\/acervosvirtuais.ufpel.edu.br\/mestragriosirleyamaro\/wp-content\/uploads\/sites\/21\/2024\/09\/IMG_5851-2048x1365.jpg 2048w, https:\/\/acervosvirtuais.ufpel.edu.br\/mestragriosirleyamaro\/wp-content\/uploads\/sites\/21\/2024\/09\/IMG_5851-205x137.jpg 205w, https:\/\/acervosvirtuais.ufpel.edu.br\/mestragriosirleyamaro\/wp-content\/uploads\/sites\/21\/2024\/09\/IMG_5851-480x320.jpg 480w\" sizes=\"auto, (max-width: 1024px) 100vw, 1024px\" \/><\/figure>\n<\/div>\n\n\n<p><\/p>\n\n\n\n<p>O tempo cronol\u00f3gico passa paulatinamente&#8230;Com o balan\u00e7o e nos passos da Mestra Gri\u00f4 Sirley Amaro seguimos a luta pela valoriza\u00e7\u00e3o da cultura negra na cidade de Pelotas&#8230; <\/p>\n\n\n\n<div class=\"wp-block-group\"><div class=\"wp-block-group__inner-container is-layout-constrained wp-block-group-is-layout-constrained\">\n<figure class=\"wp-block-video aligncenter\"><video height=\"1080\" style=\"aspect-ratio: 1920 \/ 1080;\" width=\"1920\" controls src=\"https:\/\/acervosvirtuais.ufpel.edu.br\/mestragriosirleyamaro\/wp-content\/uploads\/sites\/21\/2024\/09\/VID_20190310_180651697.mp4\"><\/video><figcaption class=\"wp-element-caption\">Mestra no desfile de carnaval em 2019 na Escola de Samba Mirim do Mickey<\/figcaption><\/figure>\n<\/div><\/div>\n\n\n\n<p><\/p>\n","protected":false},"excerpt":{"rendered":"<p>Pedimos \u00e0 ben\u00e7\u00e3o aos mais velhos&#8230; \u00e0 ben\u00e7\u00e3o aos pais&#8230; \u00e0 ben\u00e7\u00e3o aos av\u00f3s&#8230; \u00e0 ben\u00e7\u00e3o aos bisav\u00f3s&#8230; \u00e0 ben\u00e7\u00e3o aos tatarav\u00f3s&#8230; \u00e0 ben\u00e7\u00e3o de todos aqueles abrem os caminhos de l\u00e1 e de c\u00e1 para que nossa jornada siga! O Memorial Mestra Gri\u00f4 Sirley Amaro \u00e9 um espa\u00e7o virtual de divulga\u00e7\u00e3o, pesquisa e acervo &hellip; <a href=\"https:\/\/acervosvirtuais.ufpel.edu.br\/mestragriosirleyamaro\/\" class=\"more-link\">Continue lendo <span class=\"screen-reader-text\">Ben\u00e7\u00e3o<\/span> <span class=\"meta-nav\">&rarr;<\/span><\/a><\/p>\n","protected":false},"author":32,"featured_media":0,"parent":0,"menu_order":1,"comment_status":"closed","ping_status":"closed","template":"","meta":{"footnotes":""},"class_list":["post-2","page","type-page","status-publish","hentry"],"_links":{"self":[{"href":"https:\/\/acervosvirtuais.ufpel.edu.br\/mestragriosirleyamaro\/wp-json\/wp\/v2\/pages\/2","targetHints":{"allow":["GET"]}}],"collection":[{"href":"https:\/\/acervosvirtuais.ufpel.edu.br\/mestragriosirleyamaro\/wp-json\/wp\/v2\/pages"}],"about":[{"href":"https:\/\/acervosvirtuais.ufpel.edu.br\/mestragriosirleyamaro\/wp-json\/wp\/v2\/types\/page"}],"author":[{"embeddable":true,"href":"https:\/\/acervosvirtuais.ufpel.edu.br\/mestragriosirleyamaro\/wp-json\/wp\/v2\/users\/32"}],"replies":[{"embeddable":true,"href":"https:\/\/acervosvirtuais.ufpel.edu.br\/mestragriosirleyamaro\/wp-json\/wp\/v2\/comments?post=2"}],"version-history":[{"count":10,"href":"https:\/\/acervosvirtuais.ufpel.edu.br\/mestragriosirleyamaro\/wp-json\/wp\/v2\/pages\/2\/revisions"}],"predecessor-version":[{"id":8758,"href":"https:\/\/acervosvirtuais.ufpel.edu.br\/mestragriosirleyamaro\/wp-json\/wp\/v2\/pages\/2\/revisions\/8758"}],"wp:attachment":[{"href":"https:\/\/acervosvirtuais.ufpel.edu.br\/mestragriosirleyamaro\/wp-json\/wp\/v2\/media?parent=2"}],"curies":[{"name":"wp","href":"https:\/\/api.w.org\/{rel}","templated":true}]}}