{"id":34,"date":"2021-06-07T14:33:58","date_gmt":"2021-06-07T17:33:58","guid":{"rendered":"https:\/\/acervosvirtuais.ufpel.edu.br\/labdocmuse\/?page_id=34"},"modified":"2022-06-22T16:18:19","modified_gmt":"2022-06-22T19:18:19","slug":"equipe","status":"publish","type":"page","link":"https:\/\/acervosvirtuais.ufpel.edu.br\/labdocmuse\/equipe\/","title":{"rendered":"Equipe"},"content":{"rendered":"\n<p>Coordenador(a):<br><br><strong>Dr\u00aa. Noris Mara Pacheco Martins Leal<\/strong> (UFPel)<br>Graduada e mestre em Hist\u00f3ria, Especialista em Museologia, Doutora em Mem\u00f3ria Social e Patrim\u00f4nio Cultural \u2013 Professora Adjunta do Bacharelado em Museologia (UFPel)<br><br>Colaboradores:<br><br><strong>Ana Laura Siqueira Foltran<\/strong> (Hist\u00f3ria)<br>Graduanda em Hist\u00f3ria (UFPel)<br><br><strong>Amanda Ferreira De Gon\u00e7alves<\/strong> (Museologia)<br>Graduanda em Museologia (UFPel)<br><br><strong>Claudia Abraao Dos Santos Celente<\/strong> (Museologia)<br>Graduanda em Museologia (UFPel) &#8211; Bolsista pelo Programa de Bolsas Acad\u00eamicas (PBA) na Modalidade Inicia\u00e7\u00e3o \u00e0 Extens\u00e3o no projeto Documenta\u00e7\u00e3o Museol\u00f3gica como Ferramenta de Comunica\u00e7\u00e3o com a Comunidade. <br><br><strong>Gabriela Teixeira<\/strong> (Hist\u00f3ria)<br>Graduanda em Hist\u00f3ria (UFPel)<br><br><strong>Jossana Peil Coelho<\/strong> (PPGMP)<br>Doutoranda no Programa de P\u00f3s-Gradua\u00e7\u00e3o em Mem\u00f3ria Social e Patrim\u00f4nio Cultural da Universidade Federal de Pelotas (UFPel). Possui gradua\u00e7\u00e3o em Arquitetura e Urbanismo e Bacharelado em Museologia, ambas pela (UFPel), (2008 e 2014 respectivamente), mestre em Mem\u00f3ria Social e Patrim\u00f4nio Cultural, tamb\u00e9m pela (UFPel)<br><br><strong>Kamile Muller<\/strong> (Museologia)<br>Graduanda em Museologia (UFPel)<br><br><strong>Matheus Cruz<\/strong> (Museu do Doce\/UFPel)<br>Bacharel em Museologia \u2013 UFPel; Mestre em Mem\u00f3ria Social e Patrim\u00f4nio Cultural (UFPel) e Muse\u00f3logo no Museu do Doce (UFPel)<br><br><strong>Mariana Brauner Lobato<\/strong> (Museologia)<br>Graduanda em Museologia (UFPel)<br><br><strong>Miri\u00e3 Da Mota Manoel<\/strong> (Museologia)<br>Graduanda em Museologia (UFPel)<br><br><strong>Renan Marques Azevedo da Mata<\/strong> (Museologia)<br>Graduando em Museologia (UFPel) &#8211; Bolsista pelo Programa de Bolsas Acad\u00eamicas (PBA) na Modalidade Inicia\u00e7\u00e3o ao Ensino do projeto Organiza\u00e7\u00e3o da Documenta\u00e7\u00e3o Museol\u00f3gica do Museu do Doce da UFPel (2021). <br><br><strong>Rubia Karine Venancio Da Silva<\/strong> (Hist\u00f3ria)<br>Graduanda em Hist\u00f3ria (UFPel)<\/p>\n","protected":false},"excerpt":{"rendered":"<p>Coordenador(a): Dr\u00aa. Noris Mara Pacheco Martins Leal (UFPel)Graduada e mestre em Hist\u00f3ria, Especialista em Museologia, Doutora em Mem\u00f3ria Social e Patrim\u00f4nio Cultural \u2013 Professora Adjunta do Bacharelado em Museologia (UFPel) Colaboradores: Ana Laura Siqueira Foltran (Hist\u00f3ria)Graduanda em Hist\u00f3ria (UFPel) Amanda Ferreira De Gon\u00e7alves (Museologia)Graduanda em Museologia (UFPel) Claudia Abraao Dos Santos Celente (Museologia)Graduanda em Museologia [&hellip;]<\/p>\n","protected":false},"author":15,"featured_media":0,"parent":0,"menu_order":0,"comment_status":"closed","ping_status":"closed","template":"","meta":{"footnotes":""},"class_list":["post-34","page","type-page","status-publish","hentry"],"_links":{"self":[{"href":"https:\/\/acervosvirtuais.ufpel.edu.br\/labdocmuse\/wp-json\/wp\/v2\/pages\/34","targetHints":{"allow":["GET"]}}],"collection":[{"href":"https:\/\/acervosvirtuais.ufpel.edu.br\/labdocmuse\/wp-json\/wp\/v2\/pages"}],"about":[{"href":"https:\/\/acervosvirtuais.ufpel.edu.br\/labdocmuse\/wp-json\/wp\/v2\/types\/page"}],"author":[{"embeddable":true,"href":"https:\/\/acervosvirtuais.ufpel.edu.br\/labdocmuse\/wp-json\/wp\/v2\/users\/15"}],"replies":[{"embeddable":true,"href":"https:\/\/acervosvirtuais.ufpel.edu.br\/labdocmuse\/wp-json\/wp\/v2\/comments?post=34"}],"version-history":[{"count":8,"href":"https:\/\/acervosvirtuais.ufpel.edu.br\/labdocmuse\/wp-json\/wp\/v2\/pages\/34\/revisions"}],"predecessor-version":[{"id":98,"href":"https:\/\/acervosvirtuais.ufpel.edu.br\/labdocmuse\/wp-json\/wp\/v2\/pages\/34\/revisions\/98"}],"wp:attachment":[{"href":"https:\/\/acervosvirtuais.ufpel.edu.br\/labdocmuse\/wp-json\/wp\/v2\/media?parent=34"}],"curies":[{"name":"wp","href":"https:\/\/api.w.org\/{rel}","templated":true}]}}