{"id":82,"date":"2025-11-06T10:47:44","date_gmt":"2025-11-06T13:47:44","guid":{"rendered":"https:\/\/acervosvirtuais.ufpel.edu.br\/historiaspoucocontadas\/?page_id=82"},"modified":"2025-11-11T12:23:01","modified_gmt":"2025-11-11T15:23:01","slug":"equipe","status":"publish","type":"page","link":"https:\/\/acervosvirtuais.ufpel.edu.br\/historiaspoucocontadas\/equipe\/","title":{"rendered":"Equipe"},"content":{"rendered":"\n<p>Profa. Dra. Lorena Almeida Gill<br>Coordenadora do N\u00facleo de Documenta\u00e7\u00e3o Hist\u00f3rica da UFPel &#8211; Profa. Beatriz Loner<br>Coordenadora do Programa de P\u00f3s-Gradua\u00e7\u00e3o em Hist\u00f3ria da UFPel<br><a href=\"http:\/\/lattes.cnpq.br\/6761690884628276\" target=\"_blank\" rel=\"noreferrer noopener\"><em><sub>Lattes<\/sub><\/em><\/a><\/p>\n\n\n\n<p>Prof. Dr. Caiu\u00e1 Cardoso Al-Alan<br>Universidade Federal do Pampa &#8211; GEESPA<br><em><sub><a href=\"http:\/\/lattes.cnpq.br\/3233877111687799\" target=\"_blank\" rel=\"noreferrer noopener\">Lattes<\/a><\/sub><\/em><\/p>\n\n\n\n<p>Profa. Dra. Carla Silva de \u00c1vila<br>Programa de P\u00f3s Gradua\u00e7\u00e3o Pol\u00edtica Social e Direitos Humanos &#8211; UCPel<br><em><sub><a href=\"http:\/\/lattes.cnpq.br\/6274362151626610\" target=\"_blank\" rel=\"noreferrer noopener\">Lattes<\/a><\/sub><\/em><\/p>\n\n\n\n<p>Profa. Dra. D\u00e9bora Clasen de Paula<br>Universidade Federal do Pampa &#8211; GEESPA<br><sub><em><a href=\"http:\/\/lattes.cnpq.br\/6282068158845045\" target=\"_blank\" rel=\"noreferrer noopener\">Lattes<\/a><\/em><\/sub><\/p>\n\n\n\n<p>Profa. Dra. Fernanda Oliveira da Silva<br>Universidade Federal do Rio Grande do Sul<br>GT Emancipa\u00e7\u00f5es e P\u00f3s-Aboli\u00e7\u00e3o ANPUH<br><em><sub><a href=\"http:\/\/lattes.cnpq.br\/2707940149001288\" target=\"_blank\" rel=\"noreferrer noopener\">Lattes<\/a><\/sub><\/em><\/p>\n\n\n\n<p>Prof. Dr. Jonas Moreira Vargas<br>Universidade Federal de Pelotas &#8211; NDH\/PPGH<br><em><sub><a href=\"http:\/\/lattes.cnpq.br\/6511913807881617\" target=\"_blank\" rel=\"noreferrer noopener\">Lattes<\/a><\/sub><\/em><\/p>\n\n\n\n<p>Profa. Dra. Nat\u00e1lia Garcia Pinto<br>Universidade Federal de Pelotas &#8211; NDH\/PPGH<br><em><sub><a href=\"http:\/\/lattes.cnpq.br\/1246443485105018\" target=\"_blank\" rel=\"noreferrer noopener\">Lattes<\/a><\/sub><\/em><\/p>\n\n\n\n<p>Prof. Dr. Vinicius Pereira de Oliveira (Vinicius de Aganju &#8211; Batuque de Na\u00e7\u00e3o Ijex\u00e1-Jeje)<br>Professor do IFSUL (Campus Pelotas Visconde da Gra\u00e7a)<br>Membro do GIPE (Grupo interdisciplinar de extens\u00e3o, ensino e pesquisa em pol\u00edtica&nbsp;de&nbsp;educa\u00e7\u00e3o)<br><em><sub><a href=\"http:\/\/lattes.cnpq.br\/3431926935198063\" target=\"_blank\" rel=\"noreferrer noopener\">Lattes<\/a><\/sub><\/em><\/p>\n\n\n\n<p>Dra. Cl\u00e1udia Daiane Garcia Molet<br>Universidade Federal de Pelotas &#8211; Pr\u00f3-Reitoria de A\u00e7\u00f5es Afirmativas e Equidade<br><sub><em><a href=\"http:\/\/lattes.cnpq.br\/7949047032025556\" target=\"_blank\" rel=\"noreferrer noopener\">Lattes<\/a><\/em><\/sub><\/p>\n\n\n\n<p>Me. Paulo Luiz Crizel Koschier<br>Universidade Federal de Pelotas &#8211; NDH\/PPGH<br><sub><em><a href=\"http:\/\/lattes.cnpq.br\/6231176862887537\" target=\"_blank\" rel=\"noreferrer noopener\">Lattes<\/a><\/em><\/sub><\/p>\n\n\n\n<p>Graduanda Franciele Silva Soares <em>[bolsista]<\/em><br>Hist\u00f3ria &#8211; UFPel<br><em><sub><a href=\"http:\/\/lattes.cnpq.br\/4345484593816411\" target=\"_blank\" rel=\"noreferrer noopener\">Lattes<\/a><\/sub><\/em><\/p>\n\n\n\n<hr class=\"wp-block-separator has-alpha-channel-opacity\"\/>\n\n\n\n<p><\/p>\n","protected":false},"excerpt":{"rendered":"<p>Profa. Dra. Lorena Almeida GillCoordenadora do N\u00facleo de Documenta\u00e7\u00e3o Hist\u00f3rica da UFPel &#8211; Profa. Beatriz LonerCoordenadora do Programa de P\u00f3s-Gradua\u00e7\u00e3o em Hist\u00f3ria da UFPelLattes Prof. Dr. Caiu\u00e1 Cardoso Al-AlanUniversidade Federal do Pampa &#8211; GEESPALattes Profa. Dra. Carla Silva de \u00c1vilaPrograma de P\u00f3s Gradua\u00e7\u00e3o Pol\u00edtica Social e Direitos Humanos &#8211; UCPelLattes Profa. Dra. D\u00e9bora Clasen de [&hellip;]<\/p>\n","protected":false},"author":51,"featured_media":0,"parent":0,"menu_order":0,"comment_status":"closed","ping_status":"closed","template":"","meta":{"footnotes":""},"class_list":["post-82","page","type-page","status-publish","hentry"],"_links":{"self":[{"href":"https:\/\/acervosvirtuais.ufpel.edu.br\/historiaspoucocontadas\/wp-json\/wp\/v2\/pages\/82","targetHints":{"allow":["GET"]}}],"collection":[{"href":"https:\/\/acervosvirtuais.ufpel.edu.br\/historiaspoucocontadas\/wp-json\/wp\/v2\/pages"}],"about":[{"href":"https:\/\/acervosvirtuais.ufpel.edu.br\/historiaspoucocontadas\/wp-json\/wp\/v2\/types\/page"}],"author":[{"embeddable":true,"href":"https:\/\/acervosvirtuais.ufpel.edu.br\/historiaspoucocontadas\/wp-json\/wp\/v2\/users\/51"}],"replies":[{"embeddable":true,"href":"https:\/\/acervosvirtuais.ufpel.edu.br\/historiaspoucocontadas\/wp-json\/wp\/v2\/comments?post=82"}],"version-history":[{"count":17,"href":"https:\/\/acervosvirtuais.ufpel.edu.br\/historiaspoucocontadas\/wp-json\/wp\/v2\/pages\/82\/revisions"}],"predecessor-version":[{"id":216,"href":"https:\/\/acervosvirtuais.ufpel.edu.br\/historiaspoucocontadas\/wp-json\/wp\/v2\/pages\/82\/revisions\/216"}],"wp:attachment":[{"href":"https:\/\/acervosvirtuais.ufpel.edu.br\/historiaspoucocontadas\/wp-json\/wp\/v2\/media?parent=82"}],"curies":[{"name":"wp","href":"https:\/\/api.w.org\/{rel}","templated":true}]}}