{"id":188,"date":"2025-11-07T10:09:35","date_gmt":"2025-11-07T13:09:35","guid":{"rendered":"https:\/\/acervosvirtuais.ufpel.edu.br\/historiaspoucocontadas\/?page_id=188"},"modified":"2025-11-11T10:25:12","modified_gmt":"2025-11-11T13:25:12","slug":"hildete-bahia-da-luz","status":"publish","type":"page","link":"https:\/\/acervosvirtuais.ufpel.edu.br\/historiaspoucocontadas\/hildete-bahia-da-luz\/","title":{"rendered":"Hildete Bahia da Luz"},"content":{"rendered":"\n<div class=\"wp-block-media-text is-stacked-on-mobile is-vertically-aligned-top\" style=\"grid-template-columns:26% auto\"><figure class=\"wp-block-media-text__media\"><img loading=\"lazy\" decoding=\"async\" width=\"300\" height=\"300\" src=\"https:\/\/acervosvirtuais.ufpel.edu.br\/historiaspoucocontadas\/wp-content\/uploads\/sites\/30\/2025\/11\/Hildete-Luz.png\" alt=\"\" class=\"wp-image-187 size-full\"\/><\/figure><div class=\"wp-block-media-text__content\">\n<p><strong>Data de nascimento: <\/strong>1945<\/p>\n\n\n\n<p><strong>Data de morte: &nbsp;<\/strong>2024<\/p>\n\n\n\n<p><strong>Mulher negra, nordestina, nascida em Salvador, Bahia.<\/strong><\/p>\n\n\n\n<p>A professora Hildete Bahia da Luz nasceu em 1945, em Salvador, Bahia e veio com 31 anos, para Pelotas, ap\u00f3s ter recebido um convite do fundador da Faculdade de Medicina, Naum Keiserman e de Kurt Kloetzel, professor do Departamento de Medicina Social, para organizar um curso de Enfermagem e Obstetr\u00edcia, na UFPel, que havia sido fundada em 1969. Ela come\u00e7ou a atuar como professora no dia 1\u00ba de junho de 1976, com um contrato de 20 horas semanais. Atrav\u00e9s de documentos constantes para o seu pedido de aposentadoria, sabe-se que antes havia atuado como enfermeira no Hospital de Cl\u00ednicas de S\u00e3o Paulo; em um departamento psiqui\u00e1trico em Franco da Rocha e, ainda, em Jundia\u00ed, pois este \u00e9 o endere\u00e7o que apresenta para a formaliza\u00e7\u00e3o de seu contrato individual de trabalho na UFPel, que \u00e9 modificado em 1980 quando realiza um concurso p\u00fablico de t\u00edtulos e provas para o cargo de professora assistente. Hildete fez a sua gradua\u00e7\u00e3o na Universidade Federal da Bahia (UFBA). Ela era uma mulher negra e uma das primeiras docentes negras da UFPel, pois junto com outras 11 nordestinas, fundou o curso de Enfermagem e Obstetr\u00edcia, que come\u00e7ou suas atividades formalmente no ano de 1977, estando pr\u00f3ximo, portanto, de comemorar os seus 50 anos. Na cidade viveu in\u00fameras situa\u00e7\u00f5es de preconceito, j\u00e1 que a Universidade \u00e9 um espa\u00e7o tradicionalmente ocupado por homens brancos e, em seu in\u00edcio, da elite da cidade, pois n\u00e3o costumava se ter concurso p\u00fablico at\u00e9 o in\u00edcio da d\u00e9cada de 1980. Na Faculdade ocupou v\u00e1rios cargos, como a dire\u00e7\u00e3o e recebeu o t\u00edtulo de professora em\u00e9rita. Ela faleceu no ano de 2024, mas deixou um importante legado para o campo da sa\u00fade. Atualmente h\u00e1 um coletivo da faculdade que leva o seu nome e discute diversidade e sa\u00fade. <\/p>\n\n\n\n<p>Refer\u00eancias. GILL, Lorena. Uma gradua\u00e7\u00e3o jovem, negra e nordestina: a hist\u00f3ria do curso de Enfermagem da UFPel. In: Luiz Ot\u00e1vio Ferreira; Ricardo dos Santos Batista; Rita de C\u00e1ssia Marques. (Org.). <strong>Enfermeiras, educadoras sanit\u00e1rias e outras profiss\u00f5es: estudos hist\u00f3ricos.<\/strong> 1ed.S\u00e3o Paulo: Hucitec, 2024, v. 1, p. 172-196. <a href=\"https:\/\/wp.ufpel.edu.br\/ndh\/files\/2024\/12\/Capi%CC%81tulo-Faculdade-de-Enfermagem-Lorena-Gill-2.12.2024.pdf\">https:\/\/wp.ufpel.edu.br\/ndh\/files\/2024\/12\/Capi%CC%81tulo-Faculdade-de-Enfermagem-Lorena-Gill-2.12.2024.pdf<\/a>. LUZ, Hildete. <strong>DEPOIMENTO<\/strong>: Coordenadora do Curso de Enfermagem Per\u00edodo: 21\/10\/1977 \u00e0 01\/03\/1980. J. nurs. health. [Internet]. 24\u00ba de agosto de 2016 [citado 29\u00ba de outubro de 2025];6(supp):00-. Dispon\u00edvel em: https:\/\/periodicos.ufpel.edu.br\/index.php\/enfermagem\/article\/view\/9195<\/p>\n\n\n\n<p class=\"has-text-align-right\">Lorena Almeida Gill<\/p>\n<\/div><\/div>\n\n\n\n<div class=\"wp-block-buttons is-content-justification-right is-layout-flex wp-container-core-buttons-is-layout-d445cf74 wp-block-buttons-is-layout-flex\">\n<div class=\"wp-block-button\"><a class=\"wp-block-button__link has-text-align-right wp-element-button\" href=\"https:\/\/acervosvirtuais.ufpel.edu.br\/historiaspoucocontadas\/\">Voltar<\/a><\/div>\n<\/div>\n","protected":false},"excerpt":{"rendered":"<p>Data de nascimento: 1945 Data de morte: &nbsp;2024 Mulher negra, nordestina, nascida em Salvador, Bahia. A professora Hildete Bahia da Luz nasceu em 1945, em Salvador, Bahia e veio com 31 anos, para Pelotas, ap\u00f3s ter recebido um convite do fundador da Faculdade de Medicina, Naum Keiserman e de Kurt Kloetzel, professor do Departamento de [&hellip;]<\/p>\n","protected":false},"author":51,"featured_media":0,"parent":0,"menu_order":0,"comment_status":"closed","ping_status":"closed","template":"","meta":{"footnotes":""},"class_list":["post-188","page","type-page","status-publish","hentry"],"_links":{"self":[{"href":"https:\/\/acervosvirtuais.ufpel.edu.br\/historiaspoucocontadas\/wp-json\/wp\/v2\/pages\/188","targetHints":{"allow":["GET"]}}],"collection":[{"href":"https:\/\/acervosvirtuais.ufpel.edu.br\/historiaspoucocontadas\/wp-json\/wp\/v2\/pages"}],"about":[{"href":"https:\/\/acervosvirtuais.ufpel.edu.br\/historiaspoucocontadas\/wp-json\/wp\/v2\/types\/page"}],"author":[{"embeddable":true,"href":"https:\/\/acervosvirtuais.ufpel.edu.br\/historiaspoucocontadas\/wp-json\/wp\/v2\/users\/51"}],"replies":[{"embeddable":true,"href":"https:\/\/acervosvirtuais.ufpel.edu.br\/historiaspoucocontadas\/wp-json\/wp\/v2\/comments?post=188"}],"version-history":[{"count":2,"href":"https:\/\/acervosvirtuais.ufpel.edu.br\/historiaspoucocontadas\/wp-json\/wp\/v2\/pages\/188\/revisions"}],"predecessor-version":[{"id":210,"href":"https:\/\/acervosvirtuais.ufpel.edu.br\/historiaspoucocontadas\/wp-json\/wp\/v2\/pages\/188\/revisions\/210"}],"wp:attachment":[{"href":"https:\/\/acervosvirtuais.ufpel.edu.br\/historiaspoucocontadas\/wp-json\/wp\/v2\/media?parent=188"}],"curies":[{"name":"wp","href":"https:\/\/api.w.org\/{rel}","templated":true}]}}