{"id":178,"date":"2025-11-07T09:43:11","date_gmt":"2025-11-07T12:43:11","guid":{"rendered":"https:\/\/acervosvirtuais.ufpel.edu.br\/historiaspoucocontadas\/?page_id=178"},"modified":"2025-11-11T10:25:03","modified_gmt":"2025-11-11T13:25:03","slug":"eunice-xavier-de-lima","status":"publish","type":"page","link":"https:\/\/acervosvirtuais.ufpel.edu.br\/historiaspoucocontadas\/eunice-xavier-de-lima\/","title":{"rendered":"Eunice Xavier de Lima"},"content":{"rendered":"\n<div class=\"wp-block-media-text is-stacked-on-mobile is-vertically-aligned-top\" style=\"grid-template-columns:29% auto\"><figure class=\"wp-block-media-text__media\"><img loading=\"lazy\" decoding=\"async\" width=\"300\" height=\"300\" src=\"https:\/\/acervosvirtuais.ufpel.edu.br\/historiaspoucocontadas\/wp-content\/uploads\/sites\/30\/2025\/11\/eunice-xavier-de-lima.png\" alt=\"\" class=\"wp-image-185 size-full\"\/><\/figure><div class=\"wp-block-media-text__content\">\n<p><strong>Nomes como tamb\u00e9m era conhecida: <\/strong>Eunice Torres das Neves<\/p>\n\n\n\n<p><strong>Nascimento: <\/strong>1929<\/p>\n\n\n\n<p><strong>Morte: <\/strong>N\u00e3o se sabe<\/p>\n\n\n\n<p><strong>Mulher parda, nordestina, nascida em Fortaleza, Cear\u00e1<\/strong><\/p>\n\n\n\n<p>Eunice nasceu em 8 de outubro de 1929, em Fortaleza, Cear\u00e1. Na sua trajet\u00f3ria aparecem dois sobrenomes: Eunice Xavier de Lima, seu nome de fam\u00edlia e Eunice Torres das Neves, usado durante seu casamento que durou entre os anos de 1954 e 1977, quando se desquitou, conforme consta em uma certid\u00e3o anexa aos seus documentos da UFPel. Ela se formou como Enfermeira, em 1951, na Escola de Enfermagem, Carlos Chagas, em Belo Horizonte e entrou na UFPel como auxiliar de ensino, 20 horas, por prazo indeterminado, no dia 1\u00ba de outubro de 1977, mas alguns anos depois passou a ter 40 horas, como era praxe nas contrata\u00e7\u00f5es daquele per\u00edodo. Segundo fontes orais ela teria vindo atrav\u00e9s de um convite de sua amiga Hildete Bahia da Luz, considerada a fundadora do curso de Enfermagem e Obstetr\u00edcia da UFPel e por ter um curr\u00edculo que facilitaria o reconhecimento do curso, que aconteceu atrav\u00e9s da portaria do MEC de n\u00famero 402, de 24 de junho de 1980, antes, portanto, da formatura da primeira turma. No mesmo ano pode fazer o concurso para titular j\u00e1 que era a \u00fanica professora, da gradua\u00e7\u00e3o, que j\u00e1 tinha Doutorado em Enfermagem e era Livre Docente pela Universidade Federal do Rio de Janeiro. O concurso constou de exame de t\u00edtulos, defesa de tese, prova did\u00e1tica e prova escrita. A tese apresentada e defendida tinha como t\u00edtulo: \u201cPapeis expandidos para enfermeiros\u201d. Nesta data ela tinha retornado \u00e0s 20 horas na UFPel tendo em vista ter reduzido o seu tempo na institui\u00e7\u00e3o para acumular outro cargo, com igual fun\u00e7\u00e3o na doc\u00eancia, na Funda\u00e7\u00e3o Universidade de Rio Grande. &nbsp;Embora o concurso feito na UFPel tenha sido para a \u00e1rea do conhecimento de Enfermagem M\u00e9dico-Cir\u00fargica, Eunice trabalhava efetivamente com sa\u00fade mental, tema que ainda hoje envolve grande n\u00famero de estudos na Faculdade. Na sua trajet\u00f3ria exerceu cargos administrativos, como a chefia de Departamento (5 de janeiro de 1984 a 3 de junho de 1986); participou de \u00f3rg\u00e3os classistas, como da diretoria do Conselho Regional de Enfermagem do RS (COREN-RS); esteve em encontros regionais de profissionais e de estudantes, por exemplo, o I Encontro de Enfermagem da regi\u00e3o sul, que aconteceu em Curitiba, Paran\u00e1, em 1979 e participou do Programa de P\u00f3s-Gradua\u00e7\u00e3o em Enfermagem da UFRGS, a partir de 7 de fevereiro de 1980, por prazo indeterminado, conforme pode ser visto em portaria expedida pelo reitor da UFPel. &nbsp;No dia 1\u00ba de outubro de 1989, na Gest\u00e3o Am\u00edlcar Gigante como reitor, foi concedida a ela aposentadoria especial, com complementa\u00e7\u00e3o de seus proventos de aposentadoria previdenci\u00e1ria.<\/p>\n\n\n\n<p class=\"has-text-align-right\">Lorena Almeida Gill<\/p>\n<\/div><\/div>\n\n\n\n<div class=\"wp-block-buttons is-content-justification-right is-layout-flex wp-container-core-buttons-is-layout-d445cf74 wp-block-buttons-is-layout-flex\">\n<div class=\"wp-block-button\"><a class=\"wp-block-button__link wp-element-button\" href=\"https:\/\/acervosvirtuais.ufpel.edu.br\/historiaspoucocontadas\/\">Voltar<\/a><\/div>\n<\/div>\n","protected":false},"excerpt":{"rendered":"<p>Nomes como tamb\u00e9m era conhecida: Eunice Torres das Neves Nascimento: 1929 Morte: N\u00e3o se sabe Mulher parda, nordestina, nascida em Fortaleza, Cear\u00e1 Eunice nasceu em 8 de outubro de 1929, em Fortaleza, Cear\u00e1. Na sua trajet\u00f3ria aparecem dois sobrenomes: Eunice Xavier de Lima, seu nome de fam\u00edlia e Eunice Torres das Neves, usado durante seu [&hellip;]<\/p>\n","protected":false},"author":51,"featured_media":0,"parent":0,"menu_order":0,"comment_status":"closed","ping_status":"closed","template":"","meta":{"footnotes":""},"class_list":["post-178","page","type-page","status-publish","hentry"],"_links":{"self":[{"href":"https:\/\/acervosvirtuais.ufpel.edu.br\/historiaspoucocontadas\/wp-json\/wp\/v2\/pages\/178","targetHints":{"allow":["GET"]}}],"collection":[{"href":"https:\/\/acervosvirtuais.ufpel.edu.br\/historiaspoucocontadas\/wp-json\/wp\/v2\/pages"}],"about":[{"href":"https:\/\/acervosvirtuais.ufpel.edu.br\/historiaspoucocontadas\/wp-json\/wp\/v2\/types\/page"}],"author":[{"embeddable":true,"href":"https:\/\/acervosvirtuais.ufpel.edu.br\/historiaspoucocontadas\/wp-json\/wp\/v2\/users\/51"}],"replies":[{"embeddable":true,"href":"https:\/\/acervosvirtuais.ufpel.edu.br\/historiaspoucocontadas\/wp-json\/wp\/v2\/comments?post=178"}],"version-history":[{"count":3,"href":"https:\/\/acervosvirtuais.ufpel.edu.br\/historiaspoucocontadas\/wp-json\/wp\/v2\/pages\/178\/revisions"}],"predecessor-version":[{"id":209,"href":"https:\/\/acervosvirtuais.ufpel.edu.br\/historiaspoucocontadas\/wp-json\/wp\/v2\/pages\/178\/revisions\/209"}],"wp:attachment":[{"href":"https:\/\/acervosvirtuais.ufpel.edu.br\/historiaspoucocontadas\/wp-json\/wp\/v2\/media?parent=178"}],"curies":[{"name":"wp","href":"https:\/\/api.w.org\/{rel}","templated":true}]}}