{"id":130,"date":"2025-11-06T15:53:16","date_gmt":"2025-11-06T18:53:16","guid":{"rendered":"https:\/\/acervosvirtuais.ufpel.edu.br\/historiaspoucocontadas\/?page_id=130"},"modified":"2025-11-11T10:24:03","modified_gmt":"2025-11-11T13:24:03","slug":"aldiva-lucio","status":"publish","type":"page","link":"https:\/\/acervosvirtuais.ufpel.edu.br\/historiaspoucocontadas\/aldiva-lucio\/","title":{"rendered":"Aldiva L\u00facio"},"content":{"rendered":"\n<div class=\"wp-block-media-text is-stacked-on-mobile is-vertically-aligned-top\" style=\"grid-template-columns:26% auto\"><figure class=\"wp-block-media-text__media\"><img loading=\"lazy\" decoding=\"async\" width=\"300\" height=\"300\" src=\"https:\/\/acervosvirtuais.ufpel.edu.br\/historiaspoucocontadas\/wp-content\/uploads\/sites\/30\/2025\/11\/personagens.png\" alt=\"\" class=\"wp-image-104 size-full\"\/><\/figure><div class=\"wp-block-media-text__content\">\n<p><strong>Data de nascimento: 1936<\/strong><\/p>\n\n\n\n<p><strong>Data da morte: 2021<\/strong><\/p>\n\n\n\n<p><strong>Mulher negra, do sul do Brasil<\/strong><\/p>\n\n\n\n<p>Nasceu no dia 21 de junho de 1936, na cidade de Arroio Grande, Rio Grande do Sul. Em sua carteira de identidade consta apenas o nome de sua m\u00e3e, Dinor\u00e1 Lucio. &nbsp;Como a fam\u00edlia tinha uma situa\u00e7\u00e3o econ\u00f4mica vulner\u00e1vel, trabalhou cuidando de crian\u00e7as, em Pelotas, logo cedo e, ap\u00f3s, prestou servi\u00e7os no consult\u00f3rio dent\u00e1rio do cirurgi\u00e3o dentista, Tasso Faraco de Azevedo, o qual era professor no curso de Odontologia, da ent\u00e3o Universidade do Rio Grande do Sul (URGS), que passou assim a ser denominada em 1947 e incorporou as Faculdades de Direito e Odontologia de Pelotas, al\u00e9m da Faculdade de Farm\u00e1cia, de Santa Maria. &nbsp;Ainda que trabalhasse pode prosseguir com os estudos e se formou no Col\u00e9gio Diocesano em 1964, no curso cient\u00edfico. O primeiro e segundo anos foram realizados no Col\u00e9gio Municipal Pelotense. O primeiro cargo que exerceu na esfera p\u00fablica foi como escrevente datil\u00f3grafa na Universidade do Rio Grande do Sul, junto \u00e0 Faculdade de Odontologia de Pelotas, a partir do dia 9 de abril de 1962 (Portaria 549), recebendo o sal\u00e1rio mensal de CR$ 15.000.00. Quando foi contratada consta como interina, mas passou a ser efetiva a partir de 8 de abril de 1967, por ter completado cinco anos de servi\u00e7o p\u00fablico federal. Durante o per\u00edodo em que atuava como datil\u00f3grafa come\u00e7ou a fazer o curso de cirurgi\u00e3 dentista (1964) e se formou no ano de 1968, pela Universidade Federal do Rio Grande do Sul (UFRGS), j\u00e1 que a UFPel s\u00f3 foi criada oficialmente em 1969. O interessante \u00e9 que na sua trajet\u00f3ria profissional tudo foi bastante r\u00e1pido. Trata-se da inser\u00e7\u00e3o de uma mulher negra em um espa\u00e7o universit\u00e1rio, o que n\u00e3o era comum, em especial no caso de professoras de ensino superior. Esta afirmativa se relaciona ao fato de que ela se formou em 1968 e j\u00e1 em 1970 come\u00e7ou a dar aula como auxiliar de ensino, no Instituto de Biologia. Uma das disciplinas que ministrava era Anatomia Humana para os cursos de Odontologia, Nutri\u00e7\u00e3o, Educa\u00e7\u00e3o F\u00edsica e Ci\u00eancias Dom\u00e9sticas. Como seu contrato inicial, via Consolida\u00e7\u00e3o das Leis do Trabalho (CLT) era de 12 horas semanais, ainda no ano de 1970 solicitou uma mudan\u00e7a para 24 horas, ao apresentar um relat\u00f3rio em que enfatizava as v\u00e1rias atividades que realizava e que se intensificaram no decorrer dos anos: participa\u00e7\u00e3o em congressos nacionais e internacionais; colabora\u00e7\u00e3o no projeto RONDON, aulas na Cruz Vermelha, filial Pelotas, chefe do setor de est\u00e1gios da Universidade, chefia de departamento, dentre outros. Quando se aposentou tinha 40 horas, conforme se pode ver por sua ficha existente no arquivo da Pr\u00f3-Reitoria de Gest\u00e3o de Pessoas (PROGEP-UFPel). Aldiva terminou o Mestrado em Anatomia, no dia 4 de junho de 1980, na Escola Paulista de Medicina e, cerca de dois anos ap\u00f3s (22 de outubro de 1982), obteve o t\u00edtulo de Doutora, tamb\u00e9m em Anatomia, pelo Instituto de Ci\u00eancias Biom\u00e9dicas, da Universidade de S\u00e3o Paulo (USP). Ela teve uma filha, chamada Maria de F\u00e1tima Lucio e faleceu em 23 de agosto de 2021, com 85 anos de idade. Durante o per\u00edodo em que esteve na Odontologia se envolveu tamb\u00e9m em projetos art\u00edsticos culturais, como o grupo de teatro, coordenado pelo professor Jos\u00e9 Luiz da Nova Cruz. No ano de 1967, por exemplo, fez parte do elenco da pe\u00e7a, A Balaiada, encenada no VI Festival de Teatro de Pelotas, junto com \u201cIria Guimar\u00e3es Machado, Alceb\u00edades Barbosa, Carlos Alberto Dionello, Daltro Paiva, Fernando Pedreira, Gilson Souza, Homero Blois Karam\u201d (Pavelacki, 2016, p. 73), al\u00e9m de estar presente no Coral existente na institui\u00e7\u00e3o, durante um per\u00edodo. Se as Universidades no Brasil hoje s\u00e3o um pouco mais inclusivas, especialmente tendo em vista a pol\u00edtica de cotas, constru\u00edda no ano de 2012, Aldiva foi uma precursora na UFPel e \u00e9 prov\u00e1vel que tenha sido a primeira professora negra da institui\u00e7\u00e3o, em um ambiente que era marcadamente elitista, machista e racista. Apesar de ter uma vida assinalada por dificuldades familiares, o que trouxe adversidades econ\u00f4micas, conseguiu, atrav\u00e9s do estudo e do esfor\u00e7o, ocupar um espa\u00e7o importante, que certamente abriu portas para outras mulheres negras que vieram a seguir.&nbsp;<\/p>\n\n\n\n<p><strong>Refer\u00eancias<\/strong>: Acervo da Pr\u00f3-Reitoria de Gest\u00e3o de Pe ssoas, (PROGEP\/UFPel). PAVELACKI, Bernardo. A Sociedade de Teatro de Pelotas (STEP) e seus Festivais (1962-1971): resgate de um projeto pioneiro na hist\u00f3ria teatral pelotense. Trabalho de Conclus\u00e3o de Curso da Licenciatura em Teatro (UFPel). Pelotas: UFPel, 2016. <a href=\"https:\/\/wp.ufpel.edu.br\/teatro\/files\/2021\/08\/Bernardo-Perini-Pavelacki-2.pdf\">https:\/\/wp.ufpel.edu.br\/teatro\/files\/2021\/08\/Bernardo-Perini-Pavelacki-2.pdf<\/a> Acesso em 26 de dezembro de 2023.<\/p>\n<\/div><\/div>\n\n\n\n<div class=\"wp-block-buttons is-content-justification-right is-layout-flex wp-container-core-buttons-is-layout-d445cf74 wp-block-buttons-is-layout-flex\">\n<div class=\"wp-block-button\"><a class=\"wp-block-button__link wp-element-button\" href=\"https:\/\/acervosvirtuais.ufpel.edu.br\/historiaspoucocontadas\/biografias\/\">Voltar<\/a><\/div>\n<\/div>\n","protected":false},"excerpt":{"rendered":"<p>Data de nascimento: 1936 Data da morte: 2021 Mulher negra, do sul do Brasil Nasceu no dia 21 de junho de 1936, na cidade de Arroio Grande, Rio Grande do Sul. Em sua carteira de identidade consta apenas o nome de sua m\u00e3e, Dinor\u00e1 Lucio. &nbsp;Como a fam\u00edlia tinha uma situa\u00e7\u00e3o econ\u00f4mica vulner\u00e1vel, trabalhou cuidando [&hellip;]<\/p>\n","protected":false},"author":51,"featured_media":0,"parent":0,"menu_order":0,"comment_status":"closed","ping_status":"closed","template":"","meta":{"footnotes":""},"class_list":["post-130","page","type-page","status-publish","hentry"],"_links":{"self":[{"href":"https:\/\/acervosvirtuais.ufpel.edu.br\/historiaspoucocontadas\/wp-json\/wp\/v2\/pages\/130","targetHints":{"allow":["GET"]}}],"collection":[{"href":"https:\/\/acervosvirtuais.ufpel.edu.br\/historiaspoucocontadas\/wp-json\/wp\/v2\/pages"}],"about":[{"href":"https:\/\/acervosvirtuais.ufpel.edu.br\/historiaspoucocontadas\/wp-json\/wp\/v2\/types\/page"}],"author":[{"embeddable":true,"href":"https:\/\/acervosvirtuais.ufpel.edu.br\/historiaspoucocontadas\/wp-json\/wp\/v2\/users\/51"}],"replies":[{"embeddable":true,"href":"https:\/\/acervosvirtuais.ufpel.edu.br\/historiaspoucocontadas\/wp-json\/wp\/v2\/comments?post=130"}],"version-history":[{"count":6,"href":"https:\/\/acervosvirtuais.ufpel.edu.br\/historiaspoucocontadas\/wp-json\/wp\/v2\/pages\/130\/revisions"}],"predecessor-version":[{"id":204,"href":"https:\/\/acervosvirtuais.ufpel.edu.br\/historiaspoucocontadas\/wp-json\/wp\/v2\/pages\/130\/revisions\/204"}],"wp:attachment":[{"href":"https:\/\/acervosvirtuais.ufpel.edu.br\/historiaspoucocontadas\/wp-json\/wp\/v2\/media?parent=130"}],"curies":[{"name":"wp","href":"https:\/\/api.w.org\/{rel}","templated":true}]}}