{"id":120,"date":"2025-11-06T15:56:39","date_gmt":"2025-11-06T18:56:39","guid":{"rendered":"https:\/\/acervosvirtuais.ufpel.edu.br\/historiaspoucocontadas\/?page_id=120"},"modified":"2025-11-24T09:38:52","modified_gmt":"2025-11-24T12:38:52","slug":"biografias","status":"publish","type":"page","link":"https:\/\/acervosvirtuais.ufpel.edu.br\/historiaspoucocontadas\/","title":{"rendered":"Biografias"},"content":{"rendered":"\n<figure class=\"wp-block-table\"><table class=\"has-fixed-layout\"><tbody><tr><td><strong><a href=\"https:\/\/acervosvirtuais.ufpel.edu.br\/historiaspoucocontadas\/home\/\">Acesse aqui e entenda o Projeto Hist\u00f3rias Pouco Contadas<\/a><\/strong><br><br><em>O N\u00facleo de Documenta\u00e7\u00e3o Hist\u00f3rica da UFPel, em conjunto com o&nbsp;<strong><a href=\"https:\/\/sites.unipampa.edu.br\/geespa\/\" target=\"_blank\" rel=\"noreferrer noopener\">Grupo de Estudos sobre Escravid\u00e3o e P\u00f3s-Aboli\u00e7\u00e3o<\/a><\/strong>&nbsp;da UNIPAMPA e o&nbsp;<a href=\"https:\/\/emancipacoeseposabolicao.wordpress.com\/\" target=\"_blank\" rel=\"noreferrer noopener\"><strong>GT Emancipa\u00e7\u00f5es e P\u00f3s-Aboli\u00e7\u00e3o da ANPUH<\/strong><\/a>&nbsp;(Se\u00e7\u00e3o Regional Sul), construiu um projeto de pesquisa que <a href=\"https:\/\/acervosvirtuais.ufpel.edu.br\/historiaspoucocontadas\/home\/\">[+]<\/a><\/em><\/td><td class=\"has-text-align-right\" data-align=\"right\"><strong>Aten\u00e7\u00e3o!<\/strong><br><sub>Os textos publicados nesta p\u00e1gina s\u00e3o de responsabilidade exclusiva de seus respectivos autores. Salvo informa\u00e7\u00e3o expl\u00edcita em contr\u00e1rio, o(a)(s) autor(a) (es) respondem pelas informa\u00e7\u00f5es textuais e imag\u00e9ticas contidas no presente volume. Da mesma forma, o conte\u00fado de cada artigo \u00e9 de inteira e exclusiva responsabilidade dos mesmos.<\/sub><\/td><\/tr><\/tbody><\/table><\/figure>\n\n\n\n<div class=\"wp-block-buttons is-layout-flex wp-block-buttons-is-layout-flex\">\n<div class=\"wp-block-button\"><a class=\"wp-block-button__link wp-element-button\" href=\"https:\/\/acervosvirtuais.ufpel.edu.br\/historiaspoucocontadas\/aldiva-lucio\/\">Aldiva Lucio<\/a><\/div>\n<\/div>\n\n\n\n<details class=\"wp-block-details is-layout-flow wp-block-details-is-layout-flow\"><summary><em><sub>Natural de Arroio Grande (RS), de fam\u00edlia humilde, come\u00e7ou a trabalhar como bab\u00e1, passando a atendende no consult\u00f3rio do dentista Tasso Faraco de Azevedo, graduando-se como Cirurgi\u00e3 Dentista (1968). Professora na UFPel a partir de 1970, doutorou-se em anatomia, pela USP, em 1982. Trata-se da inser\u00e7\u00e3o de uma mulher negra em um espa\u00e7o universit\u00e1rio, o que n\u00e3o era comum, em especial no caso de professoras de ensino superior&#8230;<\/sub><\/em><\/summary>\n<p><\/p>\n<\/details>\n\n\n\n<div class=\"wp-block-buttons is-layout-flex wp-block-buttons-is-layout-flex\">\n<div class=\"wp-block-button\"><a class=\"wp-block-button__link wp-element-button\" href=\"https:\/\/acervosvirtuais.ufpel.edu.br\/historiaspoucocontadas\/eunice-xavier-de-lima\/\">Eunice Xavier de Lima<\/a><\/div>\n<\/div>\n\n\n\n<details class=\"wp-block-details is-layout-flow wp-block-details-is-layout-flow\"><summary><sub><em>Nasceu em 8 de outubro de 1929, em Fortaleza, Cear\u00e1. Formou-se como Enfermeira, em 1951, na Escola de Enfermagem, Carlos Chagas, em Belo Horizonte e entrou na UFPel como auxiliar de ensino no dia 1\u00ba de outubro de 1977. Eunice trabalhava efetivamente com sa\u00fade mental, aposentando-se na UFPel em 1989&#8230;<\/em><\/sub><\/summary>\n<p><\/p>\n<\/details>\n\n\n\n<p><\/p>\n\n\n\n<div class=\"wp-block-buttons is-layout-flex wp-block-buttons-is-layout-flex\">\n<div class=\"wp-block-button\"><a class=\"wp-block-button__link wp-element-button\" href=\"https:\/\/acervosvirtuais.ufpel.edu.br\/historiaspoucocontadas\/hildete-bahia-da-luz\/\">Hildete Bahia da Luz<\/a><\/div>\n<\/div>\n\n\n\n<details class=\"wp-block-details is-layout-flow wp-block-details-is-layout-flow\"><summary><em><sub>Nasceu em 1945, em Salvador, Bahia e veio com 31 anos, para Pelotas, para organizar um curso de Enfermagem e Obstetr\u00edcia, na UFPel. ez a sua gradua\u00e7\u00e3o na Universidade Federal da Bahia. Deixou um importante legado para o campo da sa\u00fade. Atualmente h\u00e1 um coletivo da faculdade que leva o seu nome e discute diversidade e sa\u00fade&#8230; <\/sub><\/em><\/summary>\n<p><\/p>\n<\/details>\n\n\n\n<hr class=\"wp-block-separator has-alpha-channel-opacity\"\/>\n\n\n\n<p class=\"has-text-align-right\"><sub><strong>A p\u00e1gina est\u00e1 em constante atualiza\u00e7\u00e3o. <\/strong><\/sub><br><sub><strong>Confira e mantenha-se informado!<\/strong><\/sub><\/p>\n","protected":false},"excerpt":{"rendered":"<p>Acesse aqui e entenda o Projeto Hist\u00f3rias Pouco Contadas O N\u00facleo de Documenta\u00e7\u00e3o Hist\u00f3rica da UFPel, em conjunto com o&nbsp;Grupo de Estudos sobre Escravid\u00e3o e P\u00f3s-Aboli\u00e7\u00e3o&nbsp;da UNIPAMPA e o&nbsp;GT Emancipa\u00e7\u00f5es e P\u00f3s-Aboli\u00e7\u00e3o da ANPUH&nbsp;(Se\u00e7\u00e3o Regional Sul), construiu um projeto de pesquisa que [+] Aten\u00e7\u00e3o!Os textos publicados nesta p\u00e1gina s\u00e3o de responsabilidade exclusiva de seus respectivos [&hellip;]<\/p>\n","protected":false},"author":51,"featured_media":0,"parent":0,"menu_order":0,"comment_status":"closed","ping_status":"closed","template":"","meta":{"footnotes":""},"class_list":["post-120","page","type-page","status-publish","hentry"],"_links":{"self":[{"href":"https:\/\/acervosvirtuais.ufpel.edu.br\/historiaspoucocontadas\/wp-json\/wp\/v2\/pages\/120","targetHints":{"allow":["GET"]}}],"collection":[{"href":"https:\/\/acervosvirtuais.ufpel.edu.br\/historiaspoucocontadas\/wp-json\/wp\/v2\/pages"}],"about":[{"href":"https:\/\/acervosvirtuais.ufpel.edu.br\/historiaspoucocontadas\/wp-json\/wp\/v2\/types\/page"}],"author":[{"embeddable":true,"href":"https:\/\/acervosvirtuais.ufpel.edu.br\/historiaspoucocontadas\/wp-json\/wp\/v2\/users\/51"}],"replies":[{"embeddable":true,"href":"https:\/\/acervosvirtuais.ufpel.edu.br\/historiaspoucocontadas\/wp-json\/wp\/v2\/comments?post=120"}],"version-history":[{"count":19,"href":"https:\/\/acervosvirtuais.ufpel.edu.br\/historiaspoucocontadas\/wp-json\/wp\/v2\/pages\/120\/revisions"}],"predecessor-version":[{"id":227,"href":"https:\/\/acervosvirtuais.ufpel.edu.br\/historiaspoucocontadas\/wp-json\/wp\/v2\/pages\/120\/revisions\/227"}],"wp:attachment":[{"href":"https:\/\/acervosvirtuais.ufpel.edu.br\/historiaspoucocontadas\/wp-json\/wp\/v2\/media?parent=120"}],"curies":[{"name":"wp","href":"https:\/\/api.w.org\/{rel}","templated":true}]}}