{"id":632,"date":"2021-09-22T13:29:30","date_gmt":"2021-09-22T16:29:30","guid":{"rendered":"https:\/\/acervosvirtuais.ufpel.edu.br\/expo15anosmuseologia\/?page_id=632"},"modified":"2021-10-04T21:23:47","modified_gmt":"2021-10-05T00:23:47","slug":"dentro-insercao-social-egressos","status":"publish","type":"page","link":"https:\/\/acervosvirtuais.ufpel.edu.br\/expo15anosmuseologia\/dentro-insercao-social-egressos\/","title":{"rendered":""},"content":{"rendered":"\n<div class=\"wp-block-buttons is-layout-flex wp-block-buttons-is-layout-flex\">\n<div class=\"wp-block-button is-style-outline is-style-outline--1\"><a class=\"wp-block-button__link has-default-color has-text-color\" href=\"https:\/\/acervosvirtuais.ufpel.edu.br\/expo15anosmuseologia\/dentro-insercao-social\/\" style=\"border-radius:50px\">VOLTAR<\/a><\/div>\n<\/div>\n\n\n\n<div style=\"height:40px\" aria-hidden=\"true\" class=\"wp-block-spacer\"><\/div>\n\n\n\n<figure class=\"wp-block-pullquote is-style-default\" style=\"border-color:#1D5C86\"><blockquote><p><\/p><cite>Os horizontes de oportunidades para os <strong>egressos <\/strong>do curso s\u00e3o in\u00fameros, al\u00e9m de haver uma diversidade de possibilidades de interseccionar a museologia com diferentes \u00e1reas dos conhecimentos. Desse modo, buscamos trazer algumas experi\u00eancias dos ex-alunos a fim de compartilhar suas trajet\u00f3rias e perspectivas acerca de suas inser\u00e7\u00f5es sociais no campo.<br>Veja os caminhos trilhados por eles.<\/cite><\/blockquote><\/figure>\n\n\n\n<div style=\"height:100px\" aria-hidden=\"true\" class=\"wp-block-spacer\"><\/div>\n\n\n\n<figure class=\"wp-block-image alignfull size-full is-style-default\"><img loading=\"lazy\" decoding=\"async\" width=\"2400\" height=\"1600\" src=\"https:\/\/acervosvirtuais.ufpel.edu.br\/expo15anosmuseologia\/wp-content\/uploads\/sites\/14\/2021\/09\/nova.png\" alt=\"\" class=\"wp-image-635\" srcset=\"https:\/\/acervosvirtuais.ufpel.edu.br\/expo15anosmuseologia\/wp-content\/uploads\/sites\/14\/2021\/09\/nova.png 2400w, https:\/\/acervosvirtuais.ufpel.edu.br\/expo15anosmuseologia\/wp-content\/uploads\/sites\/14\/2021\/09\/nova-300x200.png 300w, https:\/\/acervosvirtuais.ufpel.edu.br\/expo15anosmuseologia\/wp-content\/uploads\/sites\/14\/2021\/09\/nova-1024x683.png 1024w, https:\/\/acervosvirtuais.ufpel.edu.br\/expo15anosmuseologia\/wp-content\/uploads\/sites\/14\/2021\/09\/nova-768x512.png 768w, https:\/\/acervosvirtuais.ufpel.edu.br\/expo15anosmuseologia\/wp-content\/uploads\/sites\/14\/2021\/09\/nova-1536x1024.png 1536w, https:\/\/acervosvirtuais.ufpel.edu.br\/expo15anosmuseologia\/wp-content\/uploads\/sites\/14\/2021\/09\/nova-2048x1365.png 2048w, https:\/\/acervosvirtuais.ufpel.edu.br\/expo15anosmuseologia\/wp-content\/uploads\/sites\/14\/2021\/09\/nova-205x137.png 205w\" sizes=\"auto, (max-width: 2400px) 100vw, 2400px\" \/><\/figure>\n\n\n\n<div style=\"height:100px\" aria-hidden=\"true\" class=\"wp-block-spacer\"><\/div>\n\n\n\n<figure class=\"wp-block-image alignfull size-full is-style-default\"><img loading=\"lazy\" decoding=\"async\" width=\"2400\" height=\"1600\" src=\"https:\/\/acervosvirtuais.ufpel.edu.br\/expo15anosmuseologia\/wp-content\/uploads\/sites\/14\/2021\/09\/nova-2-2.png\" alt=\"\" class=\"wp-image-651\" srcset=\"https:\/\/acervosvirtuais.ufpel.edu.br\/expo15anosmuseologia\/wp-content\/uploads\/sites\/14\/2021\/09\/nova-2-2.png 2400w, https:\/\/acervosvirtuais.ufpel.edu.br\/expo15anosmuseologia\/wp-content\/uploads\/sites\/14\/2021\/09\/nova-2-2-300x200.png 300w, https:\/\/acervosvirtuais.ufpel.edu.br\/expo15anosmuseologia\/wp-content\/uploads\/sites\/14\/2021\/09\/nova-2-2-1024x683.png 1024w, https:\/\/acervosvirtuais.ufpel.edu.br\/expo15anosmuseologia\/wp-content\/uploads\/sites\/14\/2021\/09\/nova-2-2-768x512.png 768w, https:\/\/acervosvirtuais.ufpel.edu.br\/expo15anosmuseologia\/wp-content\/uploads\/sites\/14\/2021\/09\/nova-2-2-1536x1024.png 1536w, https:\/\/acervosvirtuais.ufpel.edu.br\/expo15anosmuseologia\/wp-content\/uploads\/sites\/14\/2021\/09\/nova-2-2-2048x1365.png 2048w, https:\/\/acervosvirtuais.ufpel.edu.br\/expo15anosmuseologia\/wp-content\/uploads\/sites\/14\/2021\/09\/nova-2-2-205x137.png 205w\" sizes=\"auto, (max-width: 2400px) 100vw, 2400px\" \/><\/figure>\n\n\n\n<div style=\"height:258px\" aria-hidden=\"true\" class=\"wp-block-spacer\"><\/div>\n","protected":false},"excerpt":{"rendered":"<p>Os horizontes de oportunidades para os egressos do curso s\u00e3o in\u00fameros, al\u00e9m de haver uma diversidade de possibilidades de interseccionar a museologia com diferentes \u00e1reas dos conhecimentos. Desse modo, buscamos trazer algumas experi\u00eancias dos ex-alunos a fim de compartilhar suas trajet\u00f3rias e perspectivas acerca de suas inser\u00e7\u00f5es sociais no campo.Veja os caminhos trilhados por eles.<\/p>\n","protected":false},"author":21,"featured_media":0,"parent":0,"menu_order":0,"comment_status":"closed","ping_status":"closed","template":"page-templates\/landing.php","meta":{"footnotes":""},"class_list":["post-632","page","type-page","status-publish","hentry"],"jetpack_sharing_enabled":true,"_links":{"self":[{"href":"https:\/\/acervosvirtuais.ufpel.edu.br\/expo15anosmuseologia\/wp-json\/wp\/v2\/pages\/632","targetHints":{"allow":["GET"]}}],"collection":[{"href":"https:\/\/acervosvirtuais.ufpel.edu.br\/expo15anosmuseologia\/wp-json\/wp\/v2\/pages"}],"about":[{"href":"https:\/\/acervosvirtuais.ufpel.edu.br\/expo15anosmuseologia\/wp-json\/wp\/v2\/types\/page"}],"author":[{"embeddable":true,"href":"https:\/\/acervosvirtuais.ufpel.edu.br\/expo15anosmuseologia\/wp-json\/wp\/v2\/users\/21"}],"replies":[{"embeddable":true,"href":"https:\/\/acervosvirtuais.ufpel.edu.br\/expo15anosmuseologia\/wp-json\/wp\/v2\/comments?post=632"}],"version-history":[{"count":27,"href":"https:\/\/acervosvirtuais.ufpel.edu.br\/expo15anosmuseologia\/wp-json\/wp\/v2\/pages\/632\/revisions"}],"predecessor-version":[{"id":1608,"href":"https:\/\/acervosvirtuais.ufpel.edu.br\/expo15anosmuseologia\/wp-json\/wp\/v2\/pages\/632\/revisions\/1608"}],"wp:attachment":[{"href":"https:\/\/acervosvirtuais.ufpel.edu.br\/expo15anosmuseologia\/wp-json\/wp\/v2\/media?parent=632"}],"curies":[{"name":"wp","href":"https:\/\/api.w.org\/{rel}","templated":true}]}}