{"id":1577,"date":"2021-10-04T17:04:16","date_gmt":"2021-10-04T20:04:16","guid":{"rendered":"https:\/\/acervosvirtuais.ufpel.edu.br\/expo15anosmuseologia\/?page_id=1577"},"modified":"2021-10-07T22:03:13","modified_gmt":"2021-10-08T01:03:13","slug":"dentro-mestre","status":"publish","type":"page","link":"https:\/\/acervosvirtuais.ufpel.edu.br\/expo15anosmuseologia\/dentro-mestre\/","title":{"rendered":""},"content":{"rendered":"\n<div class=\"wp-block-buttons is-layout-flex wp-block-buttons-is-layout-flex\">\n<div class=\"wp-block-button is-style-outline is-style-outline--1\"><a class=\"wp-block-button__link has-default-color has-text-color\" href=\"https:\/\/acervosvirtuais.ufpel.edu.br\/expo15anosmuseologia\/dentro\/\" style=\"border-radius:50px\">VOLTAR<\/a><\/div>\n<\/div>\n\n\n\n<div style=\"height:40px\" aria-hidden=\"true\" class=\"wp-block-spacer\"><\/div>\n\n\n\n<figure class=\"wp-block-pullquote\"><blockquote><p><\/p><cite>Homenagem para o ProfESSOR Wilson Miranda.<\/cite><\/blockquote><\/figure>\n\n\n\n<div style=\"height:50px\" aria-hidden=\"true\" class=\"wp-block-spacer\"><\/div>\n\n\n\n<blockquote class=\"wp-block-quote is-style-default is-layout-flow wp-block-quote-is-layout-flow\"><p><\/p><cite>\u201cTodos esses que a\u00ed est\u00e3o<br>\u00a0Atravancando meu caminho,<br>\u00a0Eles passar\u00e3o\u2026<br>\u00a0Eu passarinho!\u201d\u00a0<br><br>M\u00e1rio Quintana<br><\/cite><\/blockquote>\n\n\n\n<div style=\"height:22px\" aria-hidden=\"true\" class=\"wp-block-spacer\"><\/div>\n\n\n\n<p style=\"font-size:22px\">Ao abrir a nossa caixinha de mem\u00f3rias, nos deparamos com muitas passagens. Passagens que deixam rastros, que se cristalizam como reminisc\u00eancias. S\u00e3o fragmentos por interm\u00e9dio dos quais falamos n\u00e3o somente sobre quem n\u00f3s somos, mas tamb\u00e9m sobre quem gostar\u00edamos de ser. O professor Miranda \u00e9 um personagem fundante dessas passagens. Como idealizador do Curso, com sua leveza peculiar, atravessou muitos percal\u00e7os que atravancaram o seu caminho. E, mais do que isso, sedimentou uma rota s\u00f3lida por onde muitos outros passaram e ainda passar\u00e3o (e ele, passarinho).<\/p>\n\n\n\n<div style=\"height:28px\" aria-hidden=\"true\" class=\"wp-block-spacer\"><\/div>\n\n\n\n<div class=\"wp-block-columns is-layout-flex wp-container-core-columns-is-layout-28f84493 wp-block-columns-is-layout-flex\">\n<div class=\"wp-block-column is-layout-flow wp-block-column-is-layout-flow\" style=\"flex-basis:66.66%\">\n<div class=\"wp-block-image\"><figure class=\"alignleft size-full\"><img loading=\"lazy\" decoding=\"async\" width=\"2552\" height=\"1440\" src=\"https:\/\/acervosvirtuais.ufpel.edu.br\/expo15anosmuseologia\/wp-content\/uploads\/sites\/14\/2021\/10\/Apresentacao4_auto_x2-1.jpg\" alt=\"\" class=\"wp-image-1597\" srcset=\"https:\/\/acervosvirtuais.ufpel.edu.br\/expo15anosmuseologia\/wp-content\/uploads\/sites\/14\/2021\/10\/Apresentacao4_auto_x2-1.jpg 2552w, https:\/\/acervosvirtuais.ufpel.edu.br\/expo15anosmuseologia\/wp-content\/uploads\/sites\/14\/2021\/10\/Apresentacao4_auto_x2-1-300x169.jpg 300w, https:\/\/acervosvirtuais.ufpel.edu.br\/expo15anosmuseologia\/wp-content\/uploads\/sites\/14\/2021\/10\/Apresentacao4_auto_x2-1-1024x578.jpg 1024w, https:\/\/acervosvirtuais.ufpel.edu.br\/expo15anosmuseologia\/wp-content\/uploads\/sites\/14\/2021\/10\/Apresentacao4_auto_x2-1-768x433.jpg 768w, https:\/\/acervosvirtuais.ufpel.edu.br\/expo15anosmuseologia\/wp-content\/uploads\/sites\/14\/2021\/10\/Apresentacao4_auto_x2-1-1536x867.jpg 1536w, https:\/\/acervosvirtuais.ufpel.edu.br\/expo15anosmuseologia\/wp-content\/uploads\/sites\/14\/2021\/10\/Apresentacao4_auto_x2-1-2048x1156.jpg 2048w, https:\/\/acervosvirtuais.ufpel.edu.br\/expo15anosmuseologia\/wp-content\/uploads\/sites\/14\/2021\/10\/Apresentacao4_auto_x2-1-205x116.jpg 205w\" sizes=\"auto, (max-width: 2552px) 100vw, 2552px\" \/><\/figure><\/div>\n<\/div>\n\n\n\n<div class=\"wp-block-column is-layout-flow wp-block-column-is-layout-flow\" style=\"flex-basis:33.33%\">\n<figure class=\"wp-block-pullquote is-style-default\"><blockquote><p><\/p><cite>\u201cEu vejo o Curso de Museologia assim: ele est\u00e1 indo, os alunos est\u00e3o indo, O Curso est\u00e1 cumprindo com o seu papel.\u201d<br><br>Professor Miranda<\/cite><\/blockquote><\/figure>\n<\/div>\n<\/div>\n\n\n\n<div style=\"height:28px\" aria-hidden=\"true\" class=\"wp-block-spacer\"><\/div>\n\n\n\n<p style=\"font-size:22px\">Essa imagem do professor Miranda, alude, com distinta precis\u00e3o, ao seu principal tra\u00e7o de personalidade: mirar para o horizonte. \u00c9 um olhar vivo, vigoroso, potente, generoso. \u00c9 um olhar que, com os p\u00e9s fincados no presente, consegue desvelar um futuro que olhos comuns s\u00e3o incapazes de objetivar. Foi nesse olhar que se projetou o Curso de Museologia da UFPel. E, agora, estamos indo; estamos cumprindo o nosso papel. Sem voc\u00ea, professor Miranda, nada disso seria poss\u00edvel.<\/p>\n\n\n\n<div style=\"height:100px\" aria-hidden=\"true\" class=\"wp-block-spacer\"><\/div>\n\n\n\n<p><\/p>\n","protected":false},"excerpt":{"rendered":"<p>Homenagem para o ProfESSOR Wilson Miranda. \u201cTodos esses que a\u00ed est\u00e3o\u00a0Atravancando meu caminho,\u00a0Eles passar\u00e3o\u2026\u00a0Eu passarinho!\u201d\u00a0 M\u00e1rio Quintana Ao abrir a nossa caixinha de mem\u00f3rias, nos deparamos com muitas passagens. Passagens que deixam rastros, que se cristalizam como reminisc\u00eancias. S\u00e3o fragmentos por interm\u00e9dio dos quais falamos n\u00e3o somente sobre quem n\u00f3s somos, mas tamb\u00e9m sobre quem [&hellip;]<\/p>\n","protected":false},"author":21,"featured_media":0,"parent":0,"menu_order":0,"comment_status":"closed","ping_status":"closed","template":"page-templates\/landing.php","meta":{"footnotes":""},"class_list":["post-1577","page","type-page","status-publish","hentry"],"jetpack_sharing_enabled":true,"_links":{"self":[{"href":"https:\/\/acervosvirtuais.ufpel.edu.br\/expo15anosmuseologia\/wp-json\/wp\/v2\/pages\/1577","targetHints":{"allow":["GET"]}}],"collection":[{"href":"https:\/\/acervosvirtuais.ufpel.edu.br\/expo15anosmuseologia\/wp-json\/wp\/v2\/pages"}],"about":[{"href":"https:\/\/acervosvirtuais.ufpel.edu.br\/expo15anosmuseologia\/wp-json\/wp\/v2\/types\/page"}],"author":[{"embeddable":true,"href":"https:\/\/acervosvirtuais.ufpel.edu.br\/expo15anosmuseologia\/wp-json\/wp\/v2\/users\/21"}],"replies":[{"embeddable":true,"href":"https:\/\/acervosvirtuais.ufpel.edu.br\/expo15anosmuseologia\/wp-json\/wp\/v2\/comments?post=1577"}],"version-history":[{"count":10,"href":"https:\/\/acervosvirtuais.ufpel.edu.br\/expo15anosmuseologia\/wp-json\/wp\/v2\/pages\/1577\/revisions"}],"predecessor-version":[{"id":1650,"href":"https:\/\/acervosvirtuais.ufpel.edu.br\/expo15anosmuseologia\/wp-json\/wp\/v2\/pages\/1577\/revisions\/1650"}],"wp:attachment":[{"href":"https:\/\/acervosvirtuais.ufpel.edu.br\/expo15anosmuseologia\/wp-json\/wp\/v2\/media?parent=1577"}],"curies":[{"name":"wp","href":"https:\/\/api.w.org\/{rel}","templated":true}]}}