{"id":38395,"date":"2024-06-05T17:29:33","date_gmt":"2024-06-05T20:29:33","guid":{"rendered":"https:\/\/acervosvirtuais.ufpel.edu.br\/choropatrimonio\/?page_id=38395"},"modified":"2024-06-05T17:29:33","modified_gmt":"2024-06-05T20:29:33","slug":"dossie-tecnico-do-choro","status":"publish","type":"page","link":"https:\/\/acervosvirtuais.ufpel.edu.br\/choropatrimonio\/dossie-tecnico-do-choro\/","title":{"rendered":"Dossi\u00ea t\u00e9cnico do Choro"},"content":{"rendered":"\n<div class=\"wp-block-media-text alignfull is-stacked-on-mobile is-vertically-aligned-center\"><figure class=\"wp-block-media-text__media\"><img loading=\"lazy\" decoding=\"async\" width=\"724\" height=\"1024\" src=\"https:\/\/acervosvirtuais.ufpel.edu.br\/choropatrimonio\/wp-content\/uploads\/sites\/11\/2023\/03\/230305_dossie\u0302_final-1-724x1024.jpg\" alt=\"\" class=\"wp-image-37495 size-full\" srcset=\"https:\/\/acervosvirtuais.ufpel.edu.br\/choropatrimonio\/wp-content\/uploads\/sites\/11\/2023\/03\/230305_dossie\u0302_final-1-724x1024.jpg 724w, https:\/\/acervosvirtuais.ufpel.edu.br\/choropatrimonio\/wp-content\/uploads\/sites\/11\/2023\/03\/230305_dossie\u0302_final-1-212x300.jpg 212w, https:\/\/acervosvirtuais.ufpel.edu.br\/choropatrimonio\/wp-content\/uploads\/sites\/11\/2023\/03\/230305_dossie\u0302_final-1-768x1086.jpg 768w, https:\/\/acervosvirtuais.ufpel.edu.br\/choropatrimonio\/wp-content\/uploads\/sites\/11\/2023\/03\/230305_dossie\u0302_final-1-1086x1536.jpg 1086w, https:\/\/acervosvirtuais.ufpel.edu.br\/choropatrimonio\/wp-content\/uploads\/sites\/11\/2023\/03\/230305_dossie\u0302_final-1-1448x2048.jpg 1448w, https:\/\/acervosvirtuais.ufpel.edu.br\/choropatrimonio\/wp-content\/uploads\/sites\/11\/2023\/03\/230305_dossie\u0302_final-1-205x290.jpg 205w, https:\/\/acervosvirtuais.ufpel.edu.br\/choropatrimonio\/wp-content\/uploads\/sites\/11\/2023\/03\/230305_dossie\u0302_final-1-480x679.jpg 480w, https:\/\/acervosvirtuais.ufpel.edu.br\/choropatrimonio\/wp-content\/uploads\/sites\/11\/2023\/03\/230305_dossie\u0302_final-1-scaled.jpg 1810w\" sizes=\"auto, (max-width: 724px) 100vw, 724px\" \/><\/figure><div class=\"wp-block-media-text__content\">\n<h3 class=\"wp-block-heading has-text-align-center has-cherry-color has-text-color\"><strong>CHORO PATRIM\u00d4NIO<\/strong><\/h3>\n\n\n\n<p class=\"has-text-align-center has-extra-small-font-size\"><a href=\"\/\/www.gov.br\/iphan\/pt-br\/assuntos\/noticias\/DossietcnicodoChoro.pdf\" target=\"_blank\" rel=\"noreferrer noopener\">Acesse o Dossi\u00ea t\u00e9cnico do Choro\u2197<\/a><\/p>\n<\/div><\/div>\n","protected":false},"excerpt":{"rendered":"<p>CHORO PATRIM\u00d4NIO Acesse o Dossi\u00ea t\u00e9cnico do Choro\u2197<\/p>\n","protected":false},"author":17,"featured_media":0,"parent":0,"menu_order":0,"comment_status":"closed","ping_status":"closed","template":"","meta":{"footnotes":""},"class_list":["post-38395","page","type-page","status-publish","hentry"],"jetpack_sharing_enabled":true,"_links":{"self":[{"href":"https:\/\/acervosvirtuais.ufpel.edu.br\/choropatrimonio\/wp-json\/wp\/v2\/pages\/38395","targetHints":{"allow":["GET"]}}],"collection":[{"href":"https:\/\/acervosvirtuais.ufpel.edu.br\/choropatrimonio\/wp-json\/wp\/v2\/pages"}],"about":[{"href":"https:\/\/acervosvirtuais.ufpel.edu.br\/choropatrimonio\/wp-json\/wp\/v2\/types\/page"}],"author":[{"embeddable":true,"href":"https:\/\/acervosvirtuais.ufpel.edu.br\/choropatrimonio\/wp-json\/wp\/v2\/users\/17"}],"replies":[{"embeddable":true,"href":"https:\/\/acervosvirtuais.ufpel.edu.br\/choropatrimonio\/wp-json\/wp\/v2\/comments?post=38395"}],"version-history":[{"count":1,"href":"https:\/\/acervosvirtuais.ufpel.edu.br\/choropatrimonio\/wp-json\/wp\/v2\/pages\/38395\/revisions"}],"predecessor-version":[{"id":38398,"href":"https:\/\/acervosvirtuais.ufpel.edu.br\/choropatrimonio\/wp-json\/wp\/v2\/pages\/38395\/revisions\/38398"}],"wp:attachment":[{"href":"https:\/\/acervosvirtuais.ufpel.edu.br\/choropatrimonio\/wp-json\/wp\/v2\/media?parent=38395"}],"curies":[{"name":"wp","href":"https:\/\/api.w.org\/{rel}","templated":true}]}}