{"id":36724,"date":"2022-03-17T15:22:33","date_gmt":"2022-03-17T18:22:33","guid":{"rendered":"https:\/\/acervosvirtuais.ufpel.edu.br\/choropatrimonio\/?page_id=36724"},"modified":"2025-07-12T12:06:48","modified_gmt":"2025-07-12T15:06:48","slug":"formulario-de-submissao-item-associacoes-e-clubes","status":"publish","type":"page","link":"https:\/\/acervosvirtuais.ufpel.edu.br\/choropatrimonio\/formulario-de-submissao-item-associacoes-e-clubes\/","title":{"rendered":"Formul\u00e1rio de Submiss\u00e3o item\u00a0Associa\u00e7\u00f5es e Clubes"},"content":{"rendered":"\n<div style=\"font-size:16px;--tainacan-base-font-size:16px;--tainacan-background-color:rgba(255,255,255,0);--tainacan-input-color:#1d1d1d;--tainacan-input-background-color:#ffffff;--tainacan-input-border-color:#dbdbdb;--tainacan-label-color:#454647;--tainacan-info-color:#555758;--tainacan-primary:#d9eced;--tainacan-secondary:#298596\" class=\"wp-block-tainacan-item-submission-form\"><div id=\"tainacan-item-submission-form\" data-module=\"item-submission-form\" data-collection-id=\"679\" data-hide-file-modal-button=\"false\" data-hide-text-modal-button=\"false\" data-hide-link-modal-button=\"false\" data-hide-thumbnail-section=\"false\" data-hide-attachments-section=\"false\" data-show-allow-comments-section=\"false\" data-hide-help-buttons=\"false\" data-hide-metadata-types=\"false\" data-hide-collapses=\"false\" data-enabled-metadata=\"{&quot;684&quot;:true,&quot;686&quot;:true,&quot;2317&quot;:true,&quot;2430&quot;:true,&quot;2479&quot;:true,&quot;2565&quot;:true,&quot;2598&quot;:true,&quot;2667&quot;:true,&quot;2697&quot;:true,&quot;2829&quot;:true,&quot;37627&quot;:true}\" data-sent-form-heading=\"Sua contribui\u00e7\u00e3o foi recebida!\" data-sent-form-message=\"Obrigado pela sua contribui\u00e7\u00e3o. Em breve estaremos disponibilizando na base\" data-document-section-label=\"Document\" data-thumbnail-section-label=\"Thumbnail\" data-attachments-section-label=\"Attachments\" data-metadata-section-label=\"Metadata\" data-show-item-link-button=\"true\" data-show-terms-agreement-checkbox=\"true\" data-terms-agreement-message=\"Eu concordo com a submiss\u00e3o e disponibiliza\u00e7\u00e3o p\u00fablica destas informa\u00e7\u00f5es e documentos.\" data-item-link-button-label=\"Go to the item page\" data-help-info-bellow-label=\"false\" data-is-layout-steps=\"false\"><\/div><\/div>\n\n\n\n<figure class=\"wp-block-image alignfull size-full\"><img loading=\"lazy\" decoding=\"async\" width=\"2000\" height=\"685\" src=\"https:\/\/acervosvirtuais.ufpel.edu.br\/choropatrimonio\/wp-content\/uploads\/sites\/11\/2023\/03\/Rodape\u0301.jpg\" alt=\"\" class=\"wp-image-37555\" srcset=\"https:\/\/acervosvirtuais.ufpel.edu.br\/choropatrimonio\/wp-content\/uploads\/sites\/11\/2023\/03\/Rodape\u0301.jpg 2000w, https:\/\/acervosvirtuais.ufpel.edu.br\/choropatrimonio\/wp-content\/uploads\/sites\/11\/2023\/03\/Rodape\u0301-300x103.jpg 300w, https:\/\/acervosvirtuais.ufpel.edu.br\/choropatrimonio\/wp-content\/uploads\/sites\/11\/2023\/03\/Rodape\u0301-1024x351.jpg 1024w, https:\/\/acervosvirtuais.ufpel.edu.br\/choropatrimonio\/wp-content\/uploads\/sites\/11\/2023\/03\/Rodape\u0301-768x263.jpg 768w, https:\/\/acervosvirtuais.ufpel.edu.br\/choropatrimonio\/wp-content\/uploads\/sites\/11\/2023\/03\/Rodape\u0301-1536x526.jpg 1536w, https:\/\/acervosvirtuais.ufpel.edu.br\/choropatrimonio\/wp-content\/uploads\/sites\/11\/2023\/03\/Rodape\u0301-205x70.jpg 205w, https:\/\/acervosvirtuais.ufpel.edu.br\/choropatrimonio\/wp-content\/uploads\/sites\/11\/2023\/03\/Rodape\u0301-480x164.jpg 480w\" sizes=\"auto, (max-width: 2000px) 100vw, 2000px\" \/><\/figure>\n","protected":false},"excerpt":{"rendered":"","protected":false},"author":2,"featured_media":0,"parent":0,"menu_order":0,"comment_status":"closed","ping_status":"closed","template":"","meta":{"footnotes":""},"class_list":["post-36724","page","type-page","status-publish","hentry"],"jetpack_sharing_enabled":true,"_links":{"self":[{"href":"https:\/\/acervosvirtuais.ufpel.edu.br\/choropatrimonio\/wp-json\/wp\/v2\/pages\/36724","targetHints":{"allow":["GET"]}}],"collection":[{"href":"https:\/\/acervosvirtuais.ufpel.edu.br\/choropatrimonio\/wp-json\/wp\/v2\/pages"}],"about":[{"href":"https:\/\/acervosvirtuais.ufpel.edu.br\/choropatrimonio\/wp-json\/wp\/v2\/types\/page"}],"author":[{"embeddable":true,"href":"https:\/\/acervosvirtuais.ufpel.edu.br\/choropatrimonio\/wp-json\/wp\/v2\/users\/2"}],"replies":[{"embeddable":true,"href":"https:\/\/acervosvirtuais.ufpel.edu.br\/choropatrimonio\/wp-json\/wp\/v2\/comments?post=36724"}],"version-history":[{"count":9,"href":"https:\/\/acervosvirtuais.ufpel.edu.br\/choropatrimonio\/wp-json\/wp\/v2\/pages\/36724\/revisions"}],"predecessor-version":[{"id":40967,"href":"https:\/\/acervosvirtuais.ufpel.edu.br\/choropatrimonio\/wp-json\/wp\/v2\/pages\/36724\/revisions\/40967"}],"wp:attachment":[{"href":"https:\/\/acervosvirtuais.ufpel.edu.br\/choropatrimonio\/wp-json\/wp\/v2\/media?parent=36724"}],"curies":[{"name":"wp","href":"https:\/\/api.w.org\/{rel}","templated":true}]}}