{"id":36346,"date":"2022-02-20T11:39:29","date_gmt":"2022-02-20T14:39:29","guid":{"rendered":"https:\/\/acervosvirtuais.ufpel.edu.br\/choropatrimonio\/?page_id=36346"},"modified":"2025-02-14T17:44:36","modified_gmt":"2025-02-14T20:44:36","slug":"equipe-de-pesquisa","status":"publish","type":"page","link":"https:\/\/acervosvirtuais.ufpel.edu.br\/choropatrimonio\/equipe-de-pesquisa\/","title":{"rendered":"Equipe de Pesquisa"},"content":{"rendered":"\n<h2 class=\"wp-block-heading has-default-color has-text-color has-link-color wp-elements-64aac3fa968e2c57d0fc6688d4e7c40c\">Coordena\u00e7\u00e3o de Pesquisa<\/h2>\n\n\n\n<ul class=\"wp-block-list\">\n<li>L\u00facia Campos (UFMG)<\/li>\n\n\n\n<li>Pedro Arag\u00e3o (Universidade de Aveiro\/UNIRIO)<\/li>\n\n\n\n<li>Rafael Velloso (UFPEL)<\/li>\n<\/ul>\n\n\n\n<h2 class=\"wp-block-heading has-default-color has-text-color has-link-color wp-elements-1da2c22564209d884d510b1cc70acb9a\">Pesquisadores<\/h2>\n\n\n\n<ul class=\"wp-block-list\">\n<li>Alice Alves (PE)<\/li>\n\n\n\n<li>Anna Paes (RJ)<\/li>\n\n\n\n<li>Guilherme Sperb (RS) <\/li>\n\n\n\n<li>Joana Corr\u00eaa (MG)<\/li>\n\n\n\n<li>Lucas de Campos (DF)<\/li>\n\n\n\n<li>Luciana Rosa (SP)<\/li>\n\n\n\n<li>Osm\u00e1rio Estevam Jr. (PR)<\/li>\n\n\n\n<li>Rodrigo Heringer (BA)<\/li>\n<\/ul>\n\n\n\n<h2 class=\"wp-block-heading has-default-color has-text-color has-link-color wp-elements-c9d3b960c7396e5952c4e66f7bf211e7\">Consultores<\/h2>\n\n\n\n<ul class=\"wp-block-list\">\n<li>Adamor do Bandolim (PA-Norte)<\/li>\n\n\n\n<li>Izaias Bueno (SP-Sudeste)<\/li>\n\n\n\n<li>Luciana Rabello (RJ-Sudeste)<\/li>\n\n\n\n<li>Luiz Machado (RS-Sul)<\/li>\n\n\n\n<li>Marco Cesar (PE-Nordeste)<\/li>\n\n\n\n<li>Reco do Bandolim (DF-Centro-oeste)<\/li>\n<\/ul>\n\n\n\n<h2 class=\"wp-block-heading has-default-color has-text-color has-link-color wp-elements-6d9717eadc8e3f9bd1f28dd23131b6db\">Realiza\u00e7\u00e3o<\/h2>\n\n\n\n<ul class=\"wp-block-list\">\n<li>Ana Carolina<\/li>\n\n\n\n<li>Cristiano Nascimento<\/li>\n\n\n\n<li>Elizabete Vicari<\/li>\n\n\n\n<li>Elizabeth Costa<\/li>\n\n\n\n<li>Pedro Aspahan<\/li>\n<\/ul>\n\n\n\n<p class=\"has-default-color has-text-color has-link-color has-huge-font-size wp-elements-b8cb4ae1eac3b0c27bc076a5617f295b\"><strong>Grupo de Pesquisa Choro Patrim\u00f4nio (CNPQ)<\/strong> &#8211; <a href=\"http:\/\/dgp.cnpq.br\/dgp\/espelhogrupo\/792819#\">Link<\/a><\/p>\n\n\n\n<div class=\"wp-block-columns is-layout-flex wp-container-core-columns-is-layout-28f84493 wp-block-columns-is-layout-flex\">\n<div class=\"wp-block-column is-layout-flow wp-block-column-is-layout-flow\" style=\"flex-basis:100%\">\n<figure class=\"wp-block-table is-style-stripes\"><table class=\"has-fixed-layout\"><thead><tr><th>Nome do Pesquisador<\/th><th class=\"has-text-align-center\" data-align=\"center\">Titula\u00e7\u00e3o<\/th><th>Institui\u00e7\u00e3o<\/th><th class=\"has-text-align-center\" data-align=\"center\">Regi\u00e3o de Atua\u00e7\u00e3o<\/th><th class=\"has-text-align-center\" data-align=\"center\">Curriculum Vitae<\/th><\/tr><\/thead><tbody><tr><td>Andr\u00e9 Victor Marcolino da Cunha<\/td><td class=\"has-text-align-center\" data-align=\"center\">Ensino M\u00e9dio (2o grau)<\/td><td>               UFRB<\/td><td class=\"has-text-align-center\" data-align=\"center\">Nordeste<\/td><td class=\"has-text-align-center\" data-align=\"center\"><a href=\"http:\/\/dgp.cnpq.br\/dgp\/espelhogrupo\/792819#\">Lattes<\/a><\/td><\/tr><tr><td>Cibele Palopoli<\/td><td class=\"has-text-align-center\" data-align=\"center\">Doutorado<\/td><td>UNISANTOS<\/td><td class=\"has-text-align-center\" data-align=\"center\">Sudeste<\/td><td class=\"has-text-align-center\" data-align=\"center\"><a href=\"http:\/\/lattes.cnpq.br\/7951120044534973\">Lattes<\/a><\/td><\/tr><tr><td>Jo\u00e3o Lucas Camargo Experdi\u00e3o da Silva<\/td><td class=\"has-text-align-center\" data-align=\"center\">Ensino M\u00e9dio (2o grau)<\/td><td>               UFRB<\/td><td class=\"has-text-align-center\" data-align=\"center\">Nordeste<\/td><td class=\"has-text-align-center\" data-align=\"center\"><a href=\"http:\/\/dgp.cnpq.br\/dgp\/espelhogrupo\/792819#\">Lattes<\/a><\/td><\/tr><tr><td>Jos\u00e9 Gabriel Gonzaga Tavares<\/td><td class=\"has-text-align-center\" data-align=\"center\">Gradua\u00e7\u00e3o<\/td><td>               UFRB<\/td><td class=\"has-text-align-center\" data-align=\"center\">Nerdeste<\/td><td class=\"has-text-align-center\" data-align=\"center\"><a href=\"http:\/\/dgp.cnpq.br\/dgp\/espelhogrupo\/792819#\">Lattes<\/a><\/td><\/tr><tr><td>L\u00facia Pompeu de Freitas Campos<\/td><td class=\"has-text-align-center\" data-align=\"center\">Doutorado<\/td><td>UEMG<\/td><td class=\"has-text-align-center\" data-align=\"center\">Sudeste<\/td><td class=\"has-text-align-center\" data-align=\"center\"><a href=\"http:\/\/lattes.cnpq.br\/9122224580647279\">Lattes<\/a><\/td><\/tr><tr><td>Luciana Fernandes Rosa<\/td><td class=\"has-text-align-center\" data-align=\"center\">Doutorado<\/td><td>FAMES<\/td><td class=\"has-text-align-center\" data-align=\"center\">Sudeste<\/td><td class=\"has-text-align-center\" data-align=\"center\"><a href=\"http:\/\/lattes.cnpq.br\/7352976284393055\">Lattes<\/a><\/td><\/tr><tr><td>Osm\u00e1rio Estevam J\u00fanior<\/td><td class=\"has-text-align-center\" data-align=\"center\">Doutorado<\/td><td>ANM<\/td><td class=\"has-text-align-center\" data-align=\"center\">Sul<\/td><td class=\"has-text-align-center\" data-align=\"center\"><a href=\"http:\/\/lattes.cnpq.br\/0022455027640104\">Lattes<\/a><\/td><\/tr><tr><td>Pedro de Moura Aragao<\/td><td class=\"has-text-align-center\" data-align=\"center\">Doutorado<\/td><td>             UNIRIO<\/td><td class=\"has-text-align-center\" data-align=\"center\">Sudeste<\/td><td class=\"has-text-align-center\" data-align=\"center\"><a href=\"http:\/\/lattes.cnpq.br\/0219242822995201\">Lattes<\/a><\/td><\/tr><tr><td>Rafael Henrique Soares Velloso<\/td><td class=\"has-text-align-center\" data-align=\"center\">Doutorado<\/td><td>             UFPEL<\/td><td class=\"has-text-align-center\" data-align=\"center\">Sul<\/td><td class=\"has-text-align-center\" data-align=\"center\"><a href=\"http:\/\/lattes.cnpq.br\/4037465949813784\">Lattes<\/a><\/td><\/tr><tr><td>Rodrigo Heringer Costa<\/td><td class=\"has-text-align-center\" data-align=\"center\">Doutorado<\/td><td>UFRB<\/td><td class=\"has-text-align-center\" data-align=\"center\">Nordeste<\/td><td class=\"has-text-align-center\" data-align=\"center\"><a href=\"http:\/\/lattes.cnpq.br\/3439337724342444\">Lattes<\/a><\/td><\/tr><tr><td>Eduarda Gabriela Agrello Avila<\/td><td class=\"has-text-align-center\" data-align=\"center\">Gradua\u00e7\u00e3o<\/td><td>UFPEL<\/td><td class=\"has-text-align-center\" data-align=\"center\">Sul<\/td><td class=\"has-text-align-center\" data-align=\"center\"><a href=\"http:\/\/lattes.cnpq.br\/3512799373593530\">Lattes<\/a><\/td><\/tr><tr><td><\/td><td class=\"has-text-align-center\" data-align=\"center\"><\/td><td><\/td><td class=\"has-text-align-center\" data-align=\"center\"><\/td><td class=\"has-text-align-center\" data-align=\"center\"><\/td><\/tr><\/tbody><\/table><\/figure>\n<\/div>\n\n\n\n<div class=\"wp-block-column is-layout-flow wp-block-column-is-layout-flow\"><\/div>\n<\/div>\n\n\n\n<figure class=\"wp-block-image alignfull size-full\"><img loading=\"lazy\" decoding=\"async\" width=\"2000\" height=\"685\" src=\"https:\/\/acervosvirtuais.ufpel.edu.br\/choropatrimonio\/wp-content\/uploads\/sites\/11\/2023\/03\/Rodape\u0301.jpg\" alt=\"\" class=\"wp-image-37555\" srcset=\"https:\/\/acervosvirtuais.ufpel.edu.br\/choropatrimonio\/wp-content\/uploads\/sites\/11\/2023\/03\/Rodape\u0301.jpg 2000w, https:\/\/acervosvirtuais.ufpel.edu.br\/choropatrimonio\/wp-content\/uploads\/sites\/11\/2023\/03\/Rodape\u0301-300x103.jpg 300w, https:\/\/acervosvirtuais.ufpel.edu.br\/choropatrimonio\/wp-content\/uploads\/sites\/11\/2023\/03\/Rodape\u0301-1024x351.jpg 1024w, https:\/\/acervosvirtuais.ufpel.edu.br\/choropatrimonio\/wp-content\/uploads\/sites\/11\/2023\/03\/Rodape\u0301-768x263.jpg 768w, https:\/\/acervosvirtuais.ufpel.edu.br\/choropatrimonio\/wp-content\/uploads\/sites\/11\/2023\/03\/Rodape\u0301-1536x526.jpg 1536w, https:\/\/acervosvirtuais.ufpel.edu.br\/choropatrimonio\/wp-content\/uploads\/sites\/11\/2023\/03\/Rodape\u0301-205x70.jpg 205w, https:\/\/acervosvirtuais.ufpel.edu.br\/choropatrimonio\/wp-content\/uploads\/sites\/11\/2023\/03\/Rodape\u0301-480x164.jpg 480w\" sizes=\"auto, (max-width: 2000px) 100vw, 2000px\" \/><\/figure>\n","protected":false},"excerpt":{"rendered":"<p>Coordena\u00e7\u00e3o de Pesquisa Pesquisadores Consultores Realiza\u00e7\u00e3o Grupo de Pesquisa Choro Patrim\u00f4nio (CNPQ) &#8211; Link Nome do Pesquisador Titula\u00e7\u00e3o Institui\u00e7\u00e3o Regi\u00e3o de Atua\u00e7\u00e3o Curriculum Vitae Andr\u00e9 Victor Marcolino da Cunha Ensino M\u00e9dio (2o grau) UFRB Nordeste Lattes Cibele Palopoli Doutorado UNISANTOS Sudeste Lattes Jo\u00e3o Lucas Camargo Experdi\u00e3o da Silva Ensino M\u00e9dio (2o grau) UFRB Nordeste Lattes [&hellip;]<\/p>\n","protected":false},"author":17,"featured_media":0,"parent":0,"menu_order":0,"comment_status":"closed","ping_status":"closed","template":"","meta":{"footnotes":""},"class_list":["post-36346","page","type-page","status-publish","hentry"],"jetpack_sharing_enabled":true,"_links":{"self":[{"href":"https:\/\/acervosvirtuais.ufpel.edu.br\/choropatrimonio\/wp-json\/wp\/v2\/pages\/36346","targetHints":{"allow":["GET"]}}],"collection":[{"href":"https:\/\/acervosvirtuais.ufpel.edu.br\/choropatrimonio\/wp-json\/wp\/v2\/pages"}],"about":[{"href":"https:\/\/acervosvirtuais.ufpel.edu.br\/choropatrimonio\/wp-json\/wp\/v2\/types\/page"}],"author":[{"embeddable":true,"href":"https:\/\/acervosvirtuais.ufpel.edu.br\/choropatrimonio\/wp-json\/wp\/v2\/users\/17"}],"replies":[{"embeddable":true,"href":"https:\/\/acervosvirtuais.ufpel.edu.br\/choropatrimonio\/wp-json\/wp\/v2\/comments?post=36346"}],"version-history":[{"count":10,"href":"https:\/\/acervosvirtuais.ufpel.edu.br\/choropatrimonio\/wp-json\/wp\/v2\/pages\/36346\/revisions"}],"predecessor-version":[{"id":40312,"href":"https:\/\/acervosvirtuais.ufpel.edu.br\/choropatrimonio\/wp-json\/wp\/v2\/pages\/36346\/revisions\/40312"}],"wp:attachment":[{"href":"https:\/\/acervosvirtuais.ufpel.edu.br\/choropatrimonio\/wp-json\/wp\/v2\/media?parent=36346"}],"curies":[{"name":"wp","href":"https:\/\/api.w.org\/{rel}","templated":true}]}}