{"id":2,"date":"2024-11-14T06:26:38","date_gmt":"2024-11-14T09:26:38","guid":{"rendered":"https:\/\/acervosvirtuais.ufpel.edu.br\/cdm\/?page_id=2"},"modified":"2025-06-12T21:37:41","modified_gmt":"2025-06-13T00:37:41","slug":"cdm","status":"publish","type":"page","link":"https:\/\/acervosvirtuais.ufpel.edu.br\/cdm\/","title":{"rendered":"Centro de Documenta\u00e7\u00e3o Musical da UFPel"},"content":{"rendered":"\n<p>Bem-vindo ao Centro de Documenta\u00e7\u00e3o Musical da UFPel!<\/p>\n\n\n\n<p>O Centro de Documenta\u00e7\u00e3o Musical da UFPel, que abrange o Laborat\u00f3rio de Ci\u00eancias Musicais, est\u00e1 vinculado ao Bacharelado em Ci\u00eancias Musicais. Caracteriza-se como \u00f3rg\u00e3o de apoio ao ensino de gradua\u00e7\u00e3o e p\u00f3s-gradua\u00e7\u00e3o, \u00e0 pesquisa e \u00e0 extens\u00e3o. Tem como objetivos:<\/p>\n\n\n\n<p>\u2013 Reunir membros do corpo docente e discente nas atividades de ensino, pesquisa e extens\u00e3o;<br>\u2013 Servir como ferramenta para a realiza\u00e7\u00e3o de aulas, pesquisas e atividades extensionistas;<br>\u2013 Proporcionar suporte ao desenvolvimento acad\u00eamico do aluno, como complemento \u00e0s disciplinas do curso;<br>\u2013 Atender a comunidade em geral no que diz respeito \u00e0 pesquisa e consulta de fontes hist\u00f3rico\/musicais;<br>\u2013 Receber, dar tratamento e arquivar documenta\u00e7\u00e3o de cunho hist\u00f3rico\/musical;<br>\u2013 Disponibilizar seu acervo em banco virtual, viabilizando acesso a pesquisadores ou usu\u00e1rios em redes de pesquisa n\u00e3o presenciais;<br>\u2013 Acolher acervos tempor\u00e1rios para, antes de restitu\u00ed-los, efetuar seus tratamentos e digitaliza\u00e7\u00e3o, como forma de disponibiliza\u00e7\u00e3o virtual a pesquisadores e usu\u00e1rios;<br>\u2013 Produzir material para publica\u00e7\u00f5es e\/ou grava\u00e7\u00f5es resultantes das pesquisas efetuadas em seus acervos;<br>\u2013 Promover eventos acad\u00eamicos de interesse musicol\u00f3gico.<\/p>\n\n\n\n<p>Em breve, not\u00edcias sobre o acesso virtual a nossos acervos.<\/p>\n\n\n\n<p><\/p>\n\n\n\n<p style=\"font-size:16px\"><\/p>\n\n\n\n<p><\/p>\n","protected":false},"excerpt":{"rendered":"<p>Bem-vindo ao Centro de Documenta\u00e7\u00e3o Musical da UFPel! O Centro de Documenta\u00e7\u00e3o Musical da UFPel, que abrange o Laborat\u00f3rio de Ci\u00eancias Musicais, est\u00e1 vinculado ao Bacharelado em Ci\u00eancias Musicais. Caracteriza-se como \u00f3rg\u00e3o de apoio ao ensino de gradua\u00e7\u00e3o e p\u00f3s-gradua\u00e7\u00e3o, \u00e0 pesquisa e \u00e0 extens\u00e3o. Tem como objetivos: \u2013 Reunir membros do corpo docente e [&hellip;]<\/p>\n","protected":false},"author":40,"featured_media":18,"parent":0,"menu_order":0,"comment_status":"closed","ping_status":"open","template":"","meta":{"footnotes":""},"class_list":["post-2","page","type-page","status-publish","has-post-thumbnail","hentry"],"_links":{"self":[{"href":"https:\/\/acervosvirtuais.ufpel.edu.br\/cdm\/wp-json\/wp\/v2\/pages\/2","targetHints":{"allow":["GET"]}}],"collection":[{"href":"https:\/\/acervosvirtuais.ufpel.edu.br\/cdm\/wp-json\/wp\/v2\/pages"}],"about":[{"href":"https:\/\/acervosvirtuais.ufpel.edu.br\/cdm\/wp-json\/wp\/v2\/types\/page"}],"author":[{"embeddable":true,"href":"https:\/\/acervosvirtuais.ufpel.edu.br\/cdm\/wp-json\/wp\/v2\/users\/40"}],"replies":[{"embeddable":true,"href":"https:\/\/acervosvirtuais.ufpel.edu.br\/cdm\/wp-json\/wp\/v2\/comments?post=2"}],"version-history":[{"count":4,"href":"https:\/\/acervosvirtuais.ufpel.edu.br\/cdm\/wp-json\/wp\/v2\/pages\/2\/revisions"}],"predecessor-version":[{"id":1451,"href":"https:\/\/acervosvirtuais.ufpel.edu.br\/cdm\/wp-json\/wp\/v2\/pages\/2\/revisions\/1451"}],"wp:featuredmedia":[{"embeddable":true,"href":"https:\/\/acervosvirtuais.ufpel.edu.br\/cdm\/wp-json\/wp\/v2\/media\/18"}],"wp:attachment":[{"href":"https:\/\/acervosvirtuais.ufpel.edu.br\/cdm\/wp-json\/wp\/v2\/media?parent=2"}],"curies":[{"name":"wp","href":"https:\/\/api.w.org\/{rel}","templated":true}]}}