{"id":7314,"date":"2020-12-16T09:26:41","date_gmt":"2020-12-16T12:26:41","guid":{"rendered":"https:\/\/acervosvirtuais.ufpel.edu.br\/acervodochorodepelotas\/?page_id=7314"},"modified":"2021-10-25T17:02:55","modified_gmt":"2021-10-25T20:02:55","slug":"pinho","status":"publish","type":"page","link":"https:\/\/acervosvirtuais.ufpel.edu.br\/acervodochorodepelotas\/pinho\/","title":{"rendered":"Cole\u00e7\u00e3o Germano Pinho"},"content":{"rendered":"\n<div class=\"wp-block-columns is-layout-flex wp-container-core-columns-is-layout-28f84493 wp-block-columns-is-layout-flex\">\n<div class=\"wp-block-column is-vertically-aligned-center is-layout-flow wp-block-column-is-layout-flow\">\n<p class=\"has-text-align-right has-medium-font-size\">Parceiro de Avendano Junior no LP &#8220;S\u00f3 Falta Voc\u00ea&#8221;, Seu Germano \u00e9 violonista e compositor.<\/p>\n\n\n\n<p class=\"has-text-align-right has-medium-font-size\">A sua cole\u00e7\u00e3o \u00e9 composta majoritariamente por partituras de suas musicas e de Avendano, recortes de jornais. Cont\u00e9m tamb\u00e9m o programa do espet\u00e1culo em homenagem a Waldir Azevedo realizado em Bras\u00edlia ap\u00f3s seu falecimento, no qual consta a participa\u00e7\u00e3o de Avendano Junior.<\/p>\n<\/div>\n\n\n\n<div class=\"wp-block-column is-layout-flow wp-block-column-is-layout-flow\">\n<div class=\"wp-block-image is-style-rounded\"><figure class=\"alignleft size-large is-resized\"><img fetchpriority=\"high\" decoding=\"async\" src=\"https:\/\/acervosvirtuais.ufpel.edu.br\/acervodochorodepelotas\/wp-content\/uploads\/sites\/3\/2020\/12\/cropped-Germano-Pinho-scaled-2-1024x1024.jpg\" alt=\"\" class=\"wp-image-7344\" width=\"511\" height=\"511\" srcset=\"https:\/\/acervosvirtuais.ufpel.edu.br\/acervodochorodepelotas\/wp-content\/uploads\/sites\/3\/2020\/12\/cropped-Germano-Pinho-scaled-2-1024x1024.jpg 1024w, https:\/\/acervosvirtuais.ufpel.edu.br\/acervodochorodepelotas\/wp-content\/uploads\/sites\/3\/2020\/12\/cropped-Germano-Pinho-scaled-2-300x300.jpg 300w, https:\/\/acervosvirtuais.ufpel.edu.br\/acervodochorodepelotas\/wp-content\/uploads\/sites\/3\/2020\/12\/cropped-Germano-Pinho-scaled-2-150x150.jpg 150w, https:\/\/acervosvirtuais.ufpel.edu.br\/acervodochorodepelotas\/wp-content\/uploads\/sites\/3\/2020\/12\/cropped-Germano-Pinho-scaled-2-768x768.jpg 768w, https:\/\/acervosvirtuais.ufpel.edu.br\/acervodochorodepelotas\/wp-content\/uploads\/sites\/3\/2020\/12\/cropped-Germano-Pinho-scaled-2-1536x1536.jpg 1536w, https:\/\/acervosvirtuais.ufpel.edu.br\/acervodochorodepelotas\/wp-content\/uploads\/sites\/3\/2020\/12\/cropped-Germano-Pinho-scaled-2-40x40.jpg 40w, https:\/\/acervosvirtuais.ufpel.edu.br\/acervodochorodepelotas\/wp-content\/uploads\/sites\/3\/2020\/12\/cropped-Germano-Pinho-scaled-2-275x275.jpg 275w, https:\/\/acervosvirtuais.ufpel.edu.br\/acervodochorodepelotas\/wp-content\/uploads\/sites\/3\/2020\/12\/cropped-Germano-Pinho-scaled-2-205x205.jpg 205w, https:\/\/acervosvirtuais.ufpel.edu.br\/acervodochorodepelotas\/wp-content\/uploads\/sites\/3\/2020\/12\/cropped-Germano-Pinho-scaled-2-125x125.jpg 125w, https:\/\/acervosvirtuais.ufpel.edu.br\/acervodochorodepelotas\/wp-content\/uploads\/sites\/3\/2020\/12\/cropped-Germano-Pinho-scaled-2.jpg 1978w\" sizes=\"(max-width: 511px) 100vw, 511px\" \/><\/figure><\/div>\n<\/div>\n<\/div>\n\n\n\n<div class=\"wp-block-buttons is-layout-flex wp-block-buttons-is-layout-flex\">\n<div class=\"wp-block-button\"><a class=\"wp-block-button__link has-mintgreen-background-color has-text-color has-background\" href=\"https:\/\/acervosvirtuais.ufpel.edu.br\/acervodochorodepelotas\/colecao-germano-pinho\" style=\"color:#ffffff\">Clique aqui: Cole\u00e7\u00e3o Germanho Pinho<\/a><\/div>\n<\/div>\n\n\n\n<blockquote class=\"wp-block-quote is-style-default is-layout-flow wp-block-quote-is-layout-flow\"><p>\u201cEu Nasci no dia 2 de junho de 1928, portanto em cima das contas s\u00e3o 89. A minha experi\u00eancia musical foi no col\u00e9gio Gonzaga. Tinha um professor na \u00e9poca, o jornalista Barbosa Lessa, que formou um conjunto chamado Minuano com viol\u00e3o, gaita de 8 baixos, pandeiro e outro viol\u00e3o. Depois, quando sa\u00ed do Gonzaga, conheci outros rapazes do col\u00e9gio e formamos um conjunto vocal inspirado no conjunto mais famoso do Brasil na \u00e9poca, o Quatro Azes e um Coringa. Como j\u00e1 existia em Pelotas outro conjunto vocal rival no mesmo estilo chamado Cancioneiros do Ritmo, criamos o grupo com o nome de Piratas do Ritmo. Passado um tempo eu arrumei outro grupo e assim foi indo, pois os grupos n\u00e3o foram dando certo.<\/p><p>At\u00e9 que chegou a d\u00e9cada 1980 quando eu conheci o Avendano tocando com o seu regional. Conversando com ele eu disse: \u201cvem c\u00e1, eu tenho algumas m\u00fasicas, quem sabe tu n\u00e3o quer ouvir alguma coisa?\u201d Ele disse \u201cclaro\u201d. Ent\u00e3o ele me deu o seu endere\u00e7o e eu fui l\u00e1 e mostrei as minhas m\u00fasicas pra ele. Ele largou o cavaquinho e me disse: \u201cBah, mas era isso que eu precisava; gostei das tuas m\u00fasicas, vou mostrar as minhas e acho que vai sair alguma coisa daqui\u201d.<\/p><p>O Avendano j\u00e1 tocava com um cavaquinhista chamado Toinha, grande compositor de valsas e choros, da\u00ed eu disse: \u201cAcontece que voc\u00eas est\u00e3o formando alguma coisa, mas eu n\u00e3o sou viol\u00e3o de regional, porque fa\u00e7o as minhas composi\u00e7\u00f5es para mim\u201d. Mas ele disse: \u201c\u00e9 isso que eu quero\u201d.<\/p><p>O Avendano j\u00e1 tocava com um cavaquinhista chamado Toinha, grande compositor de valsas e choros, da\u00ed eu disse: \u201cAcontece que voc\u00eas est\u00e3o formando alguma coisa, mas eu n\u00e3o sou viol\u00e3o de regional, porque fa\u00e7o as minhas composi\u00e7\u00f5es para mim\u201d. Mas ele disse: \u201c\u00e9 isso que eu quero\u201d.<\/p><p>Da\u00ed come\u00e7amos a conversar, isso em 1982, 1983\u2026 Depois ele convidou o Nogueira, que j\u00e1 tocava com ele, pra fazer o disco. Depois de dois anos de grava\u00e7\u00f5es lan\u00e7amos o disco em 1984, fazendo alguns shows principalmente em Pelotas e Rio Grande. Bot\u00e1vamos os discos nas lojas e em poucos dias acabava, porque o pessoal achava que era o Waldir Azevedo\u201d<\/p><cite><em>GERMANO PINHO &#8211; 2016 CADERNOS DO CHORO DE PELOTAS<\/em><\/cite><\/blockquote>\n\n\n\n<p class=\"has-text-align-center has-normal-font-size\"><em>GERMANO PINHO &#8211; 2016 CADERNOS DO CHORO DE PELOTAS<\/em><\/p>\n","protected":false},"excerpt":{"rendered":"<p>Parceiro de Avendano Junior no LP &#8220;S\u00f3 Falta Voc\u00ea&#8221;, Seu Germano \u00e9 violonista e compositor. A sua cole\u00e7\u00e3o \u00e9 composta majoritariamente por partituras de suas musicas e de Avendano, recortes de jornais. Cont\u00e9m tamb\u00e9m o programa do espet\u00e1culo em homenagem a Waldir Azevedo realizado em Bras\u00edlia ap\u00f3s seu falecimento, no qual consta a participa\u00e7\u00e3o de [&hellip;]<\/p>\n","protected":false},"author":5,"featured_media":0,"parent":0,"menu_order":0,"comment_status":"closed","ping_status":"closed","template":"","meta":{"footnotes":""},"tnc_tax_2790":[],"tnc_tax_38":[],"tnc_tax_32":[],"class_list":["post-7314","page","type-page","status-publish","hentry"],"_links":{"self":[{"href":"https:\/\/acervosvirtuais.ufpel.edu.br\/acervodochorodepelotas\/wp-json\/wp\/v2\/pages\/7314","targetHints":{"allow":["GET"]}}],"collection":[{"href":"https:\/\/acervosvirtuais.ufpel.edu.br\/acervodochorodepelotas\/wp-json\/wp\/v2\/pages"}],"about":[{"href":"https:\/\/acervosvirtuais.ufpel.edu.br\/acervodochorodepelotas\/wp-json\/wp\/v2\/types\/page"}],"author":[{"embeddable":true,"href":"https:\/\/acervosvirtuais.ufpel.edu.br\/acervodochorodepelotas\/wp-json\/wp\/v2\/users\/5"}],"replies":[{"embeddable":true,"href":"https:\/\/acervosvirtuais.ufpel.edu.br\/acervodochorodepelotas\/wp-json\/wp\/v2\/comments?post=7314"}],"version-history":[{"count":9,"href":"https:\/\/acervosvirtuais.ufpel.edu.br\/acervodochorodepelotas\/wp-json\/wp\/v2\/pages\/7314\/revisions"}],"predecessor-version":[{"id":13872,"href":"https:\/\/acervosvirtuais.ufpel.edu.br\/acervodochorodepelotas\/wp-json\/wp\/v2\/pages\/7314\/revisions\/13872"}],"wp:attachment":[{"href":"https:\/\/acervosvirtuais.ufpel.edu.br\/acervodochorodepelotas\/wp-json\/wp\/v2\/media?parent=7314"}],"wp:term":[{"taxonomy":"tnc_tax_2790","embeddable":true,"href":"https:\/\/acervosvirtuais.ufpel.edu.br\/acervodochorodepelotas\/wp-json\/wp\/v2\/tnc_tax_2790?post=7314"},{"taxonomy":"tnc_tax_38","embeddable":true,"href":"https:\/\/acervosvirtuais.ufpel.edu.br\/acervodochorodepelotas\/wp-json\/wp\/v2\/tnc_tax_38?post=7314"},{"taxonomy":"tnc_tax_32","embeddable":true,"href":"https:\/\/acervosvirtuais.ufpel.edu.br\/acervodochorodepelotas\/wp-json\/wp\/v2\/tnc_tax_32?post=7314"}],"curies":[{"name":"wp","href":"https:\/\/api.w.org\/{rel}","templated":true}]}}