{"id":363,"date":"2020-09-17T08:23:48","date_gmt":"2020-09-17T11:23:48","guid":{"rendered":"https:\/\/acervosvirtuais.ufpel.edu.br\/acervodochorodepelotas\/?page_id=363"},"modified":"2020-10-19T06:02:39","modified_gmt":"2020-10-19T09:02:39","slug":"formulario-de-contato","status":"publish","type":"page","link":"https:\/\/acervosvirtuais.ufpel.edu.br\/acervodochorodepelotas\/formulario-de-contato\/","title":{"rendered":"Formul\u00e1rio de contato"},"content":{"rendered":"\n<p>Este formul\u00e1rio est\u00e1 dispon\u00edvel para o contato institucional com o Acervo do Choro de Pelotas. Novas contribui\u00e7\u00f5es e colabora\u00e7\u00f5es s\u00e3o bem vindas, assim como solicita\u00e7\u00f5es para o uso destes documentos que dever\u00e3o ser autorizados pelos seus detentores que ser\u00e3o consultados sobre o pedido.<\/p>\n\n\n\n<div class=\"wpcf7 no-js\" id=\"wpcf7-f362-o1\" lang=\"pt-BR\" dir=\"ltr\" data-wpcf7-id=\"362\">\n<div class=\"screen-reader-response\"><p role=\"status\" aria-live=\"polite\" aria-atomic=\"true\"><\/p> <ul><\/ul><\/div>\n<form action=\"\/acervodochorodepelotas\/wp-json\/wp\/v2\/pages\/363#wpcf7-f362-o1\" method=\"post\" class=\"wpcf7-form init\" aria-label=\"Formul\u00e1rios de contato\" enctype=\"multipart\/form-data\" novalidate=\"novalidate\" data-status=\"init\">\n<fieldset class=\"hidden-fields-container\"><input type=\"hidden\" name=\"_wpcf7\" value=\"362\" \/><input type=\"hidden\" name=\"_wpcf7_version\" value=\"6.1.5\" \/><input type=\"hidden\" name=\"_wpcf7_locale\" value=\"pt_BR\" \/><input type=\"hidden\" name=\"_wpcf7_unit_tag\" value=\"wpcf7-f362-o1\" \/><input type=\"hidden\" name=\"_wpcf7_container_post\" value=\"0\" \/><input type=\"hidden\" name=\"_wpcf7_posted_data_hash\" value=\"\" \/>\n<\/fieldset>\n<p><label> Seu nome (obrigat\u00f3rio)<br \/>\n<span class=\"wpcf7-form-control-wrap\" data-name=\"your-name\"><input size=\"40\" maxlength=\"400\" class=\"wpcf7-form-control wpcf7-text wpcf7-validates-as-required\" aria-required=\"true\" aria-invalid=\"false\" value=\"\" type=\"text\" name=\"your-name\" \/><\/span> <\/label>\n<\/p>\n<p><label> Endere\u00e7o<br \/>\n<span class=\"wpcf7-form-control-wrap\" data-name=\"your-address\"><input size=\"40\" maxlength=\"400\" class=\"wpcf7-form-control wpcf7-text wpcf7-validates-as-required\" aria-required=\"true\" aria-invalid=\"false\" value=\"\" type=\"text\" name=\"your-address\" \/><\/span> <\/label>\n<\/p>\n<p><label> Envie seu arquivo<br \/>\n<span class=\"wpcf7-form-control-wrap\" data-name=\"file-349\"><input size=\"40\" class=\"wpcf7-form-control wpcf7-file wpcf7-validates-as-required\" accept=\"audio\/*,video\/*,image\/*\" aria-required=\"true\" aria-invalid=\"false\" type=\"file\" name=\"file-349\" \/><\/span><br \/>\n<\/label>\n<\/p>\n<p><label> Seu e-mail (obrigat\u00f3rio)<br \/>\n<span class=\"wpcf7-form-control-wrap\" data-name=\"your-email\"><input size=\"40\" maxlength=\"400\" class=\"wpcf7-form-control wpcf7-email wpcf7-validates-as-required wpcf7-text wpcf7-validates-as-email\" aria-required=\"true\" aria-invalid=\"false\" value=\"\" type=\"email\" name=\"your-email\" \/><\/span> <\/label>\n<\/p>\n<p><label> Assunto<br \/>\n<span class=\"wpcf7-form-control-wrap\" data-name=\"your-subject\"><input size=\"40\" maxlength=\"400\" class=\"wpcf7-form-control wpcf7-text\" aria-invalid=\"false\" value=\"\" type=\"text\" name=\"your-subject\" \/><\/span> <\/label>\n<\/p>\n<p><label> Sua mensagem<br \/>\n<span class=\"wpcf7-form-control-wrap\" data-name=\"your-message\"><textarea cols=\"40\" rows=\"10\" maxlength=\"2000\" class=\"wpcf7-form-control wpcf7-textarea\" aria-invalid=\"false\" name=\"your-message\"><\/textarea><\/span> <\/label>\n<\/p>\n<p><input class=\"wpcf7-form-control wpcf7-submit has-spinner\" type=\"submit\" value=\"Enviar\" \/>\n<\/p><div class=\"wpcf7-response-output\" aria-hidden=\"true\"><\/div>\n<\/form>\n<\/div>\n\n","protected":false},"excerpt":{"rendered":"<p>Este formul\u00e1rio est\u00e1 dispon\u00edvel para o contato institucional com o Acervo do Choro de Pelotas. Novas contribui\u00e7\u00f5es e colabora\u00e7\u00f5es s\u00e3o bem vindas, assim como solicita\u00e7\u00f5es para o uso destes documentos que dever\u00e3o ser autorizados pelos seus detentores que ser\u00e3o consultados sobre o pedido.<\/p>\n","protected":false},"author":2,"featured_media":0,"parent":0,"menu_order":0,"comment_status":"closed","ping_status":"closed","template":"","meta":{"footnotes":""},"tnc_tax_2790":[],"tnc_tax_38":[],"tnc_tax_32":[],"class_list":["post-363","page","type-page","status-publish","hentry"],"_links":{"self":[{"href":"https:\/\/acervosvirtuais.ufpel.edu.br\/acervodochorodepelotas\/wp-json\/wp\/v2\/pages\/363","targetHints":{"allow":["GET"]}}],"collection":[{"href":"https:\/\/acervosvirtuais.ufpel.edu.br\/acervodochorodepelotas\/wp-json\/wp\/v2\/pages"}],"about":[{"href":"https:\/\/acervosvirtuais.ufpel.edu.br\/acervodochorodepelotas\/wp-json\/wp\/v2\/types\/page"}],"author":[{"embeddable":true,"href":"https:\/\/acervosvirtuais.ufpel.edu.br\/acervodochorodepelotas\/wp-json\/wp\/v2\/users\/2"}],"replies":[{"embeddable":true,"href":"https:\/\/acervosvirtuais.ufpel.edu.br\/acervodochorodepelotas\/wp-json\/wp\/v2\/comments?post=363"}],"version-history":[{"count":2,"href":"https:\/\/acervosvirtuais.ufpel.edu.br\/acervodochorodepelotas\/wp-json\/wp\/v2\/pages\/363\/revisions"}],"predecessor-version":[{"id":2714,"href":"https:\/\/acervosvirtuais.ufpel.edu.br\/acervodochorodepelotas\/wp-json\/wp\/v2\/pages\/363\/revisions\/2714"}],"wp:attachment":[{"href":"https:\/\/acervosvirtuais.ufpel.edu.br\/acervodochorodepelotas\/wp-json\/wp\/v2\/media?parent=363"}],"wp:term":[{"taxonomy":"tnc_tax_2790","embeddable":true,"href":"https:\/\/acervosvirtuais.ufpel.edu.br\/acervodochorodepelotas\/wp-json\/wp\/v2\/tnc_tax_2790?post=363"},{"taxonomy":"tnc_tax_38","embeddable":true,"href":"https:\/\/acervosvirtuais.ufpel.edu.br\/acervodochorodepelotas\/wp-json\/wp\/v2\/tnc_tax_38?post=363"},{"taxonomy":"tnc_tax_32","embeddable":true,"href":"https:\/\/acervosvirtuais.ufpel.edu.br\/acervodochorodepelotas\/wp-json\/wp\/v2\/tnc_tax_32?post=363"}],"curies":[{"name":"wp","href":"https:\/\/api.w.org\/{rel}","templated":true}]}}