{"id":23661,"date":"2024-04-13T20:05:04","date_gmt":"2024-04-13T23:05:04","guid":{"rendered":"https:\/\/acervosvirtuais.ufpel.edu.br\/acervodochorodepelotas\/?page_id=23661"},"modified":"2024-04-28T08:57:44","modified_gmt":"2024-04-28T11:57:44","slug":"avendano-jr-um-compositor-tres-geracoes","status":"publish","type":"page","link":"https:\/\/acervosvirtuais.ufpel.edu.br\/acervodochorodepelotas\/avendano-jr-um-compositor-tres-geracoes\/","title":{"rendered":"Avendano Jr. &#8211;  Um compositor tr\u00eas gera\u00e7\u00f5es"},"content":{"rendered":"<figure><img fetchpriority=\"high\" decoding=\"async\" class=\"aligncenter\" src=\"https:\/\/acervosvirtuais.ufpel.edu.br\/acervodochorodepelotas\/wp-content\/uploads\/sites\/3\/2024\/04\/WhatsApp-Image-2022-12-09-at-09.43.55.jpg\" alt=\"\" width=\"776\" height=\"1280\" data-sider-select-id=\"c42ef6df-ae8e-4a73-bc35-3efb6c0d8950\" \/><\/figure>\n<h1 style=\"margin-right: 0px; margin-bottom: 0px; margin-left: 0px; padding-top: 0px; color: var(--tainacan-interface--link-color, #298596); word-break: break-word; text-align: center;\" data-sider-select-id=\"52bf50be-51e3-4b8e-bc24-79610ee4f8e8\">Avendano Jr. \u2013 Um compositor tr\u00eas gera\u00e7\u00f5es<\/h1>\n<p style=\"white-space-collapse: collapse; text-align: left;\" data-sider-select-id=\"a149ae18-6f54-47f4-8274-ef424e8909b5\">Avendano Jr., um compositor, tr\u00eas gera\u00e7\u00f5es e a celebra\u00e7\u00e3o de um legado deixado por um grande mestre e g\u00eanio do choro brasileiro. Era mestre, era g\u00eanio e era grande, n\u00e3o apenas em seu instrumento ou na beleza de suas composi\u00e7\u00f5es, hist\u00f3ria que vem sendo pesquisado pelo Acervo do Choro de Pelotas projeto da UFPEL sobre este patrim\u00f4nio cultural pelotense.<\/p>\n<p style=\"white-space-collapse: collapse; text-align: left;\" data-sider-select-id=\"ac6aa361-2d15-4cc7-9c07-530936703017\">O \u00e1lbum foi gravado entre fevereiro e mar\u00e7o de 2023, ap\u00f3s a realiza\u00e7\u00e3o do Concerto que ocorreu no 30\u00b0 Festival Sesc Instrumental. O objetivo era registrar os arranjos e divulgar as m\u00fasicas autorais deste grande compositor e instrumentista brasileiro, que ainda tem pouco reconhecimento em outras regi\u00f5es do Brasil. Gravado de forma independente e com o apoio do Est\u00fadio de Produ\u00e7\u00e3o Fonogr\u00e1fica da UFPEL, com o apoio do T\u00e9cnico Emerson Wrague, do acad\u00eamico Dani Ortiz e do Professor e Produtor Musical Rafael Velloso, o disco contou com a participa\u00e7\u00e3o de 15 m\u00fasicos com dias diferentes forma\u00e7\u00f5es, os arranjos foram criados coletivamente, com o intuito de valorizar a composi\u00e7\u00e3o e o estilo e sotaque do choro pelotense. A mixagem e a produ\u00e7\u00e3o final foi com produtor Rodrigo Martins Farias.<\/p>\n<p style=\"white-space-collapse: collapse; text-align: left;\" data-sider-select-id=\"6f148127-1594-4f0a-abdb-0d09e578aaec\">As cinco primeiras faixas foram gravadas por uma forma\u00e7\u00e3o mais camer\u00edstica que contou com a flauta de Gil Soares, o Bandolim de Paulinho Martins, o Viol\u00e3o de 7 cordas de Rui Madruga, o Cavaquinho base de Fabricio Moura Pardal, o Viol\u00e3o de 6 de Pedro Erler, o cavaco solo de Pedro Nogueira e o Pandeiro de Mariana Borges.\u00a0<\/p>\n<p style=\"white-space-collapse: collapse; text-align: left;\" data-sider-select-id=\"50de39a4-f670-4f85-af48-e3d8a44de27f\">O album conta tamb\u00e9m comm duas faixas in\u00e9ditas gravada pela Cintia Lange e Rafael durante as grava\u00e7\u00f5es do Filme O Liberdade lan\u00e7ado em 2011.\u00a0<\/p>\n<p style=\"white-space-collapse: collapse; text-align: left;\" data-sider-select-id=\"43b7e252-5aa8-4fa0-90d2-4aad400d7beb\">Na segunda parte do \u00e1lbum temos um regional ampliado com o contrabaixo de Paulo Lima o Viol\u00e3o de 7 de Lucas Borba, o Viol\u00e3o de 7 de Humberto Shumacher, o Cavaco Base de Julio Nei Candiota, a Guitarra solo de Gustavo Mustaf\u00e9, o Saxofone Alto e Tenor de Rafael Velloso, o pandeiro de Dani Ortiz e as percuss\u00f5es de Gerson Ludwig. As faixas Os Novos Chor\u00f5es e Feito em Casa contaram com a participa\u00e7\u00e3o na flauta de Raul Costa d\u00b4Avlia.\u00a0 \u00a0 \u00a0<\/p>\n<p style=\"white-space-collapse: collapse; text-align: left;\">O \u00e1lbum est\u00e1 sendo lan\u00e7ado juntamente com a pesquisa biogr\u00e1fica e musicol\u00f3gica sobre o compositor que pode ser acessado nesta base de dados, lan\u00e7amento cujo o objetivo \u00e9 ampliar e difundir a vida e obra deste importante compositor pelotense.\u00a0<\/p>\n<p style=\"white-space-collapse: collapse; text-align: left;\">No s\u00e1bado, dia 27 de Abril \u00e0s 18h no largo do Mercado, tr\u00eas gera\u00e7\u00f5es de m\u00fasicos que formam o Clube do Choro de Pelotas participam de uma homenagem e rever\u00eancia \u00e0 pessoa e ao legado deixado por Avendano Jr. e far\u00e3o o lan\u00e7amento oficial do projeto.<\/p>\n<\/p>\n\n\n<figure class=\"wp-block-audio\"><audio controls src=\"https:\/\/acervosvirtuais.ufpel.edu.br\/acervodochorodepelotas\/wp-content\/uploads\/sites\/3\/2024\/04\/Regional-Paulinho-Martins-Foi-Num-Concerto-20230427.wav\"><\/audio><figcaption class=\"wp-element-caption\">1 &#8211; Foi num Concerto (Avendano Jr) Clube do Choro de Pelotas (2024)<\/figcaption><\/figure>\n\n\n\n<figure class=\"wp-block-audio\"><audio controls src=\"https:\/\/acervosvirtuais.ufpel.edu.br\/acervodochorodepelotas\/wp-content\/uploads\/sites\/3\/2024\/04\/Regional-Paulinho-Martins-Na\u0303o-Me-Queiras-Mal-20230427.wav\"><\/audio><figcaption class=\"wp-element-caption\">2 &#8211; N\u00e3o Me Queiras Mal (Avendano Jr) Clube do Choro de Pelotas (2024)<\/figcaption><\/figure>\n\n\n\n<figure class=\"wp-block-audio\"><audio controls src=\"https:\/\/acervosvirtuais.ufpel.edu.br\/acervodochorodepelotas\/wp-content\/uploads\/sites\/3\/2024\/04\/Regional-Paulinho-Martins-Setenta-20230427.wav\"><\/audio><figcaption class=\"wp-element-caption\">3 &#8211; Setenta (Avendano Jr) Clube do Choro de Pelotas (2024)<\/figcaption><\/figure>\n\n\n\n<figure class=\"wp-block-audio\"><audio controls src=\"https:\/\/acervosvirtuais.ufpel.edu.br\/acervodochorodepelotas\/wp-content\/uploads\/sites\/3\/2024\/04\/Regional-Paulinho-Martins-Oitenta-20230427.wav\"><\/audio><figcaption class=\"wp-element-caption\">4 &#8211; Oitenta (Avendano Jr) Clube do Choro de Pelotas (2024)<\/figcaption><\/figure>\n\n\n\n<figure class=\"wp-block-audio\"><audio controls src=\"https:\/\/acervosvirtuais.ufpel.edu.br\/acervodochorodepelotas\/wp-content\/uploads\/sites\/3\/2024\/04\/Regional-Paulinho-Martins-Rita-20230427.wav\"><\/audio><figcaption class=\"wp-element-caption\">5 &#8211; Rita 30 Anos de Amor (Avendano Jr) Clube do Choro de Pelotas (2024)<\/figcaption><\/figure>\n\n\n\n<figure class=\"wp-block-audio\"><audio controls src=\"https:\/\/acervosvirtuais.ufpel.edu.br\/acervodochorodepelotas\/wp-content\/uploads\/sites\/3\/2024\/04\/7-Voltei-no-Liberdade-1.mp3\"><\/audio><figcaption class=\"wp-element-caption\">6 &#8211; Voltei (Avendano Jr) Regional Avendano Jr (2011)<\/figcaption><\/figure>\n\n\n\n<figure class=\"wp-block-audio\"><audio controls src=\"https:\/\/acervosvirtuais.ufpel.edu.br\/acervodochorodepelotas\/wp-content\/uploads\/sites\/3\/2024\/04\/8-Assim-Traduzi-Voce\u0302.mp3\"><\/audio><figcaption class=\"wp-element-caption\">7 &#8211; Assim traduzi voc\u00ea (Avendano Jr) Avendano Jr e MIlton Alves (2011)<\/figcaption><\/figure>\n\n\n\n<figure class=\"wp-block-audio\"><audio controls src=\"https:\/\/acervosvirtuais.ufpel.edu.br\/acervodochorodepelotas\/wp-content\/uploads\/sites\/3\/2024\/04\/Clube-do-Choro-Feito-Em-Casa-20230427.wav\"><\/audio><figcaption class=\"wp-element-caption\">8 &#8211; Feito em Casa (Avendano Jr) Clube do Choro de Pelotas (2024)<\/figcaption><\/figure>\n\n\n\n<figure class=\"wp-block-audio\"><audio controls src=\"https:\/\/acervosvirtuais.ufpel.edu.br\/acervodochorodepelotas\/wp-content\/uploads\/sites\/3\/2024\/04\/Clube-do-Choro-Pensando-Em-Ti-20230427.wav\"><\/audio><figcaption class=\"wp-element-caption\">9 &#8211; Pensando em Ti (Avendano Jr) Clube do Choro de Pelotas (2024)<\/figcaption><\/figure>\n\n\n\n<figure class=\"wp-block-audio\"><audio controls src=\"https:\/\/acervosvirtuais.ufpel.edu.br\/acervodochorodepelotas\/wp-content\/uploads\/sites\/3\/2024\/04\/Clube-do-Choro-Vai-e-Vem-20230427.wav\"><\/audio><figcaption class=\"wp-element-caption\">10 &#8211; Vai e Vem (Avendano Jr) Clube do Choro de Pelotas (2024)<\/figcaption><\/figure>\n\n\n\n<figure class=\"wp-block-audio\"><audio controls src=\"https:\/\/acervosvirtuais.ufpel.edu.br\/acervodochorodepelotas\/wp-content\/uploads\/sites\/3\/2024\/04\/Clube-do-Choro-Novos-Choro\u0303es-20230427.wav\"><\/audio><figcaption class=\"wp-element-caption\">11 &#8211; Novos Chor\u00f5es (Avendano Jr) Clube do Choro de Pelotas (2024)<\/figcaption><\/figure>\n\n\n\n<figure class=\"wp-block-audio\"><audio controls src=\"https:\/\/acervosvirtuais.ufpel.edu.br\/acervodochorodepelotas\/wp-content\/uploads\/sites\/3\/2024\/04\/Clube-do-Choro-Fim-de-Noite-20230427.wav\"><\/audio><figcaption class=\"wp-element-caption\">12 &#8211; Fim de Noite (Avendano Jr) Clube do Choro de Pelotas (2024)<\/figcaption><\/figure>\n\n\n\n<figure class=\"wp-block-audio\"><audio controls src=\"https:\/\/acervosvirtuais.ufpel.edu.br\/acervodochorodepelotas\/wp-content\/uploads\/sites\/3\/2024\/04\/Clube-do-Choro-Viu-Como-Agrada-20230427.wav\"><\/audio><figcaption class=\"wp-element-caption\">13 &#8211; Viu como Agrada (Avendano Jr) Clube do Choro de Pelotas (2024)<\/figcaption><\/figure>\n\n\n\n<figure class=\"wp-block-gallery has-nested-images columns-default is-cropped wp-block-gallery-1 is-layout-flex wp-block-gallery-is-layout-flex\">\n<figure class=\"wp-block-image size-full\"><img decoding=\"async\" width=\"1024\" height=\"571\" data-id=\"23810\" src=\"https:\/\/acervosvirtuais.ufpel.edu.br\/acervodochorodepelotas\/wp-content\/uploads\/sites\/3\/2024\/04\/IMG-20230222-WA0038.jpg\" alt=\"\" class=\"wp-image-23810\" srcset=\"https:\/\/acervosvirtuais.ufpel.edu.br\/acervodochorodepelotas\/wp-content\/uploads\/sites\/3\/2024\/04\/IMG-20230222-WA0038.jpg 1024w, https:\/\/acervosvirtuais.ufpel.edu.br\/acervodochorodepelotas\/wp-content\/uploads\/sites\/3\/2024\/04\/IMG-20230222-WA0038-300x167.jpg 300w, https:\/\/acervosvirtuais.ufpel.edu.br\/acervodochorodepelotas\/wp-content\/uploads\/sites\/3\/2024\/04\/IMG-20230222-WA0038-768x428.jpg 768w, https:\/\/acervosvirtuais.ufpel.edu.br\/acervodochorodepelotas\/wp-content\/uploads\/sites\/3\/2024\/04\/IMG-20230222-WA0038-205x114.jpg 205w, https:\/\/acervosvirtuais.ufpel.edu.br\/acervodochorodepelotas\/wp-content\/uploads\/sites\/3\/2024\/04\/IMG-20230222-WA0038-480x268.jpg 480w\" sizes=\"(max-width: 1024px) 100vw, 1024px\" \/><\/figure>\n<\/figure>\n","protected":false},"excerpt":{"rendered":"<p>Avendano Jr. \u2013 Um compositor tr\u00eas gera\u00e7\u00f5es Avendano Jr., um compositor, tr\u00eas gera\u00e7\u00f5es e a celebra\u00e7\u00e3o de um legado deixado por um grande mestre e g\u00eanio do choro brasileiro. Era mestre, era g\u00eanio e era grande, n\u00e3o apenas em seu instrumento ou na beleza de suas composi\u00e7\u00f5es, hist\u00f3ria que vem sendo pesquisado pelo Acervo do [&hellip;]<\/p>\n","protected":false},"author":5,"featured_media":0,"parent":0,"menu_order":0,"comment_status":"closed","ping_status":"closed","template":"","meta":{"footnotes":""},"tnc_tax_2790":[],"tnc_tax_38":[],"tnc_tax_32":[],"class_list":["post-23661","page","type-page","status-publish","hentry"],"_links":{"self":[{"href":"https:\/\/acervosvirtuais.ufpel.edu.br\/acervodochorodepelotas\/wp-json\/wp\/v2\/pages\/23661","targetHints":{"allow":["GET"]}}],"collection":[{"href":"https:\/\/acervosvirtuais.ufpel.edu.br\/acervodochorodepelotas\/wp-json\/wp\/v2\/pages"}],"about":[{"href":"https:\/\/acervosvirtuais.ufpel.edu.br\/acervodochorodepelotas\/wp-json\/wp\/v2\/types\/page"}],"author":[{"embeddable":true,"href":"https:\/\/acervosvirtuais.ufpel.edu.br\/acervodochorodepelotas\/wp-json\/wp\/v2\/users\/5"}],"replies":[{"embeddable":true,"href":"https:\/\/acervosvirtuais.ufpel.edu.br\/acervodochorodepelotas\/wp-json\/wp\/v2\/comments?post=23661"}],"version-history":[{"count":11,"href":"https:\/\/acervosvirtuais.ufpel.edu.br\/acervodochorodepelotas\/wp-json\/wp\/v2\/pages\/23661\/revisions"}],"predecessor-version":[{"id":23812,"href":"https:\/\/acervosvirtuais.ufpel.edu.br\/acervodochorodepelotas\/wp-json\/wp\/v2\/pages\/23661\/revisions\/23812"}],"wp:attachment":[{"href":"https:\/\/acervosvirtuais.ufpel.edu.br\/acervodochorodepelotas\/wp-json\/wp\/v2\/media?parent=23661"}],"wp:term":[{"taxonomy":"tnc_tax_2790","embeddable":true,"href":"https:\/\/acervosvirtuais.ufpel.edu.br\/acervodochorodepelotas\/wp-json\/wp\/v2\/tnc_tax_2790?post=23661"},{"taxonomy":"tnc_tax_38","embeddable":true,"href":"https:\/\/acervosvirtuais.ufpel.edu.br\/acervodochorodepelotas\/wp-json\/wp\/v2\/tnc_tax_38?post=23661"},{"taxonomy":"tnc_tax_32","embeddable":true,"href":"https:\/\/acervosvirtuais.ufpel.edu.br\/acervodochorodepelotas\/wp-json\/wp\/v2\/tnc_tax_32?post=23661"}],"curies":[{"name":"wp","href":"https:\/\/api.w.org\/{rel}","templated":true}]}}