{"id":23514,"date":"2023-12-05T13:52:14","date_gmt":"2023-12-05T16:52:14","guid":{"rendered":"https:\/\/acervosvirtuais.ufpel.edu.br\/acervodochorodepelotas\/?page_id=23514"},"modified":"2024-02-20T15:50:18","modified_gmt":"2024-02-20T18:50:18","slug":"aloyn-soares-em-construcao","status":"publish","type":"page","link":"https:\/\/acervosvirtuais.ufpel.edu.br\/acervodochorodepelotas\/aloyn-soares-em-construcao\/","title":{"rendered":"Aloyn Soares &#8211; Em constru\u00e7\u00e3o"},"content":{"rendered":"\n<div class=\"wp-block-columns is-layout-flex wp-container-core-columns-is-layout-28f84493 wp-block-columns-is-layout-flex\">\n<div class=\"wp-block-column is-layout-flow wp-block-column-is-layout-flow\" style=\"flex-basis:66.66%\"><\/div>\n\n\n\n<div class=\"wp-block-column is-layout-flow wp-block-column-is-layout-flow\" style=\"flex-basis:33.33%\"><\/div>\n<\/div>\n\n\n\n<div class=\"wp-block-columns is-layout-flex wp-container-core-columns-is-layout-28f84493 wp-block-columns-is-layout-flex\">\n<div class=\"wp-block-column is-layout-flow wp-block-column-is-layout-flow\" style=\"flex-basis:66.66%\">\n<p class=\"has-huge-font-size\">Aloyn Soares foi m\u00fasico multi-instrumentista, compositor, e construtor de instrumentos. Com o Viol\u00e3o 7 cordas desenvolveu sua trajet\u00f3ria na cidade de Pelotas, tocando tamb\u00e9m Rabeca, Bandolim e Gaita de Boca. <\/p>\n\n\n\n<p class=\"has-huge-font-size\">Caprichoso e virtuoso na condu\u00e7\u00e3o dos baixos ao 7 cordas  (&#8220;baixarias&#8221;), Aloyn criou uma grande parceria com Avendano Junior, tocando junto ao cavaquinhista o repert\u00f3rio autoral de Choros que Avendano deixou para as futuras gera\u00e7\u00f5es de chor\u00f5es.<\/p>\n<\/div>\n\n\n\n<div class=\"wp-block-column is-vertically-aligned-top is-layout-flow wp-block-column-is-layout-flow\" style=\"flex-basis:33.33%\">\n<figure class=\"wp-block-image size-large is-style-rounded\"><img fetchpriority=\"high\" decoding=\"async\" width=\"1024\" height=\"1024\" src=\"https:\/\/acervosvirtuais.ufpel.edu.br\/acervodochorodepelotas\/wp-content\/uploads\/sites\/3\/2023\/12\/Copia-de-Copia-de-Samba-Cortico-1024x1024.png\" alt=\"\" class=\"wp-image-23521\" srcset=\"https:\/\/acervosvirtuais.ufpel.edu.br\/acervodochorodepelotas\/wp-content\/uploads\/sites\/3\/2023\/12\/Copia-de-Copia-de-Samba-Cortico-1024x1024.png 1024w, https:\/\/acervosvirtuais.ufpel.edu.br\/acervodochorodepelotas\/wp-content\/uploads\/sites\/3\/2023\/12\/Copia-de-Copia-de-Samba-Cortico-300x300.png 300w, https:\/\/acervosvirtuais.ufpel.edu.br\/acervodochorodepelotas\/wp-content\/uploads\/sites\/3\/2023\/12\/Copia-de-Copia-de-Samba-Cortico-150x150.png 150w, https:\/\/acervosvirtuais.ufpel.edu.br\/acervodochorodepelotas\/wp-content\/uploads\/sites\/3\/2023\/12\/Copia-de-Copia-de-Samba-Cortico-768x768.png 768w, https:\/\/acervosvirtuais.ufpel.edu.br\/acervodochorodepelotas\/wp-content\/uploads\/sites\/3\/2023\/12\/Copia-de-Copia-de-Samba-Cortico-40x40.png 40w, https:\/\/acervosvirtuais.ufpel.edu.br\/acervodochorodepelotas\/wp-content\/uploads\/sites\/3\/2023\/12\/Copia-de-Copia-de-Samba-Cortico-275x275.png 275w, https:\/\/acervosvirtuais.ufpel.edu.br\/acervodochorodepelotas\/wp-content\/uploads\/sites\/3\/2023\/12\/Copia-de-Copia-de-Samba-Cortico-205x205.png 205w, https:\/\/acervosvirtuais.ufpel.edu.br\/acervodochorodepelotas\/wp-content\/uploads\/sites\/3\/2023\/12\/Copia-de-Copia-de-Samba-Cortico-480x480.png 480w, https:\/\/acervosvirtuais.ufpel.edu.br\/acervodochorodepelotas\/wp-content\/uploads\/sites\/3\/2023\/12\/Copia-de-Copia-de-Samba-Cortico.png 1080w\" sizes=\"(max-width: 1024px) 100vw, 1024px\" \/><\/figure>\n<\/div>\n<\/div>\n\n\n\n<p class=\"has-huge-font-size\">Preservar a mem\u00f3ria de Aloyn Soares \u00e9 fundamental para o Choro e a m\u00fasica em Pelotas. Sua rela\u00e7\u00e3o, sobretudo humana, com o grupo de amigos que desenvolveu por d\u00e9cadas a pr\u00e1tica do choro, somada \u00e0 sua capacidade criativa e capacidade t\u00e9cnica sucederam em um grande legado para o Choro e o viol\u00e3o sete cordas em Pelotas e no Rio Grande do Sul.<\/p>\n\n\n\n<p class=\"has-lightgray-color has-cherry-background-color has-text-color has-background has-link-color wp-elements-1205dbafbf6528aee01ba3feed038bd4\" style=\"font-size:17px;line-height:1.4\">A cole\u00e7\u00e3o Aloyn Soares est\u00e1 em constru\u00e7\u00e3o. Pretendemos que sua pagina no Acervo seja de uma colabora\u00e7\u00e3o coletiva de detentores de documentos relacionados a este grande mestre. Caso haja interesse de colaborar entre em contato com a equipe do Acervo pelo e-mail: choropelotas@ufpel.edu.br<\/p>\n\n\n\n<p><\/p>\n\n\n\n<p><\/p>\n\n\n\n<hr class=\"wp-block-separator has-alpha-channel-opacity is-style-wide\"\/>\n\n\n\n<div class=\"wp-block-media-text has-media-on-the-right is-stacked-on-mobile\" style=\"grid-template-columns:auto 35%\"><div class=\"wp-block-media-text__content\">\n<p class=\"has-text-align-right\" style=\"font-size:20px\">Nascido no ano de 1931, na localidade de Teod\u00f3sio (atualmente Cap\u00e3o do Le\u00e3o), Aloyn desde crian\u00e7a foi introduzido ao mundo da m\u00fasica por seu pai, que trabalhando com madeira tinha possibilidade e habilidade para construir instrumentos. <\/p>\n\n\n\n<p class=\"has-text-align-right\" style=\"font-size:20px\">Assim, em um ambiente prop\u00edcio, todos os filhos eram incentivados a tocarem um instrumento, o que de fato aconteceu. <\/p>\n\n\n\n<p class=\"has-text-align-right\" style=\"font-size:20px\">Na adolesc\u00eancia mudou-se para a regi\u00e3o do Porto em Pelotas, regi\u00e3o sempre lembrada como bo\u00eamia pelos m\u00fasicos da gera\u00e7\u00e3o de Aloyn.<\/p>\n<\/div><figure class=\"wp-block-media-text__media\"><img decoding=\"async\" width=\"550\" height=\"809\" src=\"https:\/\/acervosvirtuais.ufpel.edu.br\/acervodochorodepelotas\/wp-content\/uploads\/sites\/3\/2024\/02\/CC6876F4-DC92-4D64-B2A3-E608F0E3440A.jpg\" alt=\"\" class=\"wp-image-23619 size-full\" srcset=\"https:\/\/acervosvirtuais.ufpel.edu.br\/acervodochorodepelotas\/wp-content\/uploads\/sites\/3\/2024\/02\/CC6876F4-DC92-4D64-B2A3-E608F0E3440A.jpg 550w, https:\/\/acervosvirtuais.ufpel.edu.br\/acervodochorodepelotas\/wp-content\/uploads\/sites\/3\/2024\/02\/CC6876F4-DC92-4D64-B2A3-E608F0E3440A-204x300.jpg 204w, https:\/\/acervosvirtuais.ufpel.edu.br\/acervodochorodepelotas\/wp-content\/uploads\/sites\/3\/2024\/02\/CC6876F4-DC92-4D64-B2A3-E608F0E3440A-205x302.jpg 205w, https:\/\/acervosvirtuais.ufpel.edu.br\/acervodochorodepelotas\/wp-content\/uploads\/sites\/3\/2024\/02\/CC6876F4-DC92-4D64-B2A3-E608F0E3440A-480x706.jpg 480w\" sizes=\"(max-width: 550px) 100vw, 550px\" \/><\/figure><\/div>\n\n\n\n<div class=\"wp-block-media-text is-stacked-on-mobile\"><figure class=\"wp-block-media-text__media\"><img decoding=\"async\" width=\"1024\" height=\"707\" src=\"https:\/\/acervosvirtuais.ufpel.edu.br\/acervodochorodepelotas\/wp-content\/uploads\/sites\/3\/2024\/02\/Avendano-e-Regional-1024x707.jpg\" alt=\"\" class=\"wp-image-23611 size-full\" srcset=\"https:\/\/acervosvirtuais.ufpel.edu.br\/acervodochorodepelotas\/wp-content\/uploads\/sites\/3\/2024\/02\/Avendano-e-Regional-1024x707.jpg 1024w, https:\/\/acervosvirtuais.ufpel.edu.br\/acervodochorodepelotas\/wp-content\/uploads\/sites\/3\/2024\/02\/Avendano-e-Regional-300x207.jpg 300w, https:\/\/acervosvirtuais.ufpel.edu.br\/acervodochorodepelotas\/wp-content\/uploads\/sites\/3\/2024\/02\/Avendano-e-Regional-768x530.jpg 768w, https:\/\/acervosvirtuais.ufpel.edu.br\/acervodochorodepelotas\/wp-content\/uploads\/sites\/3\/2024\/02\/Avendano-e-Regional-1536x1060.jpg 1536w, https:\/\/acervosvirtuais.ufpel.edu.br\/acervodochorodepelotas\/wp-content\/uploads\/sites\/3\/2024\/02\/Avendano-e-Regional-2048x1413.jpg 2048w, https:\/\/acervosvirtuais.ufpel.edu.br\/acervodochorodepelotas\/wp-content\/uploads\/sites\/3\/2024\/02\/Avendano-e-Regional-205x141.jpg 205w, https:\/\/acervosvirtuais.ufpel.edu.br\/acervodochorodepelotas\/wp-content\/uploads\/sites\/3\/2024\/02\/Avendano-e-Regional-480x331.jpg 480w\" sizes=\"(max-width: 1024px) 100vw, 1024px\" \/><\/figure><div class=\"wp-block-media-text__content\">\n<p style=\"font-size:20px\">\u00c9 no Bar Liberdade que Avendano e Aloyn desenvolvem a cumplicidade musical. Seu filho Gilberto relata, em entrevista ao Clube do Choro de Pelotas, que n\u00e3o recorda de ver os dois parceiros ensaiarem, mas sim do pai criando o acompanhamento ao viol\u00e3o em casa, lembrando de melodias que Avendano criava e apresentava com o grupo no bar.<\/p>\n<\/div><\/div>\n\n\n\n<p style=\"font-size:20px\">Uma importante refer\u00eancia para a pesquisa sobre Aloyn \u00e9 o Trabalho de Conclus\u00e3o de Curso (TCC) de Jo\u00e3o Francisco Pinheiro Neto intitulado \u201cO VIOL\u00c3O SETE CORDAS DE ALOYN SOARES: um estudo de trajet\u00f3ria\u201d (2018). Este TCC\u00a0 foi apresentado como conclus\u00e3o do Curso de Bacharelado em M\u00fasica Popular, do Centro de Artes da Universidade Federal de Pelotas (UFPel).<\/p>\n\n\n\n<div class=\"wp-block-file aligncenter\"><a href=\"https:\/\/acervosvirtuais.ufpel.edu.br\/acervodochorodepelotas\/wp-content\/uploads\/sites\/3\/2024\/02\/tcc_joao-Aloyn-1.pdf\" class=\"wp-block-file__button wp-element-button\" download>O VIOL\u00c3O DE SETE CORDAS DE ALOYN SOARES: UM ESTUDO DE TRAJET\u00d3RIA | TCC Jo\u00e3o Pinheiro<\/a><\/div>\n\n\n\n<p style=\"font-size:20px\">Aloyn mantinha o h\u00e1bito de receber m\u00fasicos em casa, n\u00e3o se restringindo a chor\u00f5es. Como of\u00edcio principal, a mec\u00e2nica era sua atividade, com muita facilidade para servi\u00e7os manuais, como vimos na adapta\u00e7\u00e3o de seu sete cordas e na&nbsp; cria\u00e7\u00e3o de instrumentos. <\/p>\n\n\n\n<div class=\"wp-block-columns is-layout-flex wp-container-core-columns-is-layout-28f84493 wp-block-columns-is-layout-flex\">\n<div class=\"wp-block-column is-layout-flow wp-block-column-is-layout-flow\"><\/div>\n<\/div>\n\n\n\n<div class=\"wp-block-columns is-layout-flex wp-container-core-columns-is-layout-28f84493 wp-block-columns-is-layout-flex\">\n<div class=\"wp-block-column is-layout-flow wp-block-column-is-layout-flow\"><\/div>\n\n\n\n<div class=\"wp-block-column is-layout-flow wp-block-column-is-layout-flow\"><\/div>\n\n\n\n<div class=\"wp-block-column is-layout-flow wp-block-column-is-layout-flow\">\n<div class=\"wp-block-columns is-layout-flex wp-container-core-columns-is-layout-28f84493 wp-block-columns-is-layout-flex\">\n<div class=\"wp-block-column is-layout-flow wp-block-column-is-layout-flow\" style=\"flex-basis:100%\"><\/div>\n<\/div>\n<\/div>\n<\/div>\n\n\n\n<div class=\"wp-block-columns is-layout-flex wp-container-core-columns-is-layout-28f84493 wp-block-columns-is-layout-flex\">\n<div class=\"wp-block-column is-layout-flow wp-block-column-is-layout-flow\"><\/div>\n\n\n\n<div class=\"wp-block-column is-layout-flow wp-block-column-is-layout-flow\"><\/div>\n\n\n\n<div class=\"wp-block-column is-layout-flow wp-block-column-is-layout-flow\"><\/div>\n<\/div>\n\n\n\n<div class=\"wp-block-columns is-layout-flex wp-container-core-columns-is-layout-28f84493 wp-block-columns-is-layout-flex\">\n<div class=\"wp-block-column is-layout-flow wp-block-column-is-layout-flow\" style=\"flex-basis:25%\">\n<figure class=\"wp-block-image size-full is-resized\"><img loading=\"lazy\" decoding=\"async\" width=\"421\" height=\"731\" src=\"https:\/\/acervosvirtuais.ufpel.edu.br\/acervodochorodepelotas\/wp-content\/uploads\/sites\/3\/2024\/02\/aloyn-4.png\" alt=\"\" class=\"wp-image-23602\" style=\"width:183px;height:auto\" srcset=\"https:\/\/acervosvirtuais.ufpel.edu.br\/acervodochorodepelotas\/wp-content\/uploads\/sites\/3\/2024\/02\/aloyn-4.png 421w, https:\/\/acervosvirtuais.ufpel.edu.br\/acervodochorodepelotas\/wp-content\/uploads\/sites\/3\/2024\/02\/aloyn-4-173x300.png 173w, https:\/\/acervosvirtuais.ufpel.edu.br\/acervodochorodepelotas\/wp-content\/uploads\/sites\/3\/2024\/02\/aloyn-4-205x356.png 205w\" sizes=\"(max-width: 421px) 100vw, 421px\" \/><\/figure>\n<\/div>\n\n\n\n<div class=\"wp-block-column is-layout-flow wp-block-column-is-layout-flow\" style=\"flex-basis:50%\">\n<figure class=\"wp-block-image size-full\"><img loading=\"lazy\" decoding=\"async\" width=\"827\" height=\"534\" src=\"https:\/\/acervosvirtuais.ufpel.edu.br\/acervodochorodepelotas\/wp-content\/uploads\/sites\/3\/2024\/02\/aloyn-3.png\" alt=\"\" class=\"wp-image-23601\" srcset=\"https:\/\/acervosvirtuais.ufpel.edu.br\/acervodochorodepelotas\/wp-content\/uploads\/sites\/3\/2024\/02\/aloyn-3.png 827w, https:\/\/acervosvirtuais.ufpel.edu.br\/acervodochorodepelotas\/wp-content\/uploads\/sites\/3\/2024\/02\/aloyn-3-300x194.png 300w, https:\/\/acervosvirtuais.ufpel.edu.br\/acervodochorodepelotas\/wp-content\/uploads\/sites\/3\/2024\/02\/aloyn-3-768x496.png 768w, https:\/\/acervosvirtuais.ufpel.edu.br\/acervodochorodepelotas\/wp-content\/uploads\/sites\/3\/2024\/02\/aloyn-3-205x132.png 205w, https:\/\/acervosvirtuais.ufpel.edu.br\/acervodochorodepelotas\/wp-content\/uploads\/sites\/3\/2024\/02\/aloyn-3-480x310.png 480w\" sizes=\"(max-width: 827px) 100vw, 827px\" \/><\/figure>\n<\/div>\n\n\n\n<div class=\"wp-block-column is-layout-flow wp-block-column-is-layout-flow\" style=\"flex-basis:25%\">\n<figure class=\"wp-block-image size-full is-resized\"><img loading=\"lazy\" decoding=\"async\" width=\"790\" height=\"503\" src=\"https:\/\/acervosvirtuais.ufpel.edu.br\/acervodochorodepelotas\/wp-content\/uploads\/sites\/3\/2024\/02\/IMG_6302.jpg\" alt=\"\" class=\"wp-image-23624\" style=\"width:482px;height:auto\" srcset=\"https:\/\/acervosvirtuais.ufpel.edu.br\/acervodochorodepelotas\/wp-content\/uploads\/sites\/3\/2024\/02\/IMG_6302.jpg 790w, https:\/\/acervosvirtuais.ufpel.edu.br\/acervodochorodepelotas\/wp-content\/uploads\/sites\/3\/2024\/02\/IMG_6302-300x191.jpg 300w, https:\/\/acervosvirtuais.ufpel.edu.br\/acervodochorodepelotas\/wp-content\/uploads\/sites\/3\/2024\/02\/IMG_6302-768x489.jpg 768w, https:\/\/acervosvirtuais.ufpel.edu.br\/acervodochorodepelotas\/wp-content\/uploads\/sites\/3\/2024\/02\/IMG_6302-205x131.jpg 205w, https:\/\/acervosvirtuais.ufpel.edu.br\/acervodochorodepelotas\/wp-content\/uploads\/sites\/3\/2024\/02\/IMG_6302-480x306.jpg 480w\" sizes=\"(max-width: 790px) 100vw, 790px\" \/><\/figure>\n<\/div>\n<\/div>\n\n\n\n<p style=\"font-size:20px\">\u00c9 de sua atua\u00e7\u00e3o no grupo liderado por Avendano que hoje temos acesso ao que consideramos um de seus grandes legados: a execu\u00e7\u00e3o impec\u00e1vel ao viol\u00e3o sete cordas em uma s\u00e9rie de choros de Avendano e tamb\u00e9m de serestas, na voz de Roberval Silva. <\/p>\n\n\n\n<p style=\"font-size:20px\">Os registros abaixo foram realizados por Gabriel Victora &#8211; pesquisador, pianista e apaixonado pelo Regional &#8211;&nbsp; no Bar e Restaurante Liberdade da General Netto, entre agosto e setembro de 2001. Confira os \u00e1udios e partituras de alguns destes choros:<\/p>\n\n\n\n<hr class=\"wp-block-separator has-text-color has-darkturquoise-color has-alpha-channel-opacity has-darkturquoise-background-color has-background is-style-wide\"\/>\n\n\n\n<figure class=\"wp-block-audio\"><audio controls src=\"https:\/\/acervosvirtuais.ufpel.edu.br\/acervodochorodepelotas\/wp-content\/uploads\/sites\/3\/2024\/02\/uu.mp3\"><\/audio><figcaption class=\"wp-element-caption\">Onde Voc\u00ea Estiver &#8211; Avendano Junior<br>Bar Liberdade &#8211; 2001 por Gabriel Victora.<\/figcaption><\/figure>\n\n\n\n<div class=\"wp-block-file aligncenter\"><a id=\"wp-block-file--media-5ac0a29e-a77e-4dd2-98d8-3f809b458c33\" href=\"https:\/\/acervosvirtuais.ufpel.edu.br\/acervodochorodepelotas\/aloyn-soares-em-construcao\/revista-do-choro-de-pelotas-ed-01-ago-2021-14-15\/\" target=\"_blank\" rel=\"noreferrer noopener\"> <\/a><a href=\"https:\/\/acervosvirtuais.ufpel.edu.br\/acervodochorodepelotas\/wp-content\/uploads\/sites\/3\/2024\/02\/REVISTA-DO-CHORO-DE-PELOTAS-ED-01-AGO-2021-14-15.pdf\" class=\"wp-block-file__button wp-element-button\" download aria-describedby=\"wp-block-file--media-5ac0a29e-a77e-4dd2-98d8-3f809b458c33\">Partitura do viol\u00e3o 7 cordas &#8211; Transcri\u00e7\u00e3o realizada por Guilherme Sperb, publicada na Revista do Choro de Pelotas Vol I<\/a><\/div>\n\n\n\n<hr class=\"wp-block-separator has-text-color has-darkturquoise-color has-alpha-channel-opacity has-darkturquoise-background-color has-background is-style-wide\"\/>\n\n\n\n<figure class=\"wp-block-audio\"><audio controls src=\"https:\/\/acervosvirtuais.ufpel.edu.br\/acervodochorodepelotas\/wp-content\/uploads\/sites\/3\/2024\/02\/uullll.mp3\"><\/audio><figcaption class=\"wp-element-caption\">Resmung\u00e3o &#8211; Aloyn Soares<br>Bar Liberdade &#8211; 2001 por Gabriel Victora.<\/figcaption><\/figure>\n\n\n\n<div class=\"wp-block-file aligncenter\"><a href=\"https:\/\/acervosvirtuais.ufpel.edu.br\/acervodochorodepelotas\/wp-content\/uploads\/sites\/3\/2024\/02\/CADERNO-DO-CHORO-DE-PELOTAS-EBOOK-65-1.pdf\" class=\"wp-block-file__button wp-element-button\" download>Partitura do viol\u00e3o 7 cordas &#8211; Transcri\u00e7\u00e3o realizada por Jo\u00e3o Pinheiro, publicada na Caderno do Choro de Pelotas Vol I<\/a><\/div>\n\n\n\n<div class=\"wp-block-columns is-layout-flex wp-container-core-columns-is-layout-28f84493 wp-block-columns-is-layout-flex\">\n<div class=\"wp-block-column is-layout-flow wp-block-column-is-layout-flow\" style=\"flex-basis:66.66%\">\n<figure class=\"wp-block-embed is-type-video is-provider-youtube wp-block-embed-youtube wp-embed-aspect-4-3 wp-has-aspect-ratio\"><div class=\"wp-block-embed__wrapper\">\n<iframe title=\"Doce Balan\u00e7o (Choro) - Avendano Jr. (1939\/2012) - Raul Costa d&#039;Avila e Cl\u00e1udia Sales\" width=\"1333\" height=\"1000\" src=\"https:\/\/www.youtube.com\/embed\/tL9vqHogrmM?feature=oembed\" frameborder=\"0\" allow=\"accelerometer; autoplay; clipboard-write; encrypted-media; gyroscope; picture-in-picture; web-share\" allowfullscreen><\/iframe>\n<\/div><\/figure>\n<\/div>\n\n\n\n<div class=\"wp-block-column is-vertically-aligned-center is-layout-flow wp-block-column-is-layout-flow\" style=\"flex-basis:33.33%\">\n<p style=\"font-size:20px\">Doce Balan\u00e7o, Choro de AVENDANO JR. (Pelotas \/ RS) &#8211; Vers\u00e3o para Flauta &amp; Fagote com Raul d&#8217;Avila e Cl\u00e1udia Sales. <\/p>\n\n\n\n<p style=\"font-size:20px\">O baixo foi extra\u00eddo da cria\u00e7\u00e3o e  execu\u00e7\u00e3o no Sete Cordas por Aloyn Soares. <\/p>\n\n\n\n<p style=\"font-size:20px\">Apresenta\u00e7\u00e3o realizada na Escola de M\u00fasica da Universidade Federal da Bahia (PPGMUS &#8211; UFBA), em 29 de Junho de 2007<\/p>\n<\/div>\n<\/div>\n","protected":false},"excerpt":{"rendered":"<p>Aloyn Soares foi m\u00fasico multi-instrumentista, compositor, e construtor de instrumentos. Com o Viol\u00e3o 7 cordas desenvolveu sua trajet\u00f3ria na cidade de Pelotas, tocando tamb\u00e9m Rabeca, Bandolim e Gaita de Boca. Caprichoso e virtuoso na condu\u00e7\u00e3o dos baixos ao 7 cordas (&#8220;baixarias&#8221;), Aloyn criou uma grande parceria com Avendano Junior, tocando junto ao cavaquinhista o repert\u00f3rio [&hellip;]<\/p>\n","protected":false},"author":5,"featured_media":0,"parent":0,"menu_order":0,"comment_status":"closed","ping_status":"closed","template":"","meta":{"footnotes":""},"tnc_tax_2790":[],"tnc_tax_38":[],"tnc_tax_32":[],"class_list":["post-23514","page","type-page","status-publish","hentry"],"_links":{"self":[{"href":"https:\/\/acervosvirtuais.ufpel.edu.br\/acervodochorodepelotas\/wp-json\/wp\/v2\/pages\/23514","targetHints":{"allow":["GET"]}}],"collection":[{"href":"https:\/\/acervosvirtuais.ufpel.edu.br\/acervodochorodepelotas\/wp-json\/wp\/v2\/pages"}],"about":[{"href":"https:\/\/acervosvirtuais.ufpel.edu.br\/acervodochorodepelotas\/wp-json\/wp\/v2\/types\/page"}],"author":[{"embeddable":true,"href":"https:\/\/acervosvirtuais.ufpel.edu.br\/acervodochorodepelotas\/wp-json\/wp\/v2\/users\/5"}],"replies":[{"embeddable":true,"href":"https:\/\/acervosvirtuais.ufpel.edu.br\/acervodochorodepelotas\/wp-json\/wp\/v2\/comments?post=23514"}],"version-history":[{"count":84,"href":"https:\/\/acervosvirtuais.ufpel.edu.br\/acervodochorodepelotas\/wp-json\/wp\/v2\/pages\/23514\/revisions"}],"predecessor-version":[{"id":23640,"href":"https:\/\/acervosvirtuais.ufpel.edu.br\/acervodochorodepelotas\/wp-json\/wp\/v2\/pages\/23514\/revisions\/23640"}],"wp:attachment":[{"href":"https:\/\/acervosvirtuais.ufpel.edu.br\/acervodochorodepelotas\/wp-json\/wp\/v2\/media?parent=23514"}],"wp:term":[{"taxonomy":"tnc_tax_2790","embeddable":true,"href":"https:\/\/acervosvirtuais.ufpel.edu.br\/acervodochorodepelotas\/wp-json\/wp\/v2\/tnc_tax_2790?post=23514"},{"taxonomy":"tnc_tax_38","embeddable":true,"href":"https:\/\/acervosvirtuais.ufpel.edu.br\/acervodochorodepelotas\/wp-json\/wp\/v2\/tnc_tax_38?post=23514"},{"taxonomy":"tnc_tax_32","embeddable":true,"href":"https:\/\/acervosvirtuais.ufpel.edu.br\/acervodochorodepelotas\/wp-json\/wp\/v2\/tnc_tax_32?post=23514"}],"curies":[{"name":"wp","href":"https:\/\/api.w.org\/{rel}","templated":true}]}}