{"id":23446,"date":"2023-05-07T19:01:18","date_gmt":"2023-05-07T22:01:18","guid":{"rendered":"https:\/\/acervosvirtuais.ufpel.edu.br\/acervodochorodepelotas\/?page_id=23446"},"modified":"2023-05-07T19:01:18","modified_gmt":"2023-05-07T22:01:18","slug":"pesquisa-do-repositorio-milton-alves","status":"publish","type":"page","link":"https:\/\/acervosvirtuais.ufpel.edu.br\/acervodochorodepelotas\/pesquisa-do-repositorio-milton-alves\/","title":{"rendered":"Pesquisa do reposit\u00f3rio &#8211; Milton Alves"},"content":{"rendered":"\n<div class=\"wp-block-cover alignfull\"><span aria-hidden=\"true\" class=\"wp-block-cover__background has-default-background-color has-background-dim\"><\/span><img fetchpriority=\"high\" decoding=\"async\" width=\"766\" height=\"598\" class=\"wp-block-cover__image-background wp-image-22730\" alt=\"\" src=\"https:\/\/acervosvirtuais.ufpel.edu.br\/acervodochorodepelotas\/wp-content\/uploads\/sites\/3\/2023\/02\/Milton-Alves-Teaser-II.png\" data-object-fit=\"cover\" srcset=\"https:\/\/acervosvirtuais.ufpel.edu.br\/acervodochorodepelotas\/wp-content\/uploads\/sites\/3\/2023\/02\/Milton-Alves-Teaser-II.png 766w, https:\/\/acervosvirtuais.ufpel.edu.br\/acervodochorodepelotas\/wp-content\/uploads\/sites\/3\/2023\/02\/Milton-Alves-Teaser-II-300x234.png 300w, https:\/\/acervosvirtuais.ufpel.edu.br\/acervodochorodepelotas\/wp-content\/uploads\/sites\/3\/2023\/02\/Milton-Alves-Teaser-II-205x160.png 205w, https:\/\/acervosvirtuais.ufpel.edu.br\/acervodochorodepelotas\/wp-content\/uploads\/sites\/3\/2023\/02\/Milton-Alves-Teaser-II-480x375.png 480w\" sizes=\"(max-width: 766px) 100vw, 766px\" \/><div class=\"wp-block-cover__inner-container is-layout-flow wp-block-cover-is-layout-flow\">\n<div style=\"height:24px\" aria-hidden=\"true\" class=\"wp-block-spacer\"><\/div>\n\n\n\n<h2 class=\"has-text-color wp-block-heading\" style=\"color:#ffffff\">T\u00edtulo da sess\u00e3o<\/h2>\n\n\n\n<div style=\"height:16px\" aria-hidden=\"true\" class=\"wp-block-spacer\"><\/div>\n\n\n\n<div class=\"wp-block-columns has-text-color is-layout-flex wp-container-core-columns-is-layout-28f84493 wp-block-columns-is-layout-flex\" style=\"color:#ffffff\">\n<div class=\"wp-block-column is-layout-flow wp-block-column-is-layout-flow\" style=\"flex-basis:33.33%\">\n<figure class=\"wp-block-gallery has-nested-images columns-default is-cropped wp-block-gallery-1 is-layout-flex wp-block-gallery-is-layout-flex\">\n<figure class=\"wp-block-image size-large\"><img decoding=\"async\" width=\"1811\" height=\"2560\" data-id=\"23448\" src=\"https:\/\/acervosvirtuais.ufpel.edu.br\/acervodochorodepelotas\/wp-content\/uploads\/sites\/3\/2023\/05\/Procura-se-um-violao-edited-scaled.jpg\" alt=\"\" class=\"wp-image-23448\" srcset=\"https:\/\/acervosvirtuais.ufpel.edu.br\/acervodochorodepelotas\/wp-content\/uploads\/sites\/3\/2023\/05\/Procura-se-um-violao-edited-scaled.jpg 1811w, https:\/\/acervosvirtuais.ufpel.edu.br\/acervodochorodepelotas\/wp-content\/uploads\/sites\/3\/2023\/05\/Procura-se-um-violao-edited-212x300.jpg 212w, https:\/\/acervosvirtuais.ufpel.edu.br\/acervodochorodepelotas\/wp-content\/uploads\/sites\/3\/2023\/05\/Procura-se-um-violao-edited-724x1024.jpg 724w, https:\/\/acervosvirtuais.ufpel.edu.br\/acervodochorodepelotas\/wp-content\/uploads\/sites\/3\/2023\/05\/Procura-se-um-violao-edited-768x1086.jpg 768w, https:\/\/acervosvirtuais.ufpel.edu.br\/acervodochorodepelotas\/wp-content\/uploads\/sites\/3\/2023\/05\/Procura-se-um-violao-edited-1086x1536.jpg 1086w, https:\/\/acervosvirtuais.ufpel.edu.br\/acervodochorodepelotas\/wp-content\/uploads\/sites\/3\/2023\/05\/Procura-se-um-violao-edited-1448x2048.jpg 1448w, https:\/\/acervosvirtuais.ufpel.edu.br\/acervodochorodepelotas\/wp-content\/uploads\/sites\/3\/2023\/05\/Procura-se-um-violao-edited-205x290.jpg 205w, https:\/\/acervosvirtuais.ufpel.edu.br\/acervodochorodepelotas\/wp-content\/uploads\/sites\/3\/2023\/05\/Procura-se-um-violao-edited-480x679.jpg 480w\" sizes=\"(max-width: 1811px) 100vw, 1811px\" \/><\/figure>\n<\/figure>\n<\/div>\n\n\n\n<div class=\"wp-block-column is-layout-flow wp-block-column-is-layout-flow\" style=\"flex-basis:66.66%\">\n<p>Composta por fotografias, mat\u00e9rias de jornais, entre outros importantes documentos, a \u201cCOLE\u00c7\u00c3O MILTON ALVES\u201d resgata a trajet\u00f3ria do violonista de 7 cordas e sua rela\u00e7\u00e3o com a m\u00fasica, o Choro e seus amigos e parceiros ao longo dos anos em Pelotas. Um dos grandes amigos e parceiros de Avendano Jr., que durante a perman\u00eancia de ambos <a><\/a>servindo o ex\u00e9rcito foi o respons\u00e1vel em incentivar o amigo a iniciar sua vida como cavaquinista.<\/p>\n\n\n\n<p>Hoje, Milton integra o \u201cRegional Avendano J\u00fanior\u201d que semanalmente se re\u00fane para tocar em bares da cidade. Tamb\u00e9m participa das &#8220;Rodas de Choro no Mercado Central\u201d aos s\u00e1bados, entre outros eventos envolvendo o Choro e a Seresta, g\u00eanero este em que ele al\u00e9m de atuar tocando seu 7 Cordas, tamb\u00e9m atua cantando.<\/p>\n\n\n\n<p>Aproveitamos para convidar a todos para uma grande homenagem ao querido Milton, hoje, 10 de fevereiro, no Utopia Casa Bar &#8211; Rua Ant\u00f4nio dos Anjos, 90 &#8211; \u00e0s 19 h e 30 min., onde amigos e parceiros musicais far\u00e3o uma grande Roda de Choro e Seresta.<\/p>\n\n\n\n<p>No Acervo tem tamb\u00e9m outras importantes cole\u00e7\u00f5es que contextualizam a hist\u00f3ria do Choro em Pelotas.<\/p>\n\n\n\n<p class=\"has-text-align-right has-text-color\" style=\"color:#ffffff\"><a href=\"\/\"> Veja<\/a><a href=\"\/\" target=\"_blank\" rel=\"noreferrer noopener\"> <\/a><a href=\"\/\">mais&#8230;<\/a><\/p>\n<\/div>\n<\/div>\n\n\n\n<div style=\"height:32px\" aria-hidden=\"true\" class=\"wp-block-spacer\"><\/div>\n<\/div><\/div>\n","protected":false},"excerpt":{"rendered":"","protected":false},"author":5,"featured_media":0,"parent":0,"menu_order":0,"comment_status":"closed","ping_status":"closed","template":"","meta":{"footnotes":""},"tnc_tax_2790":[],"tnc_tax_38":[],"tnc_tax_32":[],"class_list":["post-23446","page","type-page","status-publish","hentry"],"_links":{"self":[{"href":"https:\/\/acervosvirtuais.ufpel.edu.br\/acervodochorodepelotas\/wp-json\/wp\/v2\/pages\/23446","targetHints":{"allow":["GET"]}}],"collection":[{"href":"https:\/\/acervosvirtuais.ufpel.edu.br\/acervodochorodepelotas\/wp-json\/wp\/v2\/pages"}],"about":[{"href":"https:\/\/acervosvirtuais.ufpel.edu.br\/acervodochorodepelotas\/wp-json\/wp\/v2\/types\/page"}],"author":[{"embeddable":true,"href":"https:\/\/acervosvirtuais.ufpel.edu.br\/acervodochorodepelotas\/wp-json\/wp\/v2\/users\/5"}],"replies":[{"embeddable":true,"href":"https:\/\/acervosvirtuais.ufpel.edu.br\/acervodochorodepelotas\/wp-json\/wp\/v2\/comments?post=23446"}],"version-history":[{"count":1,"href":"https:\/\/acervosvirtuais.ufpel.edu.br\/acervodochorodepelotas\/wp-json\/wp\/v2\/pages\/23446\/revisions"}],"predecessor-version":[{"id":23449,"href":"https:\/\/acervosvirtuais.ufpel.edu.br\/acervodochorodepelotas\/wp-json\/wp\/v2\/pages\/23446\/revisions\/23449"}],"wp:attachment":[{"href":"https:\/\/acervosvirtuais.ufpel.edu.br\/acervodochorodepelotas\/wp-json\/wp\/v2\/media?parent=23446"}],"wp:term":[{"taxonomy":"tnc_tax_2790","embeddable":true,"href":"https:\/\/acervosvirtuais.ufpel.edu.br\/acervodochorodepelotas\/wp-json\/wp\/v2\/tnc_tax_2790?post=23446"},{"taxonomy":"tnc_tax_38","embeddable":true,"href":"https:\/\/acervosvirtuais.ufpel.edu.br\/acervodochorodepelotas\/wp-json\/wp\/v2\/tnc_tax_38?post=23446"},{"taxonomy":"tnc_tax_32","embeddable":true,"href":"https:\/\/acervosvirtuais.ufpel.edu.br\/acervodochorodepelotas\/wp-json\/wp\/v2\/tnc_tax_32?post=23446"}],"curies":[{"name":"wp","href":"https:\/\/api.w.org\/{rel}","templated":true}]}}