{"id":20249,"date":"2022-04-04T17:14:11","date_gmt":"2022-04-04T20:14:11","guid":{"rendered":"https:\/\/acervosvirtuais.ufpel.edu.br\/acervodochorodepelotas\/?page_id=20249"},"modified":"2023-02-03T08:35:46","modified_gmt":"2023-02-03T11:35:46","slug":"ana-paula-lima-silveira","status":"publish","type":"page","link":"https:\/\/acervosvirtuais.ufpel.edu.br\/acervodochorodepelotas\/ana-paula-lima-silveira\/","title":{"rendered":"Ana Paula Lima Silveira"},"content":{"rendered":"\n<div class=\"wp-block-columns is-layout-flex wp-container-core-columns-is-layout-28f84493 wp-block-columns-is-layout-flex\">\n<div class=\"wp-block-column is-layout-flow wp-block-column-is-layout-flow\">\n<p class=\"has-text-align-right has-black-color has-text-color has-large-font-size\">A cole\u00e7\u00e3o de Ana Paula \u00e9 composta de \u00e1udios de entrevistas com os m\u00fasicos que tocavam com Avendano Jr. no Bar e Restaurante Liberdade, al\u00e9m de  documentos e fotografias.<\/p>\n<\/div>\n\n\n\n<div class=\"wp-block-column is-layout-flow wp-block-column-is-layout-flow\">\n<figure class=\"wp-block-image size-full is-resized is-style-rounded\"><img fetchpriority=\"high\" decoding=\"async\" src=\"https:\/\/acervosvirtuais.ufpel.edu.br\/acervodochorodepelotas\/wp-content\/uploads\/sites\/3\/2022\/04\/s200_ana_paula.silveira.jpeg\" alt=\"\" class=\"wp-image-20253\" width=\"270\" height=\"270\" srcset=\"https:\/\/acervosvirtuais.ufpel.edu.br\/acervodochorodepelotas\/wp-content\/uploads\/sites\/3\/2022\/04\/s200_ana_paula.silveira.jpeg 200w, https:\/\/acervosvirtuais.ufpel.edu.br\/acervodochorodepelotas\/wp-content\/uploads\/sites\/3\/2022\/04\/s200_ana_paula.silveira-150x150.jpeg 150w, https:\/\/acervosvirtuais.ufpel.edu.br\/acervodochorodepelotas\/wp-content\/uploads\/sites\/3\/2022\/04\/s200_ana_paula.silveira-40x40.jpeg 40w\" sizes=\"(max-width: 270px) 100vw, 270px\" \/><\/figure>\n<\/div>\n<\/div>\n\n\n\n<div class=\"wp-block-buttons is-layout-flex wp-block-buttons-is-layout-flex\">\n<div class=\"wp-block-button\"><a class=\"wp-block-button__link has-mintgreen-background-color has-background wp-element-button\" href=\"https:\/\/acervosvirtuais.ufpel.edu.br\/acervodochorodepelotas\/ana-paula-silveira\/\" target=\"_blank\" rel=\"noreferrer noopener\">Clique aqui: Cole\u00e7\u00e3o Ana Paula Silveira<\/a><\/div>\n<\/div>\n\n\n\n<hr class=\"wp-block-separator has-css-opacity\"\/>\n\n\n\n<blockquote class=\"wp-block-quote is-style-default is-layout-flow wp-block-quote-is-layout-flow\">\n<p>Bacharel em Ci\u00eancias Sociais (2005) e licenciada em Ci\u00eancias Sociais (2006) pela Universidade Federal de Pelotas \/ UFPel.<\/p>\n\n\n\n<p>Mestre em Antropologia Social (2008) pela Universidade Federal do Rio Grande do Sul \/ UFRGS.<\/p>\n\n\n\n<p>De 2003 a 2004 atuou no projeto de Pesquisa &#8220;Avendano J\u00fanior: a tradi\u00e7\u00e3o do Choro em Pelotas&#8221;, sob a coordena\u00e7\u00e3o do Prof. Raul Costa d&#8217;Avila. Neste processo, teve oportunidade de conviver e entrevistar os m\u00fasicos que tocavam no Bar e Restaurante Liberdade, al\u00e9m de ter contato com o p\u00fablico frequentador e o dono do estabelecimento, Sr. Dilermando Lopes, inclusive fazendo registros do ambiente do bar com seus frequentadores.<\/p>\n\n\n\n<p>Participou de Congressos de Inicia\u00e7\u00e3o Cient\u00edfica na UFPel e tamb\u00e9m na UCPel (Sal\u00e3o Universit\u00e1rio), tendo como objeto de sua apresenta\u00e7\u00e3o o projeto de pesquisa sobre Avendano J\u00fanior e Choro em Pelotas.<\/p>\n\n\n\n<p>Em 2009, foi agraciada com Honra ao M\u00e9rito no Pr\u00eamio Construindo Igualdade de G\u00eanero, por sua disserta\u00e7\u00e3o de mestrado.<\/p>\n\n\n\n<p>De 2009 a 2012 foi pesquisadora visitante na Alemanha (Universidade de T\u00fcbingen e Universidade Livre de Berlim), tendo atuado ainda junto ao Ludwig-Uhland-Institut f\u00fcr Empirische Kulturwissenschaften (LUI-EKW-Universit\u00e4t T\u00fcbingen), ao Ibero Amerikanisches Institut (Berlim), ao Ethnologisches Museum (Berlim) e ao Lateinamerika Institut (Freie Universit\u00e4t Berlin). Tem experi\u00eancia na \u00e1rea de Antropologia, atuando principalmente nos seguintes temas: religi\u00f5es afrobrasileiras, g\u00eanero e m\u00fasica ritual.<\/p>\n\n\n\n<p>Dedica-se tamb\u00e9m \u00e0s tem\u00e1ticas de Museus, Arquivos e Acervos (Cole\u00e7\u00f5es Etnogr\u00e1ficas e Esp\u00f3lios Especiais). Atua em projetos de coopera\u00e7\u00e3o internacional, rela\u00e7\u00f5es bilaterais Brasil-Alemanha.<\/p>\n\n\n\n<p>Atualmente (2022) \u00e9 doutoranda no Programa de P\u00f3s-Gradua\u00e7\u00e3o em Antropologia (PPGAnt) da Universidade Federal de Pelotas.<\/p>\n<\/blockquote>\n\n\n\n<p><\/p>\n","protected":false},"excerpt":{"rendered":"<p>A cole\u00e7\u00e3o de Ana Paula \u00e9 composta de \u00e1udios de entrevistas com os m\u00fasicos que tocavam com Avendano Jr. no Bar e Restaurante Liberdade, al\u00e9m de documentos e fotografias. Bacharel em Ci\u00eancias Sociais (2005) e licenciada em Ci\u00eancias Sociais (2006) pela Universidade Federal de Pelotas \/ UFPel. Mestre em Antropologia Social (2008) pela Universidade Federal [&hellip;]<\/p>\n","protected":false},"author":5,"featured_media":0,"parent":0,"menu_order":0,"comment_status":"closed","ping_status":"closed","template":"","meta":{"footnotes":""},"tnc_tax_2790":[],"tnc_tax_38":[],"tnc_tax_32":[],"class_list":["post-20249","page","type-page","status-publish","hentry"],"_links":{"self":[{"href":"https:\/\/acervosvirtuais.ufpel.edu.br\/acervodochorodepelotas\/wp-json\/wp\/v2\/pages\/20249","targetHints":{"allow":["GET"]}}],"collection":[{"href":"https:\/\/acervosvirtuais.ufpel.edu.br\/acervodochorodepelotas\/wp-json\/wp\/v2\/pages"}],"about":[{"href":"https:\/\/acervosvirtuais.ufpel.edu.br\/acervodochorodepelotas\/wp-json\/wp\/v2\/types\/page"}],"author":[{"embeddable":true,"href":"https:\/\/acervosvirtuais.ufpel.edu.br\/acervodochorodepelotas\/wp-json\/wp\/v2\/users\/5"}],"replies":[{"embeddable":true,"href":"https:\/\/acervosvirtuais.ufpel.edu.br\/acervodochorodepelotas\/wp-json\/wp\/v2\/comments?post=20249"}],"version-history":[{"count":8,"href":"https:\/\/acervosvirtuais.ufpel.edu.br\/acervodochorodepelotas\/wp-json\/wp\/v2\/pages\/20249\/revisions"}],"predecessor-version":[{"id":22734,"href":"https:\/\/acervosvirtuais.ufpel.edu.br\/acervodochorodepelotas\/wp-json\/wp\/v2\/pages\/20249\/revisions\/22734"}],"wp:attachment":[{"href":"https:\/\/acervosvirtuais.ufpel.edu.br\/acervodochorodepelotas\/wp-json\/wp\/v2\/media?parent=20249"}],"wp:term":[{"taxonomy":"tnc_tax_2790","embeddable":true,"href":"https:\/\/acervosvirtuais.ufpel.edu.br\/acervodochorodepelotas\/wp-json\/wp\/v2\/tnc_tax_2790?post=20249"},{"taxonomy":"tnc_tax_38","embeddable":true,"href":"https:\/\/acervosvirtuais.ufpel.edu.br\/acervodochorodepelotas\/wp-json\/wp\/v2\/tnc_tax_38?post=20249"},{"taxonomy":"tnc_tax_32","embeddable":true,"href":"https:\/\/acervosvirtuais.ufpel.edu.br\/acervodochorodepelotas\/wp-json\/wp\/v2\/tnc_tax_32?post=20249"}],"curies":[{"name":"wp","href":"https:\/\/api.w.org\/{rel}","templated":true}]}}