{"id":1884,"date":"2020-10-15T10:47:52","date_gmt":"2020-10-15T13:47:52","guid":{"rendered":"https:\/\/acervosvirtuais.ufpel.edu.br\/acervodochorodepelotas\/?page_id=1884"},"modified":"2021-12-02T17:15:46","modified_gmt":"2021-12-02T20:15:46","slug":"colecao-heloisa-helena-borges","status":"publish","type":"page","link":"https:\/\/acervosvirtuais.ufpel.edu.br\/acervodochorodepelotas\/colecao-heloisa-helena-borges\/","title":{"rendered":"Cole\u00e7\u00e3o Heloisa Helena Borges"},"content":{"rendered":"\n<div class=\"wp-block-columns is-layout-flex wp-container-core-columns-is-layout-28f84493 wp-block-columns-is-layout-flex\">\n<div class=\"wp-block-column is-layout-flow wp-block-column-is-layout-flow\">\n<p class=\"has-text-align-right has-medium-font-size\">Cedida pela irm\u00e3 e grande entusiasta do cavaquinista e compositor pelotense Toinha (Arn\u00f3bio Madruga Borges), a cole\u00e7\u00e3o consiste de fotografias de diversas \u00e9pocas e momentos em que o seu irm\u00e3o atuou como m\u00fasico.<\/p>\n\n\n\n<p class=\"has-text-align-right has-medium-font-size\">Autor de choros como &#8220;Tio Jo\u00e3o&#8221; e &#8220;Uma Noite no Uruguay&#8221;, Toinha atuou em diversos grupos e ambientes ao longo de sua vida profissional. <\/p>\n\n\n\n<p class=\"has-text-align-right has-medium-font-size\">  <\/p>\n<\/div>\n\n\n\n<div class=\"wp-block-column is-layout-flow wp-block-column-is-layout-flow\">\n<figure class=\"wp-block-image size-large is-style-rounded\"><img fetchpriority=\"high\" decoding=\"async\" width=\"1024\" height=\"563\" src=\"https:\/\/acervosvirtuais.ufpel.edu.br\/acervodochorodepelotas\/wp-content\/uploads\/sites\/3\/2020\/10\/Heloisa-2-1024x563.png\" alt=\"\" class=\"wp-image-2441\" srcset=\"https:\/\/acervosvirtuais.ufpel.edu.br\/acervodochorodepelotas\/wp-content\/uploads\/sites\/3\/2020\/10\/Heloisa-2-1024x563.png 1024w, https:\/\/acervosvirtuais.ufpel.edu.br\/acervodochorodepelotas\/wp-content\/uploads\/sites\/3\/2020\/10\/Heloisa-2-300x165.png 300w, https:\/\/acervosvirtuais.ufpel.edu.br\/acervodochorodepelotas\/wp-content\/uploads\/sites\/3\/2020\/10\/Heloisa-2-768x422.png 768w, https:\/\/acervosvirtuais.ufpel.edu.br\/acervodochorodepelotas\/wp-content\/uploads\/sites\/3\/2020\/10\/Heloisa-2-1536x844.png 1536w, https:\/\/acervosvirtuais.ufpel.edu.br\/acervodochorodepelotas\/wp-content\/uploads\/sites\/3\/2020\/10\/Heloisa-2-205x113.png 205w, https:\/\/acervosvirtuais.ufpel.edu.br\/acervodochorodepelotas\/wp-content\/uploads\/sites\/3\/2020\/10\/Heloisa-2-600x330.png 600w, https:\/\/acervosvirtuais.ufpel.edu.br\/acervodochorodepelotas\/wp-content\/uploads\/sites\/3\/2020\/10\/Heloisa-2-945x519.png 945w, https:\/\/acervosvirtuais.ufpel.edu.br\/acervodochorodepelotas\/wp-content\/uploads\/sites\/3\/2020\/10\/Heloisa-2.png 1881w\" sizes=\"(max-width: 1024px) 100vw, 1024px\" \/><\/figure>\n<\/div>\n<\/div>\n\n\n\n<div class=\"wp-block-buttons is-layout-flex wp-block-buttons-is-layout-flex\">\n<div class=\"wp-block-button\"><a class=\"wp-block-button__link has-mintgreen-background-color has-background\" href=\"https:\/\/acervosvirtuais.ufpel.edu.br\/acervodochorodepelotas\/heloisa-helena-borges\/\">Clique aqui: Cole\u00e7\u00e3o Heloisa Helena Borges<\/a><\/div>\n<\/div>\n\n\n\n<blockquote class=\"wp-block-quote is-style-default is-layout-flow wp-block-quote-is-layout-flow\"><p>&#8220;Toinha nasceu em Piratini em 27 de janeiro de 1935. Come\u00e7ou a tocar desde muito menino. Ele era pequeno e a m\u00e3e dava um instrumento pra ele brincar, dai ele falou: \u201cM\u00e3e, quero um cavaquinho\u201d. O pai comprou a madeira e fez um cavaquinho de madeirinha pra ele. Ent\u00e3o a m\u00e3e colocou ele no conservat\u00f3rio de m\u00fasica.                       <\/p><p>Toinha tocava muito numa boate em frente \u00e0 CEEE; l\u00e1 ele era muito conhecido, tinha muitos conhecidos l\u00e1 dentro, chamavam ele de Ambr\u00f3sio. O Avendano Jr., que era muito amigo dele, arrumou um servi\u00e7o pra ele no [supermercado] Cinquent\u00e3o como chefe da confeitaria. Depois ele saiu de l\u00e1 e come\u00e7ou a tocar profissionalmente nas boates como o Sobrado, junto com o Solon Silva.<\/p><p>Quando ele sa\u00eda do sobrado ficava esperando a academia passar, ele era apaixonado pela \u201cDoente Academia de Samba\u201d. Ele nunca desfilou, mas sempre tocou cavaquinho. Fez parte do grupo que acompanhava a Elis Regina durante a \u00e9poca em que tocava e vivia no Rio Grande do Sul. Sempre marcou presen\u00e7a na vida cultural de Pelotas, tocando na R\u00e1dio Cultura, sendo convidado a acompanhar os cantores que por aqui passavam, tal como a Elza Soares e a Beth Carvalho. Chegou a ser convidado a integrar o regional do Waldir Azevedo mas n\u00e3o foi porque a fam\u00edlia n\u00e3o deixou\u201d.<\/p><cite>Heloisa Helena Borges, Cadernos do Choro de Pelotas, 2018<\/cite><\/blockquote>\n","protected":false},"excerpt":{"rendered":"<p>Cedida pela irm\u00e3 e grande entusiasta do cavaquinista e compositor pelotense Toinha (Arn\u00f3bio Madruga Borges), a cole\u00e7\u00e3o consiste de fotografias de diversas \u00e9pocas e momentos em que o seu irm\u00e3o atuou como m\u00fasico. Autor de choros como &#8220;Tio Jo\u00e3o&#8221; e &#8220;Uma Noite no Uruguay&#8221;, Toinha atuou em diversos grupos e ambientes ao longo de sua [&hellip;]<\/p>\n","protected":false},"author":5,"featured_media":0,"parent":0,"menu_order":0,"comment_status":"closed","ping_status":"closed","template":"","meta":{"footnotes":""},"tnc_tax_2790":[],"tnc_tax_38":[],"tnc_tax_32":[],"class_list":["post-1884","page","type-page","status-publish","hentry"],"_links":{"self":[{"href":"https:\/\/acervosvirtuais.ufpel.edu.br\/acervodochorodepelotas\/wp-json\/wp\/v2\/pages\/1884","targetHints":{"allow":["GET"]}}],"collection":[{"href":"https:\/\/acervosvirtuais.ufpel.edu.br\/acervodochorodepelotas\/wp-json\/wp\/v2\/pages"}],"about":[{"href":"https:\/\/acervosvirtuais.ufpel.edu.br\/acervodochorodepelotas\/wp-json\/wp\/v2\/types\/page"}],"author":[{"embeddable":true,"href":"https:\/\/acervosvirtuais.ufpel.edu.br\/acervodochorodepelotas\/wp-json\/wp\/v2\/users\/5"}],"replies":[{"embeddable":true,"href":"https:\/\/acervosvirtuais.ufpel.edu.br\/acervodochorodepelotas\/wp-json\/wp\/v2\/comments?post=1884"}],"version-history":[{"count":28,"href":"https:\/\/acervosvirtuais.ufpel.edu.br\/acervodochorodepelotas\/wp-json\/wp\/v2\/pages\/1884\/revisions"}],"predecessor-version":[{"id":13902,"href":"https:\/\/acervosvirtuais.ufpel.edu.br\/acervodochorodepelotas\/wp-json\/wp\/v2\/pages\/1884\/revisions\/13902"}],"wp:attachment":[{"href":"https:\/\/acervosvirtuais.ufpel.edu.br\/acervodochorodepelotas\/wp-json\/wp\/v2\/media?parent=1884"}],"wp:term":[{"taxonomy":"tnc_tax_2790","embeddable":true,"href":"https:\/\/acervosvirtuais.ufpel.edu.br\/acervodochorodepelotas\/wp-json\/wp\/v2\/tnc_tax_2790?post=1884"},{"taxonomy":"tnc_tax_38","embeddable":true,"href":"https:\/\/acervosvirtuais.ufpel.edu.br\/acervodochorodepelotas\/wp-json\/wp\/v2\/tnc_tax_38?post=1884"},{"taxonomy":"tnc_tax_32","embeddable":true,"href":"https:\/\/acervosvirtuais.ufpel.edu.br\/acervodochorodepelotas\/wp-json\/wp\/v2\/tnc_tax_32?post=1884"}],"curies":[{"name":"wp","href":"https:\/\/api.w.org\/{rel}","templated":true}]}}