{"id":1761,"date":"2020-10-13T19:21:13","date_gmt":"2020-10-13T22:21:13","guid":{"rendered":"https:\/\/acervosvirtuais.ufpel.edu.br\/acervodochorodepelotas\/?page_id=1761"},"modified":"2021-12-10T16:39:19","modified_gmt":"2021-12-10T19:39:19","slug":"colecao-paulinho-martins","status":"publish","type":"page","link":"https:\/\/acervosvirtuais.ufpel.edu.br\/acervodochorodepelotas\/colecao-paulinho-martins\/","title":{"rendered":"Cole\u00e7\u00e3o Paulinho Martins"},"content":{"rendered":"\n<div class=\"wp-block-columns is-layout-flex wp-container-core-columns-is-layout-28f84493 wp-block-columns-is-layout-flex\">\n<div class=\"wp-block-column is-vertically-aligned-bottom is-layout-flow wp-block-column-is-layout-flow\">\n<p class=\"has-text-align-right has-medium-font-size\">A cole\u00e7\u00e3o consiste em diversos documentos e cartazes de apresenta\u00e7\u00f5es de choro na cidade de Pelotas desde os anos 70, al\u00e9m de fotos e v\u00eddeos de rodas e shows de diversos regionais de choro, alguns deles: Perdidos e Achados, Avendano Jr e Regional, Roupa Velha, Choro Livre, V\u00f4o Noturno. <\/p>\n<\/div>\n\n\n\n<div class=\"wp-block-column is-layout-flow wp-block-column-is-layout-flow\">\n<div class=\"wp-block-image is-style-rounded\"><figure class=\"alignleft size-large\"><img fetchpriority=\"high\" decoding=\"async\" width=\"1024\" height=\"703\" src=\"https:\/\/acervosvirtuais.ufpel.edu.br\/acervodochorodepelotas\/wp-content\/uploads\/sites\/3\/2020\/10\/Paulinho-Martins-1024x703.jpg\" alt=\"\" class=\"wp-image-2435\" srcset=\"https:\/\/acervosvirtuais.ufpel.edu.br\/acervodochorodepelotas\/wp-content\/uploads\/sites\/3\/2020\/10\/Paulinho-Martins-1024x703.jpg 1024w, https:\/\/acervosvirtuais.ufpel.edu.br\/acervodochorodepelotas\/wp-content\/uploads\/sites\/3\/2020\/10\/Paulinho-Martins-300x206.jpg 300w, https:\/\/acervosvirtuais.ufpel.edu.br\/acervodochorodepelotas\/wp-content\/uploads\/sites\/3\/2020\/10\/Paulinho-Martins-768x527.jpg 768w, https:\/\/acervosvirtuais.ufpel.edu.br\/acervodochorodepelotas\/wp-content\/uploads\/sites\/3\/2020\/10\/Paulinho-Martins-205x141.jpg 205w, https:\/\/acervosvirtuais.ufpel.edu.br\/acervodochorodepelotas\/wp-content\/uploads\/sites\/3\/2020\/10\/Paulinho-Martins-600x412.jpg 600w, https:\/\/acervosvirtuais.ufpel.edu.br\/acervodochorodepelotas\/wp-content\/uploads\/sites\/3\/2020\/10\/Paulinho-Martins-945x648.jpg 945w, https:\/\/acervosvirtuais.ufpel.edu.br\/acervodochorodepelotas\/wp-content\/uploads\/sites\/3\/2020\/10\/Paulinho-Martins.jpg 1348w\" sizes=\"(max-width: 1024px) 100vw, 1024px\" \/><\/figure><\/div>\n<\/div>\n<\/div>\n\n\n\n<div class=\"wp-block-buttons is-layout-flex wp-block-buttons-is-layout-flex\">\n<div class=\"wp-block-button has-custom-width wp-block-button__width-50 is-style-fill\"><a class=\"wp-block-button__link has-mintgreen-background-color has-text-color has-background\" href=\"https:\/\/acervosvirtuais.ufpel.edu.br\/acervodochorodepelotas\/paulinho-martins\/?view_mode=table&amp;perpage=12&amp;paged=1&amp;order=ASC&amp;orderby=meta_value&amp;metakey=441&amp;fetch_only=thumbnail%2Ccreation_date&amp;fetch_only_meta=4197%2C4644\" style=\"border-radius:6px;color:#ffffff\" target=\"_blank\" rel=\"https:\/\/acervosvirtuais.ufpel.edu.br\/acervodochorodepelotas\/paulinho-martins\/?view_mode=table&amp;perpage=12&amp;paged=1&amp;order=ASC&amp;orderby=meta_value&amp;metakey=441&amp;fetch_only=thumbnail%2Ccreation_date&amp;fetch_only_meta=4197%2C4644 noopener\"><strong>Clique para ter acesso: Cole\u00e7\u00e3o Paulinho Martins<\/strong><\/a><\/div>\n<\/div>\n\n\n\n<blockquote class=\"wp-block-quote is-style-default is-layout-flow wp-block-quote-is-layout-flow\"><p>\u201c (\u2026) Paulo Roberto Duarte Martins, nascido em 1962 em Pelotas. A minha liga\u00e7\u00e3o com a m\u00fasica come\u00e7ou quando eu tinha uns 8, 9 anos por conta do meu irm\u00e3o que era uns quatro anos mais velho e tocava num conjunto de baile, assim eu cresci nesse meio.<\/p><p>Contudo ele n\u00e3o me deixava tocar, anos depois um grupo de Passo Fundo se mudou para Pelotas e me convidou para tocar cavaquinho; batizamos de Roupa Velha, por ironia meu irm\u00e3o que n\u00e3o se interessava por choro foi tamb\u00e9m convidado a tocar. O grupo era especializado em choro, formado por universit\u00e1rios, rapidamente passou a tocar em teatros locais e a chamar a aten\u00e7\u00e3o do p\u00fablico pelotense.<\/p><p>Nessa \u00e9poca entrei em contato com o grupo do Avendano que serviu como refer\u00eancia, e o bar Liberdade como local de aprendizado. Nunca tive aulas formais de bandolim mas aprendi alguns truques com os m\u00fasicos do regional do Avendano, desenvolvendo a t\u00e9cnica e a percep\u00e7\u00e3o harm\u00f4nica na pr\u00e1tica.\u201d<\/p><p><\/p><cite><em>PAULINHO MARTINS, CADERNOS DO CHORO DE PELOTAS, 2018<\/em><\/cite><\/blockquote>\n","protected":false},"excerpt":{"rendered":"<p>A cole\u00e7\u00e3o consiste em diversos documentos e cartazes de apresenta\u00e7\u00f5es de choro na cidade de Pelotas desde os anos 70, al\u00e9m de fotos e v\u00eddeos de rodas e shows de diversos regionais de choro, alguns deles: Perdidos e Achados, Avendano Jr e Regional, Roupa Velha, Choro Livre, V\u00f4o Noturno. \u201c (\u2026) Paulo Roberto Duarte Martins, [&hellip;]<\/p>\n","protected":false},"author":5,"featured_media":0,"parent":0,"menu_order":0,"comment_status":"closed","ping_status":"closed","template":"","meta":{"footnotes":""},"tnc_tax_2790":[],"tnc_tax_38":[],"tnc_tax_32":[],"class_list":["post-1761","page","type-page","status-publish","hentry"],"_links":{"self":[{"href":"https:\/\/acervosvirtuais.ufpel.edu.br\/acervodochorodepelotas\/wp-json\/wp\/v2\/pages\/1761","targetHints":{"allow":["GET"]}}],"collection":[{"href":"https:\/\/acervosvirtuais.ufpel.edu.br\/acervodochorodepelotas\/wp-json\/wp\/v2\/pages"}],"about":[{"href":"https:\/\/acervosvirtuais.ufpel.edu.br\/acervodochorodepelotas\/wp-json\/wp\/v2\/types\/page"}],"author":[{"embeddable":true,"href":"https:\/\/acervosvirtuais.ufpel.edu.br\/acervodochorodepelotas\/wp-json\/wp\/v2\/users\/5"}],"replies":[{"embeddable":true,"href":"https:\/\/acervosvirtuais.ufpel.edu.br\/acervodochorodepelotas\/wp-json\/wp\/v2\/comments?post=1761"}],"version-history":[{"count":23,"href":"https:\/\/acervosvirtuais.ufpel.edu.br\/acervodochorodepelotas\/wp-json\/wp\/v2\/pages\/1761\/revisions"}],"predecessor-version":[{"id":13927,"href":"https:\/\/acervosvirtuais.ufpel.edu.br\/acervodochorodepelotas\/wp-json\/wp\/v2\/pages\/1761\/revisions\/13927"}],"wp:attachment":[{"href":"https:\/\/acervosvirtuais.ufpel.edu.br\/acervodochorodepelotas\/wp-json\/wp\/v2\/media?parent=1761"}],"wp:term":[{"taxonomy":"tnc_tax_2790","embeddable":true,"href":"https:\/\/acervosvirtuais.ufpel.edu.br\/acervodochorodepelotas\/wp-json\/wp\/v2\/tnc_tax_2790?post=1761"},{"taxonomy":"tnc_tax_38","embeddable":true,"href":"https:\/\/acervosvirtuais.ufpel.edu.br\/acervodochorodepelotas\/wp-json\/wp\/v2\/tnc_tax_38?post=1761"},{"taxonomy":"tnc_tax_32","embeddable":true,"href":"https:\/\/acervosvirtuais.ufpel.edu.br\/acervodochorodepelotas\/wp-json\/wp\/v2\/tnc_tax_32?post=1761"}],"curies":[{"name":"wp","href":"https:\/\/api.w.org\/{rel}","templated":true}]}}