{"id":13913,"date":"2021-12-10T16:02:09","date_gmt":"2021-12-10T19:02:09","guid":{"rendered":"https:\/\/acervosvirtuais.ufpel.edu.br\/acervodochorodepelotas\/?page_id=13913"},"modified":"2023-04-20T14:00:16","modified_gmt":"2023-04-20T17:00:16","slug":"as-colecoes","status":"publish","type":"page","link":"https:\/\/acervosvirtuais.ufpel.edu.br\/acervodochorodepelotas\/as-colecoes\/","title":{"rendered":"Breves Informa\u00e7\u00f5es"},"content":{"rendered":"\n<div class=\"wp-block-columns is-layout-flex wp-container-core-columns-is-layout-28f84493 wp-block-columns-is-layout-flex\">\n<div class=\"wp-block-column is-layout-flow wp-block-column-is-layout-flow\"><\/div>\n<\/div>\n\n\n\n<div class=\"wp-block-columns is-layout-flex wp-container-core-columns-is-layout-28f84493 wp-block-columns-is-layout-flex\">\n<div class=\"wp-block-column is-layout-flow wp-block-column-is-layout-flow\">\n<p class=\"has-medium-font-size\">Composta por v\u00e1rios tipos de documentos cedidos ao projeto \u201cAvendano J\u00fanior a tradi\u00e7\u00e3o do choro em Pelotas\u201d, as cole\u00e7\u00f5es documentalizam a hist\u00f3ria do choro em Pelotas, atrav\u00e9s de colabora\u00e7\u00f5es sejam estas de m\u00fasicos e\/ou amantes do Choro, construindo assim um acervo digital de sons e mem\u00f3rias sobre o choro na cidade.<\/p>\n\n\n\n<p class=\"has-medium-font-size\">O prop\u00f3sito \u00e9 construir um \u201carquivo vivo\u201d, com ampla participa\u00e7\u00e3o da comunidade local.<\/p>\n\n\n\n<p class=\"has-medium-font-size\">At\u00e9 o momento temos nove cole\u00e7\u00f5es, sendo elas:<\/p>\n\n\n\n<ul class=\"wp-block-list\">\n<li><a rel=\"noreferrer noopener\" href=\"https:\/\/acervosvirtuais.ufpel.edu.br\/acervodochorodepelotas\/colecao-paulinho-martins\/\" target=\"_blank\">Paulinho Martins<\/a><\/li>\n\n\n\n<li><a rel=\"noreferrer noopener\" href=\"https:\/\/acervosvirtuais.ufpel.edu.br\/acervodochorodepelotas\/colecao-rita-freitas-da-conceicao-avendano\/\" target=\"_blank\">Rita Avendano<\/a><\/li>\n\n\n\n<li><a rel=\"noreferrer noopener\" href=\"https:\/\/acervosvirtuais.ufpel.edu.br\/acervodochorodepelotas\/franscisco-jose-pereira-oliveira\/\" target=\"_blank\">Chic\u00e3o<\/a><\/li>\n\n\n\n<li><a rel=\"noreferrer noopener\" href=\"https:\/\/acervosvirtuais.ufpel.edu.br\/acervodochorodepelotas\/colecao-heloisa-helena-borges\/\" target=\"_blank\">Heloisa Helena Borges<\/a><\/li>\n\n\n\n<li><a rel=\"noreferrer noopener\" href=\"https:\/\/acervosvirtuais.ufpel.edu.br\/acervodochorodepelotas\/colecao-julio-ney-candiota-quintian-2\/\" target=\"_blank\">Julinho do Cavaco<\/a><\/li>\n\n\n\n<li><a rel=\"noreferrer noopener\" href=\"https:\/\/acervosvirtuais.ufpel.edu.br\/acervodochorodepelotas\/pinho\/\" target=\"_blank\">Germano Pinho<\/a><\/li>\n\n\n\n<li><a rel=\"noreferrer noopener\" href=\"https:\/\/acervosvirtuais.ufpel.edu.br\/acervodochorodepelotas\/colecao-nadir-curi-hallal\/\" target=\"_blank\">Nadir Curi Hallal<\/a><\/li>\n\n\n\n<li><a rel=\"noreferrer noopener\" href=\"https:\/\/acervosvirtuais.ufpel.edu.br\/acervodochorodepelotas\/colecao-luiz-machado\/\" target=\"_blank\">Lu\u00eds Machado<\/a><\/li>\n\n\n\n<li><a rel=\"noreferrer noopener\" href=\"https:\/\/acervosvirtuais.ufpel.edu.br\/acervodochorodepelotas\/ana-paula-lima-silveira\/\" target=\"_blank\">Ana Paula Silveira<\/a><\/li>\n\n\n\n<li><a href=\"https:\/\/acervosvirtuais.ufpel.edu.br\/acervodochorodepelotas\/milton-alves-2\/\" target=\"_blank\" rel=\"noreferrer noopener\">Milton Alves<\/a><\/li>\n<\/ul>\n<\/div>\n\n\n\n<div class=\"wp-block-column is-layout-flow wp-block-column-is-layout-flow\"><\/div>\n<\/div>\n","protected":false},"excerpt":{"rendered":"<p>Composta por v\u00e1rios tipos de documentos cedidos ao projeto \u201cAvendano J\u00fanior a tradi\u00e7\u00e3o do choro em Pelotas\u201d, as cole\u00e7\u00f5es documentalizam a hist\u00f3ria do choro em Pelotas, atrav\u00e9s de colabora\u00e7\u00f5es sejam estas de m\u00fasicos e\/ou amantes do Choro, construindo assim um acervo digital de sons e mem\u00f3rias sobre o choro na cidade. O prop\u00f3sito \u00e9 construir [&hellip;]<\/p>\n","protected":false},"author":5,"featured_media":0,"parent":0,"menu_order":0,"comment_status":"closed","ping_status":"closed","template":"","meta":{"footnotes":""},"tnc_tax_2790":[],"tnc_tax_38":[],"tnc_tax_32":[],"class_list":["post-13913","page","type-page","status-publish","hentry"],"_links":{"self":[{"href":"https:\/\/acervosvirtuais.ufpel.edu.br\/acervodochorodepelotas\/wp-json\/wp\/v2\/pages\/13913","targetHints":{"allow":["GET"]}}],"collection":[{"href":"https:\/\/acervosvirtuais.ufpel.edu.br\/acervodochorodepelotas\/wp-json\/wp\/v2\/pages"}],"about":[{"href":"https:\/\/acervosvirtuais.ufpel.edu.br\/acervodochorodepelotas\/wp-json\/wp\/v2\/types\/page"}],"author":[{"embeddable":true,"href":"https:\/\/acervosvirtuais.ufpel.edu.br\/acervodochorodepelotas\/wp-json\/wp\/v2\/users\/5"}],"replies":[{"embeddable":true,"href":"https:\/\/acervosvirtuais.ufpel.edu.br\/acervodochorodepelotas\/wp-json\/wp\/v2\/comments?post=13913"}],"version-history":[{"count":8,"href":"https:\/\/acervosvirtuais.ufpel.edu.br\/acervodochorodepelotas\/wp-json\/wp\/v2\/pages\/13913\/revisions"}],"predecessor-version":[{"id":23263,"href":"https:\/\/acervosvirtuais.ufpel.edu.br\/acervodochorodepelotas\/wp-json\/wp\/v2\/pages\/13913\/revisions\/23263"}],"wp:attachment":[{"href":"https:\/\/acervosvirtuais.ufpel.edu.br\/acervodochorodepelotas\/wp-json\/wp\/v2\/media?parent=13913"}],"wp:term":[{"taxonomy":"tnc_tax_2790","embeddable":true,"href":"https:\/\/acervosvirtuais.ufpel.edu.br\/acervodochorodepelotas\/wp-json\/wp\/v2\/tnc_tax_2790?post=13913"},{"taxonomy":"tnc_tax_38","embeddable":true,"href":"https:\/\/acervosvirtuais.ufpel.edu.br\/acervodochorodepelotas\/wp-json\/wp\/v2\/tnc_tax_38?post=13913"},{"taxonomy":"tnc_tax_32","embeddable":true,"href":"https:\/\/acervosvirtuais.ufpel.edu.br\/acervodochorodepelotas\/wp-json\/wp\/v2\/tnc_tax_32?post=13913"}],"curies":[{"name":"wp","href":"https:\/\/api.w.org\/{rel}","templated":true}]}}